{"id":7523,"date":"2025-06-07T10:00:36","date_gmt":"2025-06-07T10:00:36","guid":{"rendered":"https:\/\/sinoextrud.com\/product\/anodizing-aluminium-extrusion-profiles-for-windows-and-door\/"},"modified":"2025-06-24T06:13:03","modified_gmt":"2025-06-24T06:13:03","slug":"akende-ja-uste-alumiiniumprofiilide-anodeerimine","status":"publish","type":"product","link":"https:\/\/sinoextrud.com\/et\/product\/anodizing-aluminium-extrusion-profiles-for-windows-and-door\/","title":{"rendered":"Anodeerimine alumiiniumist ekstrusiooniprofiilide akende ja uste jaoks"},"content":{"rendered":"<h2>Toodete \u00fcksikasjad<\/h2>\n<table class=\"custom-table\">\n<tr>\n<td class=\"label\">\nMudel nr.:<\/td>\n<td>Anodeerimine alumiiniumist ekstrusiooniprofiilide akende ja uste jaoks<\/td>\n<\/tr>\n<tr>\n<td class=\"label\">Kuju:<\/td>\n<td> aken ja uks<\/td>\n<\/tr>\n<tr>\n<td class=\"label\">Temperament:<\/td>\n<td> T3-T8<\/td>\n<\/tr>\n<tr>\n<td class=\"label\">Sulam:<\/td>\n<td> Sulam<\/td>\n<\/tr>\n<tr>\n<td class=\"label\">Legeeriv koostisosa:<\/td>\n<td> 6063<\/td>\n<\/tr>\n<tr>\n<td class=\"label\">Poleeritud alumiiniumprofiil:<\/td>\n<td> Keemiline poleerimine<\/td>\n<\/tr>\n<tr>\n<td class=\"label\">Kaubam\u00e4rk:<\/td>\n<td> EI KOHALDATA<\/td>\n<\/tr>\n<tr>\n<td class=\"label\">Spetsifikatsioon:<\/td>\n<td> 1.5*1.5m<\/td>\n<\/tr>\n<tr>\n<td class=\"label\">HS-kood:<\/td>\n<td> 76101000<\/td>\n<\/tr>\n<tr>\n<td class=\"label\">T\u00fc\u00fcp:<\/td>\n<td> Alumiiniumprofiil akende ja uste jaoks, alumiiniumprofiil dekoratsioonide jaoks, alumiiniumprofiil klaasseinte jaoks<\/td>\n<\/tr>\n<tr>\n<td class=\"label\">Hinne:<\/td>\n<td> 3000 seeria<\/td>\n<\/tr>\n<tr>\n<td class=\"label\">Akna ja ukse alumiiniumprofiil:<\/td>\n<td> 70 seeria<\/td>\n<\/tr>\n<tr>\n<td class=\"label\">Pinna viimistlemine:<\/td>\n<td> Pulbri pihustamine<\/td>\n<\/tr>\n<tr>\n<td class=\"label\">Sertifitseerimine:<\/td>\n<td> CE, SONCAP, RoHS, TUV<\/td>\n<\/tr>\n<tr>\n<td class=\"label\">Suurus:<\/td>\n<td> Kohandatud<\/td>\n<\/tr>\n<tr>\n<td class=\"label\">Transpordipakett:<\/td>\n<td> Plastkile, paber<\/td>\n<\/tr>\n<tr>\n<td class=\"label\">P\u00e4ritolu:<\/td>\n<td> Hiina<\/td>\n<\/tr>\n<\/table>\n<h2>Meie tootmisbaas<\/h2>\n<h3>Tehase panoraam<\/h3>\n<p><img decoding=\"async\" src=\"\/wp-content\/uploads\/factory-01.webp\"\/><\/p>\n<h3>Alumiiniumvarraste tootmise t\u00f6\u00f6koda<\/h3>\n<p><img decoding=\"async\" src=\"\/wp-content\/uploads\/factory-02.webp\"\/><\/p>\n<p><img decoding=\"async\" src=\"\/wp-content\/uploads\/factory-03.webp\"\/><\/p>\n<h3>hallituse ladustamise ladu<\/h3>\n<p><img decoding=\"async\" src=\"\/wp-content\/uploads\/factory-04.webp\"\/><\/p>\n<h3>43 alumiiniumi ekstrusiooniliini (500-5500 tonni)<\/h3>\n<p><img decoding=\"async\" src=\"\/wp-content\/uploads\/factory-05.webp\"\/><\/p>\n<p><img decoding=\"async\" src=\"\/wp-content\/uploads\/factory-06.webp\"\/><\/p>\n<p><img decoding=\"async\" src=\"\/wp-content\/uploads\/factory-07.webp\"\/><\/p>\n<h3>Pulberv\u00e4rvimise t\u00f6\u00f6koda<\/h3>\n<p><img decoding=\"async\" src=\"\/wp-content\/uploads\/factory-09.webp\"\/><\/p>\n<h3>Anodiseerimise t\u00f6\u00f6koda<\/h3>\n<p><img decoding=\"async\" src=\"\/wp-content\/uploads\/factory-10.webp\"\/><\/p>\n<h3>S\u00fcgavt\u00f6\u00f6tlemise t\u00f6\u00f6tuba<\/h3>\n<p><img decoding=\"async\" src=\"\/wp-content\/uploads\/factory-11.webp\"\/><\/p>\n<h3>CNC-t\u00e4ppist\u00f6\u00f6tlemise t\u00f6\u00f6koda<\/h3>\n<p><img decoding=\"async\" src=\"\/wp-content\/uploads\/factory-11.5.webp\"\/><\/p>\n<h3>Valmistoodete ja ekspordi ladu<\/h3>\n<p><img decoding=\"async\" src=\"\/wp-content\/uploads\/factory-12.webp\"\/><\/p>\n<p><img decoding=\"async\" src=\"\/wp-content\/uploads\/factory-13.webp\"\/><\/p>\n<p><img decoding=\"async\" src=\"\/wp-content\/uploads\/factory-14.webp\"\/><\/p>\n<h2>KKK<\/h2>\n<p><p><b>1.Mis on akende ja uste alumiiniumist ekstrusiooniprofiilide anodeerimine?<\/b><\/p>\n<p>Need on alumiiniumprofiilid, mida on t\u00f6\u00f6deldud anodeerimisprotsessiga, et parandada akna- ja ukseraamide vastupidavust, korrosioonikindlust ja esteetilist kvaliteeti.<br \/>\n<\/p><br \/>\n<br \/>\n<p><b>2.Miks valida akende ja uste jaoks anodeeritud alumiinium?<\/b><\/p>\n<p>Anodeerimine loob k\u00f5va, ilmastikukindla pinna, mis s\u00e4ilitab v\u00e4rvi ja v\u00e4limuse, mist\u00f5ttu on see ideaalne v\u00e4liskasutuseks.<br \/>\n<\/p><br \/>\n<br \/>\n<p><b>3.Kas anodeeritud alumiinium on korrosioonikindel?<\/b><\/p>\n<p>Jah, anodeeritud kiht kaitseb alumiiniumi rooste, niiskuse ja keskkonnakasutuse eest.<br \/>\n<\/p><br \/>\n<br \/>\n<p><b>4.Kas anodeeritud viimistlust saab kohandada?<\/b><\/p>\n<p>Kindlasti on anodeeritud alumiiniumprofiilid saadaval erinevates v\u00e4rvides, viimistlustes ja paksustes, mis sobivad konkreetsetele disainivajadustele.<br \/>\n<\/p><br \/>\n<br \/>\n<p><b>5.Kas need profiilid sobivad v\u00e4litingimustes kasutamiseks?<\/b><\/p>\n<p>Jah, need on m\u00f5eldud k\u00f5rge UV- ja ilmastikum\u00f5juga kokkupuute jaoks, mis sobib ideaalselt v\u00e4lisakendele ja -ustele.<br \/>\n<\/p><br \/>\n<br \/>\n<p><b>6.Kas anodeeritud alumiiniumprofiilid vajavad hooldust?<\/b><\/p>\n<p>Viimistluse ja j\u00f5udluse s\u00e4ilitamiseks on vaja v\u00e4ga v\u00e4he, vaid aeg-ajalt puhastamist.<br \/>\n<\/p><br \/>\n<br \/>\n<p><b>7.Milliste akna- ja ukses\u00fcsteemide puhul kasutatakse anodeeritud profiile?<\/b><\/p>\n<p>Neid kasutatakse tavaliselt liug-, l\u00fckand-, kald- ja p\u00f6\u00f6rdlukus\u00fcsteemides ning fikseeritud s\u00fcsteemides nii elamutes kui ka \u00e4riruumides.<br \/>\n<\/p><br \/>\n<br \/>\n<p><b>8.Kas anodeerimine on keskkonnas\u00f5bralik protsess?<\/b><\/p>\n<p>Jah, anodeerimine on puhas, mittetoksiline protsess, mis toodab vastupidavat viimistlust minimaalse keskkonnam\u00f5juga.<br \/>\n<\/p><br \/><\/p>","protected":false},"featured_media":7522,"template":"","categories":[67],"class_list":["post-7523","product","type-product","status-publish","has-post-thumbnail","hentry","category-architectural-aluminium-profile"],"meta_box":{"hilight_text_group":{"product_hilight_text":"<li>Durable anodized finish enhances corrosion and wear resistance<\/li>\r\r\n<li>Elegant metallic appearance ideal for modern windows and doors<\/li>\r\r\n<li>High-strength aluminum ensures long-term structural stability<\/li>\r\r\n<li>Available in multiple colors and anodizing thickness levels<\/li>\r\r\n<li>Low-maintenance surface retains finish for years<\/li>\r\r\n<li>Custom extrusions designed to fit various window and door systems<\/li>\r\r\n<li>Eco-friendly anodizing process with no harmful emissions<\/li>","product_chanpin_blog":"<ul>\r\r\n<li><a href=\"https:\/\/sinoextrud.com\/t-slot-v-slot-differences\/\" target=\"_blank\">t slot vs v slot<\/a><\/li>\r\r\n<li><a href=\"https:\/\/sinoextrud.com\/what-is-4040-aluminium-extrud\/\" target=\"_blank\">4040 aluminium extrusion<\/a><\/li>\r\r\n<li><a href=\"https:\/\/sinoextrud.com\/what-is-4040-aluminium-extrud\/\" target=\"_blank\">aluminum extrusions for industrial racks<\/a><\/li>\r\r\n<li><a href=\"https:\/\/sinoextrud.com\/powder-coating-aluminium-process\/\" target=\"_blank\">powder coating aluminium<\/a><\/li>\r\r\n<li><a href=\"https:\/\/sinoextrud.com\/what-is-an-aluminium-strip-ceiling\/\" target=\"_blank\">aluminium strip ceiling<\/a><\/li>\r\r\n<li><a href=\"https:\/\/sinoextrud.com\/what-is-a-heat-sink\/\" target=\"_blank\">what is a heat sink<\/a><\/li>\r\r\n<\/ul>","product_chanpin_chanpin":"<li><a href=\"https:\/\/sinoextrud.com\/product\/aluminium-sections-for-sliding-doors\/\" target=\"_blank\">Aluminium Sections For Sliding Doors<\/a><\/li>\r\n<li><a href=\"https:\/\/sinoextrud.com\/product\/aluminum-profile-manufacturer\/\" target=\"_blank\">Aluminum Profile Manufacturer<\/a><\/li>\r\n<li><a href=\"https:\/\/sinoextrud.com\/product\/aluminium-fence\/\" target=\"_blank\">Aluminium Fence<\/a><\/li>\r\n<li><a href=\"https:\/\/sinoextrud.com\/product\/aluminium-flat-bar\/\" target=\"_blank\">Aluminium Flat Bar<\/a><\/li>\r\n<li><a href=\"https:\/\/sinoextrud.com\/product\/anodizing-aluminium-extrusion-profiles-for-windows-and-door\/\" target=\"_blank\">Anodizing Aluminium Extrusion Profiles for Windows and Door<\/a><\/li>\r\n<li><a href=\"https:\/\/sinoextrud.com\/product\/aluminium-louver-extrusions\/\" target=\"_blank\">Aluminium Louver Extrusions<\/a><\/li>\r\n<li><a href=\"https:\/\/sinoextrud.com\/product\/aluminium-picture-frame-extrusions\/\" target=\"_blank\">Aluminium Picture Frame Extrusions<\/a><\/li>\r\n<li><a href=\"https:\/\/sinoextrud.com\/product\/aluminium-powder-coating\/\" target=\"_blank\">Aluminium Powder Coating<\/a><\/li>\r\n<li><a href=\"https:\/\/sinoextrud.com\/product\/greenhouse-aluminum-profile-customized-aluminum-profile-beam-powder-coated\/\" target=\"_blank\">greenhouse aluminum profile customized aluminum profile beam powder coated<\/a><\/li>\r\n<li><a href=\"https:\/\/sinoextrud.com\/product\/wood-look-aluminium-cladding\/\" target=\"_blank\">Wood Look Aluminium Cladding<\/a><\/li>\r\n<li><a href=\"https:\/\/sinoextrud.com\/product\/aluminium-profile-for-wardrobe-sliding-door-frame\/\" target=\"_blank\">Aluminium Profile For Wardrobe Sliding Door Frame<\/a><\/li>"},"feature_list":[]},"_links":{"self":[{"href":"https:\/\/sinoextrud.com\/et\/wp-json\/wp\/v2\/product\/7523","targetHints":{"allow":["GET"]}}],"collection":[{"href":"https:\/\/sinoextrud.com\/et\/wp-json\/wp\/v2\/product"}],"about":[{"href":"https:\/\/sinoextrud.com\/et\/wp-json\/wp\/v2\/types\/product"}],"wp:featuredmedia":[{"embeddable":true,"href":"https:\/\/sinoextrud.com\/et\/wp-json\/wp\/v2\/media\/7522"}],"wp:attachment":[{"href":"https:\/\/sinoextrud.com\/et\/wp-json\/wp\/v2\/media?parent=7523"}],"wp:term":[{"taxonomy":"category","embeddable":true,"href":"https:\/\/sinoextrud.com\/et\/wp-json\/wp\/v2\/categories?post=7523"}],"curies":[{"name":"wp","href":"https:\/\/api.w.org\/{rel}","templated":true}]}}