{"id":7517,"date":"2025-06-07T09:55:49","date_gmt":"2025-06-07T09:55:49","guid":{"rendered":"https:\/\/sinoextrud.com\/product\/aluminum-profile-manufacturer\/"},"modified":"2025-06-24T06:13:01","modified_gmt":"2025-06-24T06:13:01","slug":"alumiiniumprofiili-tootja","status":"publish","type":"product","link":"https:\/\/sinoextrud.com\/et\/product\/aluminum-profile-manufacturer\/","title":{"rendered":"Alumiiniumprofiili tootja"},"content":{"rendered":"<h2>Toodete \u00fcksikasjad<\/h2>\n<table class=\"custom-table\">\n<tr>\n<td class=\"label\">\u00c4rit\u00fc\u00fcp:<\/td>\n<td>Alumiiniumprofiili tootja<\/td>\n<\/tr>\n<tr>\n<td class=\"label\">Tootesari:<\/td>\n<td>alumiiniumi ekstrusiooniprofiil<\/td>\n<\/tr>\n<tr>\n<td class=\"label\">Hinna m\u00e4\u00e4ramine:<\/td>\n<td>P\u00f5hineb alumiiniumist valuplokkide hind + protsessi maksumus<\/td>\n<\/tr>\n<tr>\n<td class=\"label\">Makset\u00e4htaeg:<\/td>\n<td>30% T \/ T ettemaksuna, saldo 70% T \/ T enne tarnimist.<\/td>\n<\/tr>\n<tr>\n<td class=\"label\">V\u00e4rv:<\/td>\n<td>Saame pakkuda valget, puuv\u00e4rvi, musta, kuldset, sinist, \u0161ampanjat ja muid v\u00e4rve vastavalt vajadusele.<\/td>\n<\/tr>\n<tr>\n<td class=\"label\">Spetsifikatsioon:<\/td>\n<td>1. Sulam: 6063-T5\/T6<br \/>\n2. Pikkus: 1-9 meetrit v\u00f5i vastavalt teie n\u00f5udmistele.<br \/>\n3. Tavaline anodeerimise paksus: 8 kuni 15 mikro<br \/>\n4.Tavaline pulberkatte paksus: 60 - 100 mikro<br \/>\n5. T\u00f5mbetugevus: \u2265160 MPa<br \/>\n6. Voolavuspiir: \u2265110 MPa<br \/>\n7. Laiendatavus: \u22658%<br \/>\n8. K\u00f5vadus (HW): \u22658<\/td>\n<\/tr>\n<tr>\n<td class=\"label\">Pakkimine:<\/td>\n<td>EPE koos kokkut\u00f5mbekilega, j\u00f5upaberiga, saadaval on ka muud klientide poolt n\u00f5utavad pakendamismeetodid.<\/td>\n<\/tr>\n<tr>\n<td class=\"label\">Tarneaeg:<\/td>\n<td>20-25 p\u00e4eva, kui hallitus on valmis.<\/td>\n<\/tr>\n<tr>\n<td class=\"label\">Tavaline j\u00e4rjekord:<\/td>\n<td>1. Kinnitage joonised, v\u00e4rvid, hind ja muud \u00fcksikasjad;<br \/>\n2. Makske vormi tasu ja me strat, et teha vormid;<br \/>\n3. Saadame teile kinnituse saamiseks proovid;<br \/>\n4. Tehke makse 30% tagatisraha, alustage tootmist;<br \/>\n5. Kaupade kontrollimine<br \/>\n6.Kohaletoimetamine p\u00e4rast tasakaalu saamist<\/td>\n<\/tr>\n<tr>\n<td class=\"label\">M\u00e4rkus:<\/td>\n<td>Me v\u00f5ime tutvustada teile meie disainilahendusi ja me v\u00f5ime ka toota vastavalt teie disainile.<\/td>\n<\/tr>\n<\/table>\n<h2>Meie tootmisbaas<\/h2>\n<h3>Tehase panoraam<\/h3>\n<p><img decoding=\"async\" src=\"\/wp-content\/uploads\/factory-01.webp\"\/><\/p>\n<h3>Alumiiniumvarraste tootmise t\u00f6\u00f6koda<\/h3>\n<p><img decoding=\"async\" src=\"\/wp-content\/uploads\/factory-02.webp\"\/><\/p>\n<p><img decoding=\"async\" src=\"\/wp-content\/uploads\/factory-03.webp\"\/><\/p>\n<h3>hallituse ladustamise ladu<\/h3>\n<p><img decoding=\"async\" src=\"\/wp-content\/uploads\/factory-04.webp\"\/><\/p>\n<h3>43 alumiiniumi ekstrusiooniliini (500-5500 tonni)<\/h3>\n<p><img decoding=\"async\" src=\"\/wp-content\/uploads\/factory-05.webp\"\/><\/p>\n<p><img decoding=\"async\" src=\"\/wp-content\/uploads\/factory-06.webp\"\/><\/p>\n<p><img decoding=\"async\" src=\"\/wp-content\/uploads\/factory-07.webp\"\/><\/p>\n<h3>Pulberv\u00e4rvimise t\u00f6\u00f6koda<\/h3>\n<p><img decoding=\"async\" src=\"\/wp-content\/uploads\/factory-09.webp\"\/><\/p>\n<h3>Anodiseerimise t\u00f6\u00f6koda<\/h3>\n<p><img decoding=\"async\" src=\"\/wp-content\/uploads\/factory-10.webp\"\/><\/p>\n<h3>S\u00fcgavt\u00f6\u00f6tlemise t\u00f6\u00f6tuba<\/h3>\n<p><img decoding=\"async\" src=\"\/wp-content\/uploads\/factory-11.webp\"\/><\/p>\n<h3>CNC-t\u00e4ppist\u00f6\u00f6tlemise t\u00f6\u00f6koda<\/h3>\n<p><img decoding=\"async\" src=\"\/wp-content\/uploads\/factory-11.5.webp\"\/><\/p>\n<h3>Valmistoodete ja ekspordi ladu<\/h3>\n<p><img decoding=\"async\" src=\"\/wp-content\/uploads\/factory-12.webp\"\/><\/p>\n<p><img decoding=\"async\" src=\"\/wp-content\/uploads\/factory-13.webp\"\/><\/p>\n<p><img decoding=\"async\" src=\"\/wp-content\/uploads\/factory-14.webp\"\/><\/p>\n<h2>KKK<\/h2>\n<p><p><b>1. mida teeb alumiiniumprofiili tootja?<\/b><\/p>\n<p>Alumiiniumprofiilide tootja projekteerib ja toodab pressitud alumiiniumprofiile t\u00f6\u00f6stuslikuks, arhitektuuriliseks ja kaubanduslikuks kasutamiseks.<br \/>\n<\/p><br \/>\n<br \/>\n<p><b>2.Miks valida professionaalne alumiiniumprofiili tootja?<\/b><\/p>\n<p>Usaldusv\u00e4\u00e4rne tootja tagab teie projektide jaoks kvaliteetse tootmise, t\u00e4ppisehituse ja j\u00e4rjepideva tarnimise.<br \/>\n<\/p><br \/>\n<br \/>\n<p><b>3.Kas alumiiniumprofiili tootja v\u00f5ib pakkuda kohandatud profiile?<\/b><\/p>\n<p>Jah, enamik tootjaid pakuvad OEM\/ODM-teenuseid, et toota kohandatud kuju, suurust ja viimistlust vastavalt teie spetsifikatsioonidele.<br \/>\n<\/p><br \/>\n<br \/>\n<p><b>4.Millised t\u00f6\u00f6stusharud kasutavad tootjate alumiiniumprofiile?<\/b><\/p>\n<p>Sellised t\u00f6\u00f6stusharud nagu ehitus, autot\u00f6\u00f6stus, elektroonika, m\u00f6\u00f6bel ja p\u00e4ikeseenergia kasutavad tavaliselt alumiiniumprofiile.<br \/>\n<\/p><br \/>\n<br \/>\n<p><b>5.Kas alumiiniumprofiilid on valmistatud keskkonnas\u00f5bralikest materjalidest?<\/b><\/p>\n<p>Jah, alumiinium on 100% ringlussev\u00f5etav ja lugupeetud tootjad v\u00f5tavad kasutusele s\u00e4\u00e4stvad tootmisviisid.<br \/>\n<\/p><br \/>\n<br \/>\n<p><b>6.Millist pinnat\u00f6\u00f6tlust saab tootja pakkuda?<\/b><\/p>\n<p>Tavalised valikud h\u00f5lmavad anodeerimist, pulberv\u00e4rvimist, puidumassi, harjamist ja poleerimist erinevate funktsionaalsete ja esteetiliste vajaduste rahuldamiseks.<br \/>\n<\/p><br \/>\n<br \/>\n<p><b>7.Kuidas tagada alumiiniumprofiilide kvaliteet?<\/b><\/p>\n<p>Valige tootjad, kellel on ISO-sertifikaadid, ettev\u00f5ttesisene kvaliteedikontroll ja materjalide j\u00e4lgitavuse s\u00fcsteemid.<br \/>\n<\/p><br \/>\n<br \/>\n<p><b>8.Kas tootja toetab hulgi- v\u00f5i hulgim\u00fc\u00fcgitellimusi?<\/b><\/p>\n<p>Jah, alumiiniumprofiilide tootjad pakuvad tavaliselt konkurentsiv\u00f5imelist hinda ja paindlikke tingimusi suurte tellimuste puhul.<br \/>\n<\/p><br \/><\/p>","protected":false},"featured_media":7516,"template":"","categories":[67],"class_list":["post-7517","product","type-product","status-publish","has-post-thumbnail","hentry","category-architectural-aluminium-profile"],"meta_box":{"hilight_text_group":{"product_hilight_text":"<li>Experienced aluminum profile manufacturer with advanced production equipment<\/li>\r\r\n<li>Offers custom extrusion solutions for various industrial applications<\/li>\r\r\n<li>High precision manufacturing ensures consistent product quality<\/li>\r\r\n<li>Wide range of profile shapes, sizes, and surface finishes available<\/li>\r\r\n<li>Strict quality control system for reliable and durable profiles<\/li>\r\r\n<li>Fast lead times and flexible OEM\/ODM services<\/li>\r\r\n<li>Eco-friendly production using recyclable aluminum materials<\/li>","product_chanpin_blog":"<ul>\r\r\n<li><a href=\"https:\/\/sinoextrud.com\/t-slot-v-slot-differences\/\" target=\"_blank\">t slot vs v slot<\/a><\/li>\r\r\n<li><a href=\"https:\/\/sinoextrud.com\/what-is-4040-aluminium-extrud\/\" target=\"_blank\">4040 aluminium extrusion<\/a><\/li>\r\r\n<li><a href=\"https:\/\/sinoextrud.com\/what-is-4040-aluminium-extrud\/\" target=\"_blank\">aluminum extrusions for industrial racks<\/a><\/li>\r\r\n<li><a href=\"https:\/\/sinoextrud.com\/powder-coating-aluminium-process\/\" target=\"_blank\">powder coating aluminium<\/a><\/li>\r\r\n<li><a href=\"https:\/\/sinoextrud.com\/what-is-an-aluminium-strip-ceiling\/\" target=\"_blank\">aluminium strip ceiling<\/a><\/li>\r\r\n<li><a href=\"https:\/\/sinoextrud.com\/what-is-a-heat-sink\/\" target=\"_blank\">what is a heat sink<\/a><\/li>\r\r\n<\/ul>","product_chanpin_chanpin":"<li><a href=\"https:\/\/sinoextrud.com\/product\/aluminium-u-channels\/\" target=\"_blank\">Aluminium U Channels<\/a><\/li>\r\n<li><a href=\"https:\/\/sinoextrud.com\/product\/aluminium-extruded-sections\/\" target=\"_blank\">Aluminium Extruded Sections<\/a><\/li>\r\n<li><a href=\"https:\/\/sinoextrud.com\/product\/wholesale-electrophoresis-aluminium-profile-price\/\" target=\"_blank\">Wholesale Electrophoresis Aluminium Profile Price<\/a><\/li>\r\n<li><a href=\"https:\/\/sinoextrud.com\/product\/aluminium-sections-for-sliding-doors\/\" target=\"_blank\">Aluminium Sections For Sliding Doors<\/a><\/li>\r\n<li><a href=\"https:\/\/sinoextrud.com\/product\/aluminum-profile-manufacturer\/\" target=\"_blank\">Aluminum Profile Manufacturer<\/a><\/li>\r\n<li><a href=\"https:\/\/sinoextrud.com\/product\/aluminium-fence\/\" target=\"_blank\">Aluminium Fence<\/a><\/li>\r\n<li><a href=\"https:\/\/sinoextrud.com\/product\/aluminium-flat-bar\/\" target=\"_blank\">Aluminium Flat Bar<\/a><\/li>\r\n<li><a href=\"https:\/\/sinoextrud.com\/product\/anodizing-aluminium-extrusion-profiles-for-windows-and-door\/\" target=\"_blank\">Anodizing Aluminium Extrusion Profiles for Windows and Door<\/a><\/li>\r\n<li><a href=\"https:\/\/sinoextrud.com\/product\/aluminium-louver-extrusions\/\" target=\"_blank\">Aluminium Louver Extrusions<\/a><\/li>\r\n<li><a href=\"https:\/\/sinoextrud.com\/product\/aluminum-window-frame\/\" target=\"_blank\">Aluminum Window Frame<\/a><\/li>\r\n<li><a href=\"https:\/\/sinoextrud.com\/product\/aluminum-skirting-profile\/\" target=\"_blank\">Aluminum Skirting Profile<\/a><\/li>"},"feature_list":[]},"_links":{"self":[{"href":"https:\/\/sinoextrud.com\/et\/wp-json\/wp\/v2\/product\/7517","targetHints":{"allow":["GET"]}}],"collection":[{"href":"https:\/\/sinoextrud.com\/et\/wp-json\/wp\/v2\/product"}],"about":[{"href":"https:\/\/sinoextrud.com\/et\/wp-json\/wp\/v2\/types\/product"}],"wp:featuredmedia":[{"embeddable":true,"href":"https:\/\/sinoextrud.com\/et\/wp-json\/wp\/v2\/media\/7516"}],"wp:attachment":[{"href":"https:\/\/sinoextrud.com\/et\/wp-json\/wp\/v2\/media?parent=7517"}],"wp:term":[{"taxonomy":"category","embeddable":true,"href":"https:\/\/sinoextrud.com\/et\/wp-json\/wp\/v2\/categories?post=7517"}],"curies":[{"name":"wp","href":"https:\/\/api.w.org\/{rel}","templated":true}]}}