{"id":7512,"date":"2025-06-07T09:48:46","date_gmt":"2025-06-07T09:48:46","guid":{"rendered":"https:\/\/sinoextrud.com\/product\/wholesale-electrophoresis-aluminium-profile-price\/"},"modified":"2025-06-24T06:13:01","modified_gmt":"2025-06-24T06:13:01","slug":"hulgimuugi-elektroforeesi-alumiiniumprofiili-hind","status":"publish","type":"product","link":"https:\/\/sinoextrud.com\/et\/product\/wholesale-electrophoresis-aluminium-profile-price\/","title":{"rendered":"Hulgim\u00fc\u00fck elektroforeesi alumiiniumprofiili hind"},"content":{"rendered":"<h2>Toodete \u00fcksikasjad<\/h2>\n<table class=\"custom-table\">\n<tbody>\n<tr>\n<td> 1<\/td>\n<td> Br\u00e4ndi nimi<\/td>\n<td> Sinoextrud (Sinoextrud) hulgim\u00fc\u00fcgi elektroforeesi alumiiniumprofiili hind<\/td>\n<\/tr>\n<tr>\n<td> 2<\/td>\n<td> Materjal<\/td>\n<td> Sulam 6063 T5<\/td>\n<\/tr>\n<tr>\n<td> 3<\/td>\n<td> Taotlus<\/td>\n<td> Elektroforees alumiiniumprofiil kaunistamiseks<\/td>\n<\/tr>\n<tr>\n<td> 4<\/td>\n<td> Sertifikaat<\/td>\n<td> ISO9001, ISO14001<\/td>\n<\/tr>\n<tr>\n<td> 5<\/td>\n<td> V\u00f5imekus<\/td>\n<td> Aastane toodang \u00fcle 200 000 tonni<\/td>\n<\/tr>\n<tr>\n<td> 6<\/td>\n<td> V\u00e4rv<\/td>\n<td> Kohandatud saadaval<\/td>\n<\/tr>\n<tr>\n<td> 7<\/td>\n<td> Pikkus<\/td>\n<td> 1-9 meetrit v\u00f5i kohandatud<\/td>\n<\/tr>\n<tr>\n<td> 8<\/td>\n<td> Paksus<\/td>\n<td> Kohandatud<\/td>\n<\/tr>\n<tr>\n<td> 9<\/td>\n<td> Pinna viimistlus<\/td>\n<td> veski viimistlus, anodeerimine, pulberv\u00e4rvimine, puiduribaline \u00fclekanne, katmine jne.<\/td>\n<\/tr>\n<tr>\n<td> 10<\/td>\n<td> Taotlus<\/td>\n<td> akna- ja uksel\u00f5iked, k\u00e4sipuu, kardinaseinad<\/td>\n<\/tr>\n<tr>\n<td> 11<\/td>\n<td> Laadimissadam<\/td>\n<td> Shenzhen, Guangzhou, Foshani sadam<\/td>\n<\/tr>\n<tr>\n<td> 12<\/td>\n<td> Maksmine<\/td>\n<td> T\/T, 30% ettemaks, samas kui saldo makstakse v\u00e4lja enne tarnimist<\/td>\n<\/tr>\n<\/tbody>\n<\/table>\n<h2>Meie tootmisbaas<\/h2>\n<h3>Tehase panoraam<\/h3>\n<p><img decoding=\"async\" src=\"\/wp-content\/uploads\/factory-01.webp\"\/><\/p>\n<h3>Alumiiniumvarraste tootmise t\u00f6\u00f6koda<\/h3>\n<p><img decoding=\"async\" src=\"\/wp-content\/uploads\/factory-02.webp\"\/><\/p>\n<\/p>\n<p><img decoding=\"async\" src=\"\/wp-content\/uploads\/factory-03.webp\"\/><\/p>\n<h3>hallituse ladustamise ladu<\/h3>\n<p><img decoding=\"async\" src=\"\/wp-content\/uploads\/factory-04.webp\"\/><\/p>\n<h3>43 alumiiniumi ekstrusiooniliini (500-5500 tonni)<\/h3>\n<p><img decoding=\"async\" src=\"\/wp-content\/uploads\/factory-05.webp\"\/><\/p>\n<p><img decoding=\"async\" src=\"\/wp-content\/uploads\/factory-06.webp\"\/><\/p>\n<p><img decoding=\"async\" src=\"\/wp-content\/uploads\/factory-07.webp\"\/><\/p>\n<h3>Pulberv\u00e4rvimise t\u00f6\u00f6koda<\/h3>\n<p><img decoding=\"async\" src=\"\/wp-content\/uploads\/factory-09.webp\"\/><\/p>\n<h3>Anodiseerimise t\u00f6\u00f6koda<\/h3>\n<p><img decoding=\"async\" src=\"\/wp-content\/uploads\/factory-10.webp\"\/><\/p>\n<h3>S\u00fcgavt\u00f6\u00f6tlemise t\u00f6\u00f6tuba<\/h3>\n<p><img decoding=\"async\" src=\"\/wp-content\/uploads\/factory-11.webp\"\/><\/p>\n<h3>CNC-t\u00e4ppist\u00f6\u00f6tlemise t\u00f6\u00f6koda<\/h3>\n<p><img decoding=\"async\" src=\"\/wp-content\/uploads\/factory-11.5.webp\"\/><\/p>\n<h3>Valmistoodete ja ekspordi ladu<\/h3>\n<p><img decoding=\"async\" src=\"\/wp-content\/uploads\/factory-12.webp\"\/><\/p>\n<p><img decoding=\"async\" src=\"\/wp-content\/uploads\/factory-13.webp\"\/><\/p>\n<p><img decoding=\"async\" src=\"\/wp-content\/uploads\/factory-14.webp\"\/><\/p>\n<h2>KKK<\/h2>\n<p><b>1.Mis on hulgim\u00fc\u00fcgi elektroforeesi alumiiniumprofiili hind?<\/b><\/p>\n<p>See viitab elektroforeesikattega t\u00f6\u00f6deldud alumiiniumprofiilide hulgihinnale, mis pakub nii vastupidavust kui ka visuaalset atraktiivsust konkurentsiv\u00f5imeliste hindadega.\n<\/p>\n<p><\/p>\n<p><b>2.Millised on elektroforeesi alumiiniumprofiilide eelised?<\/b><\/p>\n<p>Elektroforeesiprofiilidel on sile, \u00fchtlane ja suurep\u00e4rase korrosioonikindlusega viimistlus, mis sobib ideaalselt arhitektuuri- ja dekoratiivseteks rakendusteks.\n<\/p>\n<p><\/p>\n<p><b>3.Miks valida elektroforeesimise asemel anodeerimine v\u00f5i pulberv\u00e4rvimine?<\/b><\/p>\n<p>Elektroforees tagab v\u00f5rreldes traditsioonilise pinnat\u00f6\u00f6tlusega parema kile \u00fchtluse, k\u00f5rgema ilmastikukindluse ja pikaajalise v\u00e4rvip\u00fcsivuse.\n<\/p>\n<p><\/p>\n<p><b>4.Kas suurte tellimuste puhul on saadaval hulgim\u00fc\u00fcgihinnad?<\/b><\/p>\n<p>Jah, hulgitellimused saavad kasu soodsatest hulgim\u00fc\u00fcgihindadest, mis teeb selle kulut\u00f5husaks suurte ehitus- v\u00f5i tootmisprojektide puhul.\n<\/p>\n<p><\/p>\n<p><b>5.Millised rakendused sobivad elektroforeesi alumiiniumprofiilide jaoks?<\/b><\/p>\n<p>T\u00e4nu oma v\u00e4limusele ja vastupidavusele sobivad need ideaalselt akende, uste, kardinate, vaheseinte ja k\u00f5rgekvaliteediliste m\u00f6\u00f6bliraamide jaoks.\n<\/p>\n<p><\/p>\n<p><b>6.Kas viimistlust saab kohandada?<\/b><\/p>\n<p>Jah, saadaval on mitu v\u00e4rvi- ja l\u00e4ikivusvarianti, mis sobivad erinevate arhitektuuriliste v\u00f5i disainivajadustega.\n<\/p>\n<p><\/p>\n<p><b>7.Kas elektroforeesiga kaetud alumiiniumprofiilid on keskkonnas\u00f5bralikud?<\/b><\/p>\n<p>Jah, protsessis kasutatakse madala LO\u00dc sisaldusega materjale ja alumiinium on t\u00e4ielikult taaskasutatav, mis toetab s\u00e4\u00e4stvat tootmist.\n<\/p>\n<p><\/p>\n<p><b>8.Kas hind on pikaajaliste projektide puhul stabiilne?<\/b><\/p>\n<p>Hulgim\u00fc\u00fcgihinnad on tavaliselt stabiilsed ja jooksvate v\u00f5i korduvtellimuste puhul l\u00e4bir\u00e4\u00e4gitavad, mis tagab kulude kontrolli pikaajaliste projektide puhul.\n<\/p>\n<p><\/p>","protected":false},"featured_media":7511,"template":"","categories":[67],"class_list":["post-7512","product","type-product","status-publish","has-post-thumbnail","hentry","category-architectural-aluminium-profile"],"meta_box":{"hilight_text_group":{"product_hilight_text":"<li>Electrophoresis coating offers superior corrosion resistance and smooth finish<\/li>\r\r\n<li>Cost-effective pricing available for wholesale and bulk orders<\/li>\r\r\n<li>Durable surface treatment ensures long-term color stability<\/li>\r\r\n<li>Ideal for windows, doors, curtain walls, and decorative frames<\/li>\r\r\n<li>Wide range of colors and finishes available for customization<\/li>\r\r\n<li>Environmentally friendly and energy-efficient coating process<\/li>\r\r\n<li>Consistent quality across batches for reliable large-scale use<\/li>","product_chanpin_blog":"<ul>\r\r\n<li><a href=\"https:\/\/sinoextrud.com\/t-slot-v-slot-differences\/\" target=\"_blank\">t slot vs v slot<\/a><\/li>\r\r\n<li><a href=\"https:\/\/sinoextrud.com\/what-is-4040-aluminium-extrud\/\" target=\"_blank\">4040 aluminium extrusion<\/a><\/li>\r\r\n<li><a href=\"https:\/\/sinoextrud.com\/what-is-4040-aluminium-extrud\/\" target=\"_blank\">aluminum extrusions for industrial racks<\/a><\/li>\r\r\n<li><a href=\"https:\/\/sinoextrud.com\/powder-coating-aluminium-process\/\" target=\"_blank\">powder coating aluminium<\/a><\/li>\r\r\n<li><a href=\"https:\/\/sinoextrud.com\/what-is-an-aluminium-strip-ceiling\/\" target=\"_blank\">aluminium strip ceiling<\/a><\/li>\r\r\n<li><a href=\"https:\/\/sinoextrud.com\/what-is-a-heat-sink\/\" target=\"_blank\">what is a heat sink<\/a><\/li>\r\r\n<\/ul>","product_chanpin_chanpin":"<li><a href=\"https:\/\/sinoextrud.com\/product\/standard-aluminium-extrusions\/\" target=\"_blank\">Standard Aluminium Extrusions<\/a><\/li>\r\n<li><a href=\"https:\/\/sinoextrud.com\/product\/aluminium-structural-framing\/\" target=\"_blank\">Aluminium Structural Framing<\/a><\/li>\r\n<li><a href=\"https:\/\/sinoextrud.com\/product\/aluminium-u-channels\/\" target=\"_blank\">Aluminium U Channels<\/a><\/li>\r\n<li><a href=\"https:\/\/sinoextrud.com\/product\/aluminium-extruded-sections\/\" target=\"_blank\">Aluminium Extruded Sections<\/a><\/li>\r\n<li><a href=\"https:\/\/sinoextrud.com\/product\/wholesale-electrophoresis-aluminium-profile-price\/\" target=\"_blank\">Wholesale Electrophoresis Aluminium Profile Price<\/a><\/li>\r\n<li><a href=\"https:\/\/sinoextrud.com\/product\/aluminium-sections-for-sliding-doors\/\" target=\"_blank\">Aluminium Sections For Sliding Doors<\/a><\/li>\r\n<li><a href=\"https:\/\/sinoextrud.com\/product\/aluminum-profile-manufacturer\/\" target=\"_blank\">Aluminum Profile Manufacturer<\/a><\/li>\r\n<li><a href=\"https:\/\/sinoextrud.com\/product\/aluminium-fence\/\" target=\"_blank\">Aluminium Fence<\/a><\/li>\r\n<li><a href=\"https:\/\/sinoextrud.com\/product\/aluminium-flat-bar\/\" target=\"_blank\">Aluminium Flat Bar<\/a><\/li>\r\n<li><a href=\"https:\/\/sinoextrud.com\/product\/solar-frames-aluminum-extrusions\/\" target=\"_blank\">Solar Frames Aluminum Extrusions<\/a><\/li>\r\n<li><a href=\"https:\/\/sinoextrud.com\/product\/customized-industrial-aluminum-heat-sink\/\" target=\"_blank\">Customized Industrial Aluminum Heat Sink<\/a><\/li>"},"feature_list":[]},"_links":{"self":[{"href":"https:\/\/sinoextrud.com\/et\/wp-json\/wp\/v2\/product\/7512","targetHints":{"allow":["GET"]}}],"collection":[{"href":"https:\/\/sinoextrud.com\/et\/wp-json\/wp\/v2\/product"}],"about":[{"href":"https:\/\/sinoextrud.com\/et\/wp-json\/wp\/v2\/types\/product"}],"wp:featuredmedia":[{"embeddable":true,"href":"https:\/\/sinoextrud.com\/et\/wp-json\/wp\/v2\/media\/7511"}],"wp:attachment":[{"href":"https:\/\/sinoextrud.com\/et\/wp-json\/wp\/v2\/media?parent=7512"}],"wp:term":[{"taxonomy":"category","embeddable":true,"href":"https:\/\/sinoextrud.com\/et\/wp-json\/wp\/v2\/categories?post=7512"}],"curies":[{"name":"wp","href":"https:\/\/api.w.org\/{rel}","templated":true}]}}