{"id":7500,"date":"2025-06-07T09:20:49","date_gmt":"2025-06-07T09:20:49","guid":{"rendered":"https:\/\/sinoextrud.com\/product\/alloy-extrusion-profiles\/"},"modified":"2025-06-24T06:12:59","modified_gmt":"2025-06-24T06:12:59","slug":"sulamist-ekstrusiooniprofiilid","status":"publish","type":"product","link":"https:\/\/sinoextrud.com\/et\/product\/alloy-extrusion-profiles\/","title":{"rendered":"Sulami ekstrusiooniprofiilid"},"content":{"rendered":"<h2>Toodete \u00fcksikasjad<\/h2>\n<table class=\"custom-table\">\n<tbody>\n<tr>\n<td> Toote nimi<\/td>\n<td> Sulami ekstrusiooniprofiilid<\/td>\n<\/tr>\n<tr>\n<td> Materjal<\/td>\n<td> 6063,6061,6005,6082 jne.<\/td>\n<\/tr>\n<tr>\n<td> Suurus<\/td>\n<td> Vastavalt kliendi soovile<\/td>\n<\/tr>\n<tr>\n<td> T\u00fc\u00fcpilised rakendused<\/td>\n<td> Arhitektuur, t\u00f6\u00f6stus jne.<\/td>\n<\/tr>\n<tr>\n<td> Br\u00e4nd<\/td>\n<td> Sinoextrud, Sinoextrud v\u00f5i OEM-kaubam\u00e4rk<\/td>\n<\/tr>\n<tr>\n<td> CNC protsess<\/td>\n<td> CNC freesimine, puurimine, augustamine, puurimine, koputades, painutamine, painutamine<\/td>\n<\/tr>\n<tr>\n<td> Pinnat\u00f6\u00f6tlus<\/td>\n<td> Veski valmis, anodeeritud, pulberv\u00e4rvitud, puidumass jne.<\/td>\n<\/tr>\n<tr>\n<td> Sertifikaadid<\/td>\n<td> ISO9001, ISO4001, CQM, SGS, CE, BV jne.<\/td>\n<\/tr>\n<tr>\n<td> P\u00e4ritolukoht<\/td>\n<td> Guangdong,Hiina<\/td>\n<\/tr>\n<tr>\n<td> L\u00e4biviimise aeg<\/td>\n<td> 1.hallituse avamine ja proovi kinnitamine 12-15 p\u00e4eva. 2.Massitootmine 25-30 p\u00e4eva.<\/td>\n<\/tr>\n<tr>\n<td> Tarnetingimused<\/td>\n<td> EXW v\u00f5i FOB Foshan\/Guangzhou\/Shenzhen<\/td>\n<\/tr>\n<tr>\n<td> Maksetingimused<\/td>\n<td> Alipay, LC v\u00f5i TT 30% ettemaks, 70% saldo enne saatmist<\/td>\n<\/tr>\n<tr>\n<td> Pakkimine<\/td>\n<td> 1.Inside : pakitud plastist kaitsekilega v\u00f5i pol\u00fckotiga. 2.V\u00e4ljaspool: pakitud veekindla j\u00f5upaberiga iga kimbu jaoks. 3.Other pakkimismeetod vastavalt kokkuleppele.<\/td>\n<\/tr>\n<\/tbody>\n<\/table>\n<h2>Meie tootmisbaas<\/h2>\n<h3>Tehase panoraam<\/h3>\n<p><img decoding=\"async\" src=\"\/wp-content\/uploads\/factory-01.webp\"\/><\/p>\n<h3>Alumiiniumvarraste tootmise t\u00f6\u00f6koda<\/h3>\n<p><img decoding=\"async\" src=\"\/wp-content\/uploads\/factory-02.webp\"\/><\/p>\n<\/p>\n<p><img decoding=\"async\" src=\"\/wp-content\/uploads\/factory-03.webp\"\/><\/p>\n<h3>hallituse ladustamise ladu<\/h3>\n<p><img decoding=\"async\" src=\"\/wp-content\/uploads\/factory-04.webp\"\/><\/p>\n<h3>43 alumiiniumi ekstrusiooniliini (500-5500 tonni)<\/h3>\n<p><img decoding=\"async\" src=\"\/wp-content\/uploads\/factory-05.webp\"\/><\/p>\n<p><img decoding=\"async\" src=\"\/wp-content\/uploads\/factory-06.webp\"\/><\/p>\n<p><img decoding=\"async\" src=\"\/wp-content\/uploads\/factory-07.webp\"\/><\/p>\n<h3>Pulberv\u00e4rvimise t\u00f6\u00f6koda<\/h3>\n<p><img decoding=\"async\" src=\"\/wp-content\/uploads\/factory-09.webp\"\/><\/p>\n<h3>Anodiseerimise t\u00f6\u00f6koda<\/h3>\n<p><img decoding=\"async\" src=\"\/wp-content\/uploads\/factory-10.webp\"\/><\/p>\n<h3>S\u00fcgavt\u00f6\u00f6tlemise t\u00f6\u00f6tuba<\/h3>\n<p><img decoding=\"async\" src=\"\/wp-content\/uploads\/factory-11.webp\"\/><\/p>\n<h3>CNC-t\u00e4ppist\u00f6\u00f6tlemise t\u00f6\u00f6koda<\/h3>\n<p><img decoding=\"async\" src=\"\/wp-content\/uploads\/factory-11.5.webp\"\/><\/p>\n<h3>Valmistoodete ja ekspordi ladu<\/h3>\n<p><img decoding=\"async\" src=\"\/wp-content\/uploads\/factory-12.webp\"\/><\/p>\n<p><img decoding=\"async\" src=\"\/wp-content\/uploads\/factory-13.webp\"\/><\/p>\n<p><img decoding=\"async\" src=\"\/wp-content\/uploads\/factory-14.webp\"\/><\/p>\n<h2>KKK<\/h2>\n<p><b>1.Mis on sulami ekstrusiooniprofiilid?<\/b><\/p>\n<p>Sulatatud ekstrusiooniprofiilid on alumiiniumi v\u00f5i muude sulamite abil ekstrusiooniprofiilid, mis on valmistatud konstruktsiooni- v\u00f5i dekoratiivsetel eesm\u00e4rkidel.\n<\/p>\n<p><\/p>\n<p><b>2.Miks kasutada tootmises sulamist ekstrusiooniprofiile?<\/b><\/p>\n<p>Legeeritud ekstrusiooniprofiilid pakuvad suurt tugevust, kergeid omadusi ja suurep\u00e4rast t\u00f6\u00f6deldavust, mis sobib ideaalselt erinevateks t\u00f6\u00f6stuslikeks rakendusteks.\n<\/p>\n<p><\/p>\n<p><b>3.Kas sulamist ekstrusiooniprofiilid on korrosioonikindlad?<\/b><\/p>\n<p>Jah, enamik sulamiprofiile - eriti alumiinium - on looduslikult korrosioonikindlad ja neid saab t\u00f6\u00f6delda anodeerimise v\u00f5i pulberv\u00e4rvimisega.\n<\/p>\n<p><\/p>\n<p><b>4.Kas ma saan kohandada sulamist ekstrusioonide kuju ja suurust?<\/b><\/p>\n<p>Absoluutselt saab sulamist ekstrusiooniprofiile t\u00e4ielikult kohandada ristl\u00f5ike, pikkuse, sulami koostise ja pinnat\u00f6\u00f6tluse osas.\n<\/p>\n<p><\/p>\n<p><b>5.Millised t\u00f6\u00f6stusharud kasutavad tavaliselt sulamist ekstrusiooniprofiile?<\/b><\/p>\n<p>Neid kasutatakse laialdaselt ehituses, transpordis, m\u00f6\u00f6blis, elektroonikas ja lennunduses t\u00e4nu nende tugevusele ja kohanemisv\u00f5imele.\n<\/p>\n<p><\/p>\n<p><b>6.Millised pinnaviimistlused on saadaval?<\/b><\/p>\n<p>Tavalised viimistlusviisid on anodeerimine, pulberv\u00e4rvimine, harjamine, liivapritsimine ja keemiline poleerimine, s\u00f5ltuvalt rakenduse vajadustest.\n<\/p>\n<p><\/p>\n<p><b>7.Kas tootjad pakuvad OEM- v\u00f5i lahtistoodangut?<\/b><\/p>\n<p>Jah, enamik tarnijaid pakuvad OEM-teenuseid koos kohandatud t\u00f6\u00f6riistade ja masstootmisega rahvusvahelistele klientidele.\n<\/p>\n<p><\/p>","protected":false},"featured_media":7499,"template":"","categories":[67],"class_list":["post-7500","product","type-product","status-publish","has-post-thumbnail","hentry","category-architectural-aluminium-profile"],"meta_box":{"hilight_text_group":{"product_hilight_text":"<li>High-strength alloy ensures structural stability in demanding applications<\/li>\r\r\n<li>Excellent machinability and formability for complex industrial components<\/li>\r\r\n<li>Customizable shapes, dimensions, and surface finishes for OEM requirements<\/li>\r\r\n<li>Corrosion-resistant for indoor and outdoor environments<\/li>\r\r\n<li>Lightweight material reduces transportation and assembly costs<\/li>\r\r\n<li>Suitable for automotive, construction, electronics, and aerospace sectors<\/li>","product_chanpin_blog":"<ul>\r\r\n<li><a href=\"https:\/\/sinoextrud.com\/t-slot-v-slot-differences\/\" target=\"_blank\">t slot vs v slot<\/a><\/li>\r\r\n<li><a href=\"https:\/\/sinoextrud.com\/what-is-4040-aluminium-extrud\/\" target=\"_blank\">4040 aluminium extrusion<\/a><\/li>\r\r\n<li><a href=\"https:\/\/sinoextrud.com\/what-is-4040-aluminium-extrud\/\" target=\"_blank\">aluminum extrusions for industrial racks<\/a><\/li>\r\r\n<li><a href=\"https:\/\/sinoextrud.com\/powder-coating-aluminium-process\/\" target=\"_blank\">powder coating aluminium<\/a><\/li>\r\r\n<li><a href=\"https:\/\/sinoextrud.com\/what-is-an-aluminium-strip-ceiling\/\" target=\"_blank\">aluminium strip ceiling<\/a><\/li>\r\r\n<li><a href=\"https:\/\/sinoextrud.com\/what-is-a-heat-sink\/\" target=\"_blank\">what is a heat sink<\/a><\/li>\r\r\n<\/ul>","product_chanpin_chanpin":"<li><a href=\"https:\/\/sinoextrud.com\/product\/80-x-80-aluminium-extrusion\/\" target=\"_blank\">80 X 80 Aluminium Extrusion<\/a><\/li>\r\n<li><a href=\"https:\/\/sinoextrud.com\/product\/6063-t5-oem-aluminum-profile-conner-angle-for-window-and-door-or-led-light-display-2\/\" target=\"_blank\">6063 T5  OEM  aluminum  profile  conner angle for window and door or led light display<\/a><\/li>\r\n<li><a href=\"https:\/\/sinoextrud.com\/product\/aluminum-beam-extrusion-curtain-wall-profile-hollow-bar-price-by-per-ton\/\" target=\"_blank\">aluminum beam Extrusion Curtain Wall Profile hollow bar price by per ton<\/a><\/li>\r\n<li><a href=\"https:\/\/sinoextrud.com\/product\/aluminium-railings\/\" target=\"_blank\">Aluminium Railings<\/a><\/li>\r\n<li><a href=\"https:\/\/sinoextrud.com\/product\/alloy-extrusion-profiles\/\" target=\"_blank\">Alloy Extrusion Profiles<\/a><\/li>\r\n<li><a href=\"https:\/\/sinoextrud.com\/product\/aluminum-frame\/\" target=\"_blank\">Aluminum Frame<\/a><\/li>\r\n<li><a href=\"https:\/\/sinoextrud.com\/product\/standard-aluminium-extrusions\/\" target=\"_blank\">Standard Aluminium Extrusions<\/a><\/li>\r\n<li><a href=\"https:\/\/sinoextrud.com\/product\/aluminium-structural-framing\/\" target=\"_blank\">Aluminium Structural Framing<\/a><\/li>\r\n<li><a href=\"https:\/\/sinoextrud.com\/product\/aluminium-u-channels\/\" target=\"_blank\">Aluminium U Channels<\/a><\/li>\r\n<li><a href=\"https:\/\/sinoextrud.com\/product\/6063-t5-alloy-industrial-aluminum-extrusions-aluminum-profile-with-anodized-surface-treatment\/\" target=\"_blank\">6063 T5 Alloy Industrial Aluminum Extrusions Aluminum Profile With Anodized Surface Treatment<\/a><\/li>\r\n<li><a href=\"https:\/\/sinoextrud.com\/product\/aluminum-tube-coated-powder-price-per-kg-for-lowes-aluminum-pipe-fence-china\/\" target=\"_blank\">aluminum tube coated powder price per kg for lowes aluminum pipe fence china<\/a><\/li>"},"feature_list":[]},"_links":{"self":[{"href":"https:\/\/sinoextrud.com\/et\/wp-json\/wp\/v2\/product\/7500","targetHints":{"allow":["GET"]}}],"collection":[{"href":"https:\/\/sinoextrud.com\/et\/wp-json\/wp\/v2\/product"}],"about":[{"href":"https:\/\/sinoextrud.com\/et\/wp-json\/wp\/v2\/types\/product"}],"wp:featuredmedia":[{"embeddable":true,"href":"https:\/\/sinoextrud.com\/et\/wp-json\/wp\/v2\/media\/7499"}],"wp:attachment":[{"href":"https:\/\/sinoextrud.com\/et\/wp-json\/wp\/v2\/media?parent=7500"}],"wp:term":[{"taxonomy":"category","embeddable":true,"href":"https:\/\/sinoextrud.com\/et\/wp-json\/wp\/v2\/categories?post=7500"}],"curies":[{"name":"wp","href":"https:\/\/api.w.org\/{rel}","templated":true}]}}