{"id":7492,"date":"2025-06-07T08:50:00","date_gmt":"2025-06-07T08:50:00","guid":{"rendered":"https:\/\/sinoextrud.com\/product\/80-x-80-aluminium-extrusion\/"},"modified":"2025-06-24T06:12:58","modified_gmt":"2025-06-24T06:12:58","slug":"80-x-80-alumiiniumprofiil","status":"publish","type":"product","link":"https:\/\/sinoextrud.com\/et\/product\/80-x-80-aluminium-extrusion\/","title":{"rendered":"80 X 80 Alumiinium ekstrusioon"},"content":{"rendered":"<h2>Toodete \u00fcksikasjad<\/h2>\n<table class=\"custom-table\">\n<tbody>\n<tr>\n<td> Nimi<\/td>\n<td> 80 x 80 alumiiniumprofiil<\/td>\n<\/tr>\n<tr>\n<td> Br\u00e4nd<\/td>\n<td> Sinoextrud\/Sinoextrud<\/td>\n<\/tr>\n<tr>\n<td> Kategooria<\/td>\n<td> Alumiiniumprofiilid<\/td>\n<\/tr>\n<tr>\n<td> T\u00fc\u00fcp<\/td>\n<td> Saadaval on raske v\u00f5i kerge t\u00fc\u00fcp<\/td>\n<\/tr>\n<tr>\n<td> Materjal<\/td>\n<td> 6061 on laialdaselt kasutusel. Saadaval on ka 6063, 6463, 6005, 6082.<\/td>\n<\/tr>\n<tr>\n<td> Temper<\/td>\n<td> T5-T8<\/td>\n<\/tr>\n<tr>\n<td> Pikkus<\/td>\n<td> 1-9m v\u00f5i kohandamine<\/td>\n<\/tr>\n<tr>\n<td> Suurus (mm)<\/td>\n<td> 80 x 80 v\u00f5i vastavalt joonisele<\/td>\n<\/tr>\n<tr>\n<td> Paksus<\/td>\n<td> \u00dcle 0,7MM<\/td>\n<\/tr>\n<tr>\n<td> Kuju<\/td>\n<td> Kohandamine<\/td>\n<\/tr>\n<tr>\n<td> Pinnat\u00f6\u00f6tlus<\/td>\n<td> Veski valmis, anodeeritud, liivapritsimine, elektroforeesimine, elektrikate jne.<\/td>\n<\/tr>\n<tr>\n<td> V\u00e4rv<\/td>\n<td> H\u00f5bedane, must, valge, punane, kollane, \u0161ampanja v\u00f5i kohandatud v\u00e4rvus.<\/td>\n<\/tr>\n<tr>\n<td> Standard<\/td>\n<td> ASTM, GB, DIN<\/td>\n<\/tr>\n<tr>\n<td> Alates<\/td>\n<td> Guangdong, Hiina<\/td>\n<\/tr>\n<tr>\n<td> Taotlus<\/td>\n<td> T\u00f6\u00f6stus, ehitus, arhitektuur, dekoreerimine<\/td>\n<\/tr>\n<\/tbody>\n<\/table>\n<h2>Meie tootmisbaas<\/h2>\n<h3>Tehase panoraam<\/h3>\n<p><img decoding=\"async\" src=\"\/wp-content\/uploads\/factory-01.webp\"\/><\/p>\n<h3>Alumiiniumvarraste tootmise t\u00f6\u00f6koda<\/h3>\n<p><img decoding=\"async\" src=\"\/wp-content\/uploads\/factory-02.webp\"\/><\/p>\n<p><img decoding=\"async\" src=\"\/wp-content\/uploads\/factory-03.webp\"\/><\/p>\n<h3>hallituse ladustamise ladu<\/h3>\n<p><img decoding=\"async\" src=\"\/wp-content\/uploads\/factory-04.webp\"\/><\/p>\n<h3>43 alumiiniumi ekstrusiooniliini (500-5500 tonni)<\/h3>\n<p><img decoding=\"async\" src=\"\/wp-content\/uploads\/factory-05.webp\"\/><\/p>\n<p><img decoding=\"async\" src=\"\/wp-content\/uploads\/factory-06.webp\"\/><\/p>\n<p><img decoding=\"async\" src=\"\/wp-content\/uploads\/factory-07.webp\"\/><\/p>\n<h3>Pulberv\u00e4rvimise t\u00f6\u00f6koda<\/h3>\n<p><img decoding=\"async\" src=\"\/wp-content\/uploads\/factory-09.webp\"\/><\/p>\n<h3>Anodiseerimise t\u00f6\u00f6koda<\/h3>\n<p><img decoding=\"async\" src=\"\/wp-content\/uploads\/factory-10.webp\"\/><\/p>\n<h3>S\u00fcgavt\u00f6\u00f6tlemise t\u00f6\u00f6tuba<\/h3>\n<p><img decoding=\"async\" src=\"\/wp-content\/uploads\/factory-11.webp\"\/><\/p>\n<h3>CNC-t\u00e4ppist\u00f6\u00f6tlemise t\u00f6\u00f6koda<\/h3>\n<p><img decoding=\"async\" src=\"\/wp-content\/uploads\/factory-11.5.webp\"\/><\/p>\n<h3>Valmistoodete ja ekspordi ladu<\/h3>\n<p><img decoding=\"async\" src=\"\/wp-content\/uploads\/factory-12.webp\"\/><\/p>\n<p><img decoding=\"async\" src=\"\/wp-content\/uploads\/factory-13.webp\"\/><\/p>\n<p><img decoding=\"async\" src=\"\/wp-content\/uploads\/factory-14.webp\"\/><\/p>\n<h2>KKK<\/h2>\n<p><p><b>1.Mis on 80 x 80 alumiiniumprofiil?<\/b><\/p>\n<p>80 x 80 alumiiniumprofiil on ruudukujuline alumiiniumprofiil, mida kasutatakse tavaliselt konstruktsiooniraamides ja t\u00f6\u00f6stusautomaatikas\u00fcsteemides.<br \/>\n<\/p><br \/>\n<br \/>\n<p><b>2.Miks kasutada ehituses 80 x 80 alumiiniumprofiili?<\/b><\/p>\n<p>Selle suur suurus ja T-pesade konstruktsioon tagavad suurep\u00e4rase tugevuse ja paindlikkuse moodulite kokkupanekuks n\u00f5udlikes keskkondades.<br \/>\n<\/p><br \/>\n<br \/>\n<p><b>3.Millised on T-ava alumiiniumprofiilide eelised?<\/b><\/p>\n<p>T-pesad v\u00f5imaldavad h\u00f5lpsasti paigaldada lisaseadmeid, kiiret \u00fcmberkonfigureerimist ja tugevat konstruktsioonituge ilma keevitamiseta.<br \/>\n<\/p><br \/>\n<br \/>\n<p><b>4.Kas 80 x 80 ekstrusiooni saab kohandada?<\/b><\/p>\n<p>Jah, seda saab kohandada pikkuse, sulami, anodeerimise, puuritud aukude ja muude valmistusteenuste osas, et vastata konkreetsetele projekti vajadustele.<br \/>\n<\/p><br \/>\n<br \/>\n<p><b>5.Kas 80 x 80 alumiinium sobib v\u00e4litingimustes kasutamiseks?<\/b><\/p>\n<p>Kindlasti sobivad selle korrosioonikindlad omadused ja valikulised kaitsekatted igaveseks kasutamiseks.<br \/>\n<\/p><br \/>\n<br \/>\n<p><b>6.Millised t\u00f6\u00f6stusharud kasutavad 80 x 80 alumiiniumprofiile?<\/b><\/p>\n<p>Neid kasutatakse laialdaselt tehase automaatikas, robootikas, masinate kaitses\u00fcsteemides, t\u00f6\u00f6kohtades ja materjalik\u00e4itluss\u00fcsteemides.<br \/>\n<\/p><br \/>\n<br \/>\n<p><b>7.Kas OEM- ja lahtised tarnev\u00f5imalused on saadaval?<\/b><\/p>\n<p>Jah, enamik tootjaid pakuvad OEM-teenuseid ja lahtiseid tellimusi koos p\u00fcsiva kvaliteedi, kiire tarne ja \u00fclemaailmse tarnimisega.<br \/>\n<\/p><br \/><\/p>","protected":false},"featured_media":7491,"template":"","categories":[67],"class_list":["post-7492","product","type-product","status-publish","has-post-thumbnail","hentry","category-architectural-aluminium-profile"],"meta_box":{"hilight_text_group":{"product_hilight_text":"<li>Robust 80x80mm profile ideal for heavy-duty industrial applications<\/li>\r\r\n<li>T-slot design ensures easy assembly and modular flexibility<\/li>\r\r\n<li>Made from high-strength aluminum alloy for superior load capacity<\/li>\r\r\n<li>Corrosion-resistant surface suitable for indoor and outdoor environments<\/li>\r\r\n<li>Customizable lengths, machining, and finishes for OEM requirements<\/li>\r\r\n<li>Perfect for machine frames, automation systems, and workstations<\/li>","product_chanpin_blog":"<ul>\r\r\n<li><a href=\"https:\/\/sinoextrud.com\/t-slot-v-slot-differences\/\" target=\"_blank\">t slot vs v slot<\/a><\/li>\r\r\n<li><a href=\"https:\/\/sinoextrud.com\/what-is-4040-aluminium-extrud\/\" target=\"_blank\">4040 aluminium extrusion<\/a><\/li>\r\r\n<li><a href=\"https:\/\/sinoextrud.com\/what-is-4040-aluminium-extrud\/\" target=\"_blank\">aluminum extrusions for industrial racks<\/a><\/li>\r\r\n<li><a href=\"https:\/\/sinoextrud.com\/powder-coating-aluminium-process\/\" target=\"_blank\">powder coating aluminium<\/a><\/li>\r\r\n<li><a href=\"https:\/\/sinoextrud.com\/what-is-an-aluminium-strip-ceiling\/\" target=\"_blank\">aluminium strip ceiling<\/a><\/li>\r\r\n<li><a href=\"https:\/\/sinoextrud.com\/what-is-a-heat-sink\/\" target=\"_blank\">what is a heat sink<\/a><\/li>\r\r\n<\/ul>","product_chanpin_chanpin":"<li><a href=\"https:\/\/sinoextrud.com\/product\/aluminium-handrail-profiles\/\" target=\"_blank\">Aluminium Handrail Profiles<\/a><\/li>\r\n<li><a href=\"https:\/\/sinoextrud.com\/product\/6063-slotted-aluminum-bar-extrusion-profiles\/\" target=\"_blank\">6063 Slotted Aluminum Bar Extrusion Profiles<\/a><\/li>\r\n<li><a href=\"https:\/\/sinoextrud.com\/product\/6063-t5-aluminum-extrusion-profile-for-windows-and-doors-and-curtain-walls\/\" target=\"_blank\">6063 T5 Aluminum Extrusion Profile for Windows and Doors and Curtain Walls<\/a><\/li>\r\n<li><a href=\"https:\/\/sinoextrud.com\/product\/6063-t5-oem-aluminum-profile-conner-angle-for-window-and-door-or-led-light-display\/\" target=\"_blank\">6063 T5 OEM Aluminum Profile Conner Angle For Window And Door Or Led Light Display<\/a><\/li>\r\n<li><a href=\"https:\/\/sinoextrud.com\/product\/80-x-80-aluminium-extrusion\/\" target=\"_blank\">80 X 80 Aluminium Extrusion<\/a><\/li>\r\n<li><a href=\"https:\/\/sinoextrud.com\/product\/6063-t5-oem-aluminum-profile-conner-angle-for-window-and-door-or-led-light-display-2\/\" target=\"_blank\">6063 T5  OEM  aluminum  profile  conner angle for window and door or led light display<\/a><\/li>\r\n<li><a href=\"https:\/\/sinoextrud.com\/product\/aluminum-beam-extrusion-curtain-wall-profile-hollow-bar-price-by-per-ton\/\" target=\"_blank\">aluminum beam Extrusion Curtain Wall Profile hollow bar price by per ton<\/a><\/li>\r\n<li><a href=\"https:\/\/sinoextrud.com\/product\/aluminium-railings\/\" target=\"_blank\">Aluminium Railings<\/a><\/li>\r\n<li><a href=\"https:\/\/sinoextrud.com\/product\/alloy-extrusion-profiles\/\" target=\"_blank\">Alloy Extrusion Profiles<\/a><\/li>\r\n<li><a href=\"https:\/\/sinoextrud.com\/product\/aluminium-extrusion-profile-section\/\" target=\"_blank\">Aluminium Extrusion Profile Section(Great Wall panel aluminum profile)<\/a><\/li>\r\n<li><a href=\"https:\/\/sinoextrud.com\/product\/special-aluminium-profiles-heat-sink-aluminum\/\" target=\"_blank\">Special Aluminium Profiles Heat Sink Aluminum<\/a><\/li>"},"feature_list":[]},"_links":{"self":[{"href":"https:\/\/sinoextrud.com\/et\/wp-json\/wp\/v2\/product\/7492","targetHints":{"allow":["GET"]}}],"collection":[{"href":"https:\/\/sinoextrud.com\/et\/wp-json\/wp\/v2\/product"}],"about":[{"href":"https:\/\/sinoextrud.com\/et\/wp-json\/wp\/v2\/types\/product"}],"wp:featuredmedia":[{"embeddable":true,"href":"https:\/\/sinoextrud.com\/et\/wp-json\/wp\/v2\/media\/7491"}],"wp:attachment":[{"href":"https:\/\/sinoextrud.com\/et\/wp-json\/wp\/v2\/media?parent=7492"}],"wp:term":[{"taxonomy":"category","embeddable":true,"href":"https:\/\/sinoextrud.com\/et\/wp-json\/wp\/v2\/categories?post=7492"}],"curies":[{"name":"wp","href":"https:\/\/api.w.org\/{rel}","templated":true}]}}