{"id":7480,"date":"2025-06-07T08:28:34","date_gmt":"2025-06-07T08:28:34","guid":{"rendered":"https:\/\/sinoextrud.com\/product\/66-mm-aluminum-glass-railing-for-balcony-led-strip-u-channel-stair-railings\/"},"modified":"2025-06-24T06:12:55","modified_gmt":"2025-06-24T06:12:55","slug":"66-mm-alumiiniumist-klaasist-rodule-juhitud-riba-u-kanali-trepikasipuude-jaoks","status":"publish","type":"product","link":"https:\/\/sinoextrud.com\/et\/product\/66-mm-aluminum-glass-railing-for-balcony-led-strip-u-channel-stair-railings\/","title":{"rendered":"6 + 6 MM alumiiniumist klaasist r\u00f5dule LED ribad U-kanali trepik\u00e4sipuude jaoks"},"content":{"rendered":"<h2>Toodete \u00fcksikasjad<\/h2>\n<table class=\"custom-table\">\n<tr>\n<td class=\"label\">Objekt:<\/td>\n<td>U-kanali LED-riba klaasist piirded<\/td>\n<\/tr>\n<tr>\n<td class=\"label\">Temperament:<\/td>\n<td>T3-T8<\/td>\n<\/tr>\n<tr>\n<td class=\"label\">Klaas:<\/td>\n<td>Karastatud klaas<\/td>\n<\/tr>\n<tr>\n<td class=\"label\">Materjal:<\/td>\n<td>6063 alumiinium<\/td>\n<\/tr>\n<tr>\n<td class=\"label\">Kasutamine:<\/td>\n<td>Siseruumide ja v\u00e4litingimuste kaunistamine<\/td>\n<\/tr>\n<tr>\n<td class=\"label\">Suurus:<\/td>\n<td>Kohandatud<\/td>\n<\/tr>\n<tr>\n<td class=\"label\">Makset\u00e4htaeg:<\/td>\n<td>30% tagatisraha, 70% saldo enne tarnimist<\/td>\n<\/tr>\n<tr>\n<td class=\"label\">Sadam:<\/td>\n<td>Guangzhou, Shenzhen, Foshan<\/td>\n<\/tr>\n<tr>\n<td class=\"label\">MOQ:<\/td>\n<td>200 kg iga profiili kohta<\/td>\n<\/tr>\n<tr>\n<td class=\"label\">Hinne:<\/td>\n<td>6000 seeria 6063<\/td>\n<\/tr>\n<tr>\n<td class=\"label\">P\u00e4ritolukoht:<\/td>\n<td>Foshan, Guangdong<\/td>\n<\/tr>\n<tr>\n<td class=\"label\">Sulam v\u00f5i mitte:<\/td>\n<td>Kas sulam on sulam<\/td>\n<\/tr>\n<tr>\n<td class=\"label\">Br\u00e4ndi:<\/td>\n<td>Sinoextrud, Sinoextrud<\/td>\n<\/tr>\n<tr>\n<td class=\"label\">Taotlus:<\/td>\n<td>Hotell\/korter\/kool<\/td>\n<\/tr>\n<tr>\n<td class=\"label\">Stiil:<\/td>\n<td>Moderndesign<\/td>\n<\/tr>\n<tr>\n<td class=\"label\">Paigaldamine:<\/td>\n<td>Lihtsalt paigaldamine<\/td>\n<\/tr>\n<tr>\n<td class=\"label\">T\u00f6\u00f6tlemisteenus:<\/td>\n<td>Painutamine, keevitamine, keevitamine, stantsimine, l\u00f5ikamine<\/td>\n<\/tr>\n<tr>\n<td class=\"label\">Garantii:<\/td>\n<td>kliendi sertifikaat, nagu BV, Soncap, ISO<\/td>\n<\/tr>\n<tr>\n<td class=\"label\">Pakett:<\/td>\n<td>kaitsevineerist kott<\/td>\n<\/tr>\n<\/table>\n<h2>Meie tootmisbaas<\/h2>\n<h3>Tehase panoraam<\/h3>\n<p><img decoding=\"async\" src=\"\/wp-content\/uploads\/factory-01.webp\"\/><\/p>\n<h3>Alumiiniumvarraste tootmise t\u00f6\u00f6koda<\/h3>\n<p><img decoding=\"async\" src=\"\/wp-content\/uploads\/factory-02.webp\"\/><\/p>\n<\/p>\n<p><img decoding=\"async\" src=\"\/wp-content\/uploads\/factory-03.webp\"\/><\/p>\n<h3>hallituse ladustamise ladu<\/h3>\n<p><img decoding=\"async\" src=\"\/wp-content\/uploads\/factory-04.webp\"\/><\/p>\n<h3>43 alumiiniumi ekstrusiooniliini (500-5500 tonni)<\/h3>\n<p><img decoding=\"async\" src=\"\/wp-content\/uploads\/factory-05.webp\"\/><\/p>\n<p><img decoding=\"async\" src=\"\/wp-content\/uploads\/factory-06.webp\"\/><\/p>\n<p><img decoding=\"async\" src=\"\/wp-content\/uploads\/factory-07.webp\"\/><\/p>\n<h3>Pulberv\u00e4rvimise t\u00f6\u00f6koda<\/h3>\n<p><img decoding=\"async\" src=\"\/wp-content\/uploads\/factory-09.webp\"\/><\/p>\n<h3>Anodiseerimise t\u00f6\u00f6koda<\/h3>\n<p><img decoding=\"async\" src=\"\/wp-content\/uploads\/factory-10.webp\"\/><\/p>\n<h3>S\u00fcgavt\u00f6\u00f6tlemise t\u00f6\u00f6tuba<\/h3>\n<p><img decoding=\"async\" src=\"\/wp-content\/uploads\/factory-11.webp\"\/><\/p>\n<h3>CNC-t\u00e4ppist\u00f6\u00f6tlemise t\u00f6\u00f6koda<\/h3>\n<p><img decoding=\"async\" src=\"\/wp-content\/uploads\/factory-11.5.webp\"\/><\/p>\n<h3>Valmistoodete ja ekspordi ladu<\/h3>\n<p><img decoding=\"async\" src=\"\/wp-content\/uploads\/factory-12.webp\"\/><\/p>\n<p><img decoding=\"async\" src=\"\/wp-content\/uploads\/factory-13.webp\"\/><\/p>\n<p><img decoding=\"async\" src=\"\/wp-content\/uploads\/factory-14.webp\"\/><\/p>\n<h2>KKK<\/h2>\n<p><b>1.Mis on 6 + 6 MM alumiiniumist klaasist r\u00f5dule?<\/b><\/p>\n<p>See on r\u00f5dus\u00fcsteem, milles kasutatakse 6+6 mm lamineeritud turvaklaasi, mis on paigaldatud alumiiniumist U-profiilidega turvaliseks ja stiilseks r\u00f5du- v\u00f5i trepik\u00e4iguks.\n<\/p>\n<p><\/p>\n<p><b>2.Miks kasutada 6+6 mm lamineeritud klaasi kaitseseinte puhul?<\/b><\/p>\n<p>Laminaatklaas pakub suurep\u00e4rast l\u00f6\u00f6gikindlust ja ohutust, mist\u00f5ttu on see ideaalne r\u00f5dude, terrasside ja treppide jaoks.\n<\/p>\n<p><\/p>\n<p><b>3.Millised on alumiiniumist U-kanali profiilide eelised?<\/b><\/p>\n<p>Nad on kerged, korrosioonikindlad ja neid on lihtne paigaldada nii sise- kui ka v\u00e4listingimustes.\n<\/p>\n<p><\/p>\n<p><b>4.Kas see piirded v\u00f5ivad sisaldada LED-valgustust?<\/b><\/p>\n<p>Jah, profiil toetab integreeritud LED-ribasid, mis parandavad \u00f6ist n\u00e4htavust ja lisavad kaasaegset dekoratiivset puudutust.\n<\/p>\n<p><\/p>\n<p><b>5.Kus saab seda klaasist piirdes\u00fcsteemi kasutada?<\/b><\/p>\n<p>See sobib r\u00f5dudele, treppidele, katustele, tekkidele ja basseinikabiinidele elamu- v\u00f5i \u00e4riruumides.\n<\/p>\n<p><\/p>\n<p><b>6.Kas s\u00fcsteem on ilmastikukindel?<\/b><\/p>\n<p>Jah, alumiiniumprofiil on anodeeritud v\u00f5i pulberv\u00e4rvitud, et taluda korrosiooni, UV-kiirgust ja vihma, mis tagab pikaajalise vastupidavuse v\u00e4litingimustes.\n<\/p>\n<p><\/p>\n<p><b>7.Kas kohandatud viimistlus ja LED-valikud on saadaval?<\/b><\/p>\n<p>Jah, me pakume erinevaid pinnaviimistlusi ja LED-v\u00e4rve, mis vastavad arhitektuurilistele ja disainivajadustele.\n<\/p>\n<p><\/p>\n<p><b>8.Kuidas on see klaasist piirded paigaldatud?<\/b><\/p>\n<p>S\u00fcsteem sisaldab eelvalmistatud U-kanaleid ja paigalduskomplekte, mis teeb paigaldamise t\u00f6\u00f6v\u00f5tjate v\u00f5i ehitajate jaoks kiireks ja t\u00f5husaks.\n<\/p>\n<p><\/p>","protected":false},"featured_media":7479,"template":"","categories":[67],"class_list":["post-7480","product","type-product","status-publish","has-post-thumbnail","hentry","category-architectural-aluminium-profile"],"meta_box":{"hilight_text_group":{"product_hilight_text":"<li>Designed for 6+6 mm laminated glass, offering high safety and strength<\/li>\r\r\n<li>Durable aluminum U channel provides structural support for balconies and stairs<\/li>\r\r\n<li>Integrated LED strip option enhances modern aesthetics and visibility<\/li>\r\r\n<li>Corrosion-resistant surface ideal for outdoor environments<\/li>\r\r\n<li>Easy installation with pre-drilled profiles and mounting accessories<\/li>\r\r\n<li>Suitable for residential and commercial balcony and stair applications<\/li>\r\r\n<li>Custom lengths, finishes, and LED color options available<\/li>","product_chanpin_blog":"<ul>\r\r\n<li><a href=\"https:\/\/sinoextrud.com\/t-slot-v-slot-differences\/\" target=\"_blank\">t slot vs v slot<\/a><\/li>\r\r\n<li><a href=\"https:\/\/sinoextrud.com\/what-is-4040-aluminium-extrud\/\" target=\"_blank\">4040 aluminium extrusion<\/a><\/li>\r\r\n<li><a href=\"https:\/\/sinoextrud.com\/what-is-4040-aluminium-extrud\/\" target=\"_blank\">aluminum extrusions for industrial racks<\/a><\/li>\r\r\n<li><a href=\"https:\/\/sinoextrud.com\/powder-coating-aluminium-process\/\" target=\"_blank\">powder coating aluminium<\/a><\/li>\r\r\n<li><a href=\"https:\/\/sinoextrud.com\/what-is-an-aluminium-strip-ceiling\/\" target=\"_blank\">aluminium strip ceiling<\/a><\/li>\r\r\n<li><a href=\"https:\/\/sinoextrud.com\/what-is-a-heat-sink\/\" target=\"_blank\">what is a heat sink<\/a><\/li>\r\r\n<\/ul>","product_chanpin_chanpin":"<li><a href=\"https:\/\/sinoextrud.com\/product\/aluminum-sliding-door-track\/\" target=\"_blank\">Aluminum Sliding Door Track<\/a><\/li>\r\n<li><a href=\"https:\/\/sinoextrud.com\/product\/aluminum-handrail-extrusions\/\" target=\"_blank\">Aluminum Handrail Extrusions<\/a><\/li>\r\n<li><a href=\"https:\/\/sinoextrud.com\/product\/aluminium-window-frame-section\/\" target=\"_blank\">Aluminium Window Frame Section<\/a><\/li>\r\n<li><a href=\"https:\/\/sinoextrud.com\/product\/aluminum-cabinet-frame-extrusions\/\" target=\"_blank\">Aluminum Cabinet Frame Extrusions<\/a><\/li>\r\n<li><a href=\"https:\/\/sinoextrud.com\/product\/66-mm-aluminum-glass-railing-for-balcony-led-strip-u-channel-stair-railings\/\" target=\"_blank\">6+6 MM Aluminum Glass Railing For Balcony LED Strip U Channel Stair Railings<\/a><\/li>\r\n<li><a href=\"https:\/\/sinoextrud.com\/product\/aluminum-channel-for-plexiglass\/\" target=\"_blank\">Aluminum Channel For Plexiglass<\/a><\/li>\r\n<li><a href=\"https:\/\/sinoextrud.com\/product\/aluminium-handrail-profiles\/\" target=\"_blank\">Aluminium Handrail Profiles<\/a><\/li>\r\n<li><a href=\"https:\/\/sinoextrud.com\/product\/6063-slotted-aluminum-bar-extrusion-profiles\/\" target=\"_blank\">6063 Slotted Aluminum Bar Extrusion Profiles<\/a><\/li>\r\n<li><a href=\"https:\/\/sinoextrud.com\/product\/6063-t5-aluminum-extrusion-profile-for-windows-and-doors-and-curtain-walls\/\" target=\"_blank\">6063 T5 Aluminum Extrusion Profile for Windows and Doors and Curtain Walls<\/a><\/li>\r\n<li><a href=\"https:\/\/sinoextrud.com\/product\/c-section-aluminium-extrusion\/\" target=\"_blank\">C Section Aluminium Extrusion<\/a><\/li>\r\n<li><a href=\"https:\/\/sinoextrud.com\/product\/customized-extruded-shaped-aluminum-profiles-6063-anodized-industrial-aluminum-profile\/\" target=\"_blank\">Customized Extruded Shaped Aluminum Profiles 6063 Anodized Industrial Aluminum Profile<\/a><\/li>"},"feature_list":[]},"_links":{"self":[{"href":"https:\/\/sinoextrud.com\/et\/wp-json\/wp\/v2\/product\/7480","targetHints":{"allow":["GET"]}}],"collection":[{"href":"https:\/\/sinoextrud.com\/et\/wp-json\/wp\/v2\/product"}],"about":[{"href":"https:\/\/sinoextrud.com\/et\/wp-json\/wp\/v2\/types\/product"}],"wp:featuredmedia":[{"embeddable":true,"href":"https:\/\/sinoextrud.com\/et\/wp-json\/wp\/v2\/media\/7479"}],"wp:attachment":[{"href":"https:\/\/sinoextrud.com\/et\/wp-json\/wp\/v2\/media?parent=7480"}],"wp:term":[{"taxonomy":"category","embeddable":true,"href":"https:\/\/sinoextrud.com\/et\/wp-json\/wp\/v2\/categories?post=7480"}],"curies":[{"name":"wp","href":"https:\/\/api.w.org\/{rel}","templated":true}]}}