{"id":7474,"date":"2025-06-07T08:21:30","date_gmt":"2025-06-07T08:21:30","guid":{"rendered":"https:\/\/sinoextrud.com\/product\/aluminum-handrail-extrusions\/"},"modified":"2025-06-24T06:12:55","modified_gmt":"2025-06-24T06:12:55","slug":"alumiiniumist-kasipuude-profiilid","status":"publish","type":"product","link":"https:\/\/sinoextrud.com\/et\/product\/aluminum-handrail-extrusions\/","title":{"rendered":"Alumiiniumist k\u00e4sipuu ekstrusioonid"},"content":{"rendered":"<h2>Toodete \u00fcksikasjad<\/h2>\n<table class=\"custom-table\">\n<tr>\n<td class=\"label\">Toote nimi<\/td>\n<td>Alumiiniumist k\u00e4sipuu ekstrusioonid<\/td>\n<\/tr>\n<tr>\n<td class=\"label\">Materjal<\/td>\n<td>Alumiiniumsulam 6063 v\u00f5i 6061<\/td>\n<\/tr>\n<tr>\n<td class=\"label\">Pinnat\u00f6\u00f6tlus<\/td>\n<td>Puidutera, anodeeritud, pulberv\u00e4rvimine, elektroforees, PVDF, liivapritsitud jne.<\/td>\n<\/tr>\n<tr>\n<td class=\"label\">Pikkus<\/td>\n<td>Tavaline pikkus 1-9M, muud kohandatud pikkused saadaval.<\/td>\n<\/tr>\n<tr>\n<td class=\"label\">Kasutamine<\/td>\n<td>Trepik\u00e4sipuu, r\u00f5dupiirded, \u00f5ueala piirded.<\/td>\n<\/tr>\n<tr>\n<td class=\"label\">Kvaliteedikontroll<\/td>\n<td>Tehase QC kontrollib \u00fckshaaval.Klient v\u00f5ib tulla tehases kontrollimiseks enne saatmist.<\/td>\n<\/tr>\n<tr>\n<td class=\"label\">Sertifitseerimine<\/td>\n<td>ISO9001, ISO4001, CQM, SGS, CE, BV, JIS, AS, NZS, QUALICOAT, QUOLANOD.<\/td>\n<\/tr>\n<tr>\n<td class=\"label\">MOQ<\/td>\n<td>200 kg iga eseme kohta<\/td>\n<\/tr>\n<tr>\n<td class=\"label\">Juhtumisaeg<\/td>\n<td>Surve avamine ja proovide testimine: 12-18 p\u00e4eva<br \/>\nMasstootmine: 25-30 p\u00e4eva<\/td>\n<\/tr>\n<tr>\n<td class=\"label\">Pakendamise \u00fcksikasjad<\/td>\n<td>(1) Sisemine: pakitud plastist kaitsekilega, et tagada hea pind.<br \/>\n(2) V\u00e4ljaspool: V\u00e4ljas: Pakitud veekindla k\u00e4sit\u00f6\u00f6paberiga iga kimbu.<\/td>\n<\/tr>\n<tr>\n<td class=\"label\">Teenus<\/td>\n<td>OEM&amp;ODM teenus aktsepteeritud<\/td>\n<\/tr>\n<tr>\n<td class=\"label\">Makset\u00e4htaeg<\/td>\n<td>L \/ C T \/ T (30% tagatisraha), saldo enne laadimist.<\/td>\n<\/tr>\n<tr>\n<td class=\"label\">Tarneperiood<\/td>\n<td>FOB, EXW v\u00f5i muud kaubeldavad tingimused<\/td>\n<\/tr>\n<tr>\n<td class=\"label\">P\u00e4ritolu<\/td>\n<td>Guangdong,Hiina<\/td>\n<\/tr>\n<tr>\n<td class=\"label\">Laadimissadam<\/td>\n<td>Foshan\/Guangzhou\/Shenzhen<\/td>\n<\/tr>\n<\/table>\n<h2>Meie tootmisbaas<\/h2>\n<h3>Tehase panoraam<\/h3>\n<p><img decoding=\"async\" src=\"\/wp-content\/uploads\/factory-01.webp\"\/><\/p>\n<h3>Alumiiniumvarraste tootmise t\u00f6\u00f6koda<\/h3>\n<p><img decoding=\"async\" src=\"\/wp-content\/uploads\/factory-02.webp\"\/><\/p>\n<\/p>\n<p><img decoding=\"async\" src=\"\/wp-content\/uploads\/factory-03.webp\"\/><\/p>\n<h3>hallituse ladustamise ladu<\/h3>\n<p><img decoding=\"async\" src=\"\/wp-content\/uploads\/factory-04.webp\"\/><\/p>\n<h3>43 alumiiniumi ekstrusiooniliini (500-5500 tonni)<\/h3>\n<p><img decoding=\"async\" src=\"\/wp-content\/uploads\/factory-05.webp\"\/><\/p>\n<p><img decoding=\"async\" src=\"\/wp-content\/uploads\/factory-06.webp\"\/><\/p>\n<p><img decoding=\"async\" src=\"\/wp-content\/uploads\/factory-07.webp\"\/><\/p>\n<h3>Pulberv\u00e4rvimise t\u00f6\u00f6koda<\/h3>\n<p><img decoding=\"async\" src=\"\/wp-content\/uploads\/factory-09.webp\"\/><\/p>\n<h3>Anodiseerimise t\u00f6\u00f6koda<\/h3>\n<p><img decoding=\"async\" src=\"\/wp-content\/uploads\/factory-10.webp\"\/><\/p>\n<h3>S\u00fcgavt\u00f6\u00f6tlemise t\u00f6\u00f6tuba<\/h3>\n<p><img decoding=\"async\" src=\"\/wp-content\/uploads\/factory-11.webp\"\/><\/p>\n<h3>CNC-t\u00e4ppist\u00f6\u00f6tlemise t\u00f6\u00f6koda<\/h3>\n<p><img decoding=\"async\" src=\"\/wp-content\/uploads\/factory-11.5.webp\"\/><\/p>\n<h3>Valmistoodete ja ekspordi ladu<\/h3>\n<p><img decoding=\"async\" src=\"\/wp-content\/uploads\/factory-12.webp\"\/><\/p>\n<p><img decoding=\"async\" src=\"\/wp-content\/uploads\/factory-13.webp\"\/><\/p>\n<p><img decoding=\"async\" src=\"\/wp-content\/uploads\/factory-14.webp\"\/><\/p>\n<h2>KKK<\/h2>\n<p><b>1.Mis on pressitud alumiiniumist k\u00e4sipuud? <\/b><\/p>\n<p> Pressitud alumiiniumist k\u00e4sipuud on konstruktsioonielemendid, mis on moodustatud alumiiniumi survestamise teel, et luua spetsiifilised ristl\u00f5ikeprofiilid, mida tavaliselt kasutatakse ohutuse ja toe tagamiseks erinevates ehituslikes rakendustes.\n<\/p>\n<p><\/p>\n<p><b>2.Miks valida pressitud alumiiniumist k\u00e4sipuude jaoks? <\/b><\/p>\n<p> Sulatatud alumiinium pakub tugevuse, kerguse, korrosioonikindluse ja disaini mitmek\u00fclgsuse kombinatsiooni, mis muudab selle ideaalseks k\u00e4sipuude kasutamiseks nii elamutes kui ka \u00e4riruumides.\n<\/p>\n<p><\/p>\n<p><b>3.Kui vastupidavad on pressitud alumiiniumist k\u00e4sipuud? <\/b><\/p>\n<p> Need k\u00e4sipuud on v\u00e4ga vastupidavad, vastupidavad roostele, korrosioonile ja keskkonnast tingitud kulumisele, tagades pikaajalise toimivuse minimaalse hooldusega.\n<\/p>\n<p><\/p>\n<p><b>4.Kas pressitud alumiiniumist k\u00e4sipuud saab kohandada? <\/b><\/p>\n<p> Jah, neid saab kohandada kuju, suuruse ja viimistluse, sealhulgas selliste v\u00f5imaluste nagu anodeerimine ja pulberv\u00e4rvimine, et need vastaksid konkreetsetele disaini- ja funktsionaalsetele n\u00f5uetele.\n<\/p>\n<p><\/p>\n<p><b>5.Kas pressitud alumiiniumist k\u00e4sipuud sobivad v\u00e4litingimustes kasutamiseks? <\/b><\/p>\n<p> Nende korrosioonikindlad omadused muudavad need ideaalseks v\u00e4litingimustes kasutamiseks, kuna nad peavad vastu erinevates ilmastikutingimustes ilma kahjustusteta.\n<\/p>\n<p><\/p>\n<p><b>6.Milline hooldus on vajalik pressitud alumiiniumist k\u00e4sipuude puhul? <\/b><\/p>\n<p> Hooldus on minimaalne; tavaliselt piisab regulaarsest puhastamisest kerge seebi ja veega, et need n\u00e4eksid v\u00e4lja ja toimiksid h\u00e4sti.\n<\/p>\n<p><\/p>\n<p><b>7.Kuidas aitavad pressitud alumiiniumist k\u00e4sipuud kaasa j\u00e4tkusuutlikkusele? <\/b><\/p>\n<p> Kuna alumiiniumist k\u00e4sipuud on t\u00e4ielikult taaskasutatavad, toetavad alumiiniumist k\u00e4sipuud keskkonnas\u00f5bralikke ehitustavasid, v\u00e4hendades j\u00e4\u00e4tmeid ja vajadust esmaste materjalide j\u00e4rele.\n<\/p>\n<p><\/p>\n<p><b>8.Kas pressitud alumiiniumist k\u00e4sipuud on kulut\u00f5husad? <\/b><\/p>\n<p> Jah, nende vastupidavus ja madalad hooldusn\u00f5uded toovad kaasa pikaajalise kulude kokkuhoiu v\u00f5rreldes teiste materjalidega, mis v\u00f5ivad vajada sagedast remonti v\u00f5i asendamist.<\/p>\n<p><\/p>","protected":false},"featured_media":7473,"template":"","categories":[67],"class_list":["post-7474","product","type-product","status-publish","has-post-thumbnail","hentry","category-architectural-aluminium-profile"],"meta_box":{"hilight_text_group":{"product_hilight_text":"<li>Extruded aluminum handrails offer exceptional durability, resisting rust, corrosion, and warping, ensuring long-term structural integrity in various environments.<\/li>\r\r\n<li>Lightweight design facilitates easy handling and installation, reducing labor costs and construction time.<\/li>\r\r\n<li>High strength-to-weight ratio provides robust support without adding excessive weight to structures.<\/li>\r\r\n<li>Design flexibility allows for customization in shapes, sizes, and finishes to meet specific architectural requirements.<\/li>\r\r\n<li>Low maintenance requirements, needing only occasional cleaning to maintain appearance and functionality.<\/li>\r\r\n<li>Eco-friendly material, being 100% recyclable, contributing to sustainable building practices.<\/li>\r\r\n<li>Cost-effective solution due to longevity and minimal upkeep, offering long-term savings over alternative materials.<\/li>","product_chanpin_blog":"<ul>\r\r\n<li><a href=\"https:\/\/sinoextrud.com\/t-slot-v-slot-differences\/\" target=\"_blank\">t slot vs v slot<\/a><\/li>\r\r\n<li><a href=\"https:\/\/sinoextrud.com\/what-is-4040-aluminium-extrud\/\" target=\"_blank\">4040 aluminium extrusion<\/a><\/li>\r\r\n<li><a href=\"https:\/\/sinoextrud.com\/what-is-4040-aluminium-extrud\/\" target=\"_blank\">aluminum extrusions for industrial racks<\/a><\/li>\r\r\n<li><a href=\"https:\/\/sinoextrud.com\/powder-coating-aluminium-process\/\" target=\"_blank\">powder coating aluminium<\/a><\/li>\r\r\n<li><a href=\"https:\/\/sinoextrud.com\/what-is-an-aluminium-strip-ceiling\/\" target=\"_blank\">aluminium strip ceiling<\/a><\/li>\r\r\n<li><a href=\"https:\/\/sinoextrud.com\/what-is-a-heat-sink\/\" target=\"_blank\">what is a heat sink<\/a><\/li>\r\r\n<\/ul>","product_chanpin_chanpin":"<li><a href=\"https:\/\/sinoextrud.com\/product\/l-shaped-aluminum-trim\/\" target=\"_blank\">L Shaped Aluminum Trim<\/a><\/li>\r\n<li><a href=\"https:\/\/sinoextrud.com\/product\/standard-aluminium-sections-for-partition\/\" target=\"_blank\">Standard Aluminium Sections For Partition<\/a><\/li>\r\n<li><a href=\"https:\/\/sinoextrud.com\/product\/c-section-aluminium-extrusion\/\" target=\"_blank\">C Section Aluminium Extrusion<\/a><\/li>\r\n<li><a href=\"https:\/\/sinoextrud.com\/product\/aluminum-sliding-door-track\/\" target=\"_blank\">Aluminum Sliding Door Track<\/a><\/li>\r\n<li><a href=\"https:\/\/sinoextrud.com\/product\/aluminum-handrail-extrusions\/\" target=\"_blank\">Aluminum Handrail Extrusions<\/a><\/li>\r\n<li><a href=\"https:\/\/sinoextrud.com\/product\/aluminium-window-frame-section\/\" target=\"_blank\">Aluminium Window Frame Section<\/a><\/li>\r\n<li><a href=\"https:\/\/sinoextrud.com\/product\/aluminum-cabinet-frame-extrusions\/\" target=\"_blank\">Aluminum Cabinet Frame Extrusions<\/a><\/li>\r\n<li><a href=\"https:\/\/sinoextrud.com\/product\/66-mm-aluminum-glass-railing-for-balcony-led-strip-u-channel-stair-railings\/\" target=\"_blank\">6+6 MM Aluminum Glass Railing For Balcony LED Strip U Channel Stair Railings<\/a><\/li>\r\n<li><a href=\"https:\/\/sinoextrud.com\/product\/aluminum-channel-for-plexiglass\/\" target=\"_blank\">Aluminum Channel For Plexiglass<\/a><\/li>\r\n<li><a href=\"https:\/\/sinoextrud.com\/product\/linear-rail-aluminium-extrusion\/\" target=\"_blank\">Linear Rail Aluminium Extrusion<\/a><\/li>\r\n<li><a href=\"https:\/\/sinoextrud.com\/product\/aluminum-profile-for-tent\/\" target=\"_blank\">Aluminum profile for tent<\/a><\/li>"},"feature_list":[]},"_links":{"self":[{"href":"https:\/\/sinoextrud.com\/et\/wp-json\/wp\/v2\/product\/7474","targetHints":{"allow":["GET"]}}],"collection":[{"href":"https:\/\/sinoextrud.com\/et\/wp-json\/wp\/v2\/product"}],"about":[{"href":"https:\/\/sinoextrud.com\/et\/wp-json\/wp\/v2\/types\/product"}],"wp:featuredmedia":[{"embeddable":true,"href":"https:\/\/sinoextrud.com\/et\/wp-json\/wp\/v2\/media\/7473"}],"wp:attachment":[{"href":"https:\/\/sinoextrud.com\/et\/wp-json\/wp\/v2\/media?parent=7474"}],"wp:term":[{"taxonomy":"category","embeddable":true,"href":"https:\/\/sinoextrud.com\/et\/wp-json\/wp\/v2\/categories?post=7474"}],"curies":[{"name":"wp","href":"https:\/\/api.w.org\/{rel}","templated":true}]}}