{"id":7456,"date":"2025-06-07T07:47:05","date_gmt":"2025-06-07T07:47:05","guid":{"rendered":"https:\/\/sinoextrud.com\/product\/factory-offer-6061-aluminum-railing-profiles\/"},"modified":"2025-06-24T06:12:52","modified_gmt":"2025-06-24T06:12:52","slug":"tehase-pakkumine-6061-alumiiniumist-roobastee-profiilid","status":"publish","type":"product","link":"https:\/\/sinoextrud.com\/et\/product\/factory-offer-6061-aluminum-railing-profiles\/","title":{"rendered":"Tehase pakkumine 6061 Alumiinium Railing profiilid"},"content":{"rendered":"<h2>Toodete \u00fcksikasjad<\/h2>\n<table class=\"custom-table\">\n<tbody>\n<tr>\n<td> Hinne:<\/td>\n<td> 6061 -t5<\/td>\n<\/tr>\n<tr>\n<td> Tehnika:<\/td>\n<td> Tehase pakkumine 6061 Alumiinium Railing profiilid<\/td>\n<\/tr>\n<tr>\n<td> Temperament:<\/td>\n<td> T3 - T8<\/td>\n<\/tr>\n<tr>\n<td> T\u00f6\u00f6deldavad teenused:<\/td>\n<td> Puurimine, keermestamine, neetimine, montaa\u017e jne.<\/td>\n<\/tr>\n<tr>\n<td> Kaubam\u00e4rk:<\/td>\n<td> Sinoextrud Sinoextrud Sinoextrud <\/td>\n<\/tr>\n<tr>\n<td> T\u00fc\u00fcp:<\/td>\n<td> 6061 Alumiinium Railing profiilid<\/td>\n<\/tr>\n<tr>\n<td> Kuju:<\/td>\n<td> Valmistatud klientide j\u00e4rgi Disain<\/td>\n<\/tr>\n<tr>\n<td> Pinnat\u00f6\u00f6tlus:<\/td>\n<td> Mill Finish Anodeeritud harjatud<\/td>\n<\/tr>\n<tr>\n<td> Pikkus:<\/td>\n<td> 1m kuni 9m pikkuse kohta<\/td>\n<\/tr>\n<tr>\n<td> V\u00e4rvid:<\/td>\n<td> H\u00f5bedane must<\/td>\n<\/tr>\n<tr>\n<td> HS-kood:<\/td>\n<td> 76042990<\/td>\n<\/tr>\n<\/tbody>\n<\/table>\n<h2>Meie tootmisbaas<\/h2>\n<h3>Tehase panoraam<\/h3>\n<p><img decoding=\"async\" src=\"\/wp-content\/uploads\/factory-01.webp\"\/><\/p>\n<h3>Alumiiniumvarraste tootmise t\u00f6\u00f6koda<\/h3>\n<p><img decoding=\"async\" src=\"\/wp-content\/uploads\/factory-02.webp\"\/><\/p>\n<p><img decoding=\"async\" src=\"\/wp-content\/uploads\/factory-03.webp\"\/><\/p>\n<h3>hallituse ladustamise ladu<\/h3>\n<p><img decoding=\"async\" src=\"\/wp-content\/uploads\/factory-04.webp\"\/><\/p>\n<h3>43 alumiiniumi ekstrusiooniliini (500-5500 tonni)<\/h3>\n<p><img decoding=\"async\" src=\"\/wp-content\/uploads\/factory-05.webp\"\/><\/p>\n<p><img decoding=\"async\" src=\"\/wp-content\/uploads\/factory-06.webp\"\/><\/p>\n<p><img decoding=\"async\" src=\"\/wp-content\/uploads\/factory-07.webp\"\/><\/p>\n<h3>Pulberv\u00e4rvimise t\u00f6\u00f6koda<\/h3>\n<p><img decoding=\"async\" src=\"\/wp-content\/uploads\/factory-09.webp\"\/><\/p>\n<h3>Anodiseerimise t\u00f6\u00f6koda<\/h3>\n<p><img decoding=\"async\" src=\"\/wp-content\/uploads\/factory-10.webp\"\/><\/p>\n<h3>S\u00fcgavt\u00f6\u00f6tlemise t\u00f6\u00f6tuba<\/h3>\n<p><img decoding=\"async\" src=\"\/wp-content\/uploads\/factory-11.webp\"\/><\/p>\n<h3>CNC-t\u00e4ppist\u00f6\u00f6tlemise t\u00f6\u00f6koda<\/h3>\n<p><img decoding=\"async\" src=\"\/wp-content\/uploads\/factory-11.5.webp\"\/><\/p>\n<h3>Valmistoodete ja ekspordi ladu<\/h3>\n<p><img decoding=\"async\" src=\"\/wp-content\/uploads\/factory-12.webp\"\/><\/p>\n<p><img decoding=\"async\" src=\"\/wp-content\/uploads\/factory-13.webp\"\/><\/p>\n<p><img decoding=\"async\" src=\"\/wp-content\/uploads\/factory-14.webp\"\/><\/p>\n<h2>KKK<\/h2>\n<p><p><b>1.Mis on tehase pakkumine 6061 alumiiniumist r\u00f6\u00f6bastee profiilid? <\/b><\/p>\n<p> Tehase pakkumine 6061 Alumiiniumkaitseprofiilid on 6061 sulamist valmistatud pressitud alumiiniumprofiilid, mis on spetsiaalselt m\u00f5eldud kasutamiseks vastupidavates ja kohandatavates kaitses\u00fcsteemides.<br \/>\n<\/p><br \/>\n<br \/>\n<p><b>2.Miks valida 6061 alumiiniumist profiilid? <\/b><\/p>\n<p> Alumiinium 6061 on suure tugevusega korrosioonikindel sulam, mis sobib ideaalselt kaide jaoks, mis peab vastu pidama ilmastikutingimustele, pakkudes samal ajal pikaajalist stabiilsust.<br \/>\n<\/p><br \/>\n<br \/>\n<p><b>3.Kas neid profiile saab kohandada? <\/b><\/p>\n<p> Jah, 6061 alumiiniumist r\u00f5dude profiile saab kohandada kuju, suuruse, viimistluse ja v\u00e4rvi poolest, et need vastaksid konkreetsetele projekti- ja disainin\u00f5uetele.<br \/>\n<\/p><br \/>\n<br \/>\n<p><b>4.Kas need alumiiniumist piirdeprofiilid sobivad v\u00e4litingimustes kasutamiseks? <\/b><\/p>\n<p> Kindlasti on 6061 alumiiniumi korrosioonikindlus ideaalne v\u00e4liskeskkondades, n\u00e4iteks r\u00f5dudel, treppidel ja aedades.<br \/>\n<\/p><br \/>\n<br \/>\n<p><b>5.Millised viimistlused on saadaval 6061 alumiiniumist r\u00f5dude profiilide jaoks? <\/b><\/p>\n<p> Viimistlused h\u00f5lmavad anodeerimist, pulberv\u00e4rvimist ja freesimist, mis pakuvad t\u00e4iustatud kaitset ja esteetilist mitmek\u00fclgsust erinevate arhitektuuriliste stiilide jaoks.<br \/>\n<\/p><br \/>\n<br \/>\n<p><b>6.Kas paigaldusprotsess on lihtne? <\/b><\/p>\n<p> Jah, profiilid on kavandatud lihtsaks paigaldamiseks, kuna nende moodulkomponendid v\u00e4hendavad paigaldusaega ja t\u00f6\u00f6j\u00f5ukulusid.<br \/>\n<\/p><br \/>\n<br \/>\n<p><b>7.Millised t\u00f6\u00f6stusharud kasutavad 6061 alumiiniumist piirdeprofiile? <\/b><\/p>\n<p> Neid profiile kasutatakse laialdaselt elamu-, \u00e4ri- ja t\u00f6\u00f6stusehituses k\u00e4sipuude, trepikarj\u00e4\u00e4ride ja v\u00e4liskaitseseinte jaoks.<br \/>\n<\/p><br \/>\n<br \/>\n<p><b>8.Kas need piirdeprofiilid on keskkonnas\u00f5bralikud? <\/b><\/p>\n<p> Jah, alumiinium on 100% taaskasutatav, mis muudab selle keskkonnas\u00f5bralikuks valikuks j\u00e4tkusuutlikes ehitusprojektides.<br \/>\n<\/p><br \/><\/p>","protected":false},"featured_media":7455,"template":"","categories":[67],"class_list":["post-7456","product","type-product","status-publish","has-post-thumbnail","hentry","category-architectural-aluminium-profile"],"meta_box":{"hilight_text_group":{"product_hilight_text":"<li>6061 aluminum alloy provides exceptional strength, making it ideal for durable railing systems.<\/li>\r\r\n<li>Corrosion-resistant properties ensure long-lasting performance in outdoor environments.<\/li>\r\r\n<li>Factory direct pricing for cost-effective solutions without compromising quality.<\/li>\r\r\n<li>Customizable profiles and finishes to match any architectural design or color scheme.<\/li>\r\r\n<li>Easy to install with pre-engineered designs, reducing labor time and costs.<\/li>\r\r\n<li>Perfect for residential, commercial, and industrial railing applications, offering both safety and aesthetic appeal.<\/li>","product_chanpin_blog":"<ul>\r\r\n<li><a href=\"https:\/\/sinoextrud.com\/t-slot-v-slot-differences\/\" target=\"_blank\">t slot vs v slot<\/a><\/li>\r\r\n<li><a href=\"https:\/\/sinoextrud.com\/what-is-4040-aluminium-extrud\/\" target=\"_blank\">4040 aluminium extrusion<\/a><\/li>\r\r\n<li><a href=\"https:\/\/sinoextrud.com\/what-is-4040-aluminium-extrud\/\" target=\"_blank\">aluminum extrusions for industrial racks<\/a><\/li>\r\r\n<li><a href=\"https:\/\/sinoextrud.com\/powder-coating-aluminium-process\/\" target=\"_blank\">powder coating aluminium<\/a><\/li>\r\r\n<li><a href=\"https:\/\/sinoextrud.com\/what-is-an-aluminium-strip-ceiling\/\" target=\"_blank\">aluminium strip ceiling<\/a><\/li>\r\r\n<li><a href=\"https:\/\/sinoextrud.com\/what-is-a-heat-sink\/\" target=\"_blank\">what is a heat sink<\/a><\/li>\r\r\n<\/ul>","product_chanpin_chanpin":"<li><a href=\"https:\/\/sinoextrud.com\/product\/customize-extruded-aluminium-shower-profiles\/\" target=\"_blank\">Customize Extruded Aluminium Shower Profiles<\/a><\/li>\r\n<li><a href=\"https:\/\/sinoextrud.com\/product\/customize-extruded-aluminum-channel-profiles\/\" target=\"_blank\">Customize Extruded Aluminum Channel Profiles<\/a><\/li>\r\n<li><a href=\"https:\/\/sinoextrud.com\/product\/extruded-aluminum-enclosure-case\/\" target=\"_blank\">Extruded Aluminum Enclosure Case<\/a><\/li>\r\n<li><a href=\"https:\/\/sinoextrud.com\/product\/flat-aluminum-extrusions\/\" target=\"_blank\">Flat Aluminum Extrusions<\/a><\/li>\r\n<li><a href=\"https:\/\/sinoextrud.com\/product\/factory-offer-6061-aluminum-railing-profiles\/\" target=\"_blank\">Factory Offer 6061 Aluminum Railing Profiles<\/a><\/li>\r\n<li><a href=\"https:\/\/sinoextrud.com\/product\/coated-treatment-aluminium-extrusion\/\" target=\"_blank\">Coated Treatment Aluminium Extrusion<\/a><\/li>\r\n<li><a href=\"https:\/\/sinoextrud.com\/product\/shutter-type-of-aluminum-profiles-for-doors-and-windows\/\" target=\"_blank\">Shutter Type Of Aluminum Profiles For Doors And Windows<\/a><\/li>\r\n<li><a href=\"https:\/\/sinoextrud.com\/product\/wood-grain-aluminum-extrusion-slider\/\" target=\"_blank\">Wood Grain Aluminum Extrusion Slider<\/a><\/li>\r\n<li><a href=\"https:\/\/sinoextrud.com\/product\/standard-aluminium-extrusion-profiles-windows-and-doors\/\" target=\"_blank\">Standard Aluminium Extrusion Profiles Windows And Doors<\/a><\/li>\r\n<li><a href=\"https:\/\/sinoextrud.com\/product\/aluminium-mosquito-net-windows-and-door\/\" target=\"_blank\">Aluminium Mosquito Net Windows And Door<\/a><\/li>\r\n<li><a href=\"https:\/\/sinoextrud.com\/product\/powder-coating-aluminium-profiles-for-industrial\/\" target=\"_blank\">Powder Coating Aluminium Profiles For Industrial<\/a><\/li>"},"feature_list":[]},"_links":{"self":[{"href":"https:\/\/sinoextrud.com\/et\/wp-json\/wp\/v2\/product\/7456","targetHints":{"allow":["GET"]}}],"collection":[{"href":"https:\/\/sinoextrud.com\/et\/wp-json\/wp\/v2\/product"}],"about":[{"href":"https:\/\/sinoextrud.com\/et\/wp-json\/wp\/v2\/types\/product"}],"wp:featuredmedia":[{"embeddable":true,"href":"https:\/\/sinoextrud.com\/et\/wp-json\/wp\/v2\/media\/7455"}],"wp:attachment":[{"href":"https:\/\/sinoextrud.com\/et\/wp-json\/wp\/v2\/media?parent=7456"}],"wp:term":[{"taxonomy":"category","embeddable":true,"href":"https:\/\/sinoextrud.com\/et\/wp-json\/wp\/v2\/categories?post=7456"}],"curies":[{"name":"wp","href":"https:\/\/api.w.org\/{rel}","templated":true}]}}