{"id":7450,"date":"2025-06-07T07:41:56","date_gmt":"2025-06-07T07:41:56","guid":{"rendered":"https:\/\/sinoextrud.com\/product\/customize-extruded-aluminum-channel-profiles\/"},"modified":"2025-06-24T06:12:51","modified_gmt":"2025-06-24T06:12:51","slug":"kohandada-pressitud-alumiiniumist-kanali-profiilid","status":"publish","type":"product","link":"https:\/\/sinoextrud.com\/et\/product\/customize-extruded-aluminum-channel-profiles\/","title":{"rendered":"Kohandada pressitud alumiiniumist kanaliprofiilid"},"content":{"rendered":"<h2>Toodete \u00fcksikasjad<\/h2>\n<table class=\"custom-table\">\n<tbody>\n<tr>\n<td> Hinne:<\/td>\n<td> 6063 -t5<\/td>\n<\/tr>\n<tr>\n<td> Tehnika:<\/td>\n<td> Kohandada pressitud alumiiniumist kanaliprofiilid<\/td>\n<\/tr>\n<tr>\n<td> Temperament:<\/td>\n<td> T3 - T8<\/td>\n<\/tr>\n<tr>\n<td> T\u00f6\u00f6deldavad teenused:<\/td>\n<td> Puurimine, keermestamine, neetimine, montaa\u017e jne.<\/td>\n<\/tr>\n<tr>\n<td> Kaubam\u00e4rk:<\/td>\n<td> Sinoextrud Sinoextrud Sinoextrud <\/td>\n<\/tr>\n<tr>\n<td> T\u00fc\u00fcp:<\/td>\n<td> Kohandada pressitud alumiiniumist kanaliprofiilid\n<\/td>\n<\/tr>\n<tr>\n<td> Kuju:<\/td>\n<td> Valmistatud klientide j\u00e4rgi Disain<\/td>\n<\/tr>\n<tr>\n<td> Pinnat\u00f6\u00f6tlus:<\/td>\n<td> Mill Finish Anodeeritud harjatud<\/td>\n<\/tr>\n<tr>\n<td> Pikkus:<\/td>\n<td> 1m kuni 9m pikkuse kohta<\/td>\n<\/tr>\n<tr>\n<td> V\u00e4rvid:<\/td>\n<td> H\u00f5bedane must<\/td>\n<\/tr>\n<tr>\n<td> HS-kood:<\/td>\n<td> 76042990<\/td>\n<\/tr>\n<\/tbody>\n<\/table>\n<h2>Meie tootmisbaas<\/h2>\n<h3>Tehase panoraam<\/h3>\n<p><img decoding=\"async\" src=\"\/wp-content\/uploads\/factory-01.webp\"\/><\/p>\n<h3>Alumiiniumvarraste tootmise t\u00f6\u00f6koda<\/h3>\n<p><img decoding=\"async\" src=\"\/wp-content\/uploads\/factory-02.webp\"\/><\/p>\n<p><img decoding=\"async\" src=\"\/wp-content\/uploads\/factory-03.webp\"\/><\/p>\n<h3>hallituse ladustamise ladu<\/h3>\n<p><img decoding=\"async\" src=\"\/wp-content\/uploads\/factory-04.webp\"\/><\/p>\n<h3>43 alumiiniumi ekstrusiooniliini (500-5500 tonni)<\/h3>\n<p><img decoding=\"async\" src=\"\/wp-content\/uploads\/factory-05.webp\"\/><\/p>\n<p><img decoding=\"async\" src=\"\/wp-content\/uploads\/factory-06.webp\"\/><\/p>\n<p><img decoding=\"async\" src=\"\/wp-content\/uploads\/factory-07.webp\"\/><\/p>\n<h3>Pulberv\u00e4rvimise t\u00f6\u00f6koda<\/h3>\n<p><img decoding=\"async\" src=\"\/wp-content\/uploads\/factory-09.webp\"\/><\/p>\n<h3>Anodiseerimise t\u00f6\u00f6koda<\/h3>\n<p><img decoding=\"async\" src=\"\/wp-content\/uploads\/factory-10.webp\"\/><\/p>\n<h3>S\u00fcgavt\u00f6\u00f6tlemise t\u00f6\u00f6tuba<\/h3>\n<p><img decoding=\"async\" src=\"\/wp-content\/uploads\/factory-11.webp\"\/><\/p>\n<h3>CNC-t\u00e4ppist\u00f6\u00f6tlemise t\u00f6\u00f6koda<\/h3>\n<p><img decoding=\"async\" src=\"\/wp-content\/uploads\/factory-11.5.webp\"\/><\/p>\n<h3>Valmistoodete ja ekspordi ladu<\/h3>\n<p><img decoding=\"async\" src=\"\/wp-content\/uploads\/factory-12.webp\"\/><\/p>\n<p><img decoding=\"async\" src=\"\/wp-content\/uploads\/factory-13.webp\"\/><\/p>\n<p><img decoding=\"async\" src=\"\/wp-content\/uploads\/factory-14.webp\"\/><\/p>\n<h2>KKK<\/h2>\n<p><p><b>1.Mis on kohandatud ekstrudeeritud alumiiniumist kanaliprofiilid? <\/b><\/p>\n<p> Need on eritellimusel valmistatud alumiiniumist kanalid, mis on pressitud konkreetsete suuruste, kuju ja viimistluse j\u00e4rgi, mis sobivad erinevateks t\u00f6\u00f6stuslikeks ja ehituslikeks kasutusaladeks.<br \/>\n<\/p><br \/>\n<br \/>\n<p><b>2.Miks valida alumiinium kohandatud kanaliprofiilide jaoks? <\/b><\/p>\n<p> Alumiinium pakub tugevust, kergeid omadusi, korrosioonikindlust ja mitmek\u00fclgsust, mist\u00f5ttu sobib see ideaalselt mitmesuguste rakenduste jaoks.<br \/>\n<\/p><br \/>\n<br \/>\n<p><b>3.Kas neid kanaleid saab kohandada? <\/b><\/p>\n<p> Jah, neid saab kohandada m\u00f5\u00f5tmete, profiili kuju, viimistluse ja sulami osas, et vastata t\u00e4psetele projekti spetsifikatsioonidele.<br \/>\n<\/p><br \/>\n<br \/>\n<p><b>4.Millised viimistlused on saadaval alumiiniumkanalite jaoks? <\/b><\/p>\n<p> Levinud viimistlused h\u00f5lmavad anodeerimist, pulberv\u00e4rvimist ja freesimist, mis pakuvad nii esteetilist atraktiivsust kui ka t\u00e4iendavat korrosioonikindlust.<br \/>\n<\/p><br \/>\n<br \/>\n<p><b>5.Millised t\u00f6\u00f6stusharud kasutavad kohandatud alumiiniumikanaleid? <\/b><\/p>\n<p> Kohandatud alumiiniumikanaleid kasutatakse sellistes t\u00f6\u00f6stusharudes nagu ehitus, autot\u00f6\u00f6stus, elektroonika ja t\u00f6\u00f6tlev t\u00f6\u00f6stus raami-, montaa\u017ei- ja tugis\u00fcsteemid.<br \/>\n<\/p><br \/>\n<br \/>\n<p><b>6.Kas alumiiniumist kanalid on korrosioonikindlad? <\/b><\/p>\n<p> Jah, alumiinium on looduslikult korrosioonikindel ja pinnat\u00f6\u00f6tlus, nagu anodeerimine v\u00f5i pulberv\u00e4rvimine, suurendab selle vastupidavust.<br \/>\n<\/p><br \/>\n<br \/>\n<p><b>7.Kui lihtne on neid kanaleid paigaldada? <\/b><\/p>\n<p> Kohandatud alumiiniumkanalid on kerged ja h\u00f5lpsasti t\u00f6\u00f6deldavad, v\u00f5imaldades kiiremat paigaldamist tavap\u00e4raste t\u00f6\u00f6riistadega.<br \/>\n<\/p><br \/>\n<br \/>\n<p><b>8.Millised rakendused sobivad nende kanalite jaoks? <\/b><\/p>\n<p> Need kanalid sobivad ideaalselt kaablijuhtimiseks, raamis\u00fcsteemidele, masinate toestamiseks ja mis tahes rakenduseks, mis n\u00f5uab tugevat, kohandatavat lahendust.<br \/>\n<\/p><br \/><\/p>","protected":false},"featured_media":7449,"template":"","categories":[67],"class_list":["post-7450","product","type-product","status-publish","has-post-thumbnail","hentry","category-architectural-aluminium-profile"],"meta_box":{"hilight_text_group":{"product_hilight_text":"<li>Customizable aluminum channels designed to fit specific project dimensions and needs.<\/li>\r\r\n<li>Strong, durable construction ideal for industrial, architectural, and structural applications.<\/li>\r\r\n<li>Corrosion-resistant finishes provide long-lasting performance in harsh environments.<\/li>\r\r\n<li>Lightweight and easy to fabricate, reducing installation time and cost.<\/li>\r\r\n<li>Available in various profiles, including U-channel, T-channel, and more.<\/li>\r\r\n<li>Perfect for cable management, framing systems, and assembly applications.<\/li>","product_chanpin_blog":"<ul>\r\r\n<li><a href=\"https:\/\/sinoextrud.com\/t-slot-v-slot-differences\/\" target=\"_blank\">t slot vs v slot<\/a><\/li>\r\r\n<li><a href=\"https:\/\/sinoextrud.com\/what-is-4040-aluminium-extrud\/\" target=\"_blank\">4040 aluminium extrusion<\/a><\/li>\r\r\n<li><a href=\"https:\/\/sinoextrud.com\/what-is-4040-aluminium-extrud\/\" target=\"_blank\">aluminum extrusions for industrial racks<\/a><\/li>\r\r\n<li><a href=\"https:\/\/sinoextrud.com\/powder-coating-aluminium-process\/\" target=\"_blank\">powder coating aluminium<\/a><\/li>\r\r\n<li><a href=\"https:\/\/sinoextrud.com\/what-is-an-aluminium-strip-ceiling\/\" target=\"_blank\">aluminium strip ceiling<\/a><\/li>\r\r\n<li><a href=\"https:\/\/sinoextrud.com\/what-is-a-heat-sink\/\" target=\"_blank\">what is a heat sink<\/a><\/li>\r\r\n<\/ul>","product_chanpin_chanpin":"<li><a href=\"https:\/\/sinoextrud.com\/product\/architectural-aluminium-profiles\/\" target=\"_blank\">Architectural Aluminium Profiles<\/a><\/li>\r\n<li><a href=\"https:\/\/sinoextrud.com\/product\/anodized-aluminum-handrail\/\" target=\"_blank\">Anodized Aluminum Handrail<\/a><\/li>\r\n<li><a href=\"https:\/\/sinoextrud.com\/product\/anodized-aluminum-railing-systems\/\" target=\"_blank\">Anodized Aluminum Railing Systems<\/a><\/li>\r\n<li><a href=\"https:\/\/sinoextrud.com\/product\/customize-extruded-aluminium-shower-profiles\/\" target=\"_blank\">Customize Extruded Aluminium Shower Profiles<\/a><\/li>\r\n<li><a href=\"https:\/\/sinoextrud.com\/product\/customize-extruded-aluminum-channel-profiles\/\" target=\"_blank\">Customize Extruded Aluminum Channel Profiles<\/a><\/li>\r\n<li><a href=\"https:\/\/sinoextrud.com\/product\/extruded-aluminum-enclosure-case\/\" target=\"_blank\">Extruded Aluminum Enclosure Case<\/a><\/li>\r\n<li><a href=\"https:\/\/sinoextrud.com\/product\/flat-aluminum-extrusions\/\" target=\"_blank\">Flat Aluminum Extrusions<\/a><\/li>\r\n<li><a href=\"https:\/\/sinoextrud.com\/product\/factory-offer-6061-aluminum-railing-profiles\/\" target=\"_blank\">Factory Offer 6061 Aluminum Railing Profiles<\/a><\/li>\r\n<li><a href=\"https:\/\/sinoextrud.com\/product\/coated-treatment-aluminium-extrusion\/\" target=\"_blank\">Coated Treatment Aluminium Extrusion<\/a><\/li>\r\n<li><a href=\"https:\/\/sinoextrud.com\/product\/3003-round-aluminum-tube-extrusion-in-stock\/\" target=\"_blank\">3003 Round Aluminum Tube Extrusion In Stock<\/a><\/li>\r\n<li><a href=\"https:\/\/sinoextrud.com\/product\/aluminum-panel-outlet-socket\/\" target=\"_blank\">Aluminum Panel Outlet Socket<\/a><\/li>"},"feature_list":[]},"_links":{"self":[{"href":"https:\/\/sinoextrud.com\/et\/wp-json\/wp\/v2\/product\/7450","targetHints":{"allow":["GET"]}}],"collection":[{"href":"https:\/\/sinoextrud.com\/et\/wp-json\/wp\/v2\/product"}],"about":[{"href":"https:\/\/sinoextrud.com\/et\/wp-json\/wp\/v2\/types\/product"}],"wp:featuredmedia":[{"embeddable":true,"href":"https:\/\/sinoextrud.com\/et\/wp-json\/wp\/v2\/media\/7449"}],"wp:attachment":[{"href":"https:\/\/sinoextrud.com\/et\/wp-json\/wp\/v2\/media?parent=7450"}],"wp:term":[{"taxonomy":"category","embeddable":true,"href":"https:\/\/sinoextrud.com\/et\/wp-json\/wp\/v2\/categories?post=7450"}],"curies":[{"name":"wp","href":"https:\/\/api.w.org\/{rel}","templated":true}]}}