{"id":7442,"date":"2025-06-07T07:25:57","date_gmt":"2025-06-07T07:25:57","guid":{"rendered":"https:\/\/sinoextrud.com\/product\/architectural-aluminium-profiles\/"},"modified":"2025-06-24T06:12:49","modified_gmt":"2025-06-24T06:12:49","slug":"arhitektuursed-alumiiniumprofiilid","status":"publish","type":"product","link":"https:\/\/sinoextrud.com\/et\/product\/architectural-aluminium-profiles\/","title":{"rendered":"Arhitektuursed alumiiniumprofiilid"},"content":{"rendered":"<h2>Toodete \u00fcksikasjad<\/h2>\n<table class=\"custom-table\">\n<tbody>\n<tr>\n<td> Mudel nr.:<\/td>\n<td> TL 800 (arhitektuursed alumiiniumprofiilid)<\/td>\n<\/tr>\n<tr>\n<td> Taotlus:<\/td>\n<td> alumiiniumakende osade nimetused<\/td>\n<\/tr>\n<tr>\n<td> Hinne:<\/td>\n<td> 6000 seeria<\/td>\n<\/tr>\n<tr>\n<td> Tehnika:<\/td>\n<td> Pressitud alumiiniumprofiilid ja tarvikud<\/td>\n<\/tr>\n<tr>\n<td> Temperament:<\/td>\n<td> T3 - T8<\/td>\n<\/tr>\n<tr>\n<td> Suurused:<\/td>\n<td> See v\u00f5ib olla kohandatud nagu ette n\u00e4htud disain<\/td>\n<\/tr>\n<tr>\n<td> T\u00f6\u00f6deldavad teenused:<\/td>\n<td> Puurimine, keermestamine, neetimine, montaa\u017e jne.<\/td>\n<\/tr>\n<tr>\n<td> Kaubam\u00e4rk:<\/td>\n<td> EI KOHALDATA.<\/td>\n<\/tr>\n<tr>\n<td> P\u00e4ritolu:<\/td>\n<td> Guangdong<\/td>\n<\/tr>\n<tr>\n<td> T\u00fc\u00fcp:<\/td>\n<td> Alumiinium profiilid armastaja jaoks<\/td>\n<\/tr>\n<tr>\n<td> Kuju:<\/td>\n<td> Valmistatud klientide j\u00e4rgi Disain<\/td>\n<\/tr>\n<tr>\n<td> Pinnat\u00f6\u00f6tlus:<\/td>\n<td> puidumass<\/td>\n<\/tr>\n<tr>\n<td> Sulam:<\/td>\n<td> Sulam<\/td>\n<\/tr>\n<tr>\n<td> Sertifitseerimine:<\/td>\n<td> ISO, RoHS<\/td>\n<\/tr>\n<tr>\n<td> Pikkus:<\/td>\n<td> See v\u00f5ib l\u00f5igata kui konkreetsed vajadused<\/td>\n<\/tr>\n<tr>\n<td> V\u00e4rvid:<\/td>\n<td> Valmistatud vastavalt etteantud v\u00e4rvinumbrile<\/td>\n<\/tr>\n<tr>\n<td> Spetsifikatsioon:<\/td>\n<td> SGS, Rohs, ISO<\/td>\n<\/tr>\n<tr>\n<td> HS-kood:<\/td>\n<td> 76042990<\/td>\n<\/tr>\n<\/tbody>\n<\/table>\n<h2>Meie tootmisbaas<\/h2>\n<h3>Tehase panoraam<\/h3>\n<p><img decoding=\"async\" src=\"\/wp-content\/uploads\/factory-01.webp\"\/><\/p>\n<h3>Alumiiniumvarraste tootmise t\u00f6\u00f6koda<\/h3>\n<p><img decoding=\"async\" src=\"\/wp-content\/uploads\/factory-02.webp\"\/><\/p>\n<p><img decoding=\"async\" src=\"\/wp-content\/uploads\/factory-03.webp\"\/><\/p>\n<h3>hallituse ladustamise ladu<\/h3>\n<p><img decoding=\"async\" src=\"\/wp-content\/uploads\/factory-04.webp\"\/><\/p>\n<h3>43 alumiiniumi ekstrusiooniliini (500-5500 tonni)<\/h3>\n<p><img decoding=\"async\" src=\"\/wp-content\/uploads\/factory-05.webp\"\/><\/p>\n<p><img decoding=\"async\" src=\"\/wp-content\/uploads\/factory-06.webp\"\/><\/p>\n<p><img decoding=\"async\" src=\"\/wp-content\/uploads\/factory-07.webp\"\/><\/p>\n<h3>Pulberv\u00e4rvimise t\u00f6\u00f6koda<\/h3>\n<p><img decoding=\"async\" src=\"\/wp-content\/uploads\/factory-09.webp\"\/><\/p>\n<h3>Anodiseerimise t\u00f6\u00f6koda<\/h3>\n<p><img decoding=\"async\" src=\"\/wp-content\/uploads\/factory-10.webp\"\/><\/p>\n<h3>S\u00fcgavt\u00f6\u00f6tlemise t\u00f6\u00f6tuba<\/h3>\n<p><img decoding=\"async\" src=\"\/wp-content\/uploads\/factory-11.webp\"\/><\/p>\n<h3>CNC-t\u00e4ppist\u00f6\u00f6tlemise t\u00f6\u00f6koda<\/h3>\n<p><img decoding=\"async\" src=\"\/wp-content\/uploads\/factory-11.5.webp\"\/><\/p>\n<h3>Valmistoodete ja ekspordi ladu<\/h3>\n<p><img decoding=\"async\" src=\"\/wp-content\/uploads\/factory-12.webp\"\/><\/p>\n<p><img decoding=\"async\" src=\"\/wp-content\/uploads\/factory-13.webp\"\/><\/p>\n<p><img decoding=\"async\" src=\"\/wp-content\/uploads\/factory-14.webp\"\/><\/p>\n<h2>KKK<\/h2>\n<p><p><b>1.Mis on arhitektuursed alumiiniumprofiilid? <\/b><\/p>\n<p> Arhitektuursed alumiiniumprofiilid on t\u00e4ppisekspressitud alumiiniumkomponendid, mis on m\u00f5eldud kasutamiseks hoonete fassaadides, kardinate, akende ja dekoratiivs\u00fcsteemides.<br \/>\n<\/p><br \/>\n<br \/>\n<p><b>2.Miks kasutada alumiiniumi arhitektuurses disainis? <\/b><\/p>\n<p> Alumiinium on kerge, tugev, korrosioonikindel ja toetab erinevaid viimistlusviise, mist\u00f5ttu sobib see ideaalselt kaasaegseteks arhitektuurirakendusteks.<br \/>\n<\/p><br \/>\n<br \/>\n<p><b>3.Kas profiile saab kohandada? <\/b><\/p>\n<p> Jah, arhitektuurse alumiiniumprofiili kuju, suurust, pinna viimistlust ja paksust saab kohandada vastavalt projektip\u00f5hisele disainile ja struktuurilistele n\u00f5uetele.<br \/>\n<\/p><br \/>\n<br \/>\n<p><b>4.Millised pinnaviimistlused on saadaval? <\/b><\/p>\n<p> Valikud h\u00f5lmavad anodeerimist, pulberv\u00e4rvimist, PVDF-i ja puidumassi, et vastata nii funktsionaalsetele kui ka esteetilistele eesm\u00e4rkidele.<br \/>\n<\/p><br \/>\n<br \/>\n<p><b>5.Kas alumiiniumprofiilid on ilmastikukindlad? <\/b><\/p>\n<p> Kindlasti on korraliku pinnat\u00f6\u00f6tlusega alumiiniumprofiilid v\u00e4ga vastupidavad UV-kiirgusele, niiskusele ja reostusele ning sobivad k\u00f5ikidesse kliimatingimustesse.<br \/>\n<\/p><br \/>\n<br \/>\n<p><b>6.Kas alumiinium on keskkonnas\u00f5bralik? <\/b><\/p>\n<p> Jah, alumiinium on 100% ringlussev\u00f5etav ja aitab kaasa rohelise hoone sertifikaatide, nagu LEED ja BREEAM, saavutamisele.<br \/>\n<\/p><br \/>\n<br \/>\n<p><b>7.Kuidas need profiilid paigaldatakse? <\/b><\/p>\n<p> Arhitektuursed alumiiniumprofiilid sobivad erinevate raamis\u00fcsteemidega ja neid saab h\u00f5lpsasti paigaldada, kasutades klambreid, klambreid v\u00f5i varjatud kinnitusvahendeid.<br \/>\n<\/p><br \/>\n<br \/>\n<p><b>8.Millised on arhitektuursete alumiiniumprofiilide t\u00fc\u00fcpilised rakendused? <\/b><\/p>\n<p> Levinud kasutusalad on fassaadide katmine, aknaraamid, piirded, ribad, p\u00e4ikesevarjud ja vahes\u00fcsteemid \u00e4ri- ja eluhoonetes.<br \/>\n<\/p><br \/><\/p>","protected":false},"featured_media":7441,"template":"","categories":[67],"class_list":["post-7442","product","type-product","status-publish","has-post-thumbnail","hentry","category-architectural-aluminium-profile"],"meta_box":{"hilight_text_group":{"product_hilight_text":"<li>High-strength aluminum provides structural stability for architectural applications.<\/li>\r\r\n<li>Corrosion-resistant finishes ensure long-lasting performance in outdoor environments.<\/li>\r\r\n<li>Customizable profiles to fit modern and complex architectural designs.<\/li>\r\r\n<li>Lightweight material reduces construction load and simplifies installation.<\/li>\r\r\n<li>Supports anodizing, powder coating, and wood grain finishes for aesthetic flexibility.<\/li>\r\r\n<li>Suitable for facades, curtain walls, partitions, windows, and decorative systems.<\/li>","product_chanpin_blog":"<ul>\r\r\n<li><a href=\"https:\/\/sinoextrud.com\/t-slot-v-slot-differences\/\" target=\"_blank\">t slot vs v slot<\/a><\/li>\r\r\n<li><a href=\"https:\/\/sinoextrud.com\/what-is-4040-aluminium-extrud\/\" target=\"_blank\">4040 aluminium extrusion<\/a><\/li>\r\r\n<li><a href=\"https:\/\/sinoextrud.com\/what-is-4040-aluminium-extrud\/\" target=\"_blank\">aluminum extrusions for industrial racks<\/a><\/li>\r\r\n<li><a href=\"https:\/\/sinoextrud.com\/powder-coating-aluminium-process\/\" target=\"_blank\">powder coating aluminium<\/a><\/li>\r\r\n<li><a href=\"https:\/\/sinoextrud.com\/what-is-an-aluminium-strip-ceiling\/\" target=\"_blank\">aluminium strip ceiling<\/a><\/li>\r\r\n<li><a href=\"https:\/\/sinoextrud.com\/what-is-a-heat-sink\/\" target=\"_blank\">what is a heat sink<\/a><\/li>\r\r\n<\/ul>","product_chanpin_chanpin":"<li><a href=\"https:\/\/sinoextrud.com\/product\/customized-aluminum-alloy-housing-grow-light\/\" target=\"_blank\">Customized Aluminum Alloy Housing Grow Light<\/a><\/li>\r\n<li><a href=\"https:\/\/sinoextrud.com\/product\/extruded-aluminum-interlocking-plank-floor\/\" target=\"_blank\">Extruded Aluminum Interlocking Plank Floor<\/a><\/li>\r\n<li><a href=\"https:\/\/sinoextrud.com\/product\/anodized-brushed-black-extruded-frame-profile\/\" target=\"_blank\">Anodized Brushed Black Extruded Frame Profile<\/a><\/li>\r\n<li><a href=\"https:\/\/sinoextrud.com\/product\/precision-cnc-machining-industrial-profile\/\" target=\"_blank\">Precision CNC Machining Industrial Profile<\/a><\/li>\r\n<li><a href=\"https:\/\/sinoextrud.com\/product\/architectural-aluminium-profiles\/\" target=\"_blank\">Architectural Aluminium Profiles<\/a><\/li>\r\n<li><a href=\"https:\/\/sinoextrud.com\/product\/anodized-aluminum-handrail\/\" target=\"_blank\">Anodized Aluminum Handrail<\/a><\/li>\r\n<li><a href=\"https:\/\/sinoextrud.com\/product\/anodized-aluminum-railing-systems\/\" target=\"_blank\">Anodized Aluminum Railing Systems<\/a><\/li>\r\n<li><a href=\"https:\/\/sinoextrud.com\/product\/customize-extruded-aluminium-shower-profiles\/\" target=\"_blank\">Customize Extruded Aluminium Shower Profiles<\/a><\/li>\r\n<li><a href=\"https:\/\/sinoextrud.com\/product\/customize-extruded-aluminum-channel-profiles\/\" target=\"_blank\">Customize Extruded Aluminum Channel Profiles<\/a><\/li>\r\n<li><a href=\"https:\/\/sinoextrud.com\/product\/extruded-aluminum-bar\/\" target=\"_blank\">Extruded Aluminum Bar<\/a><\/li>\r\n<li><a href=\"https:\/\/sinoextrud.com\/product\/g-shaped-linear-ceiling-system\/\" target=\"_blank\">G-Shaped Linear Ceiling System<\/a><\/li>"},"feature_list":[]},"_links":{"self":[{"href":"https:\/\/sinoextrud.com\/et\/wp-json\/wp\/v2\/product\/7442","targetHints":{"allow":["GET"]}}],"collection":[{"href":"https:\/\/sinoextrud.com\/et\/wp-json\/wp\/v2\/product"}],"about":[{"href":"https:\/\/sinoextrud.com\/et\/wp-json\/wp\/v2\/types\/product"}],"wp:featuredmedia":[{"embeddable":true,"href":"https:\/\/sinoextrud.com\/et\/wp-json\/wp\/v2\/media\/7441"}],"wp:attachment":[{"href":"https:\/\/sinoextrud.com\/et\/wp-json\/wp\/v2\/media?parent=7442"}],"wp:term":[{"taxonomy":"category","embeddable":true,"href":"https:\/\/sinoextrud.com\/et\/wp-json\/wp\/v2\/categories?post=7442"}],"curies":[{"name":"wp","href":"https:\/\/api.w.org\/{rel}","templated":true}]}}