{"id":7438,"date":"2025-06-07T07:23:25","date_gmt":"2025-06-07T07:23:25","guid":{"rendered":"https:\/\/sinoextrud.com\/product\/anodized-brushed-black-extruded-frame-profile\/"},"modified":"2025-06-24T06:12:49","modified_gmt":"2025-06-24T06:12:49","slug":"anodeeritud-mustaks-harjatud-pressitud-raamiprofiil","status":"publish","type":"product","link":"https:\/\/sinoextrud.com\/et\/product\/anodized-brushed-black-extruded-frame-profile\/","title":{"rendered":"Anodeeritud harjatud must ekstrudeeritud raamiprofiil"},"content":{"rendered":"<h2>Toodete \u00fcksikasjad<\/h2>\n<table class=\"custom-table\">\n<tbody>\n<tr>\n<td> Hinne:<\/td>\n<td> 6063 -t5<\/td>\n<\/tr>\n<tr>\n<td> Tehnika:<\/td>\n<td> Anodeeritud harjatud must ekstrudeeritud raamiprofiil<\/td>\n<\/tr>\n<tr>\n<td> Temperament:<\/td>\n<td> T3 - T8<\/td>\n<\/tr>\n<tr>\n<td> T\u00f6\u00f6deldavad teenused:<\/td>\n<td> Puurimine, keermestamine, neetimine, montaa\u017e jne.<\/td>\n<\/tr>\n<tr>\n<td> Kaubam\u00e4rk:<\/td>\n<td> Sinoextrud Sinoextrud Sinoextrud <\/td>\n<\/tr>\n<tr>\n<td> T\u00fc\u00fcp:<\/td>\n<td> Anodeeritud harjatud must ekstrudeeritud raamiprofiil<\/td>\n<\/tr>\n<tr>\n<td> Kuju:<\/td>\n<td> Valmistatud klientide j\u00e4rgi Disain<\/td>\n<\/tr>\n<tr>\n<td> Pinnat\u00f6\u00f6tlus:<\/td>\n<td> Mill Finish Anodeeritud harjatud<\/td>\n<\/tr>\n<tr>\n<td> Pikkus:<\/td>\n<td> 1m kuni 9m pikkuse kohta<\/td>\n<\/tr>\n<tr>\n<td> V\u00e4rvid:<\/td>\n<td> H\u00f5bedane must<\/td>\n<\/tr>\n<tr>\n<td> HS-kood:<\/td>\n<td> 76042990<\/td>\n<\/tr>\n<\/tbody>\n<\/table>\n<h2>Meie tootmisbaas<\/h2>\n<h3>Tehase panoraam<\/h3>\n<p><img decoding=\"async\" src=\"\/wp-content\/uploads\/factory-01.webp\"\/><\/p>\n<h3>Alumiiniumvarraste tootmise t\u00f6\u00f6koda<\/h3>\n<p><img decoding=\"async\" src=\"\/wp-content\/uploads\/factory-02.webp\"\/><\/p>\n<p><img decoding=\"async\" src=\"\/wp-content\/uploads\/factory-03.webp\"\/><\/p>\n<h3>hallituse ladustamise ladu<\/h3>\n<p><img decoding=\"async\" src=\"\/wp-content\/uploads\/factory-04.webp\"\/><\/p>\n<h3>43 alumiiniumi ekstrusiooniliini (500-5500 tonni)<\/h3>\n<p><img decoding=\"async\" src=\"\/wp-content\/uploads\/factory-05.webp\"\/><\/p>\n<p><img decoding=\"async\" src=\"\/wp-content\/uploads\/factory-06.webp\"\/><\/p>\n<p><img decoding=\"async\" src=\"\/wp-content\/uploads\/factory-07.webp\"\/><\/p>\n<h3>Pulberv\u00e4rvimise t\u00f6\u00f6koda<\/h3>\n<p><img decoding=\"async\" src=\"\/wp-content\/uploads\/factory-09.webp\"\/><\/p>\n<h3>Anodiseerimise t\u00f6\u00f6koda<\/h3>\n<p><img decoding=\"async\" src=\"\/wp-content\/uploads\/factory-10.webp\"\/><\/p>\n<h3>S\u00fcgavt\u00f6\u00f6tlemise t\u00f6\u00f6tuba<\/h3>\n<p><img decoding=\"async\" src=\"\/wp-content\/uploads\/factory-11.webp\"\/><\/p>\n<h3>CNC-t\u00e4ppist\u00f6\u00f6tlemise t\u00f6\u00f6koda<\/h3>\n<p><img decoding=\"async\" src=\"\/wp-content\/uploads\/factory-11.5.webp\"\/><\/p>\n<h3>Valmistoodete ja ekspordi ladu<\/h3>\n<p><img decoding=\"async\" src=\"\/wp-content\/uploads\/factory-12.webp\"\/><\/p>\n<p><img decoding=\"async\" src=\"\/wp-content\/uploads\/factory-13.webp\"\/><\/p>\n<p><img decoding=\"async\" src=\"\/wp-content\/uploads\/factory-14.webp\"\/><\/p>\n<h2>KKK<\/h2>\n<p><p><b>1.Mis on anodeeritud harjatud must ekstrudeeritud raamiprofiil? <\/b><\/p>\n<p> See on alumiiniumraamiprofiil, mille mustaks harjatud anodeeritud viimistlus on m\u00f5eldud struktuuriliseks ja dekoratiivseks kasutamiseks arhitektuuri- ja t\u00f6\u00f6stusrakendustes.<br \/>\n<\/p><br \/>\n<br \/>\n<p><b>2.Miks valida harjatud must anodeeritud viimistlus? <\/b><\/p>\n<p> Harjatud must anodeeritud viimistlus pakub moodsat, elegantset v\u00e4limust, pakkudes samal ajal suurep\u00e4rast korrosioonikindlust ja pinna k\u00f5vadust.<br \/>\n<\/p><br \/>\n<br \/>\n<p><b>3.Kas see raamiprofiil sobib v\u00e4litingimustesse? <\/b><\/p>\n<p> Jah, anodeeritud kate kaitseb alumiiniumi UV-kiirguse, niiskuse ja korrosiooni eest, mist\u00f5ttu sobib see ideaalselt v\u00e4litingimustes kasutamiseks.<br \/>\n<\/p><br \/>\n<br \/>\n<p><b>4.Kas profiili saab kohandada konkreetsete projektide jaoks? <\/b><\/p>\n<p> Absoluutselt, anodeeritud harjatud musta ekstrudeeritud raamiprofiili saab kohandada pikkuse, kuju ja pilumustri j\u00e4rgi, et see vastaks projekti unikaalsetele n\u00f5uetele.<br \/>\n<\/p><br \/>\n<br \/>\n<p><b>5.Millised rakendused sobivad ideaalselt selle raamiprofiili jaoks? <\/b><\/p>\n<p> Seda kasutatakse tavaliselt arhitektuurses raami, m\u00f6\u00f6bli, elektroonikakappide, jaem\u00fc\u00fcgiekraanide ja puhasruumide s\u00fcsteemides.<br \/>\n<\/p><br \/>\n<br \/>\n<p><b>6.Kuidas parandab anodeerimine vastupidavust? <\/b><\/p>\n<p> Anodeerimine loob alumiiniumpinnale karastatud oksiidikihi, mis parandab kulumiskindlust ja s\u00e4ilitab v\u00e4rvi aja jooksul.<br \/>\n<\/p><br \/>\n<br \/>\n<p><b>7.Kas alumiiniumprofiil on kerge ja lihtne paigaldada? <\/b><\/p>\n<p> Jah, selle v\u00e4ike kaal ja modulaarne konstruktsioon muudavad selle transportimise, k\u00e4sitsemise ja kokkupaneku lihtsaks minimaalsete t\u00f6\u00f6riistadega.<br \/>\n<\/p><br \/>\n<br \/>\n<p><b>8.Kas profiil s\u00e4ilitab oma v\u00e4limuse aja jooksul? <\/b><\/p>\n<p> Jah, anodeeritud harjatud viimistlus on vastupidav tuhmumisele, kriimustustele ja plekkidele, tagades pikaajalise visuaalse atraktiivsuse.<br \/>\n<\/p><br \/><\/p>","protected":false},"featured_media":7437,"template":"","categories":[67],"class_list":["post-7438","product","type-product","status-publish","has-post-thumbnail","hentry","category-architectural-aluminium-profile"],"meta_box":{"hilight_text_group":{"product_hilight_text":"<li>Elegant brushed black anodized finish enhances premium product aesthetics.<\/li>\r\r\n<li>Corrosion-resistant surface ideal for indoor and outdoor applications.<\/li>\r\r\n<li>High-strength extruded aluminum ensures structural stability and durability.<\/li>\r\r\n<li>Lightweight profile design simplifies transport and installation.<\/li>\r\r\n<li>Customizable in dimensions and slot configurations for versatile use.<\/li>\r\r\n<li>Suitable for architectural framing, displays, enclosures, and more.<\/li>","product_chanpin_blog":"<ul>\r\r\n<li><a href=\"https:\/\/sinoextrud.com\/t-slot-v-slot-differences\/\" target=\"_blank\">t slot vs v slot<\/a><\/li>\r\r\n<li><a href=\"https:\/\/sinoextrud.com\/what-is-4040-aluminium-extrud\/\" target=\"_blank\">4040 aluminium extrusion<\/a><\/li>\r\r\n<li><a href=\"https:\/\/sinoextrud.com\/what-is-4040-aluminium-extrud\/\" target=\"_blank\">aluminum extrusions for industrial racks<\/a><\/li>\r\r\n<li><a href=\"https:\/\/sinoextrud.com\/powder-coating-aluminium-process\/\" target=\"_blank\">powder coating aluminium<\/a><\/li>\r\r\n<li><a href=\"https:\/\/sinoextrud.com\/what-is-an-aluminium-strip-ceiling\/\" target=\"_blank\">aluminium strip ceiling<\/a><\/li>\r\r\n<li><a href=\"https:\/\/sinoextrud.com\/what-is-a-heat-sink\/\" target=\"_blank\">what is a heat sink<\/a><\/li>\r\r\n<\/ul>","product_chanpin_chanpin":"<li><a href=\"https:\/\/sinoextrud.com\/product\/l-aluminum-profile-for-glass-railing\/\" target=\"_blank\">L Aluminum Profile For Glass Railing<\/a><\/li>\r\n<li><a href=\"https:\/\/sinoextrud.com\/product\/bright-anodize-brushed-black-window-profile\/\" target=\"_blank\">Bright Anodize Brushed Black Window Profile<\/a><\/li>\r\n<li><a href=\"https:\/\/sinoextrud.com\/product\/customized-aluminum-alloy-housing-grow-light\/\" target=\"_blank\">Customized Aluminum Alloy Housing Grow Light<\/a><\/li>\r\n<li><a href=\"https:\/\/sinoextrud.com\/product\/extruded-aluminum-interlocking-plank-floor\/\" target=\"_blank\">Extruded Aluminum Interlocking Plank Floor<\/a><\/li>\r\n<li><a href=\"https:\/\/sinoextrud.com\/product\/anodized-brushed-black-extruded-frame-profile\/\" target=\"_blank\">Anodized Brushed Black Extruded Frame Profile<\/a><\/li>\r\n<li><a href=\"https:\/\/sinoextrud.com\/product\/precision-cnc-machining-industrial-profile\/\" target=\"_blank\">Precision CNC Machining Industrial Profile<\/a><\/li>\r\n<li><a href=\"https:\/\/sinoextrud.com\/product\/architectural-aluminium-profiles\/\" target=\"_blank\">Architectural Aluminium Profiles<\/a><\/li>\r\n<li><a href=\"https:\/\/sinoextrud.com\/product\/anodized-aluminum-handrail\/\" target=\"_blank\">Anodized Aluminum Handrail<\/a><\/li>\r\n<li><a href=\"https:\/\/sinoextrud.com\/product\/anodized-aluminum-railing-systems\/\" target=\"_blank\">Anodized Aluminum Railing Systems<\/a><\/li>\r\n<li><a href=\"https:\/\/sinoextrud.com\/product\/customize-extruded-aluminum-channel-profiles\/\" target=\"_blank\">Customize Extruded Aluminum Channel Profiles<\/a><\/li>\r\n<li><a href=\"https:\/\/sinoextrud.com\/product\/aluminum-window-blinds-profiles\/\" target=\"_blank\">Aluminum Window Blinds Profiles<\/a><\/li>"},"feature_list":[]},"_links":{"self":[{"href":"https:\/\/sinoextrud.com\/et\/wp-json\/wp\/v2\/product\/7438","targetHints":{"allow":["GET"]}}],"collection":[{"href":"https:\/\/sinoextrud.com\/et\/wp-json\/wp\/v2\/product"}],"about":[{"href":"https:\/\/sinoextrud.com\/et\/wp-json\/wp\/v2\/types\/product"}],"wp:featuredmedia":[{"embeddable":true,"href":"https:\/\/sinoextrud.com\/et\/wp-json\/wp\/v2\/media\/7437"}],"wp:attachment":[{"href":"https:\/\/sinoextrud.com\/et\/wp-json\/wp\/v2\/media?parent=7438"}],"wp:term":[{"taxonomy":"category","embeddable":true,"href":"https:\/\/sinoextrud.com\/et\/wp-json\/wp\/v2\/categories?post=7438"}],"curies":[{"name":"wp","href":"https:\/\/api.w.org\/{rel}","templated":true}]}}