{"id":7424,"date":"2025-06-07T07:07:21","date_gmt":"2025-06-07T07:07:21","guid":{"rendered":"https:\/\/sinoextrud.com\/product\/shutter-aluminum-profile-for-window-louver-frame\/"},"modified":"2025-06-24T06:12:47","modified_gmt":"2025-06-24T06:12:47","slug":"aknaraami-alumiiniumprofiil-aknaraami-jaoks","status":"publish","type":"product","link":"https:\/\/sinoextrud.com\/et\/product\/shutter-aluminum-profile-for-window-louver-frame\/","title":{"rendered":"Shutter alumiiniumprofiil aknaraami jaoks"},"content":{"rendered":"<h2>Toodete \u00fcksikasjad<\/h2>\n<table class=\"custom-table\">\n<tr>\n<td class=\"label\">Pealkiri<\/td>\n<td>Shutter alumiiniumprofiil aknaraami jaoks<\/td>\n<\/tr>\n<\/table>\n<h2>Meie tootmisbaas<\/h2>\n<h3>Tehase panoraam<\/h3>\n<p><img decoding=\"async\" src=\"\/wp-content\/uploads\/factory-01.webp\"\/><\/p>\n<h3>Alumiiniumvarraste tootmise t\u00f6\u00f6koda<\/h3>\n<p><img decoding=\"async\" src=\"\/wp-content\/uploads\/factory-02.webp\"\/><\/p>\n<p><img decoding=\"async\" src=\"\/wp-content\/uploads\/factory-03.webp\"\/><\/p>\n<h3>hallituse ladustamise ladu<\/h3>\n<p><img decoding=\"async\" src=\"\/wp-content\/uploads\/factory-04.webp\"\/><\/p>\n<h3>43 alumiiniumi ekstrusiooniliini (500-5500 tonni)<\/h3>\n<p><img decoding=\"async\" src=\"\/wp-content\/uploads\/factory-05.webp\"\/><\/p>\n<p><img decoding=\"async\" src=\"\/wp-content\/uploads\/factory-06.webp\"\/><\/p>\n<p><img decoding=\"async\" src=\"\/wp-content\/uploads\/factory-07.webp\"\/><\/p>\n<h3>Pulberv\u00e4rvimise t\u00f6\u00f6koda<\/h3>\n<p><img decoding=\"async\" src=\"\/wp-content\/uploads\/factory-09.webp\"\/><\/p>\n<h3>Anodiseerimise t\u00f6\u00f6koda<\/h3>\n<p><img decoding=\"async\" src=\"\/wp-content\/uploads\/factory-10.webp\"\/><\/p>\n<h3>S\u00fcgavt\u00f6\u00f6tlemise t\u00f6\u00f6tuba<\/h3>\n<p><img decoding=\"async\" src=\"\/wp-content\/uploads\/factory-11.webp\"\/><\/p>\n<h3>CNC-t\u00e4ppist\u00f6\u00f6tlemise t\u00f6\u00f6koda<\/h3>\n<p><img decoding=\"async\" src=\"\/wp-content\/uploads\/factory-11.5.webp\"\/><\/p>\n<h3>Valmistoodete ja ekspordi ladu<\/h3>\n<p><img decoding=\"async\" src=\"\/wp-content\/uploads\/factory-12.webp\"\/><\/p>\n<p><img decoding=\"async\" src=\"\/wp-content\/uploads\/factory-13.webp\"\/><\/p>\n<p><img decoding=\"async\" src=\"\/wp-content\/uploads\/factory-14.webp\"\/><\/p>\n<h2>KKK<\/h2>\n<p><p><b>1.What on Shutter alumiiniumprofiil aknaraami jaoks?<\/b><\/p>\n<p>See on alumiiniumprofiil, mis on m\u00f5eldud aknaluukide raami moodustamiseks, millel on ventilatsiooni ja privaatsuse tagamiseks lamellid.<br \/>\n<\/p><br \/>\n<br \/>\n<p><b>2.Millised on alumiiniumi kasutamise eelised aknaraamide jaoks?<\/b><\/p>\n<p>Alumiinium on kerge, tugev, korrosioonikindel ja v\u00e4he hooldatav, mist\u00f5ttu sobib see ideaalselt nii sise- kui ka v\u00e4lisakende raamideks.<br \/>\n<\/p><br \/>\n<br \/>\n<p><b>3.Kas see profiil \u00fchildub reguleeritavate lamellidega?<\/b><\/p>\n<p>Jah, konstruktsioon toetab nii fikseeritud kui ka reguleeritavaid lamellide s\u00fcsteeme, mis v\u00f5imaldavad paindlikku \u00f5huvoolu ja valguse reguleerimist.<br \/>\n<\/p><br \/>\n<br \/>\n<p><b>4.Kas profiili saab kasutada rannikualadel v\u00f5i niiskes keskkonnas?<\/b><\/p>\n<p>Jah, anodeeritud v\u00f5i pulberv\u00e4rvitud viimistlus tagab suurep\u00e4rase korrosioonikindluse isegi karmides ilmastikutingimustes.<br \/>\n<\/p><br \/>\n<br \/>\n<p><b>5.Millised kohandamisv\u00f5imalused on saadaval?<\/b><\/p>\n<p>Pakume kohandatud pikkusi, v\u00e4rve, teranurki ja pinnat\u00f6\u00f6tlust, mis sobivad teie projekti disainin\u00f5uetega.<br \/>\n<\/p><br \/>\n<br \/>\n<p><b>6.Kas alumiiniumist katteprofiile on lihtne paigaldada?<\/b><\/p>\n<p>Jah, profiilid on m\u00f5eldud lihtsaks paigaldamiseks, kasutades standardseid klambreid ja kinnitusvahendeid.<br \/>\n<\/p><br \/>\n<br \/>\n<p><b>7.Kus kasutatakse tavaliselt aknaluugiga alumiiniumprofiile?<\/b><\/p>\n<p>Neid kasutatakse laialdaselt elamutes, kontorihoonetes, koolides ja t\u00f6\u00f6stusrajatistes ventilatsiooni ja varjutuse tagamiseks.<br \/>\n<\/p><br \/>\n<br \/>\n<p><b>8.Kuidas alumiiniumist ribid parandavad hoone t\u00f5husust?<\/b><\/p>\n<p>Need reguleerivad \u00f5huvoolu ja p\u00e4ikesevalgust, suurendades soojusmugavust ja v\u00e4hendades samal ajal s\u00f5ltuvust HVAC-s\u00fcsteemidest.<br \/>\n<\/p><br \/><\/p>","protected":false},"featured_media":7423,"template":"","categories":[67],"class_list":["post-7424","product","type-product","status-publish","has-post-thumbnail","hentry","category-architectural-aluminium-profile"],"meta_box":{"hilight_text_group":{"product_hilight_text":"<li>High-quality aluminum profile provides structural integrity and longevity<\/li>\r\r\n<li>Corrosion-resistant surface ideal for exterior window applications<\/li>\r\r\n<li>Lightweight design ensures easy installation and reduced frame load<\/li>\r\r\n<li>Customizable dimensions and finishes to match architectural styles<\/li>\r\r\n<li>Compatible with fixed or adjustable louver blades for ventilation control<\/li>\r\r\n<li>Low maintenance and weather-resistant for long-term performance<\/li>\r\r\n<li>Suitable for residential, commercial, and industrial building windows<\/li>","product_chanpin_blog":"<ul>\r\r\n<li><a href=\"https:\/\/sinoextrud.com\/t-slot-v-slot-differences\/\" target=\"_blank\">t slot vs v slot<\/a><\/li>\r\r\n<li><a href=\"https:\/\/sinoextrud.com\/what-is-4040-aluminium-extrud\/\" target=\"_blank\">4040 aluminium extrusion<\/a><\/li>\r\r\n<li><a href=\"https:\/\/sinoextrud.com\/what-is-4040-aluminium-extrud\/\" target=\"_blank\">aluminum extrusions for industrial racks<\/a><\/li>\r\r\n<li><a href=\"https:\/\/sinoextrud.com\/powder-coating-aluminium-process\/\" target=\"_blank\">powder coating aluminium<\/a><\/li>\r\r\n<li><a href=\"https:\/\/sinoextrud.com\/what-is-an-aluminium-strip-ceiling\/\" target=\"_blank\">aluminium strip ceiling<\/a><\/li>\r\r\n<li><a href=\"https:\/\/sinoextrud.com\/what-is-a-heat-sink\/\" target=\"_blank\">what is a heat sink<\/a><\/li>\r\r\n<\/ul>","product_chanpin_chanpin":"<li><a href=\"https:\/\/sinoextrud.com\/product\/aluminum-tube-profile-processing-with-6060-material\/\" target=\"_blank\">Aluminum Tube Profile Processing with 6060 material<\/a><\/li>\r\n<li><a href=\"https:\/\/sinoextrud.com\/product\/shining-polishing-aluminum-profile-anodizing-silver\/\" target=\"_blank\">Shining Polishing Aluminum Profile Anodizing Silver<\/a><\/li>\r\n<li><a href=\"https:\/\/sinoextrud.com\/product\/cabinet-furniture-aluminium-extrusions-aluminum-handle-profile-for-kitchen-cabinet-horizontal-g-handle-system\/\" target=\"_blank\">Cabinet Furniture Aluminium Extrusions Aluminum Handle Profile For Kitchen Cabinet Horizontal G Handle System<\/a><\/li>\r\n<li><a href=\"https:\/\/sinoextrud.com\/product\/sound-proof-aluminum-glass-casement-windows-sliding-windows-and-doors-aluminum-profile-for-buildings-louver-system\/\" target=\"_blank\">Sound-proof Aluminum Glass Casement Windows Sliding Windows And Doors Aluminum Profile For Buildings Louver System<\/a><\/li>\r\n<li><a href=\"https:\/\/sinoextrud.com\/product\/shutter-aluminum-profile-for-window-louver-frame\/\" target=\"_blank\">Shutter Aluminum Profile For Window Louver Frame<\/a><\/li>\r\n<li><a href=\"https:\/\/sinoextrud.com\/product\/extrusion-aluminum-shutter-profile-free-mould\/\" target=\"_blank\">Extrusion Aluminum Shutter Profile Free Mould<\/a><\/li>\r\n<li><a href=\"https:\/\/sinoextrud.com\/product\/pvdf-aluminum-extrusion-curtain-wall-profile\/\" target=\"_blank\">PVDF Aluminum Extrusion Curtain Wall Profile<\/a><\/li>\r\n<li><a href=\"https:\/\/sinoextrud.com\/product\/l-aluminum-profile-for-glass-railing\/\" target=\"_blank\">L Aluminum Profile For Glass Railing<\/a><\/li>\r\n<li><a href=\"https:\/\/sinoextrud.com\/product\/bright-anodize-brushed-black-window-profile\/\" target=\"_blank\">Bright Anodize Brushed Black Window Profile<\/a><\/li>\r\n<li><a href=\"https:\/\/sinoextrud.com\/product\/standard-aluminium-extrusion-profiles-windows-and-doors\/\" target=\"_blank\">Standard Aluminium Extrusion Profiles Windows And Doors<\/a><\/li>\r\n<li><a href=\"https:\/\/sinoextrud.com\/product\/customized-new-energy-conservation-anodized-aluminum-profile-frame-for-solar-panel-frame\/\" target=\"_blank\">Customized New Energy Conservation Anodized Aluminum Profile Frame For Solar Panel Frame<\/a><\/li>"},"feature_list":[]},"_links":{"self":[{"href":"https:\/\/sinoextrud.com\/et\/wp-json\/wp\/v2\/product\/7424","targetHints":{"allow":["GET"]}}],"collection":[{"href":"https:\/\/sinoextrud.com\/et\/wp-json\/wp\/v2\/product"}],"about":[{"href":"https:\/\/sinoextrud.com\/et\/wp-json\/wp\/v2\/types\/product"}],"wp:featuredmedia":[{"embeddable":true,"href":"https:\/\/sinoextrud.com\/et\/wp-json\/wp\/v2\/media\/7423"}],"wp:attachment":[{"href":"https:\/\/sinoextrud.com\/et\/wp-json\/wp\/v2\/media?parent=7424"}],"wp:term":[{"taxonomy":"category","embeddable":true,"href":"https:\/\/sinoextrud.com\/et\/wp-json\/wp\/v2\/categories?post=7424"}],"curies":[{"name":"wp","href":"https:\/\/api.w.org\/{rel}","templated":true}]}}