{"id":7398,"date":"2025-06-07T06:38:21","date_gmt":"2025-06-07T06:38:21","guid":{"rendered":"https:\/\/sinoextrud.com\/product\/greenhouse-aluminum-extrusions-blade-window\/"},"modified":"2025-06-24T06:12:43","modified_gmt":"2025-06-24T06:12:43","slug":"kasvuhoone-alumiiniumprofiilide-tera-aken","status":"publish","type":"product","link":"https:\/\/sinoextrud.com\/et\/product\/greenhouse-aluminum-extrusions-blade-window\/","title":{"rendered":"Kasvuhoone alumiiniumist ekstrusioonid Blade Window"},"content":{"rendered":"<h2>Toodete \u00fcksikasjad<\/h2>\n<table class=\"custom-table\">\n<tbody>\n<tr>\n<td> Hinne:<\/td>\n<td> 6063 -t5<\/td>\n<\/tr>\n<tr>\n<td> Tehnika:<\/td>\n<td> Kasvuhoone alumiiniumist ekstrusioonid Blade Window<\/td>\n<\/tr>\n<tr>\n<td> Temperament:<\/td>\n<td> T3 - T8<\/td>\n<\/tr>\n<tr>\n<td> T\u00f6\u00f6deldavad teenused:<\/td>\n<td> Puurimine, keermestamine, neetimine, montaa\u017e jne.<\/td>\n<\/tr>\n<tr>\n<td> Kaubam\u00e4rk:<\/td>\n<td> Sinoextrud Sinoextrud Sinoextrud <\/td>\n<\/tr>\n<tr>\n<td> T\u00fc\u00fcp:<\/td>\n<td> Kasvuhoone alumiiniumist ekstrusioonid Blade Window<\/td>\n<\/tr>\n<tr>\n<td> Kuju:<\/td>\n<td> Valmistatud klientide j\u00e4rgi Disain<\/td>\n<\/tr>\n<tr>\n<td> Pinnat\u00f6\u00f6tlus:<\/td>\n<td> Mill Finish Anodeeritud harjatud<\/td>\n<\/tr>\n<tr>\n<td> Pikkus:<\/td>\n<td> 1m kuni 9m pikkuse kohta<\/td>\n<\/tr>\n<tr>\n<td> V\u00e4rvid:<\/td>\n<td> H\u00f5bedane must<\/td>\n<\/tr>\n<tr>\n<td> HS-kood:<\/td>\n<td> 76042990<\/td>\n<\/tr>\n<\/tbody>\n<\/table>\n<h2>Meie tootmisbaas<\/h2>\n<h3>Tehase panoraam<\/h3>\n<p><img decoding=\"async\" src=\"\/wp-content\/uploads\/factory-01.webp\"\/><\/p>\n<h3>Alumiiniumvarraste tootmise t\u00f6\u00f6koda<\/h3>\n<p><img decoding=\"async\" src=\"\/wp-content\/uploads\/factory-02.webp\"\/><\/p>\n<p><img decoding=\"async\" src=\"\/wp-content\/uploads\/factory-03.webp\"\/><\/p>\n<h3>hallituse ladustamise ladu<\/h3>\n<p><img decoding=\"async\" src=\"\/wp-content\/uploads\/factory-04.webp\"\/><\/p>\n<h3>43 alumiiniumi ekstrusiooniliini (500-5500 tonni)<\/h3>\n<p><img decoding=\"async\" src=\"\/wp-content\/uploads\/factory-05.webp\"\/><\/p>\n<p><img decoding=\"async\" src=\"\/wp-content\/uploads\/factory-06.webp\"\/><\/p>\n<p><img decoding=\"async\" src=\"\/wp-content\/uploads\/factory-07.webp\"\/><\/p>\n<h3>Pulberv\u00e4rvimise t\u00f6\u00f6koda<\/h3>\n<p><img decoding=\"async\" src=\"\/wp-content\/uploads\/factory-09.webp\"\/><\/p>\n<h3>Anodiseerimise t\u00f6\u00f6koda<\/h3>\n<p><img decoding=\"async\" src=\"\/wp-content\/uploads\/factory-10.webp\"\/><\/p>\n<h3>S\u00fcgavt\u00f6\u00f6tlemise t\u00f6\u00f6tuba<\/h3>\n<p><img decoding=\"async\" src=\"\/wp-content\/uploads\/factory-11.webp\"\/><\/p>\n<h3>CNC-t\u00e4ppist\u00f6\u00f6tlemise t\u00f6\u00f6koda<\/h3>\n<p><img decoding=\"async\" src=\"\/wp-content\/uploads\/factory-11.5.webp\"\/><\/p>\n<h3>Valmistoodete ja ekspordi ladu<\/h3>\n<p><img decoding=\"async\" src=\"\/wp-content\/uploads\/factory-12.webp\"\/><\/p>\n<p><img decoding=\"async\" src=\"\/wp-content\/uploads\/factory-13.webp\"\/><\/p>\n<p><img decoding=\"async\" src=\"\/wp-content\/uploads\/factory-14.webp\"\/><\/p>\n<h2>KKK<\/h2>\n<p><p><b>1.Mis on kasvuhoone alumiiniumist ekstrusioonid Blade Window?<\/b><\/p>\n<p>Kasvuhoone alumiiniumist ekstrusioonid Blade Window on alumiiniumprofiilid, mida kasutatakse kasvuhoonete ventilatsioonis\u00fcsteemide lamellakende raamimiseks ja toetamiseks.<br \/>\n<\/p><br \/>\n<br \/>\n<p><b>2.Millised on alumiiniumprofiilide kasutamise eelised kasvuhoone akende jaoks?<\/b><\/p>\n<p>Need pakuvad kerget tugevust, korrosioonikindlust ja t\u00e4pset \u00f5huvoolu reguleerimist, mis on oluline tervisliku taimekeskkonna jaoks.<br \/>\n<\/p><br \/>\n<br \/>\n<p><b>3.Kas need ekstrusioonid sobivad k\u00f5rge \u00f5huniiskusega kasvuhoonetingimustes?<\/b><\/p>\n<p>Jah, need on korrosioonikindlad ja spetsiaalselt kavandatud niiskes, niiskes kasvuhoonekliimas t\u00f6\u00f6tamiseks.<br \/>\n<\/p><br \/>\n<br \/>\n<p><b>4.Kas teraakna ekstrusioone saab kohandada?<\/b><\/p>\n<p>Jah, me pakume kohandatud suurusi, kujusid ja viimistlusi, mis sobivad konkreetsete kasvuhoonekonstruktsioonide ja ventilatsioonivajadustega.<br \/>\n<\/p><br \/>\n<br \/>\n<p><b>5.Kuidas parandavad terasakende ekstrusioonid kasvuhoone \u00f5huvoolu?<\/b><\/p>\n<p>Need toetavad lamellaknaid, mida saab optimaalse loomuliku ventilatsiooni ja temperatuuri reguleerimise eesm\u00e4rgil nurga alla keerata.<br \/>\n<\/p><br \/>\n<br \/>\n<p><b>6.Kas need alumiiniumprofiilid \u00fchilduvad automaatikas\u00fcsteemidega?<\/b><\/p>\n<p>Jah, need on m\u00f5eldud nii k\u00e4sitsi kui ka automatiseeritud avamismehhanismidega integreerimiseks, et neid oleks lihtne kasutada.<br \/>\n<\/p><br \/>\n<br \/>\n<p><b>7.Kas kasvuhoone alumiiniumist ekstrusioonid vajavad erilist hooldust?<\/b><\/p>\n<p>Ei, need vajavad t\u00e4nu oma vastupidavatele, korrosioonikindlatele omadustele minimaalset hooldust.<br \/>\n<\/p><br \/>\n<br \/>\n<p><b>8.Kus neid teraaknaid tavaliselt kasutatakse?<\/b><\/p>\n<p>Neid kasutatakse laialdaselt kaubanduslikes kasvuhoonetes, aiandusrajatistes ja p\u00f5llumajandushoonetes t\u00f5husaks ventilatsiooniks.<br \/>\n<\/p><br \/><\/p>","protected":false},"featured_media":7397,"template":"","categories":[67],"class_list":["post-7398","product","type-product","status-publish","has-post-thumbnail","hentry","category-architectural-aluminium-profile"],"meta_box":{"hilight_text_group":{"product_hilight_text":"<li>Designed specifically for greenhouse blade (louver) window systems<\/li>\r\r\n<li>High-strength aluminum ensures structural stability and longevity<\/li>\r\r\n<li>Corrosion-resistant finish ideal for humid greenhouse environments<\/li>\r\r\n<li>Lightweight material allows for easy installation and operation<\/li>\r\r\n<li>Customizable sizes and profiles to match various greenhouse designs<\/li>\r\r\n<li>Supports smooth airflow control and natural ventilation<\/li>\r\r\n<li>Compatible with automated and manual window opening systems<\/li>","product_chanpin_blog":"<ul>\r\r\n<li><a href=\"https:\/\/sinoextrud.com\/t-slot-v-slot-differences\/\" target=\"_blank\">t slot vs v slot<\/a><\/li>\r\r\n<li><a href=\"https:\/\/sinoextrud.com\/what-is-4040-aluminium-extrud\/\" target=\"_blank\">4040 aluminium extrusion<\/a><\/li>\r\r\n<li><a href=\"https:\/\/sinoextrud.com\/what-is-4040-aluminium-extrud\/\" target=\"_blank\">aluminum extrusions for industrial racks<\/a><\/li>\r\r\n<li><a href=\"https:\/\/sinoextrud.com\/powder-coating-aluminium-process\/\" target=\"_blank\">powder coating aluminium<\/a><\/li>\r\r\n<li><a href=\"https:\/\/sinoextrud.com\/what-is-an-aluminium-strip-ceiling\/\" target=\"_blank\">aluminium strip ceiling<\/a><\/li>\r\r\n<li><a href=\"https:\/\/sinoextrud.com\/what-is-a-heat-sink\/\" target=\"_blank\">what is a heat sink<\/a><\/li>\r\r\n<\/ul>","product_chanpin_chanpin":"<li><a href=\"https:\/\/sinoextrud.com\/product\/anodized-extruded-aluminum-j-channel\/\" target=\"_blank\">Anodized Extruded Aluminum J Channel<\/a><\/li>\r\n<li><a href=\"https:\/\/sinoextrud.com\/product\/aluminum-handrail-profiles\/\" target=\"_blank\">Aluminum Handrail Profiles<\/a><\/li>\r\n<li><a href=\"https:\/\/sinoextrud.com\/product\/square-aluminium-extrusion\/\" target=\"_blank\">Square Aluminium Extrusion<\/a><\/li>\r\n<li><a href=\"https:\/\/sinoextrud.com\/product\/u-shape-extruded-aluminum-wall-panels\/\" target=\"_blank\">U Shape Extruded Aluminum Wall Panels<\/a><\/li>\r\n<li><a href=\"https:\/\/sinoextrud.com\/product\/greenhouse-aluminum-extrusions-blade-window\/\" target=\"_blank\">Greenhouse Aluminum Extrusions Blade Window<\/a><\/li>\r\n<li><a href=\"https:\/\/sinoextrud.com\/product\/wide-aluminum-extrusions\/\" target=\"_blank\">Wide Aluminum Extrusions<\/a><\/li>\r\n<li><a href=\"https:\/\/sinoextrud.com\/product\/anodizing-aluminum-picture-photo-frame-brushed-aluminium-frame-for-home-decoration\/\" target=\"_blank\">Anodizing Aluminum Picture Photo Frame Brushed Aluminium Frame For Home Decoration<\/a><\/li>\r\n<li><a href=\"https:\/\/sinoextrud.com\/product\/china-aluminum-factory-wholesale-residential-aluminum-fence\/\" target=\"_blank\">China Aluminum Factory Wholesale Residential Aluminum Fence<\/a><\/li>\r\n<li><a href=\"https:\/\/sinoextrud.com\/product\/aluminum-skirting-profile\/\" target=\"_blank\">Aluminum Skirting Profile<\/a><\/li>\r\n<li><a href=\"https:\/\/sinoextrud.com\/product\/aluminum-z-section-extrusions\/\" target=\"_blank\">Aluminum Z Section Extrusions<\/a><\/li>\r\n<li><a href=\"https:\/\/sinoextrud.com\/product\/round-extruded-aluminum\/\" target=\"_blank\">Round Extruded Aluminum<\/a><\/li>"},"feature_list":[]},"_links":{"self":[{"href":"https:\/\/sinoextrud.com\/et\/wp-json\/wp\/v2\/product\/7398","targetHints":{"allow":["GET"]}}],"collection":[{"href":"https:\/\/sinoextrud.com\/et\/wp-json\/wp\/v2\/product"}],"about":[{"href":"https:\/\/sinoextrud.com\/et\/wp-json\/wp\/v2\/types\/product"}],"wp:featuredmedia":[{"embeddable":true,"href":"https:\/\/sinoextrud.com\/et\/wp-json\/wp\/v2\/media\/7397"}],"wp:attachment":[{"href":"https:\/\/sinoextrud.com\/et\/wp-json\/wp\/v2\/media?parent=7398"}],"wp:term":[{"taxonomy":"category","embeddable":true,"href":"https:\/\/sinoextrud.com\/et\/wp-json\/wp\/v2\/categories?post=7398"}],"curies":[{"name":"wp","href":"https:\/\/api.w.org\/{rel}","templated":true}]}}