{"id":7396,"date":"2025-06-07T06:36:48","date_gmt":"2025-06-07T06:36:48","guid":{"rendered":"https:\/\/sinoextrud.com\/product\/u-shape-extruded-aluminum-wall-panels\/"},"modified":"2025-06-24T06:12:43","modified_gmt":"2025-06-24T06:12:43","slug":"u-kujulised-pressitud-alumiiniumist-seinapaneelid","status":"publish","type":"product","link":"https:\/\/sinoextrud.com\/et\/product\/u-shape-extruded-aluminum-wall-panels\/","title":{"rendered":"U-kujulised pressitud alumiiniumist seinapaneelid"},"content":{"rendered":"<h2>Toodete \u00fcksikasjad<\/h2>\n<table class=\"custom-table\">\n<tbody>\n<tr>\n<td> Objekt:<\/td>\n<td> U-kujulised pressitud alumiiniumist seinapaneelid<\/td>\n<td> Hinne:<\/td>\n<td> 6000 seeria 6063<\/td>\n<\/tr>\n<tr>\n<td> Temperament:<\/td>\n<td> 6063-T5<\/td>\n<td> P\u00e4ritolukoht:<\/td>\n<td> Foshan, Guangdong<\/td>\n<\/tr>\n<tr>\n<td> Kuju:<\/td>\n<td> U-kujuline kanal<\/td>\n<td> Sulam v\u00f5i mitte:<\/td>\n<td> Alunimun sulam<\/td>\n<\/tr>\n<tr>\n<td> Sallivus:<\/td>\n<td> \u00b10,5%<\/td>\n<td> Br\u00e4ndi:<\/td>\n<td> Sinoextrud, Sinoextrud<\/td>\n<\/tr>\n<tr>\n<td> Standard:<\/td>\n<td> keskmine ja k\u00f5rge kvaliteet<\/td>\n<td> Pinnat\u00f6\u00f6tlus:<\/td>\n<td> pulberv\u00e4rvimine, elektroforees, puidumass, anodeeritud, harjatud, poleerimine<\/td>\n<\/tr>\n<tr>\n<td> Tarneaeg:<\/td>\n<td> 25-30 p\u00e4eva<\/td>\n<td> MOQ:<\/td>\n<td> 200KG<\/td>\n<\/tr>\n<tr>\n<td> Makset\u00e4htaeg:<\/td>\n<td> T \/ T (30% tagatisraha), L \/ C<\/td>\n<td> T\u00f6\u00f6tlemisteenus:<\/td>\n<td> Painutamine, keevitamine, keevitamine, stantsimine, l\u00f5ikamine<\/td>\n<\/tr>\n<tr>\n<td> Sadam:<\/td>\n<td> Guangzhou, Shenzhen<\/td>\n<td> Pikkus::<\/td>\n<td> 1-9m v\u00f5i kohandatud<\/td>\n<\/tr>\n<\/tbody>\n<\/table>\n<h2>Meie tootmisbaas<\/h2>\n<h3>Tehase panoraam<\/h3>\n<p><img decoding=\"async\" src=\"\/wp-content\/uploads\/factory-01.webp\"\/><\/p>\n<h3>Alumiiniumvarraste tootmise t\u00f6\u00f6koda<\/h3>\n<p><img decoding=\"async\" src=\"\/wp-content\/uploads\/factory-02.webp\"\/><\/p>\n<p><img decoding=\"async\" src=\"\/wp-content\/uploads\/factory-03.webp\"\/><\/p>\n<h3>hallituse ladustamise ladu<\/h3>\n<p><img decoding=\"async\" src=\"\/wp-content\/uploads\/factory-04.webp\"\/><\/p>\n<h3>43 alumiiniumi ekstrusiooniliini (500-5500 tonni)<\/h3>\n<p><img decoding=\"async\" src=\"\/wp-content\/uploads\/factory-05.webp\"\/><\/p>\n<p><img decoding=\"async\" src=\"\/wp-content\/uploads\/factory-06.webp\"\/><\/p>\n<p><img decoding=\"async\" src=\"\/wp-content\/uploads\/factory-07.webp\"\/><\/p>\n<h3>Pulberv\u00e4rvimise t\u00f6\u00f6koda<\/h3>\n<p><img decoding=\"async\" src=\"\/wp-content\/uploads\/factory-09.webp\"\/><\/p>\n<h3>Anodiseerimise t\u00f6\u00f6koda<\/h3>\n<p><img decoding=\"async\" src=\"\/wp-content\/uploads\/factory-10.webp\"\/><\/p>\n<h3>S\u00fcgavt\u00f6\u00f6tlemise t\u00f6\u00f6tuba<\/h3>\n<p><img decoding=\"async\" src=\"\/wp-content\/uploads\/factory-11.webp\"\/><\/p>\n<h3>CNC-t\u00e4ppist\u00f6\u00f6tlemise t\u00f6\u00f6koda<\/h3>\n<p><img decoding=\"async\" src=\"\/wp-content\/uploads\/factory-11.5.webp\"\/><\/p>\n<h3>Valmistoodete ja ekspordi ladu<\/h3>\n<p><img decoding=\"async\" src=\"\/wp-content\/uploads\/factory-12.webp\"\/><\/p>\n<p><img decoding=\"async\" src=\"\/wp-content\/uploads\/factory-13.webp\"\/><\/p>\n<p><img decoding=\"async\" src=\"\/wp-content\/uploads\/factory-14.webp\"\/><\/p>\n<h2>KKK<\/h2>\n<p><p><b>1.Mis on U-kujulised pressitud alumiiniumist seinapaneelid?<\/b><\/p>\n<p>U-kujulised pressitud alumiiniumist seinapaneelid on U-profiiliga arhitektuursed fassaadipaneelid, mis on m\u00f5eldud elegantsete ja kaasaegsete seinakattematerjalide jaoks.<br \/>\n<\/p><br \/>\n<br \/>\n<p><b>2.Millised on U-kujulise alumiiniumist seinapaneelide eelised?<\/b><\/p>\n<p>Need pakuvad puhast v\u00e4limust, korrosioonikindlust, kerget tugevust ja lihtsat paigaldust nii sise- kui ka v\u00e4lisrakendustes.<br \/>\n<\/p><br \/>\n<br \/>\n<p><b>3.Kas need paneelid sobivad v\u00e4litingimustes kasutamiseks?<\/b><\/p>\n<p>Jah, alumiiniummaterjal ja kaitsev viimistlus teevad need ideaalseks k\u00f5ikv\u00f5imalike ilmastikun\u00e4htuste v\u00e4liskattes\u00fcsteemiks.<br \/>\n<\/p><br \/>\n<br \/>\n<p><b>4.Kas U-kujulised alumiiniumist seinapaneelid on kohandatud?<\/b><\/p>\n<p>Jah, me pakume kohandatud suurusi, v\u00e4rve, viimistlusi ja pilukonfiguratsioone vastavalt arhitektuurilistele n\u00f5uetele.<br \/>\n<\/p><br \/>\n<br \/>\n<p><b>5.Kuidas paigaldatakse U-kujulised pressitud alumiiniumist seinapaneelid?<\/b><\/p>\n<p>Need paigaldatakse tavaliselt varjatud kinnitusvahendite v\u00f5i paigaldusradade abil, mis tagavad \u00f5mblusteta ja siledaks j\u00e4\u00e4va v\u00e4ljan\u00e4gemise.<br \/>\n<\/p><br \/>\n<br \/>\n<p><b>6.Millised viimistlused on nende alumiiniumist seinapaneelide jaoks saadaval?<\/b><\/p>\n<p>Saadaval on anodeeritud, pulberv\u00e4rvitud, harjatud ja kohandatud v\u00e4rvid, mis sobivad erinevatele disainilahendustele.<br \/>\n<\/p><br \/>\n<br \/>\n<p><b>7.Kas need paneelid on kerged ja neid on lihtne k\u00e4sitseda?<\/b><\/p>\n<p>Jah, t\u00e4nu alumiiniumkonstruktsioonile on need kerged ja neid on lihtne transportida, valmistada ja paigaldada.<br \/>\n<\/p><br \/>\n<br \/>\n<p><b>8.Kus kasutatakse tavaliselt U-kujulisi pressitud alumiiniumist seinapaneele?<\/b><\/p>\n<p>Neid kasutatakse \u00e4rihoonetes, elamute siseruumides, fassaadis\u00fcsteemides, fuajeedes ja dekoratiivsete seinte kujundamisel.<br \/>\n<\/p><br \/><\/p>","protected":false},"featured_media":7395,"template":"","categories":[67],"class_list":["post-7396","product","type-product","status-publish","has-post-thumbnail","hentry","category-architectural-aluminium-profile"],"meta_box":{"hilight_text_group":{"product_hilight_text":"<li>Unique U-shape profile offers modern and clean architectural lines<\/li>\r\r\n<li>Made from high-quality aluminum for lightweight strength and durability<\/li>\r\r\n<li>Corrosion-resistant surface ensures long-term performance<\/li>\r\r\n<li>Easy installation with concealed fasteners for a seamless look<\/li>\r\r\n<li>Available in various sizes, finishes, and colors<\/li>\r\r\n<li>Ideal for interior and exterior wall cladding applications<\/li>\r\r\n<li>Supports custom fabrication to meet project-specific designs<\/li>","product_chanpin_blog":"<ul>\r\r\n<li><a href=\"https:\/\/sinoextrud.com\/t-slot-v-slot-differences\/\" target=\"_blank\">t slot vs v slot<\/a><\/li>\r\r\n<li><a href=\"https:\/\/sinoextrud.com\/what-is-4040-aluminium-extrud\/\" target=\"_blank\">4040 aluminium extrusion<\/a><\/li>\r\r\n<li><a href=\"https:\/\/sinoextrud.com\/what-is-4040-aluminium-extrud\/\" target=\"_blank\">aluminum extrusions for industrial racks<\/a><\/li>\r\r\n<li><a href=\"https:\/\/sinoextrud.com\/powder-coating-aluminium-process\/\" target=\"_blank\">powder coating aluminium<\/a><\/li>\r\r\n<li><a href=\"https:\/\/sinoextrud.com\/what-is-an-aluminium-strip-ceiling\/\" target=\"_blank\">aluminium strip ceiling<\/a><\/li>\r\r\n<li><a href=\"https:\/\/sinoextrud.com\/what-is-a-heat-sink\/\" target=\"_blank\">what is a heat sink<\/a><\/li>\r\r\n<\/ul>","product_chanpin_chanpin":"<li><a href=\"https:\/\/sinoextrud.com\/product\/extruded-h-beam-aluminum-profile\/\" target=\"_blank\">Extruded H Beam Aluminum Profile<\/a><\/li>\r\n<li><a href=\"https:\/\/sinoextrud.com\/product\/anodized-extruded-aluminum-j-channel\/\" target=\"_blank\">Anodized Extruded Aluminum J Channel<\/a><\/li>\r\n<li><a href=\"https:\/\/sinoextrud.com\/product\/aluminum-handrail-profiles\/\" target=\"_blank\">Aluminum Handrail Profiles<\/a><\/li>\r\n<li><a href=\"https:\/\/sinoextrud.com\/product\/square-aluminium-extrusion\/\" target=\"_blank\">Square Aluminium Extrusion<\/a><\/li>\r\n<li><a href=\"https:\/\/sinoextrud.com\/product\/u-shape-extruded-aluminum-wall-panels\/\" target=\"_blank\">U Shape Extruded Aluminum Wall Panels<\/a><\/li>\r\n<li><a href=\"https:\/\/sinoextrud.com\/product\/greenhouse-aluminum-extrusions-blade-window\/\" target=\"_blank\">Greenhouse Aluminum Extrusions Blade Window<\/a><\/li>\r\n<li><a href=\"https:\/\/sinoextrud.com\/product\/wide-aluminum-extrusions\/\" target=\"_blank\">Wide Aluminum Extrusions<\/a><\/li>\r\n<li><a href=\"https:\/\/sinoextrud.com\/product\/anodizing-aluminum-picture-photo-frame-brushed-aluminium-frame-for-home-decoration\/\" target=\"_blank\">Anodizing Aluminum Picture Photo Frame Brushed Aluminium Frame For Home Decoration<\/a><\/li>\r\n<li><a href=\"https:\/\/sinoextrud.com\/product\/china-aluminum-factory-wholesale-residential-aluminum-fence\/\" target=\"_blank\">China Aluminum Factory Wholesale Residential Aluminum Fence<\/a><\/li>\r\n<li><a href=\"https:\/\/sinoextrud.com\/product\/u-shaped-baffle-ceiling-system\/\" target=\"_blank\">U-Shaped Baffle Ceiling System<\/a><\/li>\r\n<li><a href=\"https:\/\/sinoextrud.com\/product\/aluminum-cnc-machined-part-custom-aluminum-machining\/\" target=\"_blank\">Aluminum CNC Machined Part Custom Aluminum Machining<\/a><\/li>"},"feature_list":[]},"_links":{"self":[{"href":"https:\/\/sinoextrud.com\/et\/wp-json\/wp\/v2\/product\/7396","targetHints":{"allow":["GET"]}}],"collection":[{"href":"https:\/\/sinoextrud.com\/et\/wp-json\/wp\/v2\/product"}],"about":[{"href":"https:\/\/sinoextrud.com\/et\/wp-json\/wp\/v2\/types\/product"}],"wp:featuredmedia":[{"embeddable":true,"href":"https:\/\/sinoextrud.com\/et\/wp-json\/wp\/v2\/media\/7395"}],"wp:attachment":[{"href":"https:\/\/sinoextrud.com\/et\/wp-json\/wp\/v2\/media?parent=7396"}],"wp:term":[{"taxonomy":"category","embeddable":true,"href":"https:\/\/sinoextrud.com\/et\/wp-json\/wp\/v2\/categories?post=7396"}],"curies":[{"name":"wp","href":"https:\/\/api.w.org\/{rel}","templated":true}]}}