{"id":7366,"date":"2025-06-07T06:09:08","date_gmt":"2025-06-07T06:09:08","guid":{"rendered":"https:\/\/sinoextrud.com\/product\/bulk-extruded-aluminum\/"},"modified":"2025-06-24T06:12:38","modified_gmt":"2025-06-24T06:12:38","slug":"lahtiselt-pressitud-alumiinium","status":"publish","type":"product","link":"https:\/\/sinoextrud.com\/et\/product\/bulk-extruded-aluminum\/","title":{"rendered":"Bulk ekstrudeeritud alumiinium"},"content":{"rendered":"<h2>Toodete \u00fcksikasjad<\/h2>\n<table class=\"custom-table\">\n<tbody>\n<tr>\n<td> Nimi<\/td>\n<td> Massiliselt pressitud alumiinium<\/td>\n<\/tr>\n<tr>\n<td> Br\u00e4nd<\/td>\n<td> Sinoextrud\/Sinoextrud<\/td>\n<\/tr>\n<tr>\n<td> Kategooria<\/td>\n<td> Alumiiniumprofiilid<\/td>\n<\/tr>\n<tr>\n<td> T\u00fc\u00fcp<\/td>\n<td> Saadaval on raske v\u00f5i kerge t\u00fc\u00fcp<\/td>\n<\/tr>\n<tr>\n<td> Materjal<\/td>\n<td> 6061 on laialdaselt kasutusel. Saadaval on ka 6063, 6463, 6005, 6082.<\/td>\n<\/tr>\n<tr>\n<td> Temper<\/td>\n<td> T5-T8<\/td>\n<\/tr>\n<tr>\n<td> Pikkus<\/td>\n<td> 1-9m v\u00f5i kohandamine<\/td>\n<\/tr>\n<tr>\n<td> Suurus (mm)<\/td>\n<td> Vastavalt joonisele<\/td>\n<\/tr>\n<tr>\n<td> Kuju<\/td>\n<td> Kohandamine<\/td>\n<\/tr>\n<tr>\n<td> Pinnat\u00f6\u00f6tlus<\/td>\n<td> Veski valmis, anodeeritud, liivapritsimine, elektroforeesimine, elektrikate jne.<\/td>\n<\/tr>\n<tr>\n<td> V\u00e4rv<\/td>\n<td> H\u00f5bedane, must, valge, punane, kollane, \u0161ampanja v\u00f5i kohandatud v\u00e4rvus.<\/td>\n<\/tr>\n<tr>\n<td> Standard<\/td>\n<td> ASTM, GB, DIN<\/td>\n<\/tr>\n<tr>\n<td> Alates<\/td>\n<td> Guangdong, Hiina<\/td>\n<\/tr>\n<tr>\n<td> Taotlus<\/td>\n<td> T\u00f6\u00f6stus, ehitus, arhitektuur, dekoreerimine<\/td>\n<\/tr>\n<\/tbody>\n<\/table>\n<h2>Meie tootmisbaas<\/h2>\n<h3>Tehase panoraam<\/h3>\n<p><img decoding=\"async\" src=\"\/wp-content\/uploads\/factory-01.webp\"\/><\/p>\n<h3>Alumiiniumvarraste tootmise t\u00f6\u00f6koda<\/h3>\n<p><img decoding=\"async\" src=\"\/wp-content\/uploads\/factory-02.webp\"\/><\/p>\n<p><img decoding=\"async\" src=\"\/wp-content\/uploads\/factory-03.webp\"\/><\/p>\n<h3>hallituse ladustamise ladu<\/h3>\n<p><img decoding=\"async\" src=\"\/wp-content\/uploads\/factory-04.webp\"\/><\/p>\n<h3>43 alumiiniumi ekstrusiooniliini (500-5500 tonni)<\/h3>\n<p><img decoding=\"async\" src=\"\/wp-content\/uploads\/factory-05.webp\"\/><\/p>\n<p><img decoding=\"async\" src=\"\/wp-content\/uploads\/factory-06.webp\"\/><\/p>\n<p><img decoding=\"async\" src=\"\/wp-content\/uploads\/factory-07.webp\"\/><\/p>\n<h3>Pulberv\u00e4rvimise t\u00f6\u00f6koda<\/h3>\n<p><img decoding=\"async\" src=\"\/wp-content\/uploads\/factory-09.webp\"\/><\/p>\n<h3>Anodiseerimise t\u00f6\u00f6koda<\/h3>\n<p><img decoding=\"async\" src=\"\/wp-content\/uploads\/factory-10.webp\"\/><\/p>\n<h3>S\u00fcgavt\u00f6\u00f6tlemise t\u00f6\u00f6tuba<\/h3>\n<p><img decoding=\"async\" src=\"\/wp-content\/uploads\/factory-11.webp\"\/><\/p>\n<h3>CNC-t\u00e4ppist\u00f6\u00f6tlemise t\u00f6\u00f6koda<\/h3>\n<p><img decoding=\"async\" src=\"\/wp-content\/uploads\/factory-11.5.webp\"\/><\/p>\n<h3>Valmistoodete ja ekspordi ladu<\/h3>\n<p><img decoding=\"async\" src=\"\/wp-content\/uploads\/factory-12.webp\"\/><\/p>\n<p><img decoding=\"async\" src=\"\/wp-content\/uploads\/factory-13.webp\"\/><\/p>\n<p><img decoding=\"async\" src=\"\/wp-content\/uploads\/factory-14.webp\"\/><\/p>\n<h2>KKK<\/h2>\n<p><p><b>1.Mis on lahtiselt pressitud alumiinium?<\/b><\/p>\n<p>Suures koguses pressitud alumiinium viitab suurtes kogustes alumiiniumprofiilide tellimustele, mis on toodetud ekstrusiooni teel t\u00f6\u00f6stuslikuks, kaubanduslikuks v\u00f5i ehituslikuks kasutamiseks.<br \/>\n<\/p><br \/>\n<br \/>\n<p><b>2.Miks valida lahtiselt pressitud alumiiniumi tootmiseks?<\/b><\/p>\n<p>See pakub kulutasuvust, j\u00e4rjepidevat kvaliteeti ja kohandamisv\u00f5imalusi, mis muudab selle ideaalseks skaleeritavate tootmis- ja infrastruktuuriprojektide jaoks.<br \/>\n<\/p><br \/>\n<br \/>\n<p><b>3.Millised alumiiniumisulamid on saadaval lahtise pressimise jaoks?<\/b><\/p>\n<p>Levinud sulamid on 6061, 6063 ja 6082, mis on valitud tugevuse, korrosioonikindluse ja t\u00f6\u00f6deldavuse alusel.<br \/>\n<\/p><br \/>\n<br \/>\n<p><b>4.Can lahtiselt pressitud alumiiniumist saab kohandada?<\/b><\/p>\n<p>Jah, profiile saab kohandada kuju, suuruse, seinapaksuse ja pinnaviimistluse poolest vastavalt OEM-spetsifikatsioonidele.<br \/>\n<\/p><br \/>\n<br \/>\n<p><b>5.Millised on alumiiniumist ekstrusioonide t\u00fc\u00fcpilised rakendused?<\/b><\/p>\n<p>Neid kasutatakse laialdaselt autot\u00f6\u00f6stuses, lennunduses, ehituses, p\u00e4ikeseenergias, elektroonikas ja m\u00f6\u00f6blitootmises.<br \/>\n<\/p><br \/>\n<br \/>\n<p><b>6.Kas lahtine pressitud alumiinium sobib v\u00e4litingimustes kasutamiseks?<\/b><\/p>\n<p>Kindlasti suurendavad alumiiniumi loomulik oksiidikiht ja t\u00e4iendav pinnat\u00f6\u00f6tlus, nagu anodeerimine v\u00f5i pulberv\u00e4rvimine, selle ilmastikukindlust.<br \/>\n<\/p><br \/>\n<br \/>\n<p><b>7.Kas tarnijad pakuvad OEM-teenuseid lahtise pressitud alumiiniumi jaoks?<\/b><\/p>\n<p>Jah, enamik tarnijaid pakub OEM\/ODM-teenuseid, sealhulgas t\u00f6\u00f6riistade valmistamist, valmistamist, viimistlemist ja pakendamist kohandatud ja kaubam\u00e4rgiga lahenduste jaoks.<br \/>\n<\/p><br \/><\/p>","protected":false},"featured_media":7365,"template":"","categories":[67],"class_list":["post-7366","product","type-product","status-publish","has-post-thumbnail","hentry","category-architectural-aluminium-profile"],"meta_box":{"hilight_text_group":{"product_hilight_text":"<li>Cost-effective solution for large-scale industrial and construction needs<\/li>\r\r\n<li>Available in various shapes, sizes, and aluminum alloys<\/li>\r\r\n<li>High strength-to-weight ratio ideal for structural applications<\/li>\r\r\n<li>Corrosion-resistant material suitable for indoor and outdoor environments<\/li>\r\r\n<li>Customizable extrusions to meet specific OEM project requirements<\/li>\r\r\n<li>Reliable bulk supply with consistent quality and fast lead times<\/li>","product_chanpin_blog":"<ul>\r\r\n<li><a href=\"https:\/\/sinoextrud.com\/t-slot-v-slot-differences\/\" target=\"_blank\">t slot vs v slot<\/a><\/li>\r\r\n<li><a href=\"https:\/\/sinoextrud.com\/what-is-4040-aluminium-extrud\/\" target=\"_blank\">4040 aluminium extrusion<\/a><\/li>\r\r\n<li><a href=\"https:\/\/sinoextrud.com\/what-is-4040-aluminium-extrud\/\" target=\"_blank\">aluminum extrusions for industrial racks<\/a><\/li>\r\r\n<li><a href=\"https:\/\/sinoextrud.com\/powder-coating-aluminium-process\/\" target=\"_blank\">powder coating aluminium<\/a><\/li>\r\r\n<li><a href=\"https:\/\/sinoextrud.com\/what-is-an-aluminium-strip-ceiling\/\" target=\"_blank\">aluminium strip ceiling<\/a><\/li>\r\r\n<li><a href=\"https:\/\/sinoextrud.com\/what-is-a-heat-sink\/\" target=\"_blank\">what is a heat sink<\/a><\/li>\r\r\n<\/ul>","product_chanpin_chanpin":"<li><a href=\"https:\/\/sinoextrud.com\/product\/aluminum-louver-blades\/\" target=\"_blank\">Aluminum Louver Blades<\/a><\/li>\r\n<li><a href=\"https:\/\/sinoextrud.com\/product\/fabricated-aluminium-extrusions-electrophoresis-champagne\/\" target=\"_blank\">Fabricated Aluminium Extrusions Electrophoresis Champagne<\/a><\/li>\r\n<li><a href=\"https:\/\/sinoextrud.com\/product\/aluminum-extruded-profile-f-channel\/\" target=\"_blank\">Aluminum Extruded Profile F Channel<\/a><\/li>\r\n<li><a href=\"https:\/\/sinoextrud.com\/product\/cnc-machining-aluminum-hat-channel-extrusions\/\" target=\"_blank\">CNC Machining Aluminum Hat Channel Extrusions<\/a><\/li>\r\n<li><a href=\"https:\/\/sinoextrud.com\/product\/bulk-extruded-aluminum\/\" target=\"_blank\">Bulk Extruded Aluminum<\/a><\/li>\r\n<li><a href=\"https:\/\/sinoextrud.com\/product\/sliding-door-extrusions\/\" target=\"_blank\">Sliding Door Extrusions<\/a><\/li>\r\n<li><a href=\"https:\/\/sinoextrud.com\/product\/extruded-aluminum-hex-tube\/\" target=\"_blank\">Extruded Aluminum Hex Tube<\/a><\/li>\r\n<li><a href=\"https:\/\/sinoextrud.com\/product\/aluminum-extrusion-brackets\/\" target=\"_blank\">Aluminum Extrusion Brackets<\/a><\/li>\r\n<li><a href=\"https:\/\/sinoextrud.com\/product\/custom-aluminum-tongue-and-groove-extrusion\/\" target=\"_blank\">Custom Aluminum Tongue And Groove Extrusion<\/a><\/li>\r\n<li><a href=\"https:\/\/sinoextrud.com\/product\/aluminium-frame-extrusion-profile-picture-frame-profile-for-interior-decoration-supplied-by-china-manufacturer\/\" target=\"_blank\">Aluminium Frame Extrusion Profile Picture Frame Profile for Interior Decoration Supplied By China Manufacturer<\/a><\/li>\r\n<li><a href=\"https:\/\/sinoextrud.com\/product\/the-world-most-popular-6000-series-aluminum-extrusion-profile-louver-shutter-for-adjustable-waterproof-louver-windows\/\" target=\"_blank\">The World Most Popular 6000 Series aluminum extrusion Profile louver shutter For Adjustable Waterproof Louver Windows<\/a><\/li>"},"feature_list":[]},"_links":{"self":[{"href":"https:\/\/sinoextrud.com\/et\/wp-json\/wp\/v2\/product\/7366","targetHints":{"allow":["GET"]}}],"collection":[{"href":"https:\/\/sinoextrud.com\/et\/wp-json\/wp\/v2\/product"}],"about":[{"href":"https:\/\/sinoextrud.com\/et\/wp-json\/wp\/v2\/types\/product"}],"wp:featuredmedia":[{"embeddable":true,"href":"https:\/\/sinoextrud.com\/et\/wp-json\/wp\/v2\/media\/7365"}],"wp:attachment":[{"href":"https:\/\/sinoextrud.com\/et\/wp-json\/wp\/v2\/media?parent=7366"}],"wp:term":[{"taxonomy":"category","embeddable":true,"href":"https:\/\/sinoextrud.com\/et\/wp-json\/wp\/v2\/categories?post=7366"}],"curies":[{"name":"wp","href":"https:\/\/api.w.org\/{rel}","templated":true}]}}