{"id":7358,"date":"2025-06-07T06:01:05","date_gmt":"2025-06-07T06:01:05","guid":{"rendered":"https:\/\/sinoextrud.com\/product\/aluminum-louver-blades\/"},"modified":"2025-06-24T06:12:37","modified_gmt":"2025-06-24T06:12:37","slug":"alumiiniumist-lamellid","status":"publish","type":"product","link":"https:\/\/sinoextrud.com\/et\/product\/aluminum-louver-blades\/","title":{"rendered":"Alumiiniumist lamellid"},"content":{"rendered":"<h2>Toodete \u00fcksikasjad<\/h2>\n<table class=\"custom-table\">\n<tr>\n<td class=\"label\">Toote nimi:<\/td>\n<td>Alumiiniumist lamellid<\/td>\n<\/tr>\n<tr>\n<td class=\"label\">\u00c4rit\u00fc\u00fcp:<\/td>\n<td>Tootja<\/td>\n<\/tr>\n<tr>\n<td class=\"label\">Sulam:<\/td>\n<td>6063\/6061 (erisulamit v\u00f5ib valmistada vastavalt teie n\u00f5uetele.)<\/td>\n<\/tr>\n<tr>\n<td class=\"label\">Temperament:<\/td>\n<td>T5\/T6\/T4<\/td>\n<\/tr>\n<tr>\n<td class=\"label\">Standard:<\/td>\n<td>Hiina GB k\u00f5rge t\u00e4psuse standard.<\/td>\n<\/tr>\n<tr>\n<td class=\"label\">Paksus:<\/td>\n<td>Vastavalt teie n\u00f5uetele.<\/td>\n<\/tr>\n<tr>\n<td class=\"label\">Pikkus:<\/td>\n<td>1m-9m v\u00f5i kohandatav<\/td>\n<\/tr>\n<tr>\n<td class=\"label\">MOQ:<\/td>\n<td>Tavaliselt 1 tonn. Tavaliselt 10~12 tonni 1*20GP ja 20~23 tonni 1*40HQ puhul.<\/td>\n<\/tr>\n<tr>\n<td class=\"label\">Pinna viimistlus:<\/td>\n<td>Veski viimistlus, anodeerimine, pulberv\u00e4rvimine, puidumass, poleerimine, harjamine, elektroforees, liivapritsimine, jne.<\/td>\n<\/tr>\n<tr>\n<td class=\"label\">Color We Can Do:<\/td>\n<td>H\u00f5be, must, valge, pronks, \u0161ampanja, roheline, hall, kuldkollane, nikkel v\u00f5i kohandatud.<\/td>\n<\/tr>\n<tr>\n<td class=\"label\">Kile paksus:<\/td>\n<td>Anodeeritud: Kohandatud. Tavaline paksus: \u22658 um.<\/td>\n<\/tr>\n<tr>\n<td class=\"label\">Pulbriga katmine:<\/td>\n<td>Kohandatud. Tavaline paksus: 40-120 um.<\/td>\n<\/tr>\n<tr>\n<td class=\"label\">Elektroforeesikompleksne kile:<\/td>\n<td>Tavaline paksus: 16 um.<\/td>\n<\/tr>\n<tr>\n<td class=\"label\">Puidujoon:<\/td>\n<td>Kohandatud. Tavaline paksus: 60-120 um.<\/td>\n<\/tr>\n<tr>\n<td class=\"label\">Puitmaterjal:<\/td>\n<td>a). Imporditud Itaalia MENPHIS \u00fclekandetr\u00fcki paber.<br \/>\nb). Kvaliteetne Hiina \u00fclekandepaberi br\u00e4ndi.<br \/>\nc). Erinevad hinnad.<\/td>\n<\/tr>\n<tr>\n<td class=\"label\">Keemiline koostis ja j\u00f5udlus:<\/td>\n<td>T\u00e4itmine ja vastavad Hiina GB k\u00f5rge t\u00e4psuse tasemele.<\/td>\n<\/tr>\n<tr>\n<td class=\"label\">T\u00f6\u00f6tlemine:<\/td>\n<td>L\u00f5ikamine, stantsimine, puurimine, painutamine, keevitamine, veski, CNC jne.<\/td>\n<\/tr>\n<tr>\n<td class=\"label\">Pakkimine:<\/td>\n<td>Plastkile ja j\u00f5upaber. Vajadusel on ka iga profiilit\u00fcki kaitsekile ok.<\/td>\n<\/tr>\n<tr>\n<td class=\"label\">Tarnesadam:<\/td>\n<td>Guangzhou, Foshan, Shenzhen<\/td>\n<\/tr>\n<tr>\n<td class=\"label\">OEM:<\/td>\n<td>Saadaval.<\/td>\n<\/tr>\n<\/table>\n<h2>Meie tootmisbaas<\/h2>\n<h3>Tehase panoraam<\/h3>\n<p><img decoding=\"async\" src=\"\/wp-content\/uploads\/factory-01.webp\"\/><\/p>\n<h3>Alumiiniumvarraste tootmise t\u00f6\u00f6koda<\/h3>\n<p><img decoding=\"async\" src=\"\/wp-content\/uploads\/factory-02.webp\"\/><\/p>\n<p><img decoding=\"async\" src=\"\/wp-content\/uploads\/factory-03.webp\"\/><\/p>\n<h3>hallituse ladustamise ladu<\/h3>\n<p><img decoding=\"async\" src=\"\/wp-content\/uploads\/factory-04.webp\"\/><\/p>\n<h3>43 alumiiniumi ekstrusiooniliini (500-5500 tonni)<\/h3>\n<p><img decoding=\"async\" src=\"\/wp-content\/uploads\/factory-05.webp\"\/><\/p>\n<p><img decoding=\"async\" src=\"\/wp-content\/uploads\/factory-06.webp\"\/><\/p>\n<p><img decoding=\"async\" src=\"\/wp-content\/uploads\/factory-07.webp\"\/><\/p>\n<h3>Pulberv\u00e4rvimise t\u00f6\u00f6koda<\/h3>\n<p><img decoding=\"async\" src=\"\/wp-content\/uploads\/factory-09.webp\"\/><\/p>\n<h3>Anodiseerimise t\u00f6\u00f6koda<\/h3>\n<p><img decoding=\"async\" src=\"\/wp-content\/uploads\/factory-10.webp\"\/><\/p>\n<h3>S\u00fcgavt\u00f6\u00f6tlemise t\u00f6\u00f6tuba<\/h3>\n<p><img decoding=\"async\" src=\"\/wp-content\/uploads\/factory-11.webp\"\/><\/p>\n<h3>CNC-t\u00e4ppist\u00f6\u00f6tlemise t\u00f6\u00f6koda<\/h3>\n<p><img decoding=\"async\" src=\"\/wp-content\/uploads\/factory-11.5.webp\"\/><\/p>\n<h3>Valmistoodete ja ekspordi ladu<\/h3>\n<p><img decoding=\"async\" src=\"\/wp-content\/uploads\/factory-12.webp\"\/><\/p>\n<p><img decoding=\"async\" src=\"\/wp-content\/uploads\/factory-13.webp\"\/><\/p>\n<p><img decoding=\"async\" src=\"\/wp-content\/uploads\/factory-14.webp\"\/><\/p>\n<h2>KKK<\/h2>\n<p><p><b>1.What on alumiiniumist Louver Blades?<\/b><\/p>\n<p>Alumiiniumist lamellid on pressitud profiilid, mis on m\u00f5eldud valguse, \u00f5huvoolu ja privaatsuse reguleerimiseks arhitektuuri- ja t\u00f6\u00f6stusrakendustes.<br \/>\n<\/p><br \/>\n<br \/>\n<p><b>2.Miks valida alumiiniumist lamellide jaoks?<\/b><\/p>\n<p>Alumiinium on kerge, korrosioonikindel ja vastupidav, mist\u00f5ttu sobib see ideaalselt pikaajaliseks kasutamiseks v\u00e4lis- ja siseruumides kasutatavates ruloodes\u00fcsteemides.<br \/>\n<\/p><br \/>\n<br \/>\n<p><b>3.Kas alumiiniumist lamellid saab kohandada?<\/b><\/p>\n<p>Jah, need on saadaval eri kujude, pikkuste, nurkade ja viimistlustega, et t\u00e4ita konkreetseid disaini- v\u00f5i ventilatsioonin\u00f5udeid.<br \/>\n<\/p><br \/>\n<br \/>\n<p><b>4.Millised on alumiiniumist lamellide tavalised rakendused?<\/b><\/p>\n<p>Neid kasutatakse hoonete fassaadides, p\u00e4ikesevarjudes, mehaanilistes ekraanides, ventilatsiooniruutudes ja privaatsuspaneelides.<br \/>\n<\/p><br \/>\n<br \/>\n<p><b>5.Kas alumiiniumist lamellid on ilmastikukindlad?<\/b><\/p>\n<p>Kindlasti kaitseb anodeeritud v\u00f5i pulberv\u00e4rvitud pind neid UV-kiirguse, niiskuse ja temperatuurimuutuste eest.<br \/>\n<\/p><br \/>\n<br \/>\n<p><b>6.Kas need terad \u00fchilduvad motoriseeritud v\u00f5i reguleeritavate s\u00fcsteemidega?<\/b><\/p>\n<p>Jah, alumiiniumist lamellid on v\u00f5imalik integreerida nii fikseeritud kui ka reguleeritavate lamellide s\u00fcsteemidesse, sealhulgas mootoriga.<br \/>\n<\/p><br \/>\n<br \/>\n<p><b>7.Millised pinnaviimistlused on saadaval alumiiniumist lamellide puhul?<\/b><\/p>\n<p>Populaarsed viimistlused on anodeerimine, pulberv\u00e4rvimine, puidumass ja PVDF-kate, mis tagavad vastupidavuse ja esteetilisuse.<br \/>\n<\/p><br \/><\/p>","protected":false},"featured_media":7357,"template":"","categories":[67],"class_list":["post-7358","product","type-product","status-publish","has-post-thumbnail","hentry","category-architectural-aluminium-profile"],"meta_box":{"hilight_text_group":{"product_hilight_text":"<li>Made from high-strength aluminum for long-lasting durability<\/li>\r\r\n<li>Lightweight design allows for easy handling and installation<\/li>\r\r\n<li>Corrosion-resistant surface ideal for outdoor and humid environments<\/li>\r\r\n<li>Customizable in shape, size, angle, and finish to match project needs<\/li>\r\r\n<li>Provides effective ventilation, shading, and privacy<\/li>\r\r\n<li>Suitable for architectural fa?ades, HVAC systems, and sunshade applications<\/li>","product_chanpin_blog":"<ul>\r\r\n<li><a href=\"https:\/\/sinoextrud.com\/t-slot-v-slot-differences\/\" target=\"_blank\">t slot vs v slot<\/a><\/li>\r\r\n<li><a href=\"https:\/\/sinoextrud.com\/what-is-4040-aluminium-extrud\/\" target=\"_blank\">4040 aluminium extrusion<\/a><\/li>\r\r\n<li><a href=\"https:\/\/sinoextrud.com\/what-is-4040-aluminium-extrud\/\" target=\"_blank\">aluminum extrusions for industrial racks<\/a><\/li>\r\r\n<li><a href=\"https:\/\/sinoextrud.com\/powder-coating-aluminium-process\/\" target=\"_blank\">powder coating aluminium<\/a><\/li>\r\r\n<li><a href=\"https:\/\/sinoextrud.com\/what-is-an-aluminium-strip-ceiling\/\" target=\"_blank\">aluminium strip ceiling<\/a><\/li>\r\r\n<li><a href=\"https:\/\/sinoextrud.com\/what-is-a-heat-sink\/\" target=\"_blank\">what is a heat sink<\/a><\/li>\r\r\n<\/ul>","product_chanpin_chanpin":"<li><a href=\"https:\/\/sinoextrud.com\/product\/aluminum-profiles-partition\/\" target=\"_blank\">Aluminum Profiles Partition<\/a><\/li>\r\n<li><a href=\"https:\/\/sinoextrud.com\/product\/aluminum-handle-profile\/\" target=\"_blank\">Aluminum Handle Profile<\/a><\/li>\r\n<li><a href=\"https:\/\/sinoextrud.com\/product\/aluminum-decorative-timber-batten-3d-aluminum-profiles-timber-ceilings-u-shaped-baffle-ceiling\/\" target=\"_blank\">Aluminum Decorative Timber Batten 3D Aluminum Profiles Timber Ceilings U-shaped Baffle Ceiling<\/a><\/li>\r\n<li><a href=\"https:\/\/sinoextrud.com\/product\/aluminum-alloy-profile\/\" target=\"_blank\">Aluminum Alloy Profile<\/a><\/li>\r\n<li><a href=\"https:\/\/sinoextrud.com\/product\/aluminum-louver-blades\/\" target=\"_blank\">Aluminum Louver Blades<\/a><\/li>\r\n<li><a href=\"https:\/\/sinoextrud.com\/product\/fabricated-aluminium-extrusions-electrophoresis-champagne\/\" target=\"_blank\">Fabricated Aluminium Extrusions Electrophoresis Champagne<\/a><\/li>\r\n<li><a href=\"https:\/\/sinoextrud.com\/product\/aluminum-extruded-profile-f-channel\/\" target=\"_blank\">Aluminum Extruded Profile F Channel<\/a><\/li>\r\n<li><a href=\"https:\/\/sinoextrud.com\/product\/cnc-machining-aluminum-hat-channel-extrusions\/\" target=\"_blank\">CNC Machining Aluminum Hat Channel Extrusions<\/a><\/li>\r\n<li><a href=\"https:\/\/sinoextrud.com\/product\/bulk-extruded-aluminum\/\" target=\"_blank\">Bulk Extruded Aluminum<\/a><\/li>\r\n<li><a href=\"https:\/\/sinoextrud.com\/product\/round-aluminum-extrusion-tubular-cnc-bending\/\" target=\"_blank\">Round Aluminum Extrusion Tubular Cnc Bending<\/a><\/li>\r\n<li><a href=\"https:\/\/sinoextrud.com\/product\/2024-2014-alloy-aluminum-profiles\/\" target=\"_blank\">2024 2014 Alloy Aluminum Profiles<\/a><\/li>"},"feature_list":[]},"_links":{"self":[{"href":"https:\/\/sinoextrud.com\/et\/wp-json\/wp\/v2\/product\/7358","targetHints":{"allow":["GET"]}}],"collection":[{"href":"https:\/\/sinoextrud.com\/et\/wp-json\/wp\/v2\/product"}],"about":[{"href":"https:\/\/sinoextrud.com\/et\/wp-json\/wp\/v2\/types\/product"}],"wp:featuredmedia":[{"embeddable":true,"href":"https:\/\/sinoextrud.com\/et\/wp-json\/wp\/v2\/media\/7357"}],"wp:attachment":[{"href":"https:\/\/sinoextrud.com\/et\/wp-json\/wp\/v2\/media?parent=7358"}],"wp:term":[{"taxonomy":"category","embeddable":true,"href":"https:\/\/sinoextrud.com\/et\/wp-json\/wp\/v2\/categories?post=7358"}],"curies":[{"name":"wp","href":"https:\/\/api.w.org\/{rel}","templated":true}]}}