{"id":7350,"date":"2025-06-07T03:39:22","date_gmt":"2025-06-07T03:39:22","guid":{"rendered":"https:\/\/sinoextrud.com\/product\/aluminum-profiles-partition\/"},"modified":"2025-06-24T06:12:36","modified_gmt":"2025-06-24T06:12:36","slug":"alumiiniumprofiilide-vahesein","status":"publish","type":"product","link":"https:\/\/sinoextrud.com\/et\/product\/aluminum-profiles-partition\/","title":{"rendered":"Alumiiniumprofiilide vaheseinad"},"content":{"rendered":"<h2>Toodete \u00fcksikasjad<\/h2>\n<table class=\"custom-table\">\n<tr>\n<td class=\"label\">Hinne :<\/td>\n<td>6063<\/td>\n<\/tr>\n<tr>\n<td class=\"label\">Temperament :<\/td>\n<td>T5<\/td>\n<\/tr>\n<tr>\n<td class=\"label\">Pulbri paksus :<\/td>\n<td>40~78\u03bcm<\/td>\n<\/tr>\n<tr>\n<td class=\"label\">T\u00f5mbetugevus :<\/td>\n<td>\u2265 230Mpa<\/td>\n<\/tr>\n<tr>\n<td class=\"label\">Mahtuvuspiirang :<\/td>\n<td>\u2265 210Mpa<\/td>\n<\/tr>\n<tr>\n<td class=\"label\">K\u00f5vadus :<\/td>\n<td>\u2265 11HW<\/td>\n<\/tr>\n<tr>\n<td class=\"label\">V\u00e4ljund :<\/td>\n<td>15000t\/kuu<\/td>\n<\/tr>\n<tr>\n<td class=\"label\">MOQ :<\/td>\n<td>200KG\/\u00fchik<\/td>\n<\/tr>\n<tr>\n<td class=\"label\">Pakkimismaterjal:<\/td>\n<td>PE+PVC v\u00f5i PE+EPE<\/td>\n<\/tr>\n<tr>\n<td class=\"label\">Maksetingimused :<\/td>\n<td>T\/T, L\/C<\/td>\n<\/tr>\n<tr>\n<td class=\"label\">Tarnet\u00e4htaeg :<\/td>\n<td>20~25 p\u00e4eva p\u00e4rast hoiuse saamist<\/td>\n<\/tr>\n<tr>\n<td class=\"label\">Laadimiskaal :<\/td>\n<td>10t~12t\/20'GP, 20t~24t\/40'GP<\/td>\n<\/tr>\n<tr>\n<td class=\"label\">Laadimissadam :<\/td>\n<td>Foshan, Guangzhou, Shenzhen<\/td>\n<\/tr>\n<tr>\n<td class=\"label\">OEM &amp; ODM :<\/td>\n<td>Aktsepteeritav. Tasuta pakutavad n\u00e4idised<\/td>\n<\/tr>\n<tr>\n<td class=\"label\">Ekspordi pikkus :<\/td>\n<td>Tavaline 3~6m v\u00f5i l\u00f5igatud teatud suurusega vastavalt vajadusele<\/td>\n<\/tr>\n<tr>\n<td class=\"label\">Pinnat\u00f6\u00f6tlus:<\/td>\n<td>Veski, pulberv\u00e4rv, anooditud, elektroforees, puidurafineeritud<\/td>\n<\/tr>\n<tr>\n<td class=\"label\">V\u00e4rv :<\/td>\n<td>H\u00f5be, \u0161ampanja, pronks, kuld, must, valge v\u00f5i vastavalt vajadusele.<\/td>\n<\/tr>\n<tr>\n<td class=\"label\">Taotlus :<\/td>\n<td>Aknad ja uksed, vaheseinad, arhitektuurilahendused, t\u00f6\u00f6stus jne.<\/td>\n<\/tr>\n<tr>\n<td class=\"label\">Kuum m\u00fc\u00fca turul :<\/td>\n<td>Kogu maailmas<\/td>\n<\/tr>\n<tr>\n<td class=\"label\">Sertifitseerimine:<\/td>\n<td>GB5237-2008 , ISO9001:2008 , CQM ,CE<\/td>\n<\/tr>\n<\/table>\n<h2>Meie tootmisbaas<\/h2>\n<h3>Tehase panoraam<\/h3>\n<p><img decoding=\"async\" src=\"\/wp-content\/uploads\/factory-01.webp\"\/><\/p>\n<h3>Alumiiniumvarraste tootmise t\u00f6\u00f6koda<\/h3>\n<p><img decoding=\"async\" src=\"\/wp-content\/uploads\/factory-02.webp\"\/><\/p>\n<\/p>\n<p><img decoding=\"async\" src=\"\/wp-content\/uploads\/factory-03.webp\"\/><\/p>\n<h3>hallituse ladustamise ladu<\/h3>\n<p><img decoding=\"async\" src=\"\/wp-content\/uploads\/factory-04.webp\"\/><\/p>\n<h3>43 alumiiniumi ekstrusiooniliini (500-5500 tonni)<\/h3>\n<p><img decoding=\"async\" src=\"\/wp-content\/uploads\/factory-05.webp\"\/><\/p>\n<p><img decoding=\"async\" src=\"\/wp-content\/uploads\/factory-06.webp\"\/><\/p>\n<p><img decoding=\"async\" src=\"\/wp-content\/uploads\/factory-07.webp\"\/><\/p>\n<h3>Pulberv\u00e4rvimise t\u00f6\u00f6koda<\/h3>\n<p><img decoding=\"async\" src=\"\/wp-content\/uploads\/factory-09.webp\"\/><\/p>\n<h3>Anodiseerimise t\u00f6\u00f6koda<\/h3>\n<p><img decoding=\"async\" src=\"\/wp-content\/uploads\/factory-10.webp\"\/><\/p>\n<h3>S\u00fcgavt\u00f6\u00f6tlemise t\u00f6\u00f6tuba<\/h3>\n<p><img decoding=\"async\" src=\"\/wp-content\/uploads\/factory-11.webp\"\/><\/p>\n<h3>CNC-t\u00e4ppist\u00f6\u00f6tlemise t\u00f6\u00f6koda<\/h3>\n<p><img decoding=\"async\" src=\"\/wp-content\/uploads\/factory-11.5.webp\"\/><\/p>\n<h3>Valmistoodete ja ekspordi ladu<\/h3>\n<p><img decoding=\"async\" src=\"\/wp-content\/uploads\/factory-12.webp\"\/><\/p>\n<p><img decoding=\"async\" src=\"\/wp-content\/uploads\/factory-13.webp\"\/><\/p>\n<p><img decoding=\"async\" src=\"\/wp-content\/uploads\/factory-14.webp\"\/><\/p>\n<h2>KKK<\/h2>\n<p><b>1.Mis on vaheseinte alumiiniumprofiilid?<\/b><\/p>\n<p>Alumiiniumprofiilid vaheseinte jaoks on konstruktsioonikomponendid, mida kasutatakse moodulseinas\u00fcsteemide loomiseks kontorites, jaem\u00fc\u00fcgiruumides ja avalikes hoonetes.\n<\/p>\n<p><\/p>\n<p><b>2.Miks kasutada alumiiniumprofiile vahes\u00fcsteemide jaoks?<\/b><\/p>\n<p>Alumiinium on kerge, korrosioonikindel ja pakub elegantset moodsat v\u00e4limust, mist\u00f5ttu on see ideaalne vastupidav ja stiilne vahesein.\n<\/p>\n<p><\/p>\n<p><b>3.Kas alumiiniumist vaheseinaprofiilid on kohandatavad?<\/b><\/p>\n<p>Jah, neid saab kohandada suuruse, ristl\u00f5ike, v\u00e4rvi ja viimistluse poolest vastavalt erinevatele sisekujunduslikele ja funktsionaalsetele n\u00f5uetele.\n<\/p>\n<p><\/p>\n<p><b>4.Millised paneelid sobivad alumiiniumist vaheseinaprofiilidega?<\/b><\/p>\n<p>Alumiiniumist vaheseinas\u00fcsteemid sobivad kokku klaas-, puit-, PVC-, akr\u00fc\u00fcl- ja komposiitpaneelidega.\n<\/p>\n<p><\/p>\n<p><b>5.Kas alumiiniumist vaheseinaprofiilide paigaldamine on lihtne?<\/b><\/p>\n<p>Kindlasti on need m\u00f5eldud kiireks kokkupanekuks lihtsate t\u00f6\u00f6riistade ja minimaalse t\u00f6\u00f6j\u00f5u abil.\n<\/p>\n<p><\/p>\n<p><b>6.Kas need profiilid sobivad kaubanduslikesse kontorikeskkondadesse?<\/b><\/p>\n<p>Jah, neid kasutatakse laialdaselt kontorites, m\u00fc\u00fcgisaalides, pankades ja t\u00f6\u00f6ruumides t\u00e4nu nende professionaalsele v\u00e4limusele ja paindlikkusele.\n<\/p>\n<p><\/p>\n<p><b>7.Millised pinnaviimistlused on saadaval alumiiniumist vaheseinaprofiilidele?<\/b><\/p>\n<p>\u00dcldine viimistlus on anodeeritud, pulberv\u00e4rvitud, harjatud ja puidumassiga, mis tagab vastupidavuse ja visuaalse atraktiivsuse.\n<\/p>\n<p><\/p>","protected":false},"featured_media":7349,"template":"","categories":[67],"class_list":["post-7350","product","type-product","status-publish","has-post-thumbnail","hentry","category-architectural-aluminium-profile"],"meta_box":{"hilight_text_group":{"product_hilight_text":"<li>Durable aluminum construction ensures long-lasting partition support<\/li>\r\r\n<li>Lightweight material allows for easy handling and installation<\/li>\r\r\n<li>Corrosion-resistant surface suitable for indoor office and commercial use<\/li>\r\r\n<li>Modern and minimal design enhances space aesthetics<\/li>\r\r\n<li>Customizable in shape, color, and finish to match interior styles<\/li>\r\r\n<li>Compatible with glass, wood, and panel inserts for flexible configurations<\/li>","product_chanpin_blog":"<ul>\r\r\n<li><a href=\"https:\/\/sinoextrud.com\/t-slot-v-slot-differences\/\" target=\"_blank\">t slot vs v slot<\/a><\/li>\r\r\n<li><a href=\"https:\/\/sinoextrud.com\/what-is-4040-aluminium-extrud\/\" target=\"_blank\">4040 aluminium extrusion<\/a><\/li>\r\r\n<li><a href=\"https:\/\/sinoextrud.com\/what-is-4040-aluminium-extrud\/\" target=\"_blank\">aluminum extrusions for industrial racks<\/a><\/li>\r\r\n<li><a href=\"https:\/\/sinoextrud.com\/powder-coating-aluminium-process\/\" target=\"_blank\">powder coating aluminium<\/a><\/li>\r\r\n<li><a href=\"https:\/\/sinoextrud.com\/what-is-an-aluminium-strip-ceiling\/\" target=\"_blank\">aluminium strip ceiling<\/a><\/li>\r\r\n<li><a href=\"https:\/\/sinoextrud.com\/what-is-a-heat-sink\/\" target=\"_blank\">what is a heat sink<\/a><\/li>\r\r\n<\/ul>","product_chanpin_chanpin":"<li><a href=\"https:\/\/sinoextrud.com\/product\/aluminum-profile-for-office-partition-catalog\/\" target=\"_blank\">Aluminum Profile For Office Partition Catalog<\/a><\/li>\r\n<li><a href=\"https:\/\/sinoextrud.com\/product\/modular-aluminium-extrusions\/\" target=\"_blank\">Modular Aluminium Extrusions<\/a><\/li>\r\n<li><a href=\"https:\/\/sinoextrud.com\/product\/aluminum-corner-extrusion-profiles\/\" target=\"_blank\">Aluminum Corner Extrusion Profiles<\/a><\/li>\r\n<li><a href=\"https:\/\/sinoextrud.com\/product\/aluminum-profile-for-windows-and-door-aluminum-curtain-wall-profile-extrusion\/\" target=\"_blank\">Aluminum Profile for Windows and Door Aluminum Curtain Wall Profile Extrusion<\/a><\/li>\r\n<li><a href=\"https:\/\/sinoextrud.com\/product\/aluminum-profiles-partition\/\" target=\"_blank\">Aluminum Profiles Partition<\/a><\/li>\r\n<li><a href=\"https:\/\/sinoextrud.com\/product\/aluminum-handle-profile\/\" target=\"_blank\">Aluminum Handle Profile<\/a><\/li>\r\n<li><a href=\"https:\/\/sinoextrud.com\/product\/aluminum-decorative-timber-batten-3d-aluminum-profiles-timber-ceilings-u-shaped-baffle-ceiling\/\" target=\"_blank\">Aluminum Decorative Timber Batten 3D Aluminum Profiles Timber Ceilings U-shaped Baffle Ceiling<\/a><\/li>\r\n<li><a href=\"https:\/\/sinoextrud.com\/product\/aluminum-alloy-profile\/\" target=\"_blank\">Aluminum Alloy Profile<\/a><\/li>\r\n<li><a href=\"https:\/\/sinoextrud.com\/product\/aluminum-louver-blades\/\" target=\"_blank\">Aluminum Louver Blades<\/a><\/li>\r\n<li><a href=\"https:\/\/sinoextrud.com\/product\/aluminum-extrusion-box\/\" target=\"_blank\">aluminum extrusion box<\/a><\/li>\r\n<li><a href=\"https:\/\/sinoextrud.com\/product\/extrusion-aluminum-pipe-anodized-sandblasted-black\/\" target=\"_blank\">Extrusion Aluminum Pipe Anodized Sandblasted Black<\/a><\/li>"},"feature_list":[]},"_links":{"self":[{"href":"https:\/\/sinoextrud.com\/et\/wp-json\/wp\/v2\/product\/7350","targetHints":{"allow":["GET"]}}],"collection":[{"href":"https:\/\/sinoextrud.com\/et\/wp-json\/wp\/v2\/product"}],"about":[{"href":"https:\/\/sinoextrud.com\/et\/wp-json\/wp\/v2\/types\/product"}],"wp:featuredmedia":[{"embeddable":true,"href":"https:\/\/sinoextrud.com\/et\/wp-json\/wp\/v2\/media\/7349"}],"wp:attachment":[{"href":"https:\/\/sinoextrud.com\/et\/wp-json\/wp\/v2\/media?parent=7350"}],"wp:term":[{"taxonomy":"category","embeddable":true,"href":"https:\/\/sinoextrud.com\/et\/wp-json\/wp\/v2\/categories?post=7350"}],"curies":[{"name":"wp","href":"https:\/\/api.w.org\/{rel}","templated":true}]}}