{"id":7348,"date":"2025-06-07T03:37:34","date_gmt":"2025-06-07T03:37:34","guid":{"rendered":"https:\/\/sinoextrud.com\/product\/aluminum-profile-for-windows-and-door-aluminum-curtain-wall-profile-extrusion\/"},"modified":"2025-06-24T06:12:36","modified_gmt":"2025-06-24T06:12:36","slug":"alumiiniumprofiil-akende-ja-uste-jaoks-alumiiniumist-kardinaseina-profiili-ekstrusioon","status":"publish","type":"product","link":"https:\/\/sinoextrud.com\/et\/product\/aluminum-profile-for-windows-and-door-aluminum-curtain-wall-profile-extrusion\/","title":{"rendered":"Alumiiniumprofiil akende ja uste alumiiniumist kardinaseina profiili ekstrusioonist"},"content":{"rendered":"<h2>Toodete \u00fcksikasjad<\/h2>\n<table class=\"custom-table\">\n<tr>\n<td class=\"label\">Objekt:<\/td>\n<td>Alumiiniumprofiil akende ja uste alumiiniumist kardinaseina profiili ekstrusioonist<\/td>\n<\/tr>\n<tr>\n<td class=\"label\">Materjal:<\/td>\n<td>100% alumiiniumprofiili sulam: 6063-T5,6061-T6,6463-T5,7075-T6,6082,5052,2024,7005,6013,7020 jne.<\/td>\n<\/tr>\n<tr>\n<td class=\"label\">Br\u00e4ndi :<\/td>\n<td>Sinoextrud Aluminium\/Sinoextrud alumiiniumprofiilid <\/td>\n<\/tr>\n<tr>\n<td class=\"label\">Suurus:<\/td>\n<td>1m-9m v\u00f5i kohandatud suurus<\/td>\n<\/tr>\n<tr>\n<td class=\"label\">Taotlus<\/td>\n<td>M\u00f6\u00f6bel, aknad ja uksed, dekoratsioonid, t\u00f6\u00f6stus, ehitus jne.<\/td>\n<\/tr>\n<tr>\n<td class=\"label\">V\u00e4rvid:<\/td>\n<td>Anodeeritud, puidumass, pulberv\u00e4rvimine, anodeeritud poleeritud ja harjatud, elektroforees, flurokarbonaadiga pulberv\u00e4rvitud jne.<\/td>\n<\/tr>\n<tr>\n<td class=\"label\">MOQ:<\/td>\n<td>200 kg iga profiili kohta<\/td>\n<\/tr>\n<tr>\n<td class=\"label\">OEM teenus<\/td>\n<td>kliendi koostatud jooniste v\u00f5i n\u00e4idiste alusel<\/td>\n<\/tr>\n<tr>\n<td class=\"label\">Sertifitseerimine saadaval<\/td>\n<td>ISO: 9001, SONCAP, BV sertifikaat v\u00f5i kliendi sertifikaat saadaval<\/td>\n<\/tr>\n<tr>\n<td class=\"label\">Pakendamise \u00fcksikasjad<\/td>\n<td>(1) Sisemine : pakitud plastist kaitsekilega, et kaitsta iga profiili<br \/>\n(2) V\u00e4ljaspool: pakitud veekindla j\u00f5upaberiga<\/td>\n<\/tr>\n<tr>\n<td class=\"label\">Tarneaeg:<\/td>\n<td>(1) Die arendamine ja proovi testimine :12-18 p\u00e4eva.<br \/>\n(2) Tootmise kestus: 25-30 p\u00e4eva p\u00e4rast seda, kui ostja on proovi kinnitanud.<\/td>\n<\/tr>\n<tr>\n<td class=\"label\">Maksetingimused:<\/td>\n<td>T\/T, 30% ettemaks, samas kui saldo makstakse v\u00e4lja enne tarnimist<\/td>\n<\/tr>\n<tr>\n<td class=\"label\">Arveldust\u00e4htaeg:<\/td>\n<td>L\u00f5plik makse p\u00f5hineb l\u00f5plikul tegelikul f\u00fc\u00fcsilisel kaalumisel.<\/td>\n<\/tr>\n<tr>\n<td class=\"label\">Tootmisv\u00f5imsus:<\/td>\n<td>15 000+ tonni kuus.<\/td>\n<\/tr>\n<tr>\n<td class=\"label\">Tootmise garantii<\/td>\n<td>Pinnav\u00e4rv on siseruumides kasutamisel v\u00f5imeline s\u00e4ilima 10-20 aastat.<\/td>\n<\/tr>\n<tr>\n<td class=\"label\">Sadam:<\/td>\n<td>FOB Shenzhen, Guangzhou, Foshan<\/td>\n<\/tr>\n<\/table>\n<h2>Meie tootmisbaas<\/h2>\n<h3>Tehase panoraam<\/h3>\n<p><img decoding=\"async\" src=\"\/wp-content\/uploads\/factory-01.webp\"\/><\/p>\n<h3>Alumiiniumvarraste tootmise t\u00f6\u00f6koda<\/h3>\n<p><img decoding=\"async\" src=\"\/wp-content\/uploads\/factory-02.webp\"\/><\/p>\n<\/p>\n<p><img decoding=\"async\" src=\"\/wp-content\/uploads\/factory-03.webp\"\/><\/p>\n<h3>hallituse ladustamise ladu<\/h3>\n<p><img decoding=\"async\" src=\"\/wp-content\/uploads\/factory-04.webp\"\/><\/p>\n<h3>43 alumiiniumi ekstrusiooniliini (500-5500 tonni)<\/h3>\n<p><img decoding=\"async\" src=\"\/wp-content\/uploads\/factory-05.webp\"\/><\/p>\n<p><img decoding=\"async\" src=\"\/wp-content\/uploads\/factory-06.webp\"\/><\/p>\n<p><img decoding=\"async\" src=\"\/wp-content\/uploads\/factory-07.webp\"\/><\/p>\n<h3>Pulberv\u00e4rvimise t\u00f6\u00f6koda<\/h3>\n<p><img decoding=\"async\" src=\"\/wp-content\/uploads\/factory-09.webp\"\/><\/p>\n<h3>Anodiseerimise t\u00f6\u00f6koda<\/h3>\n<p><img decoding=\"async\" src=\"\/wp-content\/uploads\/factory-10.webp\"\/><\/p>\n<h3>S\u00fcgavt\u00f6\u00f6tlemise t\u00f6\u00f6tuba<\/h3>\n<p><img decoding=\"async\" src=\"\/wp-content\/uploads\/factory-11.webp\"\/><\/p>\n<h3>CNC-t\u00e4ppist\u00f6\u00f6tlemise t\u00f6\u00f6koda<\/h3>\n<p><img decoding=\"async\" src=\"\/wp-content\/uploads\/factory-11.5.webp\"\/><\/p>\n<h3>Valmistoodete ja ekspordi ladu<\/h3>\n<p><img decoding=\"async\" src=\"\/wp-content\/uploads\/factory-12.webp\"\/><\/p>\n<p><img decoding=\"async\" src=\"\/wp-content\/uploads\/factory-13.webp\"\/><\/p>\n<p><img decoding=\"async\" src=\"\/wp-content\/uploads\/factory-14.webp\"\/><\/p>\n<h2>KKK<\/h2>\n<p><b>1.Mis on alumiiniumprofiil akende, uste ja kardinate jaoks?<\/b><\/p>\n<p>See on pressitud alumiiniumprofiil, mis on spetsiaalselt ette n\u00e4htud akende, uste ja kardinaseinas\u00fcsteemide klaasi raamimiseks ja toetamiseks.\n<\/p>\n<p><\/p>\n<p><b>2.Miks kasutada alumiiniumprofiile uste ja kardinate jaoks?<\/b><\/p>\n<p>Alumiinium pakub suurt tugevust, korrosioonikindlust ja disaini paindlikkust, mist\u00f5ttu on see ideaalne kaasaegsete ja energiat\u00f5husate arhitektuuris\u00fcsteemide jaoks.\n<\/p>\n<p><\/p>\n<p><b>3.Kas need alumiiniumprofiilid sobivad suurte klaasist kardinaseinte jaoks?<\/b><\/p>\n<p>Jah, need on konstrueeritud nii, et nad suudavad toime tulla suurte vahedega ja raskete klaasidega, s\u00e4ilitades samal ajal struktuurilise terviklikkuse ja visuaalse atraktiivsuse.\n<\/p>\n<p><\/p>\n<p><b>4.Kas alumiiniumprofiile saab kohandada konkreetsete projektide jaoks?<\/b><\/p>\n<p>Kindlasti on saadaval kohandatud ekstrusiooniteenused ainulaadsete m\u00f5\u00f5tmete, kuju, viimistluse ja j\u00f5udlusn\u00f5uete jaoks.\n<\/p>\n<p><\/p>\n<p><b>5.Milliseid pinnaviimistlusi pakutakse alumiiniumist kardinaprofiilidele?<\/b><\/p>\n<p>Levinud viimistlused h\u00f5lmavad anodeerimist, pulberv\u00e4rvimist, PVDF-katet ja puidumassi, et suurendada esteetilisust ja ilmastikukindlust.\n<\/p>\n<p><\/p>\n<p><b>6.Kas alumiiniumprofiilid toetavad soojusisolatsiooni ehituss\u00fcsteemides?<\/b><\/p>\n<p>Jah, paljudele profiilidele saab paigaldada soojustagastusi ja soojustatud klaasi, et parandada energiat\u00f5husust ja v\u00e4hendada soojus\u00fclekannet.\n<\/p>\n<p><\/p>\n<p><b>7.Kas alumiiniumprofiilide ekstrusioonile on saadaval tehase otsehindu?<\/b><\/p>\n<p>Jah, enamik tootjaid pakub suurte tellimuste ja OEM-partnerluste puhul konkurentsiv\u00f5imelist tehasehinda.\n<\/p>\n<p><\/p>","protected":false},"featured_media":7347,"template":"","categories":[67],"class_list":["post-7348","product","type-product","status-publish","has-post-thumbnail","hentry","category-architectural-aluminium-profile"],"meta_box":{"hilight_text_group":{"product_hilight_text":"<li>High-strength aluminum profiles ensure structural integrity for windows, doors, and curtain walls<\/li>\r\r\n<li>Lightweight material simplifies transportation and installation<\/li>\r\r\n<li>Excellent thermal and sound insulation with compatible glazing systems<\/li>\r\r\n<li>Corrosion-resistant finishes like anodizing and powder coating available<\/li>\r\r\n<li>Custom extrusion profiles for OEM and architectural project requirements<\/li>\r\r\n<li>Precision manufacturing guarantees consistent quality and tight tolerances<\/li>","product_chanpin_blog":"<ul>\r\r\n<li><a href=\"https:\/\/sinoextrud.com\/t-slot-v-slot-differences\/\" target=\"_blank\">t slot vs v slot<\/a><\/li>\r\r\n<li><a href=\"https:\/\/sinoextrud.com\/what-is-4040-aluminium-extrud\/\" target=\"_blank\">4040 aluminium extrusion<\/a><\/li>\r\r\n<li><a href=\"https:\/\/sinoextrud.com\/what-is-4040-aluminium-extrud\/\" target=\"_blank\">aluminum extrusions for industrial racks<\/a><\/li>\r\r\n<li><a href=\"https:\/\/sinoextrud.com\/powder-coating-aluminium-process\/\" target=\"_blank\">powder coating aluminium<\/a><\/li>\r\r\n<li><a href=\"https:\/\/sinoextrud.com\/what-is-an-aluminium-strip-ceiling\/\" target=\"_blank\">aluminium strip ceiling<\/a><\/li>\r\r\n<li><a href=\"https:\/\/sinoextrud.com\/what-is-a-heat-sink\/\" target=\"_blank\">what is a heat sink<\/a><\/li>\r\r\n<\/ul>","product_chanpin_chanpin":"<li><a href=\"https:\/\/sinoextrud.com\/product\/aluminum-railing\/\" target=\"_blank\">Aluminum Railing<\/a><\/li>\r\n<li><a href=\"https:\/\/sinoextrud.com\/product\/aluminum-profile-for-office-partition-catalog\/\" target=\"_blank\">Aluminum Profile For Office Partition Catalog<\/a><\/li>\r\n<li><a href=\"https:\/\/sinoextrud.com\/product\/modular-aluminium-extrusions\/\" target=\"_blank\">Modular Aluminium Extrusions<\/a><\/li>\r\n<li><a href=\"https:\/\/sinoextrud.com\/product\/aluminum-corner-extrusion-profiles\/\" target=\"_blank\">Aluminum Corner Extrusion Profiles<\/a><\/li>\r\n<li><a href=\"https:\/\/sinoextrud.com\/product\/aluminum-profile-for-windows-and-door-aluminum-curtain-wall-profile-extrusion\/\" target=\"_blank\">Aluminum Profile for Windows and Door Aluminum Curtain Wall Profile Extrusion<\/a><\/li>\r\n<li><a href=\"https:\/\/sinoextrud.com\/product\/aluminum-profiles-partition\/\" target=\"_blank\">Aluminum Profiles Partition<\/a><\/li>\r\n<li><a href=\"https:\/\/sinoextrud.com\/product\/aluminum-handle-profile\/\" target=\"_blank\">Aluminum Handle Profile<\/a><\/li>\r\n<li><a href=\"https:\/\/sinoextrud.com\/product\/aluminum-decorative-timber-batten-3d-aluminum-profiles-timber-ceilings-u-shaped-baffle-ceiling\/\" target=\"_blank\">Aluminum Decorative Timber Batten 3D Aluminum Profiles Timber Ceilings U-shaped Baffle Ceiling<\/a><\/li>\r\n<li><a href=\"https:\/\/sinoextrud.com\/product\/aluminum-alloy-profile\/\" target=\"_blank\">Aluminum Alloy Profile<\/a><\/li>\r\n<li><a href=\"https:\/\/sinoextrud.com\/product\/aluminum-channel-for-plexiglass\/\" target=\"_blank\">Aluminum Channel For Plexiglass<\/a><\/li>\r\n<li><a href=\"https:\/\/sinoextrud.com\/product\/aluminum-extrusion-profile-suppliers-for-good-kitchen-cabinet-manufacturers-cabinet-extrusion-pricing-construction-aluminium\/\" target=\"_blank\">aluminum extrusion profile suppliers for Good Kitchen cabinet manufacturers Cabinet extrusion pricing construction aluminium<\/a><\/li>"},"feature_list":[]},"_links":{"self":[{"href":"https:\/\/sinoextrud.com\/et\/wp-json\/wp\/v2\/product\/7348","targetHints":{"allow":["GET"]}}],"collection":[{"href":"https:\/\/sinoextrud.com\/et\/wp-json\/wp\/v2\/product"}],"about":[{"href":"https:\/\/sinoextrud.com\/et\/wp-json\/wp\/v2\/types\/product"}],"wp:featuredmedia":[{"embeddable":true,"href":"https:\/\/sinoextrud.com\/et\/wp-json\/wp\/v2\/media\/7347"}],"wp:attachment":[{"href":"https:\/\/sinoextrud.com\/et\/wp-json\/wp\/v2\/media?parent=7348"}],"wp:term":[{"taxonomy":"category","embeddable":true,"href":"https:\/\/sinoextrud.com\/et\/wp-json\/wp\/v2\/categories?post=7348"}],"curies":[{"name":"wp","href":"https:\/\/api.w.org\/{rel}","templated":true}]}}