{"id":7336,"date":"2025-06-07T03:27:43","date_gmt":"2025-06-07T03:27:43","guid":{"rendered":"https:\/\/sinoextrud.com\/product\/customized-extruded-aluminum-enclosure-profile\/"},"modified":"2025-06-24T06:12:34","modified_gmt":"2025-06-24T06:12:34","slug":"kohandatud-pressitud-alumiiniumist-korpusprofiil","status":"publish","type":"product","link":"https:\/\/sinoextrud.com\/et\/product\/customized-extruded-aluminum-enclosure-profile\/","title":{"rendered":"Kohandatud pressitud alumiiniumist korpusprofiil"},"content":{"rendered":"<h2>Toodete \u00fcksikasjad<\/h2>\n<table class=\"custom-table\">\n<tr>\n<td class=\"label\">Eseme t\u00fc\u00fcp<\/td>\n<td>Kohandatud pressitud alumiiniumist korpusprofiil<\/td>\n<\/tr>\n<tr>\n<td class=\"label\">Materjal<\/td>\n<td>L\u00f5ppkokkuv\u00f5te: Valmistatud 1000-seeria alumiiniumist.<br \/>\nKorpus: Valmistatud 6000-seeria alumiiniumist. Muude erimaterjalide puhul konsulteerige palun Sinoextrudiga.<\/td>\n<\/tr>\n<tr>\n<td class=\"label\">Kujundid<\/td>\n<td>Saadaval ristk\u00fcliku, \u00fcmmarguse, ruudu, kolmnurga ja muude kohandatud kujudega.<\/td>\n<\/tr>\n<tr>\n<td class=\"label\">Paksus<\/td>\n<td>Alates 0,4 kuni 50 mm. Saadaval on ka kohandatud paksused.<\/td>\n<\/tr>\n<tr>\n<td class=\"label\">V\u00e4rv<\/td>\n<td>V\u00e4rve saab kohandada vastavalt n\u00f5uetele.<\/td>\n<\/tr>\n<tr>\n<td class=\"label\">L\u00f5igatud pikkused<\/td>\n<td>L\u00f5igatakse kliendi vajadustele vastavaks pikkuseks.<\/td>\n<\/tr>\n<tr>\n<td class=\"label\">Taotlus<\/td>\n<td>Sobib videoserveritele, adapteritele, optilistele transiiveritele, ruuteritele, kontrolleritele, autode kestadele, CPS\/CPR-ide kestadele, jammerite kestadele, inverterite kestadele, protsessoriradiaatorite kestadele, v\u00f5imsuskestadele, elektroonilise side, elektriside, meditsiiniseadmete, kontrollerkarpide ja muude seadmete jaoks.<\/td>\n<\/tr>\n<tr>\n<td class=\"label\">Sertifikaat<\/td>\n<td>CE\/SGS\/ISO\/Rohs<\/td>\n<\/tr>\n<tr>\n<td class=\"label\">Teenus<\/td>\n<td>Pakkuda tasuta n\u00e4idiseid ja tasuta disainiteenuseid.<br \/>\nOEM\/ODM teenuste osutamine.<br \/>\nV\u00f5tta vastu kohandatud taotlusi.<br \/>\nTehke ettepanekuid uute kujunduslahenduste kohta.<\/td>\n<\/tr>\n<tr>\n<td class=\"label\">Pinnat\u00f6\u00f6tlus<\/td>\n<td>Valikute hulka kuuluvad anodeerimine, freesimine, galvaaniline pinnat\u00f6\u00f6tlus, poleerimine, liivapritsimine, pulberv\u00e4rvimine, harjatud, v\u00e4rvitud, PVDF jne.<\/td>\n<\/tr>\n<tr>\n<td class=\"label\">S\u00fcgav protsess<\/td>\n<td>V\u00f5imaldab CNC-t\u00f6\u00f6tlemist, puurimist, freesimist, l\u00f5ikamist, stantsimist, keevitamist, painutamist, kokkupanekut ja alumiiniumi eritellimuselementide valmistamist.<\/td>\n<\/tr>\n<tr>\n<td class=\"label\">Pakend<\/td>\n<td>Kasutab standardset ekspordipakendit v\u00f5i vastavalt eelnevale arutelule.<\/td>\n<\/tr>\n<tr>\n<td class=\"label\">Tasuta proovid<\/td>\n<td>Jah, tasuta n\u00e4idiseid v\u00f5ib anda.<\/td>\n<\/tr>\n<tr>\n<td class=\"label\">Tarneaeg<\/td>\n<td>Tavaliselt 15-20 p\u00e4eva p\u00e4rast n\u00e4idise kinnitamist ja ettemaksu laekumist. Tarneaeg v\u00f5ib olla ka kokkuleppeline.<\/td>\n<\/tr>\n<tr>\n<td class=\"label\">Sadam<\/td>\n<td>Guangzhou\/Shenzhen sadam<\/td>\n<\/tr>\n<\/table>\n<h2>Meie tootmisbaas<\/h2>\n<h3>Tehase panoraam<\/h3>\n<p><img decoding=\"async\" src=\"\/wp-content\/uploads\/factory-01.webp\"\/><\/p>\n<h3>Alumiiniumvarraste tootmise t\u00f6\u00f6koda<\/h3>\n<p><img decoding=\"async\" src=\"\/wp-content\/uploads\/factory-02.webp\"\/><\/p>\n<\/p>\n<p><img decoding=\"async\" src=\"\/wp-content\/uploads\/factory-03.webp\"\/><\/p>\n<h3>hallituse ladustamise ladu<\/h3>\n<p><img decoding=\"async\" src=\"\/wp-content\/uploads\/factory-04.webp\"\/><\/p>\n<h3>43 alumiiniumi ekstrusiooniliini (500-5500 tonni)<\/h3>\n<p><img decoding=\"async\" src=\"\/wp-content\/uploads\/factory-05.webp\"\/><\/p>\n<p><img decoding=\"async\" src=\"\/wp-content\/uploads\/factory-06.webp\"\/><\/p>\n<p><img decoding=\"async\" src=\"\/wp-content\/uploads\/factory-07.webp\"\/><\/p>\n<h3>Pulberv\u00e4rvimise t\u00f6\u00f6koda<\/h3>\n<p><img decoding=\"async\" src=\"\/wp-content\/uploads\/factory-09.webp\"\/><\/p>\n<h3>Anodiseerimise t\u00f6\u00f6koda<\/h3>\n<p><img decoding=\"async\" src=\"\/wp-content\/uploads\/factory-10.webp\"\/><\/p>\n<h3>S\u00fcgavt\u00f6\u00f6tlemise t\u00f6\u00f6tuba<\/h3>\n<p><img decoding=\"async\" src=\"\/wp-content\/uploads\/factory-11.webp\"\/><\/p>\n<h3>CNC-t\u00e4ppist\u00f6\u00f6tlemise t\u00f6\u00f6koda<\/h3>\n<p><img decoding=\"async\" src=\"\/wp-content\/uploads\/factory-11.5.webp\"\/><\/p>\n<h3>Valmistoodete ja ekspordi ladu<\/h3>\n<p><img decoding=\"async\" src=\"\/wp-content\/uploads\/factory-12.webp\"\/><\/p>\n<p><img decoding=\"async\" src=\"\/wp-content\/uploads\/factory-13.webp\"\/><\/p>\n<p><img decoding=\"async\" src=\"\/wp-content\/uploads\/factory-14.webp\"\/><\/p>\n<h2>KKK<\/h2>\n<p><b>1.Mis on kohandatud pressitud alumiiniumist korpusprofiil?<\/b><\/p>\n<p>See on spetsiaalselt valmistatud alumiiniumprofiil, mida kasutatakse elektroonika, m\u00f5\u00f5teriistade v\u00f5i t\u00f6\u00f6stuslike seadmete kaitsekorpuste loomiseks.\n<\/p>\n<p><\/p>\n<p><b>2.Miks kasutada pressitud alumiiniumi korpuste jaoks?<\/b><\/p>\n<p>Pressitud alumiinium tagab tugevuse, kerguse, korrosioonikindluse ja soojusjuhtivuse, mist\u00f5ttu on see ideaalne korpusrakenduste jaoks.\n<\/p>\n<p><\/p>\n<p><b>3.Kas korpusprofiile saab kohandada konkreetsete toodete jaoks?<\/b><\/p>\n<p>Jah, neid saab kohandada kuju, suuruse, seina paksuse ja pinnaviimistluse poolest, et t\u00e4ita konkreetseid disaini- ja funktsionaalseid vajadusi.\n<\/p>\n<p><\/p>\n<p><b>4.Kas alumiiniumist korpused sobivad v\u00e4litingimustes kasutamiseks?<\/b><\/p>\n<p>Jah, \u00f5ige pinnat\u00f6\u00f6tluse, n\u00e4iteks anodeerimise v\u00f5i pulberv\u00e4rvimise korral on need suurep\u00e4rase ilmastiku- ja korrosioonikindlusega.\n<\/p>\n<p><\/p>\n<p><b>5.Millised t\u00f6\u00f6stusharud kasutavad kohandatud alumiiniumist korpusprofiile?<\/b><\/p>\n<p>Neid kasutatakse laialdaselt elektroonika-, telekommunikatsiooni-, automaatika-, m\u00f5\u00f5teriistade ja taastuvenergia sektoris.\n<\/p>\n<p><\/p>\n<p><b>6.Millised pinnaviimistlused on saadaval alumiiniumist korpusprofiilidele?<\/b><\/p>\n<p>Tavalised viimistlusviisid on anodeerimine, pulberv\u00e4rvimine, liivapritsimine ja pintseldamine vastupidavuse ja v\u00e4limuse tagamiseks.\n<\/p>\n<p><\/p>\n<p><b>7.Kas alumiiniumist korpusprofiilid pakuvad head soojuse hajutamist?<\/b><\/p>\n<p>Kindlasti aitab alumiiniumi k\u00f5rge soojusjuhtivus t\u00f5husalt hajutada soojust suletud elektroonikakomponentidelt.\n<\/p>\n<p><\/p>","protected":false},"featured_media":7335,"template":"","categories":[67],"class_list":["post-7336","product","type-product","status-publish","has-post-thumbnail","hentry","category-architectural-aluminium-profile"],"meta_box":{"hilight_text_group":{"product_hilight_text":"<li>Custom extruded aluminum profiles designed for enclosure and housing applications<\/li>\r\r\n<li>High-precision machining ensures perfect fit and seamless assembly<\/li>\r\r\n<li>Excellent heat dissipation for electronic and industrial components<\/li>\r\r\n<li>Lightweight, corrosion-resistant material suitable for indoor and outdoor use<\/li>\r\r\n<li>OEM services available for custom dimensions, finishes, and designs<\/li>\r\r\n<li>Ideal for electronics, control boxes, instrument cases, and power supplies<\/li>","product_chanpin_blog":"<ul>\r\r\n<li><a href=\"https:\/\/sinoextrud.com\/t-slot-v-slot-differences\/\" target=\"_blank\">t slot vs v slot<\/a><\/li>\r\r\n<li><a href=\"https:\/\/sinoextrud.com\/what-is-4040-aluminium-extrud\/\" target=\"_blank\">4040 aluminium extrusion<\/a><\/li>\r\r\n<li><a href=\"https:\/\/sinoextrud.com\/what-is-4040-aluminium-extrud\/\" target=\"_blank\">aluminum extrusions for industrial racks<\/a><\/li>\r\r\n<li><a href=\"https:\/\/sinoextrud.com\/powder-coating-aluminium-process\/\" target=\"_blank\">powder coating aluminium<\/a><\/li>\r\r\n<li><a href=\"https:\/\/sinoextrud.com\/what-is-an-aluminium-strip-ceiling\/\" target=\"_blank\">aluminium strip ceiling<\/a><\/li>\r\r\n<li><a href=\"https:\/\/sinoextrud.com\/what-is-a-heat-sink\/\" target=\"_blank\">what is a heat sink<\/a><\/li>\r\r\n<\/ul>","product_chanpin_chanpin":"<li><a href=\"https:\/\/sinoextrud.com\/product\/anodized-and-powder-coated-t-slotted-aluminum-extrusion\/\" target=\"_blank\">Anodized and Powder Coated T-Slotted Aluminum Extrusion<\/a><\/li>\r\n<li><a href=\"https:\/\/sinoextrud.com\/product\/aluminum-extrusion-profile-suppliers-for-good-kitchen-cabinet-manufacturers-cabinet-extrusion-pricing-construction-aluminium\/\" target=\"_blank\">aluminum extrusion profile suppliers for Good Kitchen cabinet manufacturers Cabinet extrusion pricing construction aluminium<\/a><\/li>\r\n<li><a href=\"https:\/\/sinoextrud.com\/product\/china-industrial-extruded-aluminium-heatsink-profile\/\" target=\"_blank\">China Industrial Extruded Aluminium Heatsink Profile<\/a><\/li>\r\n<li><a href=\"https:\/\/sinoextrud.com\/product\/aluminium-window-frame-profiles\/\" target=\"_blank\">Aluminium Window Frame Profiles<\/a><\/li>\r\n<li><a href=\"https:\/\/sinoextrud.com\/product\/customized-extruded-aluminum-enclosure-profile\/\" target=\"_blank\">Customized Extruded Aluminum Enclosure Profile<\/a><\/li>\r\n<li><a href=\"https:\/\/sinoextrud.com\/product\/aluminum-alloy-wall-decoration-edge-trim-strip\/\" target=\"_blank\">Aluminum Alloy Wall Decoration Edge Trim Strip<\/a><\/li>\r\n<li><a href=\"https:\/\/sinoextrud.com\/product\/aluminum-railing\/\" target=\"_blank\">Aluminum Railing<\/a><\/li>\r\n<li><a href=\"https:\/\/sinoextrud.com\/product\/aluminum-profile-for-office-partition-catalog\/\" target=\"_blank\">Aluminum Profile For Office Partition Catalog<\/a><\/li>\r\n<li><a href=\"https:\/\/sinoextrud.com\/product\/modular-aluminium-extrusions\/\" target=\"_blank\">Modular Aluminium Extrusions<\/a><\/li>\r\n<li><a href=\"https:\/\/sinoextrud.com\/product\/architectural-aluminium-profiles\/\" target=\"_blank\">Architectural Aluminium Profiles<\/a><\/li>\r\n<li><a href=\"https:\/\/sinoextrud.com\/product\/aluminium-windows-with-mosquito-net-profile-catalog-uses-best-factory-price-per-pound\/\" target=\"_blank\">aluminium windows with mosquito net profile catalog uses best Factory Price per pound<\/a><\/li>"},"feature_list":[]},"_links":{"self":[{"href":"https:\/\/sinoextrud.com\/et\/wp-json\/wp\/v2\/product\/7336","targetHints":{"allow":["GET"]}}],"collection":[{"href":"https:\/\/sinoextrud.com\/et\/wp-json\/wp\/v2\/product"}],"about":[{"href":"https:\/\/sinoextrud.com\/et\/wp-json\/wp\/v2\/types\/product"}],"wp:featuredmedia":[{"embeddable":true,"href":"https:\/\/sinoextrud.com\/et\/wp-json\/wp\/v2\/media\/7335"}],"wp:attachment":[{"href":"https:\/\/sinoextrud.com\/et\/wp-json\/wp\/v2\/media?parent=7336"}],"wp:term":[{"taxonomy":"category","embeddable":true,"href":"https:\/\/sinoextrud.com\/et\/wp-json\/wp\/v2\/categories?post=7336"}],"curies":[{"name":"wp","href":"https:\/\/api.w.org\/{rel}","templated":true}]}}