{"id":7334,"date":"2025-06-07T03:26:04","date_gmt":"2025-06-07T03:26:04","guid":{"rendered":"https:\/\/sinoextrud.com\/product\/aluminium-window-frame-profiles\/"},"modified":"2025-06-24T06:12:33","modified_gmt":"2025-06-24T06:12:33","slug":"alumiiniumist-aknaraamide-profiilid","status":"publish","type":"product","link":"https:\/\/sinoextrud.com\/et\/product\/aluminium-window-frame-profiles\/","title":{"rendered":"Alumiiniumist aknaraamiprofiilid"},"content":{"rendered":"<h2>Toodete \u00fcksikasjad<\/h2>\n<table class=\"custom-table\">\n<tr>\n<td class=\"label\">Materjal<\/td>\n<td>Alumiiniumist aknaraamiprofiilid, klaas v\u00f5i klaas ja alumiiniumraam<\/td>\n<\/tr>\n<tr>\n<td class=\"label\">Br\u00e4nd<\/td>\n<td>Sinoextrud\/Sinoextrud<\/td>\n<\/tr>\n<tr>\n<td class=\"label\">Klaas<\/td>\n<td>A: V\u00e4rv: toonitud (hall\/roheline\/sinine\/tee\/v\u00f5i teised) v\u00f5i selge.<br \/>\nB:Special:Low-E klaas \/ peegelduv klaas \/ karastatud klaas \/ ujuvklass \/ kunstklaas<br \/>\nD.V\u00e4rv: mis tahes v\u00e4rvi<\/td>\n<\/tr>\n<tr>\n<td class=\"label\">\u00dchekordne lahendus<\/td>\n<td>Professionaalne disain, kvaliteetne valmistamine ja kogenud paigaldus<\/td>\n<\/tr>\n<tr>\n<td class=\"label\">T\u00fc\u00fcp<\/td>\n<td>Raamita klaasist vahesein v\u00f5i raamiga klaasist vahesein<\/td>\n<\/tr>\n<tr>\n<td class=\"label\">Kaubandustermin<\/td>\n<td>EXW, FOB ja CIF<\/td>\n<\/tr>\n<tr>\n<td class=\"label\">MOQ<\/td>\n<td>\u00dcle 200 ruutmeetri<\/td>\n<\/tr>\n<tr>\n<td class=\"label\">Makset\u00e4htaeg<\/td>\n<td>T\/T, L\/C jne<\/td>\n<\/tr>\n<tr>\n<td class=\"label\">Pakkimine<\/td>\n<td>Puidust ekspordikast<\/td>\n<\/tr>\n<tr>\n<td class=\"label\">Ekspordisadam<\/td>\n<td>Guangzhou v\u00f5i Shenzhen FOSHAN<\/td>\n<\/tr>\n<tr>\n<td class=\"label\">Tarneaeg<\/td>\n<td>20-25 p\u00e4eva jooksul p\u00e4rast t\u00f6\u00f6joonise kinnitamist.<\/td>\n<\/tr>\n<\/table>\n<h2>Meie tootmisbaas<\/h2>\n<h3>Tehase panoraam<\/h3>\n<p><img decoding=\"async\" src=\"\/wp-content\/uploads\/factory-01.webp\"\/><\/p>\n<h3>Alumiiniumvarraste tootmise t\u00f6\u00f6koda<\/h3>\n<p><img decoding=\"async\" src=\"\/wp-content\/uploads\/factory-02.webp\"\/><\/p>\n<p><img decoding=\"async\" src=\"\/wp-content\/uploads\/factory-03.webp\"\/><\/p>\n<h3>hallituse ladustamise ladu<\/h3>\n<p><img decoding=\"async\" src=\"\/wp-content\/uploads\/factory-04.webp\"\/><\/p>\n<h3>43 alumiiniumi ekstrusiooniliini (500-5500 tonni)<\/h3>\n<p><img decoding=\"async\" src=\"\/wp-content\/uploads\/factory-05.webp\"\/><\/p>\n<p><img decoding=\"async\" src=\"\/wp-content\/uploads\/factory-06.webp\"\/><\/p>\n<p><img decoding=\"async\" src=\"\/wp-content\/uploads\/factory-07.webp\"\/><\/p>\n<h3>Pulberv\u00e4rvimise t\u00f6\u00f6koda<\/h3>\n<p><img decoding=\"async\" src=\"\/wp-content\/uploads\/factory-09.webp\"\/><\/p>\n<h3>Anodiseerimise t\u00f6\u00f6koda<\/h3>\n<p><img decoding=\"async\" src=\"\/wp-content\/uploads\/factory-10.webp\"\/><\/p>\n<h3>S\u00fcgavt\u00f6\u00f6tlemise t\u00f6\u00f6tuba<\/h3>\n<p><img decoding=\"async\" src=\"\/wp-content\/uploads\/factory-11.webp\"\/><\/p>\n<h3>CNC-t\u00e4ppist\u00f6\u00f6tlemise t\u00f6\u00f6koda<\/h3>\n<p><img decoding=\"async\" src=\"\/wp-content\/uploads\/factory-11.5.webp\"\/><\/p>\n<h3>Valmistoodete ja ekspordi ladu<\/h3>\n<p><img decoding=\"async\" src=\"\/wp-content\/uploads\/factory-12.webp\"\/><\/p>\n<p><img decoding=\"async\" src=\"\/wp-content\/uploads\/factory-13.webp\"\/><\/p>\n<p><img decoding=\"async\" src=\"\/wp-content\/uploads\/factory-14.webp\"\/><\/p>\n<h2>KKK<\/h2>\n<p><p><b>1.Mis on alumiiniumist aknaraamiprofiilid? <\/b><\/p>\n<p> Alumiiniumist aknaraamiprofiilid on pressitud alumiiniumprofiilid, mida kasutatakse aknas\u00fcsteemide perimeetri ja kandekonstruktsiooni ehitamiseks.<br \/>\n<\/p><br \/>\n<br \/>\n<p><b>2.Miks valida aknaraamideks alumiinium? <\/b><\/p>\n<p> Alumiinium on vastupidav, korrosioonikindel ja kerge, mist\u00f5ttu sobib see ideaalselt tugevate ja v\u00e4he hooldust n\u00f5udvate aknaraamide lahenduste jaoks.<br \/>\n<\/p><br \/>\n<br \/>\n<p><b>3.Kas need profiilid toetavad topelt- v\u00f5i kolmekordseid klaase? <\/b><\/p>\n<p> Jah, alumiiniumist aknaraamiprofiilid on kavandatud nii, et need sobivad \u00fche-, kahe- v\u00f5i kolmekordse klaasi paigaldamiseks, mis parandab energiat\u00f5husust ja isolatsiooni.<br \/>\n<\/p><br \/>\n<br \/>\n<p><b>4.Kas alumiiniumist aknaraamid on ilmastikukindlad? <\/b><\/p>\n<p> Kindlasti on need v\u00e4ga vastupidavad niiskusele, UV-kiirgusele ja temperatuurik\u00f5ikumistele ning sobivad k\u00f5ikidesse kliimatingimustesse.<br \/>\n<\/p><br \/>\n<br \/>\n<p><b>5.Kas profiile saab kohandada? <\/b><\/p>\n<p> Jah, alumiiniumist aknaprofiile saab kohandada suuruse, kuju, v\u00e4rvi ja pinnaviimistluse poolest nii, et need sobiksid mis tahes hoone disainiga.<br \/>\n<\/p><br \/>\n<br \/>\n<p><b>6.Kas alumiiniumraamid vajavad sagedast hooldust? <\/b><\/p>\n<p> Ei, alumiiniumist aknaraamid on v\u00e4he hooldatavad ja vajavad ainult aeg-ajalt puhastamist, et s\u00e4ilitada oma v\u00e4limus ja toimivus.<br \/>\n<\/p><br \/>\n<br \/>\n<p><b>7.Millised viimistlused on saadaval alumiiniumist aknaprofiilidele? <\/b><\/p>\n<p> Levinud viimistlused on anodeerimine, pulberv\u00e4rvimine, puidumass ja PVDF, mis pakuvad nii vastupidavust kui ka esteetilist atraktiivsust.<br \/>\n<\/p><br \/>\n<br \/>\n<p><b>8.Kas need profiilid on keskkonnas\u00f5bralikud? <\/b><\/p>\n<p> Jah, alumiinium on 100% ringlussev\u00f5etav ja energiat\u00f5hus, aidates kaasa s\u00e4\u00e4stvatele ehitustavadele.<br \/>\n<\/p><br \/><\/p>","protected":false},"featured_media":7333,"template":"","categories":[67],"class_list":["post-7334","product","type-product","status-publish","has-post-thumbnail","hentry","category-architectural-aluminium-profile"],"meta_box":{"hilight_text_group":{"product_hilight_text":"<li>High-strength aluminum construction ensures structural stability and security.<\/li>\r\r\n<li>Corrosion-resistant surface ideal for long-term indoor and outdoor use.<\/li>\r\r\n<li>Lightweight design reduces installation effort and structural load.<\/li>\r\r\n<li>Supports multiple glazing options for improved insulation and soundproofing.<\/li>\r\r\n<li>Customizable shapes, finishes, and sizes to fit various architectural styles.<\/li>\r\r\n<li>Low maintenance material with excellent weather and UV resistance.<\/li>","product_chanpin_blog":"<ul>\r\r\n<li><a href=\"https:\/\/sinoextrud.com\/t-slot-v-slot-differences\/\" target=\"_blank\">t slot vs v slot<\/a><\/li>\r\r\n<li><a href=\"https:\/\/sinoextrud.com\/what-is-4040-aluminium-extrud\/\" target=\"_blank\">4040 aluminium extrusion<\/a><\/li>\r\r\n<li><a href=\"https:\/\/sinoextrud.com\/what-is-4040-aluminium-extrud\/\" target=\"_blank\">aluminum extrusions for industrial racks<\/a><\/li>\r\r\n<li><a href=\"https:\/\/sinoextrud.com\/powder-coating-aluminium-process\/\" target=\"_blank\">powder coating aluminium<\/a><\/li>\r\r\n<li><a href=\"https:\/\/sinoextrud.com\/what-is-an-aluminium-strip-ceiling\/\" target=\"_blank\">aluminium strip ceiling<\/a><\/li>\r\r\n<li><a href=\"https:\/\/sinoextrud.com\/what-is-a-heat-sink\/\" target=\"_blank\">what is a heat sink<\/a><\/li>\r\r\n<\/ul>","product_chanpin_chanpin":"<li><a href=\"https:\/\/sinoextrud.com\/product\/outdoor-aluminium-sun-shutters-louvres-system\/\" target=\"_blank\">Outdoor aluminium sun shutters( louvres) system<\/a><\/li>\r\n<li><a href=\"https:\/\/sinoextrud.com\/product\/anodized-and-powder-coated-t-slotted-aluminum-extrusion\/\" target=\"_blank\">Anodized and Powder Coated T-Slotted Aluminum Extrusion<\/a><\/li>\r\n<li><a href=\"https:\/\/sinoextrud.com\/product\/aluminum-extrusion-profile-suppliers-for-good-kitchen-cabinet-manufacturers-cabinet-extrusion-pricing-construction-aluminium\/\" target=\"_blank\">aluminum extrusion profile suppliers for Good Kitchen cabinet manufacturers Cabinet extrusion pricing construction aluminium<\/a><\/li>\r\n<li><a href=\"https:\/\/sinoextrud.com\/product\/china-industrial-extruded-aluminium-heatsink-profile\/\" target=\"_blank\">China Industrial Extruded Aluminium Heatsink Profile<\/a><\/li>\r\n<li><a href=\"https:\/\/sinoextrud.com\/product\/aluminium-window-frame-profiles\/\" target=\"_blank\">Aluminium Window Frame Profiles<\/a><\/li>\r\n<li><a href=\"https:\/\/sinoextrud.com\/product\/customized-extruded-aluminum-enclosure-profile\/\" target=\"_blank\">Customized Extruded Aluminum Enclosure Profile<\/a><\/li>\r\n<li><a href=\"https:\/\/sinoextrud.com\/product\/aluminum-alloy-wall-decoration-edge-trim-strip\/\" target=\"_blank\">Aluminum Alloy Wall Decoration Edge Trim Strip<\/a><\/li>\r\n<li><a href=\"https:\/\/sinoextrud.com\/product\/aluminum-railing\/\" target=\"_blank\">Aluminum Railing<\/a><\/li>\r\n<li><a href=\"https:\/\/sinoextrud.com\/product\/aluminum-profile-for-office-partition-catalog\/\" target=\"_blank\">Aluminum Profile For Office Partition Catalog<\/a><\/li>\r\n<li><a href=\"https:\/\/sinoextrud.com\/product\/extruded-aluminum-channel-stock\/\" target=\"_blank\">Extruded Aluminum Channel Stock<\/a><\/li>\r\n<li><a href=\"https:\/\/sinoextrud.com\/product\/aluminium-u-channels\/\" target=\"_blank\">Aluminium U Channels<\/a><\/li>"},"feature_list":[]},"_links":{"self":[{"href":"https:\/\/sinoextrud.com\/et\/wp-json\/wp\/v2\/product\/7334","targetHints":{"allow":["GET"]}}],"collection":[{"href":"https:\/\/sinoextrud.com\/et\/wp-json\/wp\/v2\/product"}],"about":[{"href":"https:\/\/sinoextrud.com\/et\/wp-json\/wp\/v2\/types\/product"}],"wp:featuredmedia":[{"embeddable":true,"href":"https:\/\/sinoextrud.com\/et\/wp-json\/wp\/v2\/media\/7333"}],"wp:attachment":[{"href":"https:\/\/sinoextrud.com\/et\/wp-json\/wp\/v2\/media?parent=7334"}],"wp:term":[{"taxonomy":"category","embeddable":true,"href":"https:\/\/sinoextrud.com\/et\/wp-json\/wp\/v2\/categories?post=7334"}],"curies":[{"name":"wp","href":"https:\/\/api.w.org\/{rel}","templated":true}]}}