{"id":7332,"date":"2025-06-07T03:23:16","date_gmt":"2025-06-07T03:23:16","guid":{"rendered":"https:\/\/sinoextrud.com\/product\/china-industrial-extruded-aluminium-heatsink-profile\/"},"modified":"2025-06-24T06:12:33","modified_gmt":"2025-06-24T06:12:33","slug":"hiina-toostuslik-pressitud-alumiiniumist-jahutusprofiil","status":"publish","type":"product","link":"https:\/\/sinoextrud.com\/et\/product\/china-industrial-extruded-aluminium-heatsink-profile\/","title":{"rendered":"Hiina t\u00f6\u00f6stuslik ekstrudeeritud alumiiniumist jahutusplaadi profiil"},"content":{"rendered":"<h2>Toodete \u00fcksikasjad<\/h2>\n<table class=\"custom-table\">\n<tr>\n<td class=\"label\">Objekt:<\/td>\n<td> Ekstrudeeritud alumiiniumist jahutusplaadi profiil<\/td>\n<\/tr>\n<tr>\n<td class=\"label\">Taotlus:<\/td>\n<td> Soojusp\u00fc\u00fcdja<\/td>\n<\/tr>\n<tr>\n<td class=\"label\">Hinne:<\/td>\n<td> 6000 seeria<\/td>\n<\/tr>\n<tr>\n<td class=\"label\">Temperament:<\/td>\n<td> T3 - T8<\/td>\n<\/tr>\n<tr>\n<td class=\"label\">Kasutamine:<\/td>\n<td> LED\/ elektrooniline komponent<\/td>\n<\/tr>\n<tr>\n<td class=\"label\">Kvaliteedikontroll:<\/td>\n<td> 100% Kontrollimine enne saatmist<\/td>\n<\/tr>\n<tr>\n<td class=\"label\">Tehase asukoht:<\/td>\n<td> Foshan, Hiina<\/td>\n<\/tr>\n<tr>\n<td class=\"label\">Spetsifikatsioon:<\/td>\n<td> RoHS<\/td>\n<\/tr>\n<tr>\n<td class=\"label\">T\u00fc\u00fcp:<\/td>\n<td> Alumiiniumprofiilid<\/td>\n<\/tr>\n<tr>\n<td class=\"label\">Sulam:<\/td>\n<td> Sulam<\/td>\n<\/tr>\n<tr>\n<td class=\"label\">Sertifitseerimine:<\/td>\n<td> GB\/T<\/td>\n<\/tr>\n<tr>\n<td class=\"label\">Suurus:<\/td>\n<td> Kohandatud<\/td>\n<\/tr>\n<tr>\n<td class=\"label\">Teenindus:<\/td>\n<td> OEM\/ODM<\/td>\n<\/tr>\n<tr>\n<td class=\"label\">Tarneaeg:<\/td>\n<td> 7-25 t\u00f6\u00f6p\u00e4eva (vastavalt teie kogusele)<\/td>\n<\/tr>\n<tr>\n<td class=\"label\">Pakendamise \u00fcksikasjad:<\/td>\n<td> Standardne ekspordipakend<\/td>\n<\/tr>\n<tr>\n<td class=\"label\">Kaubam\u00e4rk:<\/td>\n<td>Sinoextrud (Sinoextrud) \/ OEM<\/td>\n<\/tr>\n<tr>\n<td class=\"label\">P\u00e4ritolu:<\/td>\n<td> Foshan, Hiina<\/td>\n<\/tr>\n<\/table>\n<h2>Meie tootmisbaas<\/h2>\n<h3>Tehase panoraam<\/h3>\n<p><img decoding=\"async\" src=\"\/wp-content\/uploads\/factory-01.webp\"\/><\/p>\n<h3>Alumiiniumvarraste tootmise t\u00f6\u00f6koda<\/h3>\n<p><img decoding=\"async\" src=\"\/wp-content\/uploads\/factory-02.webp\"\/><\/p>\n<\/p>\n<p><img decoding=\"async\" src=\"\/wp-content\/uploads\/factory-03.webp\"\/><\/p>\n<h3>hallituse ladustamise ladu<\/h3>\n<p><img decoding=\"async\" src=\"\/wp-content\/uploads\/factory-04.webp\"\/><\/p>\n<h3>43 alumiiniumi ekstrusiooniliini (500-5500 tonni)<\/h3>\n<p><img decoding=\"async\" src=\"\/wp-content\/uploads\/factory-05.webp\"\/><\/p>\n<p><img decoding=\"async\" src=\"\/wp-content\/uploads\/factory-06.webp\"\/><\/p>\n<p><img decoding=\"async\" src=\"\/wp-content\/uploads\/factory-07.webp\"\/><\/p>\n<h3>Pulberv\u00e4rvimise t\u00f6\u00f6koda<\/h3>\n<p><img decoding=\"async\" src=\"\/wp-content\/uploads\/factory-09.webp\"\/><\/p>\n<h3>Anodiseerimise t\u00f6\u00f6koda<\/h3>\n<p><img decoding=\"async\" src=\"\/wp-content\/uploads\/factory-10.webp\"\/><\/p>\n<h3>S\u00fcgavt\u00f6\u00f6tlemise t\u00f6\u00f6tuba<\/h3>\n<p><img decoding=\"async\" src=\"\/wp-content\/uploads\/factory-11.webp\"\/><\/p>\n<h3>CNC-t\u00e4ppist\u00f6\u00f6tlemise t\u00f6\u00f6koda<\/h3>\n<p><img decoding=\"async\" src=\"\/wp-content\/uploads\/factory-11.5.webp\"\/><\/p>\n<h3>Valmistoodete ja ekspordi ladu<\/h3>\n<p><img decoding=\"async\" src=\"\/wp-content\/uploads\/factory-12.webp\"\/><\/p>\n<p><img decoding=\"async\" src=\"\/wp-content\/uploads\/factory-13.webp\"\/><\/p>\n<p><img decoding=\"async\" src=\"\/wp-content\/uploads\/factory-14.webp\"\/><\/p>\n<h2>KKK<\/h2>\n<p><b>1.Mis on Hiina t\u00f6\u00f6stuslik ekstrudeeritud alumiiniumist jahutusplaadi profiil?<\/b><\/p>\n<p>See on Hiinas valmistatud alumiiniumprofiil, mis on valmistatud ekstrusioonitehnoloogiaga ja m\u00f5eldud soojuse hajutamiseks t\u00f6\u00f6stuslikes elektroonilistes ja mehaanilistes s\u00fcsteemides.\n<\/p>\n<p><\/p>\n<p><b>2.Miks valida Hiinast pressitud alumiiniumist jahutusprofiilid?<\/b><\/p>\n<p>Hiina pakub kvaliteetseid t\u00f6\u00f6stuslikke pressitud alumiiniumist jahutusradiaatorid konkurentsiv\u00f5imeliste hindadega, usaldusv\u00e4\u00e4rsete tootmisv\u00f5imaluste ja kohandamisv\u00f5imalustega.\n<\/p>\n<p><\/p>\n<p><b>3.Kuidas parandab alumiiniumist jahutusprofiil jahutust?<\/b><\/p>\n<p>Selle k\u00f5rge soojusjuhtivus ja optimeeritud ribistruktuur suurendavad pindala, mis v\u00f5imaldab kiiremat soojus\u00fclekannet komponentidest keskkonda.\n<\/p>\n<p><\/p>\n<p><b>4.Kas alumiiniumist jahutusplaatide profiile saab kohandada?<\/b><\/p>\n<p>Jah, tootjad pakuvad termiliste n\u00f5uete, m\u00f5\u00f5tmete, paigaldusomaduste ja pinnaviimistluse alusel kohandatud ekstrusioone.\n<\/p>\n<p><\/p>\n<p><b>5.Kas Hiina alumiiniumist jahutusplaatide profiilid on kulut\u00f5husad?<\/b><\/p>\n<p>Kindlasti pakuvad Hiina tarnijad konkurentsiv\u00f5imelisi hindu, ilma et see kahjustaks kvaliteeti, mist\u00f5ttu on nad ideaalsed suurte tootmismahtude jaoks.\n<\/p>\n<p><\/p>\n<p><b>6.Millised t\u00f6\u00f6stusharud kasutavad pressitud alumiiniumist jahutusprofiile?<\/b><\/p>\n<p>Neid profiile kasutatakse laialdaselt elektroonikas, autot\u00f6\u00f6stuses, LED-valgustuses, toiteallikates ja t\u00f6\u00f6stuslikes masinates t\u00f5husaks soojusjuhtimiseks.\n<\/p>\n<p><\/p>\n<p><b>7.Kas alumiiniumist jahutusradade pinnat\u00f6\u00f6tlus on oluline?<\/b><\/p>\n<p>Jah, anodeerimine v\u00f5i pulberv\u00e4rvimine tagab korrosioonikindluse ja parandab soojuskiirgust, pikendades jahutusradiaatori eluiga ja j\u00f5udlust.\n<\/p>\n<p><\/p>","protected":false},"featured_media":7331,"template":"","categories":[67],"class_list":["post-7332","product","type-product","status-publish","has-post-thumbnail","hentry","category-architectural-aluminium-profile"],"meta_box":{"hilight_text_group":{"product_hilight_text":"<li>High thermal conductivity aluminum enhances heat dissipation efficiency<\/li>\r\r\n<li>Precision extrusion ensures consistent fin structure for optimal cooling<\/li>\r\r\n<li>Lightweight and durable design ideal for industrial applications<\/li>\r\r\n<li>Custom shapes and sizes available to fit specific heat management needs<\/li>\r\r\n<li>Cost-effective manufacturing from reliable China-based suppliers<\/li>\r\r\n<li>Corrosion-resistant surface treatment extends service life<\/li>","product_chanpin_blog":"<ul>\r\r\n<li><a href=\"https:\/\/sinoextrud.com\/t-slot-v-slot-differences\/\" target=\"_blank\">t slot vs v slot<\/a><\/li>\r\r\n<li><a href=\"https:\/\/sinoextrud.com\/what-is-4040-aluminium-extrud\/\" target=\"_blank\">4040 aluminium extrusion<\/a><\/li>\r\r\n<li><a href=\"https:\/\/sinoextrud.com\/what-is-4040-aluminium-extrud\/\" target=\"_blank\">aluminum extrusions for industrial racks<\/a><\/li>\r\r\n<li><a href=\"https:\/\/sinoextrud.com\/powder-coating-aluminium-process\/\" target=\"_blank\">powder coating aluminium<\/a><\/li>\r\r\n<li><a href=\"https:\/\/sinoextrud.com\/what-is-an-aluminium-strip-ceiling\/\" target=\"_blank\">aluminium strip ceiling<\/a><\/li>\r\r\n<li><a href=\"https:\/\/sinoextrud.com\/what-is-a-heat-sink\/\" target=\"_blank\">what is a heat sink<\/a><\/li>\r\r\n<\/ul>","product_chanpin_chanpin":"<li><a href=\"https:\/\/sinoextrud.com\/product\/roller-blind-aluminium-profiles\/\" target=\"_blank\">Roller blind aluminium profiles<\/a><\/li>\r\n<li><a href=\"https:\/\/sinoextrud.com\/product\/outdoor-aluminium-sun-shutters-louvres-system\/\" target=\"_blank\">Outdoor aluminium sun shutters( louvres) system<\/a><\/li>\r\n<li><a href=\"https:\/\/sinoextrud.com\/product\/anodized-and-powder-coated-t-slotted-aluminum-extrusion\/\" target=\"_blank\">Anodized and Powder Coated T-Slotted Aluminum Extrusion<\/a><\/li>\r\n<li><a href=\"https:\/\/sinoextrud.com\/product\/aluminum-extrusion-profile-suppliers-for-good-kitchen-cabinet-manufacturers-cabinet-extrusion-pricing-construction-aluminium\/\" target=\"_blank\">aluminum extrusion profile suppliers for Good Kitchen cabinet manufacturers Cabinet extrusion pricing construction aluminium<\/a><\/li>\r\n<li><a href=\"https:\/\/sinoextrud.com\/product\/china-industrial-extruded-aluminium-heatsink-profile\/\" target=\"_blank\">China Industrial Extruded Aluminium Heatsink Profile<\/a><\/li>\r\n<li><a href=\"https:\/\/sinoextrud.com\/product\/aluminium-window-frame-profiles\/\" target=\"_blank\">Aluminium Window Frame Profiles<\/a><\/li>\r\n<li><a href=\"https:\/\/sinoextrud.com\/product\/customized-extruded-aluminum-enclosure-profile\/\" target=\"_blank\">Customized Extruded Aluminum Enclosure Profile<\/a><\/li>\r\n<li><a href=\"https:\/\/sinoextrud.com\/product\/aluminum-alloy-wall-decoration-edge-trim-strip\/\" target=\"_blank\">Aluminum Alloy Wall Decoration Edge Trim Strip<\/a><\/li>\r\n<li><a href=\"https:\/\/sinoextrud.com\/product\/aluminum-railing\/\" target=\"_blank\">Aluminum Railing<\/a><\/li>\r\n<li><a href=\"https:\/\/sinoextrud.com\/product\/extruded-aluminum-tubing-shapes\/\" target=\"_blank\">Extruded Aluminum Tubing Shapes<\/a><\/li>\r\n<li><a href=\"https:\/\/sinoextrud.com\/product\/extruded-aluminum-enclosure-case\/\" target=\"_blank\">Extruded Aluminum Enclosure Case<\/a><\/li>"},"feature_list":[]},"_links":{"self":[{"href":"https:\/\/sinoextrud.com\/et\/wp-json\/wp\/v2\/product\/7332","targetHints":{"allow":["GET"]}}],"collection":[{"href":"https:\/\/sinoextrud.com\/et\/wp-json\/wp\/v2\/product"}],"about":[{"href":"https:\/\/sinoextrud.com\/et\/wp-json\/wp\/v2\/types\/product"}],"wp:featuredmedia":[{"embeddable":true,"href":"https:\/\/sinoextrud.com\/et\/wp-json\/wp\/v2\/media\/7331"}],"wp:attachment":[{"href":"https:\/\/sinoextrud.com\/et\/wp-json\/wp\/v2\/media?parent=7332"}],"wp:term":[{"taxonomy":"category","embeddable":true,"href":"https:\/\/sinoextrud.com\/et\/wp-json\/wp\/v2\/categories?post=7332"}],"curies":[{"name":"wp","href":"https:\/\/api.w.org\/{rel}","templated":true}]}}