{"id":7326,"date":"2025-06-07T03:16:21","date_gmt":"2025-06-07T03:16:21","guid":{"rendered":"https:\/\/sinoextrud.com\/product\/outdoor-aluminium-sun-shutters-louvres-system\/"},"modified":"2025-06-24T06:12:32","modified_gmt":"2025-06-24T06:12:32","slug":"valjas-alumiiniumist-paikesesirmide-rulood-susteem","status":"publish","type":"product","link":"https:\/\/sinoextrud.com\/et\/product\/outdoor-aluminium-sun-shutters-louvres-system\/","title":{"rendered":"Alumiiniumist p\u00e4ikesepaneelide (ruloode) v\u00e4litingimustes kasutatav s\u00fcsteem"},"content":{"rendered":"<h2>Toodete \u00fcksikasjad<\/h2>\n<table class=\"custom-table\">\n<tr>\n<td class=\"label\">T\u00fc\u00fcp:<\/td>\n<td> V\u00e4ljas olevad alumiiniumist p\u00e4ikesepaneelid ( louvres) s\u00fcsteem\uff0cWindow &amp; Door Aluminium Profile, Handrail, Curtain Wall<\/td>\n<\/tr>\n<tr>\n<td class=\"label\">Hinne:<\/td>\n<td>1000 seeria<\/td>\n<\/tr>\n<tr>\n<td class=\"label\">Temperament:<\/td>\n<td>T3-T8<\/td>\n<\/tr>\n<tr>\n<td class=\"label\">Akna ja ukse alumiiniumprofiil:<\/td>\n<td>60 seeria<\/td>\n<\/tr>\n<tr>\n<td class=\"label\">Sulam:<\/td>\n<td>Sulam<\/td>\n<\/tr>\n<tr>\n<td class=\"label\">Pinna viimistlemine:<\/td>\n<td>Anoodiline oks\u00fcdeerimine<\/td>\n<\/tr>\n<tr>\n<td class=\"label\">Legeeriv koostisosa:<\/td>\n<td>6063<\/td>\n<\/tr>\n<tr>\n<td class=\"label\">Sertifitseerimine:<\/td>\n<td>ISO<\/td>\n<\/tr>\n<tr>\n<td class=\"label\">Poleeritud alumiiniumprofiil:<\/td>\n<td>Mehhaaniline poleerimine<\/td>\n<\/tr>\n<tr>\n<td class=\"label\">Kaubam\u00e4rk:<\/td>\n<td>Sinoextrud \/Sinoextrud\/Sinoextrud\/Sinoextrud<\/td>\n<\/tr>\n<tr>\n<td class=\"label\">Spetsifikatsioon:<\/td>\n<td>ISO9001, ISO14001<\/td>\n<\/tr>\n<\/table>\n<h2>Meie tootmisbaas<\/h2>\n<h3>Tehase panoraam<\/h3>\n<p><img decoding=\"async\" src=\"\/wp-content\/uploads\/factory-01.webp\"\/><\/p>\n<h3>Alumiiniumvarraste tootmise t\u00f6\u00f6koda<\/h3>\n<p><img decoding=\"async\" src=\"\/wp-content\/uploads\/factory-02.webp\"\/><\/p>\n<\/p>\n<p><img decoding=\"async\" src=\"\/wp-content\/uploads\/factory-03.webp\"\/><\/p>\n<h3>hallituse ladustamise ladu<\/h3>\n<p><img decoding=\"async\" src=\"\/wp-content\/uploads\/factory-04.webp\"\/><\/p>\n<h3>43 alumiiniumi ekstrusiooniliini (500-5500 tonni)<\/h3>\n<p><img decoding=\"async\" src=\"\/wp-content\/uploads\/factory-05.webp\"\/><\/p>\n<p><img decoding=\"async\" src=\"\/wp-content\/uploads\/factory-06.webp\"\/><\/p>\n<p><img decoding=\"async\" src=\"\/wp-content\/uploads\/factory-07.webp\"\/><\/p>\n<h3>Pulberv\u00e4rvimise t\u00f6\u00f6koda<\/h3>\n<p><img decoding=\"async\" src=\"\/wp-content\/uploads\/factory-09.webp\"\/><\/p>\n<h3>Anodiseerimise t\u00f6\u00f6koda<\/h3>\n<p><img decoding=\"async\" src=\"\/wp-content\/uploads\/factory-10.webp\"\/><\/p>\n<h3>S\u00fcgavt\u00f6\u00f6tlemise t\u00f6\u00f6tuba<\/h3>\n<p><img decoding=\"async\" src=\"\/wp-content\/uploads\/factory-11.webp\"\/><\/p>\n<h3>CNC-t\u00e4ppist\u00f6\u00f6tlemise t\u00f6\u00f6koda<\/h3>\n<p><img decoding=\"async\" src=\"\/wp-content\/uploads\/factory-11.5.webp\"\/><\/p>\n<h3>Valmistoodete ja ekspordi ladu<\/h3>\n<p><img decoding=\"async\" src=\"\/wp-content\/uploads\/factory-12.webp\"\/><\/p>\n<p><img decoding=\"async\" src=\"\/wp-content\/uploads\/factory-13.webp\"\/><\/p>\n<p><img decoding=\"async\" src=\"\/wp-content\/uploads\/factory-14.webp\"\/><\/p>\n<h2>KKK<\/h2>\n<p><b>1.Mis on alumiiniumist p\u00e4ikesepaneelide (ruloode) s\u00fcsteem?<\/b><\/p>\n<p>Alumiiniumist p\u00e4ikesevarjestuss\u00fcsteem on vastupidavast alumiiniumist valmistatud p\u00e4ikesevarjestuslahendus, mis on m\u00f5eldud valguse, soojuse ja \u00f5huvoolu kontrollimiseks v\u00e4listingimustes.\n<\/p>\n<p><\/p>\n<p><b>2.Miks kasutada alumiiniumist p\u00e4ikesevarju v\u00f5i ruloode jaoks?<\/b><\/p>\n<p>Alumiinium on kerge, korrosioonikindel ja v\u00e4ga vastupidav, mist\u00f5ttu sobib see ideaalselt pikaajaliseks v\u00e4litingimustes kasutamiseks p\u00e4ikesevarju s\u00fcsteemides.\n<\/p>\n<p><\/p>\n<p><b>3.Kas alumiiniumist v\u00e4litingimustes olevad rulood on reguleeritavad?<\/b><\/p>\n<p>Jah, rulood on reguleeritavad, v\u00f5imaldades p\u00e4ikesevalguse, varju ja ventilatsiooni t\u00e4pset kontrollimist.\n<\/p>\n<p><\/p>\n<p><b>4.Can v\u00e4ljas alumiiniumist p\u00e4ikesepaneelid on kohandatud?<\/b><\/p>\n<p>Kindlasti saab neid s\u00fcsteeme kohandada suuruse, v\u00e4rvi, viimistluse ja labade konfiguratsiooni poolest, et need sobiksid erinevate arhitektuursete kujundustega.\n<\/p>\n<p><\/p>\n<p><b>5.Kas alumiiniumist p\u00e4ikesesirmid parandavad energiat\u00f5husust?<\/b><\/p>\n<p>Jah, alumiiniumist p\u00e4ikeseprillid aitavad v\u00e4hendada siseruumide soojuskoormust, v\u00e4hendades jahutuskulusid ja suurendades hoone energiat\u00f5husust.\n<\/p>\n<p><\/p>\n<p><b>6.Kas alumiiniumist ribakattes\u00fcsteemid sobivad rannikukeskkonda?<\/b><\/p>\n<p>Jah, alumiiniumi korrosioonikindlate omaduste t\u00f5ttu sobivad need ruloos\u00fcsteemid ideaalselt kasutamiseks rannikualadel ja niiskes kliimas.\n<\/p>\n<p><\/p>\n<p><b>7.Milliseid hooldust\u00f6id vajavad alumiiniumist r\u00f5htpaneelid?<\/b><\/p>\n<p>Alumiiniumist v\u00e4litingimustes kasutatavad ruloos\u00fcsteemid vajavad minimaalset hooldust, tavaliselt piisab perioodilisest puhastamisest, et s\u00e4ilitada v\u00e4limus ja funktsionaalsus.\n<\/p>\n<p><\/p>","protected":false},"featured_media":7325,"template":"","categories":[67],"class_list":["post-7326","product","type-product","status-publish","has-post-thumbnail","hentry","category-architectural-aluminium-profile"],"meta_box":{"hilight_text_group":{"product_hilight_text":"<li>Durable aluminum construction withstands outdoor weather conditions<\/li>\r\r\n<li>Adjustable louvre design provides optimal sunlight and ventilation control<\/li>\r\r\n<li>Corrosion-resistant surface ideal for coastal and humid areas<\/li>\r\r\n<li>Modern aesthetic enhances building exterior appearance<\/li>\r\r\n<li>Low maintenance and long-lasting performance<\/li>\r\r\n<li>Customizable sizes, colors, and configurations for diverse architectural needs<\/li>","product_chanpin_blog":"<ul>\r\r\n<li><a href=\"https:\/\/sinoextrud.com\/t-slot-v-slot-differences\/\" target=\"_blank\">t slot vs v slot<\/a><\/li>\r\r\n<li><a href=\"https:\/\/sinoextrud.com\/what-is-4040-aluminium-extrud\/\" target=\"_blank\">4040 aluminium extrusion<\/a><\/li>\r\r\n<li><a href=\"https:\/\/sinoextrud.com\/what-is-4040-aluminium-extrud\/\" target=\"_blank\">aluminum extrusions for industrial racks<\/a><\/li>\r\r\n<li><a href=\"https:\/\/sinoextrud.com\/powder-coating-aluminium-process\/\" target=\"_blank\">powder coating aluminium<\/a><\/li>\r\r\n<li><a href=\"https:\/\/sinoextrud.com\/what-is-an-aluminium-strip-ceiling\/\" target=\"_blank\">aluminium strip ceiling<\/a><\/li>\r\r\n<li><a href=\"https:\/\/sinoextrud.com\/what-is-a-heat-sink\/\" target=\"_blank\">what is a heat sink<\/a><\/li>\r\r\n<\/ul>","product_chanpin_chanpin":"<li><a href=\"https:\/\/sinoextrud.com\/product\/aluminium-profile-structure\/\" target=\"_blank\">Aluminium Profile Structure<\/a><\/li>\r\n<li><a href=\"https:\/\/sinoextrud.com\/product\/cabinet-aluminum-profile\/\" target=\"_blank\">Cabinet Aluminum Profile<\/a><\/li>\r\n<li><a href=\"https:\/\/sinoextrud.com\/product\/square-aluminum-tubing-with-anodized-mill-finish-polishing-treatment\/\" target=\"_blank\">Square Aluminum Tubing With Anodized Mill Finish Polishing Treatment<\/a><\/li>\r\n<li><a href=\"https:\/\/sinoextrud.com\/product\/roller-blind-aluminium-profiles\/\" target=\"_blank\">Roller blind aluminium profiles<\/a><\/li>\r\n<li><a href=\"https:\/\/sinoextrud.com\/product\/outdoor-aluminium-sun-shutters-louvres-system\/\" target=\"_blank\">Outdoor aluminium sun shutters( louvres) system<\/a><\/li>\r\n<li><a href=\"https:\/\/sinoextrud.com\/product\/anodized-and-powder-coated-t-slotted-aluminum-extrusion\/\" target=\"_blank\">Anodized and Powder Coated T-Slotted Aluminum Extrusion<\/a><\/li>\r\n<li><a href=\"https:\/\/sinoextrud.com\/product\/aluminum-extrusion-profile-suppliers-for-good-kitchen-cabinet-manufacturers-cabinet-extrusion-pricing-construction-aluminium\/\" target=\"_blank\">aluminum extrusion profile suppliers for Good Kitchen cabinet manufacturers Cabinet extrusion pricing construction aluminium<\/a><\/li>\r\n<li><a href=\"https:\/\/sinoextrud.com\/product\/china-industrial-extruded-aluminium-heatsink-profile\/\" target=\"_blank\">China Industrial Extruded Aluminium Heatsink Profile<\/a><\/li>\r\n<li><a href=\"https:\/\/sinoextrud.com\/product\/aluminium-window-frame-profiles\/\" target=\"_blank\">Aluminium Window Frame Profiles<\/a><\/li>\r\n<li><a href=\"https:\/\/sinoextrud.com\/product\/aluminium-6061\/\" target=\"_blank\">Aluminium 6061<\/a><\/li>\r\n<li><a href=\"https:\/\/sinoextrud.com\/product\/factory-offer-extrude-aluminium-track-profile\/\" target=\"_blank\">Factory Offer Extrude Aluminium Track Profile<\/a><\/li>"},"feature_list":[]},"_links":{"self":[{"href":"https:\/\/sinoextrud.com\/et\/wp-json\/wp\/v2\/product\/7326","targetHints":{"allow":["GET"]}}],"collection":[{"href":"https:\/\/sinoextrud.com\/et\/wp-json\/wp\/v2\/product"}],"about":[{"href":"https:\/\/sinoextrud.com\/et\/wp-json\/wp\/v2\/types\/product"}],"wp:featuredmedia":[{"embeddable":true,"href":"https:\/\/sinoextrud.com\/et\/wp-json\/wp\/v2\/media\/7325"}],"wp:attachment":[{"href":"https:\/\/sinoextrud.com\/et\/wp-json\/wp\/v2\/media?parent=7326"}],"wp:term":[{"taxonomy":"category","embeddable":true,"href":"https:\/\/sinoextrud.com\/et\/wp-json\/wp\/v2\/categories?post=7326"}],"curies":[{"name":"wp","href":"https:\/\/api.w.org\/{rel}","templated":true}]}}