{"id":7324,"date":"2025-06-07T03:14:47","date_gmt":"2025-06-07T03:14:47","guid":{"rendered":"https:\/\/sinoextrud.com\/product\/roller-blind-aluminium-profiles\/"},"modified":"2025-06-24T06:12:31","modified_gmt":"2025-06-24T06:12:31","slug":"ruloo-alumiiniumprofiilid","status":"publish","type":"product","link":"https:\/\/sinoextrud.com\/et\/product\/roller-blind-aluminium-profiles\/","title":{"rendered":"Rulooside alumiiniumprofiilid"},"content":{"rendered":"<h2>Toodete \u00fcksikasjad<\/h2>\n<table class=\"custom-table\">\n<tbody>\n<tr>\n<td> Toode<\/td>\n<td> Rulooside alumiiniumprofiilid<\/td>\n<\/tr>\n<tr>\n<td> Br\u00e4nd<\/td>\n<td> Sinoextrud alumiinium<\/td>\n<\/tr>\n<tr>\n<td> Sulam<\/td>\n<td> 6063,6061,6005,6082<\/td>\n<\/tr>\n<tr>\n<td> Temper<\/td>\n<td> T4,T5,T6<\/td>\n<\/tr>\n<tr>\n<td> Paksus<\/td>\n<td> 0.4mm-500mm<\/td>\n<\/tr>\n<tr>\n<td> Suurus<\/td>\n<td> kohandatud<\/td>\n<\/tr>\n<tr>\n<td> Sallivus<\/td>\n<td> +\/-0.1mm<\/td>\n<\/tr>\n<tr>\n<td> L\u00f5petamine<\/td>\n<td> h\u00f5bedane anodeeritud , leelisega , leeliseline liivapritsimine, traatjoonistus (harjamine), poleerimine, pulberv\u00e4rvimine, elektroforees, erinevad v\u00e4rvid (h\u00f5be, satiinne roostevaba, must matt, punane, pruun, kuld, \u0161ampanja jne).<\/td>\n<\/tr>\n<tr>\n<td> Sertifitseerimine<\/td>\n<td> ISO9001:2008<\/td>\n<\/tr>\n<tr>\n<td> CNC protsess<\/td>\n<td> CNC-t\u00f6\u00f6tlemine, sepistamine, painutamine, keevitamine, stantsimine, t\u00e4ppisl\u00f5ikamine<\/td>\n<\/tr>\n<tr>\n<td> N\u00e4ide<\/td>\n<td> tasuta<\/td>\n<\/tr>\n<tr>\n<td> MOQ<\/td>\n<td> 200KG<\/td>\n<\/tr>\n<\/tbody>\n<\/table>\n<h2>Meie tootmisbaas<\/h2>\n<h3>Tehase panoraam<\/h3>\n<p><img decoding=\"async\" src=\"\/wp-content\/uploads\/factory-01.webp\"\/><\/p>\n<h3>Alumiiniumvarraste tootmise t\u00f6\u00f6koda<\/h3>\n<p><img decoding=\"async\" src=\"\/wp-content\/uploads\/factory-02.webp\"\/><\/p>\n<p><img decoding=\"async\" src=\"\/wp-content\/uploads\/factory-03.webp\"\/><\/p>\n<h3>hallituse ladustamise ladu<\/h3>\n<p><img decoding=\"async\" src=\"\/wp-content\/uploads\/factory-04.webp\"\/><\/p>\n<h3>43 alumiiniumi ekstrusiooniliini (500-5500 tonni)<\/h3>\n<p><img decoding=\"async\" src=\"\/wp-content\/uploads\/factory-05.webp\"\/><\/p>\n<p><img decoding=\"async\" src=\"\/wp-content\/uploads\/factory-06.webp\"\/><\/p>\n<p><img decoding=\"async\" src=\"\/wp-content\/uploads\/factory-07.webp\"\/><\/p>\n<h3>Pulberv\u00e4rvimise t\u00f6\u00f6koda<\/h3>\n<p><img decoding=\"async\" src=\"\/wp-content\/uploads\/factory-09.webp\"\/><\/p>\n<h3>Anodiseerimise t\u00f6\u00f6koda<\/h3>\n<p><img decoding=\"async\" src=\"\/wp-content\/uploads\/factory-10.webp\"\/><\/p>\n<h3>S\u00fcgavt\u00f6\u00f6tlemise t\u00f6\u00f6tuba<\/h3>\n<p><img decoding=\"async\" src=\"\/wp-content\/uploads\/factory-11.webp\"\/><\/p>\n<h3>CNC-t\u00e4ppist\u00f6\u00f6tlemise t\u00f6\u00f6koda<\/h3>\n<p><img decoding=\"async\" src=\"\/wp-content\/uploads\/factory-11.5.webp\"\/><\/p>\n<h3>Valmistoodete ja ekspordi ladu<\/h3>\n<p><img decoding=\"async\" src=\"\/wp-content\/uploads\/factory-12.webp\"\/><\/p>\n<p><img decoding=\"async\" src=\"\/wp-content\/uploads\/factory-13.webp\"\/><\/p>\n<p><img decoding=\"async\" src=\"\/wp-content\/uploads\/factory-14.webp\"\/><\/p>\n<h2>KKK<\/h2>\n<p><p><b>1.Mis on ruloode alumiiniumprofiilid?<\/b><\/p>\n<p>Rulooside alumiiniumprofiilid on pressitud raamid, mida kasutatakse kangastest ruloode toetamiseks ja kasutamiseks elamutes v\u00f5i \u00e4riruumides.<br \/>\n<\/p><br \/>\n<br \/>\n<p><b>2.Miks kasutada ruloode jaoks alumiiniumprofiile?<\/b><\/p>\n<p>Alumiinium on kerge, tugev ja korrosioonikindel, mist\u00f5ttu sobib see ideaalselt sujuvaks toimimiseks ja pikaajaliseks kasutamiseks.<br \/>\n<\/p><br \/>\n<br \/>\n<p><b>3.Kas neid profiile saab kohandada?<\/b><\/p>\n<p>Jah, ruloo alumiiniumprofiile saab kohandada suuruse, viimistluse ja kujunduse poolest, et need sobiksid erinevate akende ja siseruumide n\u00f5uetele.<br \/>\n<\/p><br \/>\n<br \/>\n<p><b>4.Kas alumiiniumprofiilid sobivad k\u00f5ikide ruloos\u00fcsteemidega?<\/b><\/p>\n<p>Enamik profiile on projekteeritud nii, et need \u00fchilduksid standardsete ruloode komponentidega, sealhulgas torude, kronsteinide ja otsakattega.<br \/>\n<\/p><br \/>\n<br \/>\n<p><b>5.Millised viimistlused on saadaval?<\/b><\/p>\n<p>Levinud viimistlused on anodeeritud, pulberv\u00e4rvitud, harjatud ja matt, mis pakuvad nii esteetilist atraktiivsust kui ka kaitset.<br \/>\n<\/p><br \/>\n<br \/>\n<p><b>6.Kas ruloo profiilide paigaldamine on lihtne?<\/b><\/p>\n<p>Jah, need on m\u00f5eldud kiireks ja lihtsaks paigaldamiseks minimaalsete t\u00f6\u00f6riistadega.<br \/>\n<\/p><br \/>\n<br \/>\n<p><b>7.Kas need profiilid sobivad niiskesse keskkonda?<\/b><\/p>\n<p>Jah, anodeeritud ja kaetud alumiinium on niiskuskindel, mist\u00f5ttu sobivad need k\u00f6\u00f6kidesse, vannitubadesse ja rannikualadele.<br \/>\n<\/p><br \/>\n<br \/>\n<p><b>8.Kas alumiinium on j\u00e4tkusuutlik materjal ruloode jaoks?<\/b><\/p>\n<p>Jah, alumiinium on 100% taaskasutatav ja aitab kaasa keskkonnas\u00f5bralikule sisekujundusele.<br \/>\n<\/p><br \/><\/p>","protected":false},"featured_media":7323,"template":"","categories":[67],"class_list":["post-7324","product","type-product","status-publish","has-post-thumbnail","hentry","category-architectural-aluminium-profile"],"meta_box":{"hilight_text_group":{"product_hilight_text":"<li>Lightweight aluminum ensures easy roller blind operation<\/li>\r\r\n<li>Corrosion-resistant surface ideal for long-term indoor use<\/li>\r\r\n<li>Compatible with various fabric and blind mechanisms<\/li>\r\r\n<li>Available in multiple finishes including anodized and powder-coated<\/li>\r\r\n<li>Customizable sizes and designs to fit different window systems<\/li>\r\r\n<li>Sleek and modern design enhances interior aesthetics<\/li>\r\r\n<li>Durable material supports frequent use and extended lifespan<\/li>","product_chanpin_blog":"<ul>\r\r\n<li><a href=\"https:\/\/sinoextrud.com\/t-slot-v-slot-differences\/\" target=\"_blank\">t slot vs v slot<\/a><\/li>\r\r\n<li><a href=\"https:\/\/sinoextrud.com\/what-is-4040-aluminium-extrud\/\" target=\"_blank\">4040 aluminium extrusion<\/a><\/li>\r\r\n<li><a href=\"https:\/\/sinoextrud.com\/what-is-4040-aluminium-extrud\/\" target=\"_blank\">aluminum extrusions for industrial racks<\/a><\/li>\r\r\n<li><a href=\"https:\/\/sinoextrud.com\/powder-coating-aluminium-process\/\" target=\"_blank\">powder coating aluminium<\/a><\/li>\r\r\n<li><a href=\"https:\/\/sinoextrud.com\/what-is-an-aluminium-strip-ceiling\/\" target=\"_blank\">aluminium strip ceiling<\/a><\/li>\r\r\n<li><a href=\"https:\/\/sinoextrud.com\/what-is-a-heat-sink\/\" target=\"_blank\">what is a heat sink<\/a><\/li>\r\r\n<\/ul>","product_chanpin_chanpin":"<li><a href=\"https:\/\/sinoextrud.com\/product\/china-aluminum-angle-bar-alloy-profile\/\" target=\"_blank\">China Aluminum Angle Bar Alloy Profile<\/a><\/li>\r\n<li><a href=\"https:\/\/sinoextrud.com\/product\/aluminium-profile-structure\/\" target=\"_blank\">Aluminium Profile Structure<\/a><\/li>\r\n<li><a href=\"https:\/\/sinoextrud.com\/product\/cabinet-aluminum-profile\/\" target=\"_blank\">Cabinet Aluminum Profile<\/a><\/li>\r\n<li><a href=\"https:\/\/sinoextrud.com\/product\/square-aluminum-tubing-with-anodized-mill-finish-polishing-treatment\/\" target=\"_blank\">Square Aluminum Tubing With Anodized Mill Finish Polishing Treatment<\/a><\/li>\r\n<li><a href=\"https:\/\/sinoextrud.com\/product\/roller-blind-aluminium-profiles\/\" target=\"_blank\">Roller blind aluminium profiles<\/a><\/li>\r\n<li><a href=\"https:\/\/sinoextrud.com\/product\/outdoor-aluminium-sun-shutters-louvres-system\/\" target=\"_blank\">Outdoor aluminium sun shutters( louvres) system<\/a><\/li>\r\n<li><a href=\"https:\/\/sinoextrud.com\/product\/anodized-and-powder-coated-t-slotted-aluminum-extrusion\/\" target=\"_blank\">Anodized and Powder Coated T-Slotted Aluminum Extrusion<\/a><\/li>\r\n<li><a href=\"https:\/\/sinoextrud.com\/product\/aluminum-extrusion-profile-suppliers-for-good-kitchen-cabinet-manufacturers-cabinet-extrusion-pricing-construction-aluminium\/\" target=\"_blank\">aluminum extrusion profile suppliers for Good Kitchen cabinet manufacturers Cabinet extrusion pricing construction aluminium<\/a><\/li>\r\n<li><a href=\"https:\/\/sinoextrud.com\/product\/china-industrial-extruded-aluminium-heatsink-profile\/\" target=\"_blank\">China Industrial Extruded Aluminium Heatsink Profile<\/a><\/li>\r\n<li><a href=\"https:\/\/sinoextrud.com\/product\/aluminium-extrusion-profile-for-led-light-strip-heat-sink\/\" target=\"_blank\">Aluminium Extrusion Profile For LED Light Strip Heat Sink<\/a><\/li>\r\n<li><a href=\"https:\/\/sinoextrud.com\/product\/aluminum-frame-extrusion-profiles\/\" target=\"_blank\">Aluminum Frame Extrusion Profiles<\/a><\/li>"},"feature_list":[]},"_links":{"self":[{"href":"https:\/\/sinoextrud.com\/et\/wp-json\/wp\/v2\/product\/7324","targetHints":{"allow":["GET"]}}],"collection":[{"href":"https:\/\/sinoextrud.com\/et\/wp-json\/wp\/v2\/product"}],"about":[{"href":"https:\/\/sinoextrud.com\/et\/wp-json\/wp\/v2\/types\/product"}],"wp:featuredmedia":[{"embeddable":true,"href":"https:\/\/sinoextrud.com\/et\/wp-json\/wp\/v2\/media\/7323"}],"wp:attachment":[{"href":"https:\/\/sinoextrud.com\/et\/wp-json\/wp\/v2\/media?parent=7324"}],"wp:term":[{"taxonomy":"category","embeddable":true,"href":"https:\/\/sinoextrud.com\/et\/wp-json\/wp\/v2\/categories?post=7324"}],"curies":[{"name":"wp","href":"https:\/\/api.w.org\/{rel}","templated":true}]}}