{"id":7316,"date":"2025-06-07T03:05:26","date_gmt":"2025-06-07T03:05:26","guid":{"rendered":"https:\/\/sinoextrud.com\/product\/china-aluminum-angle-bar-alloy-profile\/"},"modified":"2025-06-24T06:12:31","modified_gmt":"2025-06-24T06:12:31","slug":"hiina-alumiiniumist-nurk-baari-sulam-profiil","status":"publish","type":"product","link":"https:\/\/sinoextrud.com\/et\/product\/china-aluminum-angle-bar-alloy-profile\/","title":{"rendered":"Hiina alumiiniumist nurgakangi sulamprofiil"},"content":{"rendered":"<h2>Toodete \u00fcksikasjad<\/h2>\n<table class=\"custom-table\">\n<tr>\n<td class=\"label\">Objekt:<\/td>\n<td> Hiina alumiiniumist nurgakangi sulamiprofiilide tootjad<\/td>\n<\/tr>\n<tr>\n<td class=\"label\">Temperament:<\/td>\n<td> T3-T8<\/td>\n<\/tr>\n<tr>\n<td class=\"label\">Sulam:<\/td>\n<td> Sulam<\/td>\n<\/tr>\n<tr>\n<td class=\"label\">Legeeriv koostisosa:<\/td>\n<td> 6063 T5<\/td>\n<\/tr>\n<tr>\n<td class=\"label\">Suurus:<\/td>\n<td> vastavalt kohandatud<\/td>\n<\/tr>\n<tr>\n<td class=\"label\">Materjal:<\/td>\n<td> 6063\/6061\/6005\/6060 T5\/T6<\/td>\n<\/tr>\n<tr>\n<td class=\"label\">Toodete t\u00fc\u00fcp:<\/td>\n<td> T\u00f6\u00f6stus Alumiiniumsulamist ekstrusioonid profiil<\/td>\n<\/tr>\n<tr>\n<td class=\"label\">Kasutamine:<\/td>\n<td> Alumiinium nurgalehe sulamprofiil<\/td>\n<\/tr>\n<tr>\n<td class=\"label\">Transpordipakett:<\/td>\n<td> Plastkile ja j\u00f5upaber<\/td>\n<\/tr>\n<tr>\n<td class=\"label\">P\u00e4ritolu:<\/td>\n<td> Hiina, Foshan<\/td>\n<\/tr>\n<tr>\n<td class=\"label\">Sertifitseerimine:<\/td>\n<td> CE, SONCAP, ISO, CIQ, RoHS, TUV<\/td>\n<\/tr>\n<tr>\n<td class=\"label\">V\u00e4rv:<\/td>\n<td> H\u00f5be, pronks, must, kuld, vastavalt soovile<\/td>\n<\/tr>\n<tr>\n<td class=\"label\">L\u00f5peta:<\/td>\n<td> Anodeerimine, pulberv\u00e4rvimine, puiduv\u00e4rvimine, poleerimine<\/td>\n<\/tr>\n<tr>\n<td class=\"label\">Spetsifikatsioon:<\/td>\n<td> Klientide soovil<\/td>\n<\/tr>\n<\/table>\n<h2>Meie tootmisbaas<\/h2>\n<h3>Tehase panoraam<\/h3>\n<p><img decoding=\"async\" src=\"\/wp-content\/uploads\/factory-01.webp\"\/><\/p>\n<h3>Alumiiniumvarraste tootmise t\u00f6\u00f6koda<\/h3>\n<p><img decoding=\"async\" src=\"\/wp-content\/uploads\/factory-02.webp\"\/><\/p>\n<\/p>\n<p><img decoding=\"async\" src=\"\/wp-content\/uploads\/factory-03.webp\"\/><\/p>\n<h3>hallituse ladustamise ladu<\/h3>\n<p><img decoding=\"async\" src=\"\/wp-content\/uploads\/factory-04.webp\"\/><\/p>\n<h3>43 alumiiniumi ekstrusiooniliini (500-5500 tonni)<\/h3>\n<p><img decoding=\"async\" src=\"\/wp-content\/uploads\/factory-05.webp\"\/><\/p>\n<p><img decoding=\"async\" src=\"\/wp-content\/uploads\/factory-06.webp\"\/><\/p>\n<p><img decoding=\"async\" src=\"\/wp-content\/uploads\/factory-07.webp\"\/><\/p>\n<h3>Pulberv\u00e4rvimise t\u00f6\u00f6koda<\/h3>\n<p><img decoding=\"async\" src=\"\/wp-content\/uploads\/factory-09.webp\"\/><\/p>\n<h3>Anodiseerimise t\u00f6\u00f6koda<\/h3>\n<p><img decoding=\"async\" src=\"\/wp-content\/uploads\/factory-10.webp\"\/><\/p>\n<h3>S\u00fcgavt\u00f6\u00f6tlemise t\u00f6\u00f6tuba<\/h3>\n<p><img decoding=\"async\" src=\"\/wp-content\/uploads\/factory-11.webp\"\/><\/p>\n<h3>CNC-t\u00e4ppist\u00f6\u00f6tlemise t\u00f6\u00f6koda<\/h3>\n<p><img decoding=\"async\" src=\"\/wp-content\/uploads\/factory-11.5.webp\"\/><\/p>\n<h3>Valmistoodete ja ekspordi ladu<\/h3>\n<p><img decoding=\"async\" src=\"\/wp-content\/uploads\/factory-12.webp\"\/><\/p>\n<p><img decoding=\"async\" src=\"\/wp-content\/uploads\/factory-13.webp\"\/><\/p>\n<p><img decoding=\"async\" src=\"\/wp-content\/uploads\/factory-14.webp\"\/><\/p>\n<h2>KKK<\/h2>\n<p><b>1.Who on Hiina alumiiniumist nurgatera sulamiprofiilide tootjad?<\/b><\/p>\n<p>Nad on Hiinas asuvad spetsialiseerunud tootjad, kes toodavad k\u00f5rgekvaliteedilisi alumiiniumist nurkprofiile, kasutades erinevaid sulamikoostisi.\n<\/p>\n<p><\/p>\n<p><b>2.Why allikas Hiina alumiinium nurgaprofiilide tootjad?<\/b><\/p>\n<p>Hiina pakub konkurentsiv\u00f5imelist hinnakujundust, laiaulatuslikku tootmist ja arenenud ekstrusioonitehnoloogiat, mis muudab selle ideaalseks \u00fclemaailmseks hankimiseks.\n<\/p>\n<p><\/p>\n<p><b>3.Milleks kasutatakse alumiiniumnurkade sulamprofiile?<\/b><\/p>\n<p>Neid kasutatakse tavaliselt ehituses, karkassides, kandekonstruktsioonides, transpordis ja masinate kasutamisel.\n<\/p>\n<p><\/p>\n<p><b>4.Kas neid nurgaprofiile saab kohandada?<\/b><\/p>\n<p>Jah, tootjad pakuvad eritellimusel p\u00f5hinevaid ekstrusiooni-, l\u00f5ikamis-, puurimis- ja viimistlusteenuseid, et vastata konkreetsetele projektivajadustele.\n<\/p>\n<p><\/p>\n<p><b>5.Millised pinnaviimistlused on saadaval alumiiniumist nurgaterade puhul?<\/b><\/p>\n<p>Tavalised viimistlused h\u00f5lmavad anodeerimist, pulberv\u00e4rvimist, harjatud, poleeritud ja freesitud viimistlust, et suurendada v\u00e4limust ja vastupidavust.\n<\/p>\n<p><\/p>\n<p><b>6.Kas Hiina tootjate kasutatud materjalid on sertifitseeritud?<\/b><\/p>\n<p>Mainekad tootjad vastavad ISO, SGS, RoHS ja muudele rahvusvahelistele kvaliteedi- ja ohutusstandarditele.\n<\/p>\n<p><\/p>\n<p><b>7.Kas need tootjad toetavad OEM-teenuseid?<\/b><\/p>\n<p>Jah, paljud Hiinas asuvad tootjad pakuvad t\u00e4ielikke OEM-teenuseid, sealhulgas t\u00f6\u00f6riistade, kaubam\u00e4rgi ja pakendite kohandamist.\n<\/p>\n<p><\/p>\n<p><b>8.Kas alumiiniumist nurkprofiilide importimine Hiinast on kulut\u00f5hus?<\/b><\/p>\n<p>Jah, t\u00e4nu mastaabis\u00e4\u00e4stule ja arenenud tarneahelatele v\u00e4hendab Hiinast importimine sageli \u00fcldisi hankekulusid.\n<\/p>\n<p><\/p>","protected":false},"featured_media":7315,"template":"","categories":[67],"class_list":["post-7316","product","type-product","status-publish","has-post-thumbnail","hentry","category-architectural-aluminium-profile"],"meta_box":{"hilight_text_group":{"product_hilight_text":"<li>Direct supply from experienced China aluminum angle bar alloy profile manufacturers<\/li>\r\r\n<li>Competitive pricing with high-quality alloy materials<\/li>\r\r\n<li>Wide range of angle bar sizes, thicknesses, and alloy grades available<\/li>\r\r\n<li>Custom extrusion services for OEM and industrial applications<\/li>\r\r\n<li>Surface finishes include anodized, powder-coated, and mill finish<\/li>\r\r\n<li>High production capacity ensures fast delivery and bulk order support<\/li>\r\r\n<li>Strict quality control and international certification compliance<\/li>","product_chanpin_blog":"<ul>\r\r\n<li><a href=\"https:\/\/sinoextrud.com\/t-slot-v-slot-differences\/\" target=\"_blank\">t slot vs v slot<\/a><\/li>\r\r\n<li><a href=\"https:\/\/sinoextrud.com\/what-is-4040-aluminium-extrud\/\" target=\"_blank\">4040 aluminium extrusion<\/a><\/li>\r\r\n<li><a href=\"https:\/\/sinoextrud.com\/what-is-4040-aluminium-extrud\/\" target=\"_blank\">aluminum extrusions for industrial racks<\/a><\/li>\r\r\n<li><a href=\"https:\/\/sinoextrud.com\/powder-coating-aluminium-process\/\" target=\"_blank\">powder coating aluminium<\/a><\/li>\r\r\n<li><a href=\"https:\/\/sinoextrud.com\/what-is-an-aluminium-strip-ceiling\/\" target=\"_blank\">aluminium strip ceiling<\/a><\/li>\r\r\n<li><a href=\"https:\/\/sinoextrud.com\/what-is-a-heat-sink\/\" target=\"_blank\">what is a heat sink<\/a><\/li>\r\r\n<\/ul>","product_chanpin_chanpin":"<li><a href=\"https:\/\/sinoextrud.com\/product\/aluminium-profile-for-wardrobe-sliding-door-frame\/\" target=\"_blank\">Aluminium Profile For Wardrobe Sliding Door Frame<\/a><\/li>\r\n<li><a href=\"https:\/\/sinoextrud.com\/product\/aluminium-profile-frame-for-fly-screen\/\" target=\"_blank\">Aluminium Profile Frame For Fly Screen<\/a><\/li>\r\n<li><a href=\"https:\/\/sinoextrud.com\/product\/aluminum-profile-for-tent\/\" target=\"_blank\">Aluminum profile for tent<\/a><\/li>\r\n<li><a href=\"https:\/\/sinoextrud.com\/product\/aluminium-profile-quarter-round-bar\/\" target=\"_blank\">Aluminium Profile Quarter Round Bar<\/a><\/li>\r\n<li><a href=\"https:\/\/sinoextrud.com\/product\/china-aluminum-angle-bar-alloy-profile\/\" target=\"_blank\">China Aluminum Angle Bar Alloy Profile<\/a><\/li>\r\n<li><a href=\"https:\/\/sinoextrud.com\/product\/aluminium-profile-structure\/\" target=\"_blank\">Aluminium Profile Structure<\/a><\/li>\r\n<li><a href=\"https:\/\/sinoextrud.com\/product\/cabinet-aluminum-profile\/\" target=\"_blank\">Cabinet Aluminum Profile<\/a><\/li>\r\n<li><a href=\"https:\/\/sinoextrud.com\/product\/square-aluminum-tubing-with-anodized-mill-finish-polishing-treatment\/\" target=\"_blank\">Square Aluminum Tubing With Anodized Mill Finish Polishing Treatment<\/a><\/li>\r\n<li><a href=\"https:\/\/sinoextrud.com\/product\/roller-blind-aluminium-profiles\/\" target=\"_blank\">Roller blind aluminium profiles<\/a><\/li>\r\n<li><a href=\"https:\/\/sinoextrud.com\/product\/extruded-aluminum-housing\/\" target=\"_blank\">Extruded Aluminum Housing<\/a><\/li>\r\n<li><a href=\"https:\/\/sinoextrud.com\/product\/aluminum-rectangular-extrusion\/\" target=\"_blank\">Aluminum Rectangular Extrusion<\/a><\/li>"},"feature_list":[]},"_links":{"self":[{"href":"https:\/\/sinoextrud.com\/et\/wp-json\/wp\/v2\/product\/7316","targetHints":{"allow":["GET"]}}],"collection":[{"href":"https:\/\/sinoextrud.com\/et\/wp-json\/wp\/v2\/product"}],"about":[{"href":"https:\/\/sinoextrud.com\/et\/wp-json\/wp\/v2\/types\/product"}],"wp:featuredmedia":[{"embeddable":true,"href":"https:\/\/sinoextrud.com\/et\/wp-json\/wp\/v2\/media\/7315"}],"wp:attachment":[{"href":"https:\/\/sinoextrud.com\/et\/wp-json\/wp\/v2\/media?parent=7316"}],"wp:term":[{"taxonomy":"category","embeddable":true,"href":"https:\/\/sinoextrud.com\/et\/wp-json\/wp\/v2\/categories?post=7316"}],"curies":[{"name":"wp","href":"https:\/\/api.w.org\/{rel}","templated":true}]}}