{"id":7312,"date":"2025-06-07T02:56:11","date_gmt":"2025-06-07T02:56:11","guid":{"rendered":"https:\/\/sinoextrud.com\/product\/aluminum-profile-for-tent\/"},"modified":"2025-06-24T06:12:30","modified_gmt":"2025-06-24T06:12:30","slug":"alumiiniumprofiil-telgi-jaoks","status":"publish","type":"product","link":"https:\/\/sinoextrud.com\/et\/product\/aluminum-profile-for-tent\/","title":{"rendered":"Alumiiniumprofiil telgi jaoks"},"content":{"rendered":"<h2>Toodete \u00fcksikasjad<\/h2>\n<table class=\"custom-table\">\n<tr>\n<td class=\"label\">Objekt:<\/td>\n<td> Alumiiniumprofiil telkide tarnijale<\/td>\n<\/tr>\n<tr>\n<td class=\"label\">Hinne:<\/td>\n<td> 6000 seeria<\/td>\n<\/tr>\n<tr>\n<td class=\"label\">Temperament:<\/td>\n<td> T3-T8<\/td>\n<\/tr>\n<tr>\n<td class=\"label\">Pikkus:<\/td>\n<td> 1-9 meetrit v\u00f5i kohandatud<\/td>\n<\/tr>\n<tr>\n<td class=\"label\">Sulam:<\/td>\n<td> Sulam<\/td>\n<\/tr>\n<tr>\n<td class=\"label\">Standard:<\/td>\n<td> GB<\/td>\n<\/tr>\n<tr>\n<td class=\"label\">Tootmise t\u00fc\u00fcp:<\/td>\n<td> Masstootmine<\/td>\n<\/tr>\n<tr>\n<td class=\"label\">Min kogus:<\/td>\n<td> 200KG<\/td>\n<\/tr>\n<tr>\n<td class=\"label\">Sallivus:<\/td>\n<td> +\/-0.1mm<\/td>\n<\/tr>\n<tr>\n<td class=\"label\">N\u00e4idise tarneaeg:<\/td>\n<td> 10-15 p\u00e4eva<\/td>\n<\/tr>\n<tr>\n<td class=\"label\">Masstootmine:<\/td>\n<td> 25-30 p\u00e4eva p\u00e4rast proovi kinnitamist ostja poolt<\/td>\n<\/tr>\n<tr>\n<td class=\"label\">Transpordipakett:<\/td>\n<td> Plastist kaitsekile ja veekindel k\u00e4sit\u00f6\u00f6paber<\/td>\n<\/tr>\n<tr>\n<td class=\"label\">P\u00e4ritolu:<\/td>\n<td> Foshan, Hiina<\/td>\n<\/tr>\n<\/table>\n<h2>Meie tootmisbaas<\/h2>\n<h3>Tehase panoraam<\/h3>\n<p><img decoding=\"async\" src=\"\/wp-content\/uploads\/factory-01.webp\"\/><\/p>\n<h3>Alumiiniumvarraste tootmise t\u00f6\u00f6koda<\/h3>\n<p><img decoding=\"async\" src=\"\/wp-content\/uploads\/factory-02.webp\"\/><\/p>\n<p><img decoding=\"async\" src=\"\/wp-content\/uploads\/factory-03.webp\"\/><\/p>\n<h3>hallituse ladustamise ladu<\/h3>\n<p><img decoding=\"async\" src=\"\/wp-content\/uploads\/factory-04.webp\"\/><\/p>\n<h3>43 alumiiniumi ekstrusiooniliini (500-5500 tonni)<\/h3>\n<p><img decoding=\"async\" src=\"\/wp-content\/uploads\/factory-05.webp\"\/><\/p>\n<p><img decoding=\"async\" src=\"\/wp-content\/uploads\/factory-06.webp\"\/><\/p>\n<p><img decoding=\"async\" src=\"\/wp-content\/uploads\/factory-07.webp\"\/><\/p>\n<h3>Pulberv\u00e4rvimise t\u00f6\u00f6koda<\/h3>\n<p><img decoding=\"async\" src=\"\/wp-content\/uploads\/factory-09.webp\"\/><\/p>\n<h3>Anodiseerimise t\u00f6\u00f6koda<\/h3>\n<p><img decoding=\"async\" src=\"\/wp-content\/uploads\/factory-10.webp\"\/><\/p>\n<h3>S\u00fcgavt\u00f6\u00f6tlemise t\u00f6\u00f6tuba<\/h3>\n<p><img decoding=\"async\" src=\"\/wp-content\/uploads\/factory-11.webp\"\/><\/p>\n<h3>CNC-t\u00e4ppist\u00f6\u00f6tlemise t\u00f6\u00f6koda<\/h3>\n<p><img decoding=\"async\" src=\"\/wp-content\/uploads\/factory-11.5.webp\"\/><\/p>\n<h3>Valmistoodete ja ekspordi ladu<\/h3>\n<p><img decoding=\"async\" src=\"\/wp-content\/uploads\/factory-12.webp\"\/><\/p>\n<p><img decoding=\"async\" src=\"\/wp-content\/uploads\/factory-13.webp\"\/><\/p>\n<p><img decoding=\"async\" src=\"\/wp-content\/uploads\/factory-14.webp\"\/><\/p>\n<h2>KKK<\/h2>\n<p><p><b>1.Mis on alumiiniumprofiil telkide tarnijale?<\/b><\/p>\n<p>See on spetsiaalselt telgiraamidele m\u00f5eldud struktuurne alumiiniumprofiil, mida pakuvad tootjad, kes tarnivad \u00fcrituste ja varjualuste t\u00f6\u00f6stusele.<br \/>\n<\/p><br \/>\n<br \/>\n<p><b>2.Miks kasutada telkide jaoks alumiiniumprofiile?<\/b><\/p>\n<p>Alumiinium on kerge, tugev ja korrosioonikindel, mist\u00f5ttu on see ideaalne vastupidav, kaasaskantav ja ilmastikukindel telgikonstruktsioon.<br \/>\n<\/p><br \/>\n<br \/>\n<p><b>3.Kas alumiiniumist telgiprofiilid on kohandatavad?<\/b><\/p>\n<p>Jah, neid saab kohandada kuju, pikkuse, paksuse ja viimistluse poolest, et need vastaksid konkreetsele telgikujundusele ja kaubam\u00e4rgiga seotud n\u00f5uetele.<br \/>\n<\/p><br \/>\n<br \/>\n<p><b>4.Mis t\u00fc\u00fcpi telkides kasutatakse alumiiniumprofiile?<\/b><\/p>\n<p>Neid kasutatakse messitelkides, \u00fcrituste varjualustes, pulmakatustes, t\u00f6\u00f6stuslikes laotelkides ja h\u00e4daabit\u00f5kkekonstruktsioonides.<br \/>\n<\/p><br \/>\n<br \/>\n<p><b>5.Kas alumiiniumprofiil sobib v\u00e4litingimustes kasutamiseks?<\/b><\/p>\n<p>Kindlasti on see v\u00e4ga vastupidav rooste, UV-kiirguse ja niiskuse suhtes, tagades pikaajalise toimivuse v\u00e4litingimustes.<br \/>\n<\/p><br \/>\n<br \/>\n<p><b>6.Kas alumiiniumist telgiraame saab uuesti kasutada?<\/b><\/p>\n<p>Jah, need on m\u00f5eldud mitmekordseks kasutamiseks ja pakuvad pikka kasutusiga minimaalse hooldusega.<br \/>\n<\/p><br \/>\n<br \/>\n<p><b>7.Kas telkide alumiiniumprofiilid on keskkonnas\u00f5bralikud?<\/b><\/p>\n<p>Jah, alumiinium on 100% ringlussev\u00f5etav, mis teeb sellest s\u00e4\u00e4stva materjalivaliku telgis\u00fcsteemide jaoks.<br \/>\n<\/p><br \/>\n<br \/>\n<p><b>8.Kas need profiilid toetavad suuremahulisi \u00fcrituste telke?<\/b><\/p>\n<p>Jah, k\u00f5rgekvaliteedilised alumiiniumprofiilid pakuvad suurep\u00e4rast struktuurilist tuge nii v\u00e4ikeste kui ka suurte \u00fcrituste telkide puhul.<br \/>\n<\/p><br \/><\/p>","protected":false},"featured_media":7311,"template":"","categories":[67],"class_list":["post-7312","product","type-product","status-publish","has-post-thumbnail","hentry","category-architectural-aluminium-profile"],"meta_box":{"hilight_text_group":{"product_hilight_text":"<li>High-strength aluminum profiles ensure tent frame stability<\/li>\r\r\n<li>Lightweight for easy transportation and quick assembly<\/li>\r\r\n<li>Corrosion-resistant surface ideal for outdoor environments<\/li>\r\r\n<li>Available in various shapes and sizes for different tent designs<\/li>\r\r\n<li>Custom extrusions support OEM and branding needs<\/li>\r\r\n<li>Durable and reusable, suitable for long-term event use<\/li>\r\r\n<li>Eco-friendly material with full recyclability<\/li>","product_chanpin_blog":"<ul>\r\r\n<li><a href=\"https:\/\/sinoextrud.com\/t-slot-v-slot-differences\/\" target=\"_blank\">t slot vs v slot<\/a><\/li>\r\r\n<li><a href=\"https:\/\/sinoextrud.com\/what-is-4040-aluminium-extrud\/\" target=\"_blank\">4040 aluminium extrusion<\/a><\/li>\r\r\n<li><a href=\"https:\/\/sinoextrud.com\/what-is-4040-aluminium-extrud\/\" target=\"_blank\">aluminum extrusions for industrial racks<\/a><\/li>\r\r\n<li><a href=\"https:\/\/sinoextrud.com\/powder-coating-aluminium-process\/\" target=\"_blank\">powder coating aluminium<\/a><\/li>\r\r\n<li><a href=\"https:\/\/sinoextrud.com\/what-is-an-aluminium-strip-ceiling\/\" target=\"_blank\">aluminium strip ceiling<\/a><\/li>\r\r\n<li><a href=\"https:\/\/sinoextrud.com\/what-is-a-heat-sink\/\" target=\"_blank\">what is a heat sink<\/a><\/li>\r\r\n<\/ul>","product_chanpin_chanpin":"<li><a href=\"https:\/\/sinoextrud.com\/product\/customized-ome-aluminium-profile-extruded-with-the-anodized-black-champage-silver-white-and-blasted-treatment\/\" target=\"_blank\">Customized OME Aluminium Profile Extruded With The Anodized Black Champage Silver White And Blasted Treatment<\/a><\/li>\r\n<li><a href=\"https:\/\/sinoextrud.com\/product\/aluminum-profile-windows-and-door-powder-coated-sliding-way\/\" target=\"_blank\">aluminum profile windows and door powder coated sliding way<\/a><\/li>\r\n<li><a href=\"https:\/\/sinoextrud.com\/product\/aluminium-profile-for-wardrobe-sliding-door-frame\/\" target=\"_blank\">Aluminium Profile For Wardrobe Sliding Door Frame<\/a><\/li>\r\n<li><a href=\"https:\/\/sinoextrud.com\/product\/aluminium-profile-frame-for-fly-screen\/\" target=\"_blank\">Aluminium Profile Frame For Fly Screen<\/a><\/li>\r\n<li><a href=\"https:\/\/sinoextrud.com\/product\/aluminum-profile-for-tent\/\" target=\"_blank\">Aluminum profile for tent<\/a><\/li>\r\n<li><a href=\"https:\/\/sinoextrud.com\/product\/aluminium-profile-quarter-round-bar\/\" target=\"_blank\">Aluminium Profile Quarter Round Bar<\/a><\/li>\r\n<li><a href=\"https:\/\/sinoextrud.com\/product\/china-aluminum-angle-bar-alloy-profile\/\" target=\"_blank\">China Aluminum Angle Bar Alloy Profile<\/a><\/li>\r\n<li><a href=\"https:\/\/sinoextrud.com\/product\/aluminium-profile-structure\/\" target=\"_blank\">Aluminium Profile Structure<\/a><\/li>\r\n<li><a href=\"https:\/\/sinoextrud.com\/product\/cabinet-aluminum-profile\/\" target=\"_blank\">Cabinet Aluminum Profile<\/a><\/li>\r\n<li><a href=\"https:\/\/sinoextrud.com\/product\/stock-aluminum-extrusion-profiles\/\" target=\"_blank\">Stock Aluminum Extrusion Profiles<\/a><\/li>\r\n<li><a href=\"https:\/\/sinoextrud.com\/product\/square-aluminum-tubing-with-anodized-mill-finish-polishing-treatment\/\" target=\"_blank\">Square Aluminum Tubing With Anodized Mill Finish Polishing Treatment<\/a><\/li>"},"feature_list":[]},"_links":{"self":[{"href":"https:\/\/sinoextrud.com\/et\/wp-json\/wp\/v2\/product\/7312","targetHints":{"allow":["GET"]}}],"collection":[{"href":"https:\/\/sinoextrud.com\/et\/wp-json\/wp\/v2\/product"}],"about":[{"href":"https:\/\/sinoextrud.com\/et\/wp-json\/wp\/v2\/types\/product"}],"wp:featuredmedia":[{"embeddable":true,"href":"https:\/\/sinoextrud.com\/et\/wp-json\/wp\/v2\/media\/7311"}],"wp:attachment":[{"href":"https:\/\/sinoextrud.com\/et\/wp-json\/wp\/v2\/media?parent=7312"}],"wp:term":[{"taxonomy":"category","embeddable":true,"href":"https:\/\/sinoextrud.com\/et\/wp-json\/wp\/v2\/categories?post=7312"}],"curies":[{"name":"wp","href":"https:\/\/api.w.org\/{rel}","templated":true}]}}