{"id":7304,"date":"2025-06-07T02:39:53","date_gmt":"2025-06-07T02:39:53","guid":{"rendered":"https:\/\/sinoextrud.com\/product\/customized-ome-aluminium-profile-extruded-with-the-anodized-black-champage-silver-white-and-blasted-treatment\/"},"modified":"2025-06-24T06:12:28","modified_gmt":"2025-06-24T06:12:28","slug":"kohandatud-ome-alumiiniumprofiil-mis-on-pressitud-anodeeritud-mustast-hobevalgest-ja-puhastatud-tootlemisega","status":"publish","type":"product","link":"https:\/\/sinoextrud.com\/et\/product\/customized-ome-aluminium-profile-extruded-with-the-anodized-black-champage-silver-white-and-blasted-treatment\/","title":{"rendered":"Kohandatud OME alumiiniumprofiil, mis on ekstrudeeritud anodeeritud musta \u0161ampusega h\u00f5bevalge ja puhastatud t\u00f6\u00f6tlemisega"},"content":{"rendered":"<h2>Toodete \u00fcksikasjad<\/h2>\n<table class=\"custom-table\">\n<tr>\n<td class=\"label\">\nMudel nr.:<\/td>\n<td> alumiiniumprofiiliga aknad ja uksed pulberv\u00e4rvitud libisemisviisiga<\/td>\n<\/tr>\n<tr>\n<td class=\"label\">Kuju:<\/td>\n<td> T - Profiil<\/td>\n<\/tr>\n<tr>\n<td class=\"label\">Temperament:<\/td>\n<td> T5-T6<\/td>\n<\/tr>\n<tr>\n<td class=\"label\">Sulam:<\/td>\n<td> Sulam<\/td>\n<\/tr>\n<tr>\n<td class=\"label\">Legeeriv koostisosa:<\/td>\n<td> 6082<\/td>\n<\/tr>\n<tr>\n<td class=\"label\">Poleeritud alumiiniumprofiil:<\/td>\n<td> pulberv\u00e4rvitud alumiiniumist l\u00fckanduks<\/td>\n<\/tr>\n<tr>\n<td class=\"label\">P\u00e4ritolu:<\/td>\n<td> Hiina<\/td>\n<\/tr>\n<tr>\n<td class=\"label\">T\u00fc\u00fcp:<\/td>\n<td> Alumiiniumprofiil akende ja uste jaoks, alumiiniumist dekoratsiooniprofiil, alumiiniumist soojussulatusprofiil, alumiiniumist klaasseina profiil, alumiiniumist transpordiprofiil, alumiiniumist transpordiprofiil<\/td>\n<\/tr>\n<tr>\n<td class=\"label\">Hinne:<\/td>\n<td> 6000 seeria<\/td>\n<\/tr>\n<tr>\n<td class=\"label\">alumiiniumprofiiliga aknad ja uksed:<\/td>\n<td> 100 seeria<\/td>\n<\/tr>\n<tr>\n<td class=\"label\">Pinna viimistlemine:<\/td>\n<td> Fluors\u00fcsivesiniku pihustamine<\/td>\n<\/tr>\n<tr>\n<td class=\"label\">Sertifitseerimine:<\/td>\n<td> ISO<\/td>\n<\/tr>\n<\/table>\n<h2>Meie tootmisbaas<\/h2>\n<h3>Tehase panoraam<\/h3>\n<p><img decoding=\"async\" src=\"\/wp-content\/uploads\/factory-01.webp\"\/><\/p>\n<h3>Alumiiniumvarraste tootmise t\u00f6\u00f6koda<\/h3>\n<p><img decoding=\"async\" src=\"\/wp-content\/uploads\/factory-02.webp\"\/><\/p>\n<\/p>\n<p><img decoding=\"async\" src=\"\/wp-content\/uploads\/factory-03.webp\"\/><\/p>\n<h3>hallituse ladustamise ladu<\/h3>\n<p><img decoding=\"async\" src=\"\/wp-content\/uploads\/factory-04.webp\"\/><\/p>\n<h3>43 alumiiniumi ekstrusiooniliini (500-5500 tonni)<\/h3>\n<p><img decoding=\"async\" src=\"\/wp-content\/uploads\/factory-05.webp\"\/><\/p>\n<p><img decoding=\"async\" src=\"\/wp-content\/uploads\/factory-06.webp\"\/><\/p>\n<p><img decoding=\"async\" src=\"\/wp-content\/uploads\/factory-07.webp\"\/><\/p>\n<h3>Pulberv\u00e4rvimise t\u00f6\u00f6koda<\/h3>\n<p><img decoding=\"async\" src=\"\/wp-content\/uploads\/factory-09.webp\"\/><\/p>\n<h3>Anodiseerimise t\u00f6\u00f6koda<\/h3>\n<p><img decoding=\"async\" src=\"\/wp-content\/uploads\/factory-10.webp\"\/><\/p>\n<h3>S\u00fcgavt\u00f6\u00f6tlemise t\u00f6\u00f6tuba<\/h3>\n<p><img decoding=\"async\" src=\"\/wp-content\/uploads\/factory-11.webp\"\/><\/p>\n<h3>CNC-t\u00e4ppist\u00f6\u00f6tlemise t\u00f6\u00f6koda<\/h3>\n<p><img decoding=\"async\" src=\"\/wp-content\/uploads\/factory-11.5.webp\"\/><\/p>\n<h3>Valmistoodete ja ekspordi ladu<\/h3>\n<p><img decoding=\"async\" src=\"\/wp-content\/uploads\/factory-12.webp\"\/><\/p>\n<p><img decoding=\"async\" src=\"\/wp-content\/uploads\/factory-13.webp\"\/><\/p>\n<p><img decoding=\"async\" src=\"\/wp-content\/uploads\/factory-14.webp\"\/><\/p>\n<h2>KKK<\/h2>\n<p><b>1.Mis on kohandatud OEM alumiiniumprofiil, mis on ekstrudeeritud anodeeritud ja puhastatud t\u00f6\u00f6tlemisega?<\/b><\/p>\n<p>See on spetsiaalselt valmistatud alumiiniumprofiil, mis on toodetud pressimismeetodil ja viimistletud anodeeritud v\u00e4rvide ja valikulise stantsitud tekstuuriga, mis parandab vastupidavust ja esteetilisust.\n<\/p>\n<p><\/p>\n<p><b>2.Millised on saadaval anodeeritud viimistlused?<\/b><\/p>\n<p>Profiilid on saadaval musta, \u0161ampanja, h\u00f5bedase ja valge anodeeritud viimistlusega, et need sobiksid erinevate disainistiilidega.\n<\/p>\n<p><\/p>\n<p><b>3.Mis kasu on l\u00f5hkise pinnat\u00f6\u00f6tlusest?<\/b><\/p>\n<p>Pihustamine lisab alumiiniumpinnale mati tekstuuri, parandab haardumist ja suurendab selle visuaalset atraktiivsust.\n<\/p>\n<p><\/p>\n<p><b>4.Kas see profiil sobib v\u00e4litingimustes kasutamiseks?<\/b><\/p>\n<p>Jah, anodeeritud ja puhastatud t\u00f6\u00f6tlus tagab suurep\u00e4rase korrosiooni- ja UV-kindluse v\u00e4litingimustes.\n<\/p>\n<p><\/p>\n<p><b>5.Kas ma saan taotleda oma OEM-alumiiniumprofiili jaoks kohandatud kuju v\u00f5i suurust?<\/b><\/p>\n<p>Kindlasti v\u00f5imaldab ekstrusiooniprotsess t\u00e4ielikult kohandatud profiilide valmistamist, et vastata konkreetsetele konstruktsiooni- v\u00f5i disainin\u00f5uetele.\n<\/p>\n<p><\/p>\n<p><b>6.Millised rakendused kasutavad neid kohandatud alumiiniumprofiile?<\/b><\/p>\n<p>Need sobivad ideaalselt arhitektuuri, elektroonikakorpuste, kuvas\u00fcsteemide, m\u00f6\u00f6bli ja t\u00f6\u00f6stuslike raamistike jaoks.\n<\/p>\n<p><\/p>\n<p><b>7.Kui vastupidavad on anodeeritud alumiiniumprofiilid?<\/b><\/p>\n<p>Anodeerimine k\u00f5vendab pinda, muutes selle kriimustuskindlaks, ilmastikukindlaks ja kauakestvaks isegi n\u00f5udlikes tingimustes.\n<\/p>\n<p><\/p>\n<p><b>8.Kas see toode on keskkonnas\u00f5bralik?<\/b><\/p>\n<p>Jah, alumiinium on 100% taaskasutatav ning nii anodeerimine kui ka l\u00f5hkamine on v\u00e4hese m\u00f5juga, j\u00e4tkusuutlikud protsessid.\n<\/p>\n<p><\/p>","protected":false},"featured_media":7303,"template":"","categories":[67],"class_list":["post-7304","product","type-product","status-publish","has-post-thumbnail","hentry","category-architectural-aluminium-profile"],"meta_box":{"hilight_text_group":{"product_hilight_text":"<li>Custom OEM aluminium extrusion tailored to specific design requirements<\/li>\r\r\n<li>Available in anodized finishes: black, champagne, silver, white<\/li>\r\r\n<li>Optional blasted surface treatment for enhanced texture and appearance<\/li>\r\r\n<li>Corrosion-resistant finish ideal for indoor and outdoor applications<\/li>\r\r\n<li>Precision extruded profiles ensure consistent quality and tight tolerances<\/li>\r\r\n<li>Suitable for architectural, industrial, and consumer product use<\/li>\r\r\n<li>Eco-friendly and recyclable aluminum material<\/li>","product_chanpin_blog":"<ul>\r\r\n<li><a href=\"https:\/\/sinoextrud.com\/t-slot-v-slot-differences\/\" target=\"_blank\">t slot vs v slot<\/a><\/li>\r\r\n<li><a href=\"https:\/\/sinoextrud.com\/what-is-4040-aluminium-extrud\/\" target=\"_blank\">4040 aluminium extrusion<\/a><\/li>\r\r\n<li><a href=\"https:\/\/sinoextrud.com\/what-is-4040-aluminium-extrud\/\" target=\"_blank\">aluminum extrusions for industrial racks<\/a><\/li>\r\r\n<li><a href=\"https:\/\/sinoextrud.com\/powder-coating-aluminium-process\/\" target=\"_blank\">powder coating aluminium<\/a><\/li>\r\r\n<li><a href=\"https:\/\/sinoextrud.com\/what-is-an-aluminium-strip-ceiling\/\" target=\"_blank\">aluminium strip ceiling<\/a><\/li>\r\r\n<li><a href=\"https:\/\/sinoextrud.com\/what-is-a-heat-sink\/\" target=\"_blank\">what is a heat sink<\/a><\/li>\r\r\n<\/ul>","product_chanpin_chanpin":"<li><a href=\"https:\/\/sinoextrud.com\/product\/aluminium-furniture\/\" target=\"_blank\">Aluminium Furniture<\/a><\/li>\r\n<li><a href=\"https:\/\/sinoextrud.com\/product\/aluminium-glass-fitting-channel\/\" target=\"_blank\">Aluminium Glass Fitting Channel<\/a><\/li>\r\n<li><a href=\"https:\/\/sinoextrud.com\/product\/aluminum-price-per-pound\/\" target=\"_blank\">Aluminum Price Per Pound<\/a><\/li>\r\n<li><a href=\"https:\/\/sinoextrud.com\/product\/aluminum-profile-extrusion-of-heatsink-sections-for-sale\/\" target=\"_blank\">Aluminum Profile Extrusion Of Heatsink Sections For Sale<\/a><\/li>\r\n<li><a href=\"https:\/\/sinoextrud.com\/product\/customized-ome-aluminium-profile-extruded-with-the-anodized-black-champage-silver-white-and-blasted-treatment\/\" target=\"_blank\">Customized OME Aluminium Profile Extruded With The Anodized Black Champage Silver White And Blasted Treatment<\/a><\/li>\r\n<li><a href=\"https:\/\/sinoextrud.com\/product\/aluminum-profile-windows-and-door-powder-coated-sliding-way\/\" target=\"_blank\">aluminum profile windows and door powder coated sliding way<\/a><\/li>\r\n<li><a href=\"https:\/\/sinoextrud.com\/product\/aluminium-profile-for-wardrobe-sliding-door-frame\/\" target=\"_blank\">Aluminium Profile For Wardrobe Sliding Door Frame<\/a><\/li>\r\n<li><a href=\"https:\/\/sinoextrud.com\/product\/aluminium-profile-frame-for-fly-screen\/\" target=\"_blank\">Aluminium Profile Frame For Fly Screen<\/a><\/li>\r\n<li><a href=\"https:\/\/sinoextrud.com\/product\/aluminum-profile-for-tent\/\" target=\"_blank\">Aluminum profile for tent<\/a><\/li>\r\n<li><a href=\"https:\/\/sinoextrud.com\/product\/sandblasted-aluminum-profile\/\" target=\"_blank\">Sandblasted Aluminum Profile<\/a><\/li>\r\n<li><a href=\"https:\/\/sinoextrud.com\/product\/machined-aluminum-rail-extrusion-profile-cnc-aviation-aluminum-gantry\/\" target=\"_blank\">Machined Aluminum Rail Extrusion Profile CNC Aviation Aluminum Gantry<\/a><\/li>"},"feature_list":[]},"_links":{"self":[{"href":"https:\/\/sinoextrud.com\/et\/wp-json\/wp\/v2\/product\/7304","targetHints":{"allow":["GET"]}}],"collection":[{"href":"https:\/\/sinoextrud.com\/et\/wp-json\/wp\/v2\/product"}],"about":[{"href":"https:\/\/sinoextrud.com\/et\/wp-json\/wp\/v2\/types\/product"}],"wp:featuredmedia":[{"embeddable":true,"href":"https:\/\/sinoextrud.com\/et\/wp-json\/wp\/v2\/media\/7303"}],"wp:attachment":[{"href":"https:\/\/sinoextrud.com\/et\/wp-json\/wp\/v2\/media?parent=7304"}],"wp:term":[{"taxonomy":"category","embeddable":true,"href":"https:\/\/sinoextrud.com\/et\/wp-json\/wp\/v2\/categories?post=7304"}],"curies":[{"name":"wp","href":"https:\/\/api.w.org\/{rel}","templated":true}]}}