{"id":7300,"date":"2025-06-07T02:30:42","date_gmt":"2025-06-07T02:30:42","guid":{"rendered":"https:\/\/sinoextrud.com\/product\/aluminum-price-per-pound\/"},"modified":"2025-06-24T06:12:28","modified_gmt":"2025-06-24T06:12:28","slug":"alumiiniumi-hind-naela-kohta","status":"publish","type":"product","link":"https:\/\/sinoextrud.com\/et\/product\/aluminum-price-per-pound\/","title":{"rendered":"Alumiiniumi hind naela kohta"},"content":{"rendered":"<h2>Toodete \u00fcksikasjad<\/h2>\n<table class=\"custom-table\">\n<tbody>\n<tr>\n<td> Objekt:<\/td>\n<td> Alumiiniumi hind naela kohta<\/td>\n<\/tr>\n<tr>\n<td> Kuju:<\/td>\n<td> Kohandatud<\/td>\n<\/tr>\n<tr>\n<td> Temperament:<\/td>\n<td> T3-T8<\/td>\n<\/tr>\n<tr>\n<td> Sulam:<\/td>\n<td> Sulam<\/td>\n<\/tr>\n<tr>\n<td> Legeeriv koostisosa:<\/td>\n<td> 6063<\/td>\n<\/tr>\n<tr>\n<td> Poleeritud alumiiniumprofiil:<\/td>\n<td> Keemiline poleerimine<\/td>\n<\/tr>\n<tr>\n<td> Anodeeritud Paksus:<\/td>\n<td> &gt;25um<\/td>\n<\/tr>\n<tr>\n<td> Pinnat\u00f6\u00f6tlus:<\/td>\n<td> Anodeeritud, pulberv\u00e4rvitud, puidumass, poleeritud<\/td>\n<\/tr>\n<tr>\n<td> Kaubam\u00e4rk:<\/td>\n<td> Sinoextrud alumiinium<\/td>\n<\/tr>\n<tr>\n<td> HS-kood:<\/td>\n<td> 760421<\/td>\n<\/tr>\n<tr>\n<td> T\u00fc\u00fcp:<\/td>\n<td> Alumiiniumprofiil akende ja uste jaoks, alumiiniumprofiil dekoratsioonide jaoks, alumiiniumprofiil soojussalvestite jaoks,<br \/>\nKlaasseina alumiiniumprofiil, transpordi alumiiniumprofiil<\/td>\n<\/tr>\n<tr>\n<td> Hinne:<\/td>\n<td> 6000 seeria<\/td>\n<\/tr>\n<tr>\n<td> Pinna viimistlemine:<\/td>\n<td> Pulbri pihustamine<\/td>\n<\/tr>\n<tr>\n<td> Sertifitseerimine:<\/td>\n<td> CE, SONCAP, ISO, CIQ, RoHS, TUV<\/td>\n<\/tr>\n<tr>\n<td> Pulbriga kaetud seina paksus:<\/td>\n<td> &gt;60um<\/td>\n<\/tr>\n<tr>\n<td> Materjal:<\/td>\n<td> Alumiiniumsulam<\/td>\n<\/tr>\n<tr>\n<td> Kvaliteedigarantii:<\/td>\n<td> \u00dcle 10 aasta<\/td>\n<\/tr>\n<tr>\n<td> Transpordipakett:<\/td>\n<td> Ekspordi standardpakett<\/td>\n<\/tr>\n<tr>\n<td> P\u00e4ritolu:<\/td>\n<td> Foshan, Hiina<\/td>\n<\/tr>\n<\/tbody>\n<\/table>\n<h2>Meie tootmisbaas<\/h2>\n<h3>Tehase panoraam<\/h3>\n<p><img decoding=\"async\" src=\"\/wp-content\/uploads\/factory-01.webp\"\/><\/p>\n<h3>Alumiiniumvarraste tootmise t\u00f6\u00f6koda<\/h3>\n<p><img decoding=\"async\" src=\"\/wp-content\/uploads\/factory-02.webp\"\/><\/p>\n<p><img decoding=\"async\" src=\"\/wp-content\/uploads\/factory-03.webp\"\/><\/p>\n<h3>hallituse ladustamise ladu<\/h3>\n<p><img decoding=\"async\" src=\"\/wp-content\/uploads\/factory-04.webp\"\/><\/p>\n<h3>43 alumiiniumi ekstrusiooniliini (500-5500 tonni)<\/h3>\n<p><img decoding=\"async\" src=\"\/wp-content\/uploads\/factory-05.webp\"\/><\/p>\n<p><img decoding=\"async\" src=\"\/wp-content\/uploads\/factory-06.webp\"\/><\/p>\n<p><img decoding=\"async\" src=\"\/wp-content\/uploads\/factory-07.webp\"\/><\/p>\n<h3>Pulberv\u00e4rvimise t\u00f6\u00f6koda<\/h3>\n<p><img decoding=\"async\" src=\"\/wp-content\/uploads\/factory-09.webp\"\/><\/p>\n<h3>Anodiseerimise t\u00f6\u00f6koda<\/h3>\n<p><img decoding=\"async\" src=\"\/wp-content\/uploads\/factory-10.webp\"\/><\/p>\n<h3>S\u00fcgavt\u00f6\u00f6tlemise t\u00f6\u00f6tuba<\/h3>\n<p><img decoding=\"async\" src=\"\/wp-content\/uploads\/factory-11.webp\"\/><\/p>\n<h3>CNC-t\u00e4ppist\u00f6\u00f6tlemise t\u00f6\u00f6koda<\/h3>\n<p><img decoding=\"async\" src=\"\/wp-content\/uploads\/factory-11.5.webp\"\/><\/p>\n<h3>Valmistoodete ja ekspordi ladu<\/h3>\n<p><img decoding=\"async\" src=\"\/wp-content\/uploads\/factory-12.webp\"\/><\/p>\n<p><img decoding=\"async\" src=\"\/wp-content\/uploads\/factory-13.webp\"\/><\/p>\n<p><img decoding=\"async\" src=\"\/wp-content\/uploads\/factory-14.webp\"\/><\/p>\n<h2>KKK<\/h2>\n<p><p><b>1.Mida t\u00e4hendab alumiiniumi hind naela kohta?<\/b><\/p>\n<p>Alumiiniumi hind naela kohta viitab alumiiniummaterjali ostukulule naela kaupa, mida tavaliselt kasutatakse v\u00e4ikeste ja keskmise suurusega tellimuste puhul.<br \/>\n<\/p><br \/>\n<br \/>\n<p><b>2.Miks osta alumiiniumi naela kaupa?<\/b><\/p>\n<p>See pakub paindlikkust v\u00e4ikeste projektide, protot\u00fc\u00fcpide v\u00f5i remondit\u00f6\u00f6de puhul, ilma et oleks vaja kohustuda maksma suurtes kogustes hindu.<br \/>\n<\/p><br \/>\n<br \/>\n<p><b>3.Kas alumiiniumiklass m\u00f5jutab naela hinda?<\/b><\/p>\n<p>Jah, erinevate alumiiniumisulamite (nt 6061, 5052) hinnad erinevad vastavalt nende omadustele ja turun\u00f5udlusele.<br \/>\n<\/p><br \/>\n<br \/>\n<p><b>4.Millised tegurid m\u00f5jutavad alumiiniumi hinda naela kohta?<\/b><\/p>\n<p>Turupakkumine ja -n\u00f5udlus, metalli maailmaturuhind, sulami t\u00fc\u00fcp ja t\u00f6\u00f6tlemismeetodid m\u00f5jutavad k\u00f5ik naela hinda.<br \/>\n<\/p><br \/>\n<br \/>\n<p><b>5.Kas ma saan alumiiniumi ostmisel naelade kaupa mahusoodustusi?<\/b><\/p>\n<p>Jah, tarnijad pakuvad sageli paremaid hindu suuremate kaalup\u00f5histe ostude puhul, isegi kui hind on kilogrammi kohta.<br \/>\n<\/p><br \/>\n<br \/>\n<p><b>6.Kas alumiinium, mida m\u00fc\u00fcakse kilogrammi kohta, sobib konstruktsiooniliseks kasutamiseks?<\/b><\/p>\n<p>Jah, kui valitakse \u00f5ige kvaliteediklass ja spetsifikatsioonid, v\u00f5ib naela kaupa m\u00fc\u00fcdav alumiinium vastata struktuuri- ja toimivusnormidele.<br \/>\n<\/p><br \/>\n<br \/>\n<p><b>7.Kus on alumiiniumi hind kilo kohta tavaliselt kasutusel?<\/b><\/p>\n<p>Seda kasutatakse laialdaselt DIY-projektides, metallit\u00f6\u00f6kodades, v\u00e4ikesemahulises tootmises ja haridusasutustes.<br \/>\n<\/p><br \/>\n<br \/>\n<p><b>8.Kas alumiiniumi ostmine kilogrammi kohta on keskkonnas\u00f5bralik?<\/b><\/p>\n<p>Jah, alumiinium on 100% taaskasutatav ja ostmine kaalu j\u00e4rgi v\u00f5imaldab t\u00f5husamat materjalikasutust minimaalsete j\u00e4\u00e4tmetega.<br \/>\n<\/p><br \/><\/p>","protected":false},"featured_media":7299,"template":"","categories":[67],"class_list":["post-7300","product","type-product","status-publish","has-post-thumbnail","hentry","category-architectural-aluminium-profile"],"meta_box":{"hilight_text_group":{"product_hilight_text":"<li>Competitive aluminum price per pound for flexible purchasing<\/li>\r\r\n<li>Ideal for small-scale manufacturing, prototyping, and repairs<\/li>\r\r\n<li>Accurate weight-based pricing helps control material costs<\/li>\r\r\n<li>Available in various grades and forms including sheets, bars, and tubes<\/li>\r\r\n<li>High-quality aluminum with consistent mechanical properties<\/li>\r\r\n<li>Suitable for industries such as construction, automotive, and aerospace<\/li>\r\r\n<li>Quick delivery and reliable inventory for immediate use<\/li>","product_chanpin_blog":"<ul>\r\r\n<li><a href=\"https:\/\/sinoextrud.com\/t-slot-v-slot-differences\/\" target=\"_blank\">t slot vs v slot<\/a><\/li>\r\r\n<li><a href=\"https:\/\/sinoextrud.com\/what-is-4040-aluminium-extrud\/\" target=\"_blank\">4040 aluminium extrusion<\/a><\/li>\r\r\n<li><a href=\"https:\/\/sinoextrud.com\/what-is-4040-aluminium-extrud\/\" target=\"_blank\">aluminum extrusions for industrial racks<\/a><\/li>\r\r\n<li><a href=\"https:\/\/sinoextrud.com\/powder-coating-aluminium-process\/\" target=\"_blank\">powder coating aluminium<\/a><\/li>\r\r\n<li><a href=\"https:\/\/sinoextrud.com\/what-is-an-aluminium-strip-ceiling\/\" target=\"_blank\">aluminium strip ceiling<\/a><\/li>\r\r\n<li><a href=\"https:\/\/sinoextrud.com\/what-is-a-heat-sink\/\" target=\"_blank\">what is a heat sink<\/a><\/li>\r\r\n<\/ul>","product_chanpin_chanpin":"<li><a href=\"https:\/\/sinoextrud.com\/product\/aluminium-profile-for-window\/\" target=\"_blank\">Aluminium Profile For Window<\/a><\/li>\r\n<li><a href=\"https:\/\/sinoextrud.com\/product\/powder-coating-aluminium-roller-shutter-profile\/\" target=\"_blank\">Powder Coating Aluminium Roller shutter Profile<\/a><\/li>\r\n<li><a href=\"https:\/\/sinoextrud.com\/product\/aluminium-furniture\/\" target=\"_blank\">Aluminium Furniture<\/a><\/li>\r\n<li><a href=\"https:\/\/sinoextrud.com\/product\/aluminium-glass-fitting-channel\/\" target=\"_blank\">Aluminium Glass Fitting Channel<\/a><\/li>\r\n<li><a href=\"https:\/\/sinoextrud.com\/product\/aluminum-price-per-pound\/\" target=\"_blank\">Aluminum Price Per Pound<\/a><\/li>\r\n<li><a href=\"https:\/\/sinoextrud.com\/product\/aluminum-profile-extrusion-of-heatsink-sections-for-sale\/\" target=\"_blank\">Aluminum Profile Extrusion Of Heatsink Sections For Sale<\/a><\/li>\r\n<li><a href=\"https:\/\/sinoextrud.com\/product\/customized-ome-aluminium-profile-extruded-with-the-anodized-black-champage-silver-white-and-blasted-treatment\/\" target=\"_blank\">Customized OME Aluminium Profile Extruded With The Anodized Black Champage Silver White And Blasted Treatment<\/a><\/li>\r\n<li><a href=\"https:\/\/sinoextrud.com\/product\/aluminum-profile-windows-and-door-powder-coated-sliding-way\/\" target=\"_blank\">aluminum profile windows and door powder coated sliding way<\/a><\/li>\r\n<li><a href=\"https:\/\/sinoextrud.com\/product\/aluminium-profile-for-wardrobe-sliding-door-frame\/\" target=\"_blank\">Aluminium Profile For Wardrobe Sliding Door Frame<\/a><\/li>\r\n<li><a href=\"https:\/\/sinoextrud.com\/product\/double-angle-aluminum-extrusion\/\" target=\"_blank\">Double Angle Aluminum Extrusion<\/a><\/li>\r\n<li><a href=\"https:\/\/sinoextrud.com\/product\/h-shaped-aluminum-extrusion\/\" target=\"_blank\">H Shaped Aluminum Extrusion<\/a><\/li>"},"feature_list":[]},"_links":{"self":[{"href":"https:\/\/sinoextrud.com\/et\/wp-json\/wp\/v2\/product\/7300","targetHints":{"allow":["GET"]}}],"collection":[{"href":"https:\/\/sinoextrud.com\/et\/wp-json\/wp\/v2\/product"}],"about":[{"href":"https:\/\/sinoextrud.com\/et\/wp-json\/wp\/v2\/types\/product"}],"wp:featuredmedia":[{"embeddable":true,"href":"https:\/\/sinoextrud.com\/et\/wp-json\/wp\/v2\/media\/7299"}],"wp:attachment":[{"href":"https:\/\/sinoextrud.com\/et\/wp-json\/wp\/v2\/media?parent=7300"}],"wp:term":[{"taxonomy":"category","embeddable":true,"href":"https:\/\/sinoextrud.com\/et\/wp-json\/wp\/v2\/categories?post=7300"}],"curies":[{"name":"wp","href":"https:\/\/api.w.org\/{rel}","templated":true}]}}