{"id":7298,"date":"2025-06-07T02:29:16","date_gmt":"2025-06-07T02:29:16","guid":{"rendered":"https:\/\/sinoextrud.com\/product\/aluminium-glass-fitting-channel\/"},"modified":"2025-06-24T06:12:28","modified_gmt":"2025-06-24T06:12:28","slug":"alumiiniumist-klaasist-paigalduskanal","status":"publish","type":"product","link":"https:\/\/sinoextrud.com\/et\/product\/aluminium-glass-fitting-channel\/","title":{"rendered":"Alumiiniumist klaasist paigalduskanal"},"content":{"rendered":"<h2>Toodete \u00fcksikasjad<\/h2>\n<table class=\"custom-table\">\n<tbody>\n<tr>\n<td> Toote nimi<\/td>\n<td> Alumiiniumist klaasist paigalduskanal<\/td>\n<\/tr>\n<tr>\n<td> Tootevalik<\/td>\n<td> alumiiniumist ekstrusioonid klaasist reeling u kanal, u kanal klaasist reeling, klaasist reeling liitmikud, alumiiniumist u kanalist klaasist reeling jne.<\/td>\n<\/tr>\n<tr>\n<td> Toote t\u00fc\u00fcp<\/td>\n<td> klaasist du\u0161ipaneel fikseeritud paneel s\u00fcgav u-kanal alumiinium, alumiinium klaasist du\u0161\u0161 u-kanal klaas 10-12mm, klaasist fikseeritud paneel s\u00fcgav alumiinium u-kanal, alumiinium u-kanal klaasist kaide raamita, u-kanal alumiinium profiil klaasist kaide, alumiinium u-kanal klaasist kaide, alumiinium klaas kanal, alumiinium u-kujuline kanal klaasist tarastatud, jne.<\/td>\n<\/tr>\n<tr>\n<td> Alumiiniumsulam<\/td>\n<td> 1000-seeria, 200-seeria, 3000-seeria, 5000-seeria, 6000-seeria, 7000-seeria<\/td>\n<\/tr>\n<tr>\n<td> Temper<\/td>\n<td> T3-T8<\/td>\n<\/tr>\n<tr>\n<td> Kuju<\/td>\n<td> kohandamine<\/td>\n<\/tr>\n<tr>\n<td> V\u00e4rv<\/td>\n<td> kohandamine<\/td>\n<\/tr>\n<tr>\n<td> Pinnat\u00f6\u00f6tlus<\/td>\n<td> freesitud, anodeeritud, puidumass, elektripinnakate, liivapritsimine, elektroforees, harjatud, poleerimine jne.<\/td>\n<\/tr>\n<tr>\n<td> CNC s\u00fcgavt\u00f6\u00f6tlemine<\/td>\n<td> l\u00f5ikamine, puurimine, mehaaniline t\u00f6\u00f6tlemine, stantsimine, painutamine, koputades jne.<\/td>\n<\/tr>\n<tr>\n<td> Sertifikaadid<\/td>\n<td> CE, ISO, SGS, TUV, ROHS<\/td>\n<\/tr>\n<tr>\n<td> Proovid<\/td>\n<td> tasuta proov. 1-3 p\u00e4eva jooksul toimetatakse teile.<\/td>\n<\/tr>\n<tr>\n<td> MOQ<\/td>\n<td> 200 kg iga profiili kohta<\/td>\n<\/tr>\n<tr>\n<td> Tarneaeg<\/td>\n<td> Vormi v\u00e4ljat\u00f6\u00f6tamine ja n\u00e4idise konformatsioon on 12-15 p\u00e4eva, seej\u00e4rel tootmisperiood on 15-25 p\u00e4eva p\u00e4rast ostjalt tagatisraha saamist.<\/td>\n<\/tr>\n<tr>\n<td> Maksetingimused<\/td>\n<td> 30% tagatisraha enne tootmist ja saldo enne saatmist.<\/td>\n<\/tr>\n<tr>\n<td> Sadam<\/td>\n<td> Shenzhen, Guangzhou<\/td>\n<\/tr>\n<\/tbody>\n<\/table>\n<h2>Meie tootmisbaas<\/h2>\n<h3>Tehase panoraam<\/h3>\n<p><img decoding=\"async\" src=\"\/wp-content\/uploads\/factory-01.webp\"\/><\/p>\n<h3>Alumiiniumvarraste tootmise t\u00f6\u00f6koda<\/h3>\n<p><img decoding=\"async\" src=\"\/wp-content\/uploads\/factory-02.webp\"\/><\/p>\n<p><img decoding=\"async\" src=\"\/wp-content\/uploads\/factory-03.webp\"\/><\/p>\n<h3>hallituse ladustamise ladu<\/h3>\n<p><img decoding=\"async\" src=\"\/wp-content\/uploads\/factory-04.webp\"\/><\/p>\n<h3>43 alumiiniumi ekstrusiooniliini (500-5500 tonni)<\/h3>\n<p><img decoding=\"async\" src=\"\/wp-content\/uploads\/factory-05.webp\"\/><\/p>\n<p><img decoding=\"async\" src=\"\/wp-content\/uploads\/factory-06.webp\"\/><\/p>\n<p><img decoding=\"async\" src=\"\/wp-content\/uploads\/factory-07.webp\"\/><\/p>\n<h3>Pulberv\u00e4rvimise t\u00f6\u00f6koda<\/h3>\n<p><img decoding=\"async\" src=\"\/wp-content\/uploads\/factory-09.webp\"\/><\/p>\n<h3>Anodiseerimise t\u00f6\u00f6koda<\/h3>\n<p><img decoding=\"async\" src=\"\/wp-content\/uploads\/factory-10.webp\"\/><\/p>\n<h3>S\u00fcgavt\u00f6\u00f6tlemise t\u00f6\u00f6tuba<\/h3>\n<p><img decoding=\"async\" src=\"\/wp-content\/uploads\/factory-11.webp\"\/><\/p>\n<h3>CNC-t\u00e4ppist\u00f6\u00f6tlemise t\u00f6\u00f6koda<\/h3>\n<p><img decoding=\"async\" src=\"\/wp-content\/uploads\/factory-11.5.webp\"\/><\/p>\n<h3>Valmistoodete ja ekspordi ladu<\/h3>\n<p><img decoding=\"async\" src=\"\/wp-content\/uploads\/factory-12.webp\"\/><\/p>\n<p><img decoding=\"async\" src=\"\/wp-content\/uploads\/factory-13.webp\"\/><\/p>\n<p><img decoding=\"async\" src=\"\/wp-content\/uploads\/factory-14.webp\"\/><\/p>\n<h2>KKK<\/h2>\n<p><p><b>1.Mis on alumiiniumist klaasist paigalduskanal?<\/b><\/p>\n<p>Alumiiniumklaasi paigalduskanal on t\u00e4pselt valmistatud alumiiniumprofiil, mida kasutatakse klaaspaneelide turvaliseks hoidmiseks arhitektuuri- ja siseruumides.<br \/>\n<\/p><br \/>\n<br \/>\n<p><b>2.Millised on alumiiniumist klaasist kanalite kasutamise eelised?<\/b><\/p>\n<p>Need pakuvad tugevat struktuurilist tuge, korrosioonikindlust, elegantset v\u00e4limust ja sobivust erinevate klaaspaksustega.<br \/>\n<\/p><br \/>\n<br \/>\n<p><b>3.Kas see kanal sobib v\u00e4litingimustes kasutamiseks?<\/b><\/p>\n<p>Jah, korrosioonikindel viimistlus muudab selle ideaalseks nii sise- kui ka v\u00e4litingimustes kasutamiseks, sealhulgas balustraadide ja fassaadide puhul.<br \/>\n<\/p><br \/>\n<br \/>\n<p><b>4.Kas kanal mahutab erineva paksusega klaasi?<\/b><\/p>\n<p>Jah, me pakume mitut kanali suurust, mis on m\u00f5eldud tavalisele klaasi paksusele, n\u00e4iteks 8 mm, 10 mm ja 12 mm.<br \/>\n<\/p><br \/>\n<br \/>\n<p><b>5.Kus kasutatakse tavaliselt alumiiniumist klaasist paigalduskanaleid?<\/b><\/p>\n<p>Neid kasutatakse laialdaselt du\u0161ikabiinides, klaasist vaheseinades, k\u00e4sipuudes, balustraadides ja kaupluste klaasistamiss\u00fcsteemides.<br \/>\n<\/p><br \/>\n<br \/>\n<p><b>6.Kas neid kanaleid on lihtne paigaldada?<\/b><\/p>\n<p>Jah, need on m\u00f5eldud kiireks paigaldamiseks, kasutades standardseid kinnitusvahendeid ja hermeetikuid, mis v\u00e4hendab t\u00f6\u00f6aega.<br \/>\n<\/p><br \/>\n<br \/>\n<p><b>7.Kas ma saan tellida kohandatud pikkusi v\u00f5i viimistlusi?<\/b><\/p>\n<p>Jah, vastavalt projekti n\u00f5uetele on saadaval kohandatud pikkused, anodeeritud v\u00e4rvid ja pulberv\u00e4rvitud viimistlused.<br \/>\n<\/p><br \/>\n<br \/>\n<p><b>8.Kas alumiiniumklaasist kanalid tagavad veekindla tihenduse?<\/b><\/p>\n<p>Kui need paigaldatakse koos sobivate tihendite ja tihendusmaterjalidega, pakuvad nad suurep\u00e4rast tihendust niisketes ruumides, n\u00e4iteks vannitubades ja r\u00f5dudel.<br \/>\n<\/p><br \/><\/p>","protected":false},"featured_media":7297,"template":"","categories":[67],"class_list":["post-7298","product","type-product","status-publish","has-post-thumbnail","hentry","category-architectural-aluminium-profile"],"meta_box":{"hilight_text_group":{"product_hilight_text":"<li>High-strength aluminum ensures secure and stable glass installation<\/li>\r\r\n<li>Corrosion-resistant surface ideal for interior and exterior applications<\/li>\r\r\n<li>Precision-extruded for tight fit and clean finish<\/li>\r\r\n<li>Supports various glass thicknesses for versatile use<\/li>\r\r\n<li>Easy to install with standard mounting hardware<\/li>\r\r\n<li>Available in multiple finishes and custom lengths<\/li>\r\r\n<li>Ideal for partitions, balustrades, shower enclosures, and shopfronts<\/li>","product_chanpin_blog":"<ul>\r\r\n<li><a href=\"https:\/\/sinoextrud.com\/t-slot-v-slot-differences\/\" target=\"_blank\">t slot vs v slot<\/a><\/li>\r\r\n<li><a href=\"https:\/\/sinoextrud.com\/what-is-4040-aluminium-extrud\/\" target=\"_blank\">4040 aluminium extrusion<\/a><\/li>\r\r\n<li><a href=\"https:\/\/sinoextrud.com\/what-is-4040-aluminium-extrud\/\" target=\"_blank\">aluminum extrusions for industrial racks<\/a><\/li>\r\r\n<li><a href=\"https:\/\/sinoextrud.com\/powder-coating-aluminium-process\/\" target=\"_blank\">powder coating aluminium<\/a><\/li>\r\r\n<li><a href=\"https:\/\/sinoextrud.com\/what-is-an-aluminium-strip-ceiling\/\" target=\"_blank\">aluminium strip ceiling<\/a><\/li>\r\r\n<li><a href=\"https:\/\/sinoextrud.com\/what-is-a-heat-sink\/\" target=\"_blank\">what is a heat sink<\/a><\/li>\r\r\n<\/ul>","product_chanpin_chanpin":"<li><a href=\"https:\/\/sinoextrud.com\/product\/aluminium-fabrication\/\" target=\"_blank\">Aluminium Fabrication<\/a><\/li>\r\n<li><a href=\"https:\/\/sinoextrud.com\/product\/aluminium-profile-for-window\/\" target=\"_blank\">Aluminium Profile For Window<\/a><\/li>\r\n<li><a href=\"https:\/\/sinoextrud.com\/product\/powder-coating-aluminium-roller-shutter-profile\/\" target=\"_blank\">Powder Coating Aluminium Roller shutter Profile<\/a><\/li>\r\n<li><a href=\"https:\/\/sinoextrud.com\/product\/aluminium-furniture\/\" target=\"_blank\">Aluminium Furniture<\/a><\/li>\r\n<li><a href=\"https:\/\/sinoextrud.com\/product\/aluminium-glass-fitting-channel\/\" target=\"_blank\">Aluminium Glass Fitting Channel<\/a><\/li>\r\n<li><a href=\"https:\/\/sinoextrud.com\/product\/aluminum-price-per-pound\/\" target=\"_blank\">Aluminum Price Per Pound<\/a><\/li>\r\n<li><a href=\"https:\/\/sinoextrud.com\/product\/aluminum-profile-extrusion-of-heatsink-sections-for-sale\/\" target=\"_blank\">Aluminum Profile Extrusion Of Heatsink Sections For Sale<\/a><\/li>\r\n<li><a href=\"https:\/\/sinoextrud.com\/product\/customized-ome-aluminium-profile-extruded-with-the-anodized-black-champage-silver-white-and-blasted-treatment\/\" target=\"_blank\">Customized OME Aluminium Profile Extruded With The Anodized Black Champage Silver White And Blasted Treatment<\/a><\/li>\r\n<li><a href=\"https:\/\/sinoextrud.com\/product\/aluminum-profile-windows-and-door-powder-coated-sliding-way\/\" target=\"_blank\">aluminum profile windows and door powder coated sliding way<\/a><\/li>\r\n<li><a href=\"https:\/\/sinoextrud.com\/product\/item-structural-aluminum-extrusions\/\" target=\"_blank\">Item Structural Aluminum Extrusions<\/a><\/li>\r\n<li><a href=\"https:\/\/sinoextrud.com\/product\/aluminum-extrusion-accessories\/\" target=\"_blank\">Aluminum Extrusion Accessories<\/a><\/li>"},"feature_list":[]},"_links":{"self":[{"href":"https:\/\/sinoextrud.com\/et\/wp-json\/wp\/v2\/product\/7298","targetHints":{"allow":["GET"]}}],"collection":[{"href":"https:\/\/sinoextrud.com\/et\/wp-json\/wp\/v2\/product"}],"about":[{"href":"https:\/\/sinoextrud.com\/et\/wp-json\/wp\/v2\/types\/product"}],"wp:featuredmedia":[{"embeddable":true,"href":"https:\/\/sinoextrud.com\/et\/wp-json\/wp\/v2\/media\/7297"}],"wp:attachment":[{"href":"https:\/\/sinoextrud.com\/et\/wp-json\/wp\/v2\/media?parent=7298"}],"wp:term":[{"taxonomy":"category","embeddable":true,"href":"https:\/\/sinoextrud.com\/et\/wp-json\/wp\/v2\/categories?post=7298"}],"curies":[{"name":"wp","href":"https:\/\/api.w.org\/{rel}","templated":true}]}}