{"id":7270,"date":"2025-06-06T03:43:29","date_gmt":"2025-06-06T03:43:29","guid":{"rendered":"https:\/\/sinoextrud.com\/product\/aluminium-extrusion-curtain-wall-profile-with-powder-coated-surface-manufacturer-direct-selling\/"},"modified":"2025-06-24T06:12:24","modified_gmt":"2025-06-24T06:12:24","slug":"alumiinium-ekstrusiooni-kardinaseina-profiil-pulbervarvitud-pinnaga-tootja-otsemuuk","status":"publish","type":"product","link":"https:\/\/sinoextrud.com\/et\/product\/aluminium-extrusion-curtain-wall-profile-with-powder-coated-surface-manufacturer-direct-selling\/","title":{"rendered":"Alumiiniumist ekstrusioonist kardinaseina profiil pulberv\u00e4rvitud pinnaga tootja otsem\u00fc\u00fck"},"content":{"rendered":"<h2>Toodete \u00fcksikasjad<\/h2>\n<table class=\"custom-table\">\n<tbody>\n<tr>\n<td> 1<\/td>\n<td> Punkti<\/td>\n<td> Alumiiniumist ekstrusioonist kardinaseina profiil pulberv\u00e4rvitud pinnaga tootja otsem\u00fc\u00fck<\/td>\n<\/tr>\n<tr>\n<td> 2<\/td>\n<td> Materjal<\/td>\n<td> Sulam 6063<\/td>\n<\/tr>\n<tr>\n<td> 3<\/td>\n<td> Temper<\/td>\n<td> T5<\/td>\n<\/tr>\n<tr>\n<td> 4<\/td>\n<td> Sertifikaat<\/td>\n<td> ISO9001, ISO14001<\/td>\n<\/tr>\n<tr>\n<td> 5<\/td>\n<td> V\u00f5imekus<\/td>\n<td> Aastane toodang \u00fcle 60 000 tonni<\/td>\n<\/tr>\n<tr>\n<td> 6<\/td>\n<td> V\u00e4rv<\/td>\n<td> Kohandatud saadaval<\/td>\n<\/tr>\n<tr>\n<td> 7<\/td>\n<td> Pikkus<\/td>\n<td> 1-9 meetrit v\u00f5i kohandatud<\/td>\n<\/tr>\n<tr>\n<td> 8<\/td>\n<td> Paksus<\/td>\n<td> Kohandatud<\/td>\n<\/tr>\n<tr>\n<td> 9<\/td>\n<td> Pinna viimistlus<\/td>\n<td> veski viimistlus, anodeerimine, elektroforees, pulberv\u00e4rvimine, puiduribaline \u00fclekanne, fluoros\u00fcsinikkate jne.<\/td>\n<\/tr>\n<tr>\n<td> 10<\/td>\n<td> Taotlus<\/td>\n<td> akna- ja uksel\u00f5iked, k\u00e4sipuu, kardinaseinad<\/td>\n<\/tr>\n<tr>\n<td> 11<\/td>\n<td> Laadimissadam<\/td>\n<td> Shenzhen, Guangzhou, Foshani sadam<\/td>\n<\/tr>\n<tr>\n<td> 12<\/td>\n<td> Maksmine<\/td>\n<td> T\/T, 30% ettemaks, samas kui saldo makstakse v\u00e4lja enne tarnimist<\/td>\n<\/tr>\n<tr>\n<td> 13<\/td>\n<td> Pakett<\/td>\n<td> 1.Inside: pakitud plastist kaitsekilega, et kaitsta iga profiili<br \/>\n2.V\u00e4ljaspool: pakitud veekindla k\u00e4sit\u00f6\u00f6paberiga<\/td>\n<\/tr>\n<tr>\n<td> 14<\/td>\n<td> Kohaletoimetamine<\/td>\n<td> 25-30 p\u00e4eva p\u00e4rast ettemaksu tasumist<\/td>\n<\/tr>\n<tr>\n<td> 15<\/td>\n<td> J\u00e4rjekord<\/td>\n<td> 1. Kinnitage joonised, pinnat\u00f6\u00f6tlus ja hind;<br \/>\n2. Makske vormi tasu ja me alustame vormide valmistamist;<br \/>\n3. Saadame teile kinnituse saamiseks proovid;<br \/>\n4. Tehke makse 30% tagatisraha, alustage tootmist;<\/td>\n<\/tr>\n<\/tbody>\n<\/table>\n<h2>Meie tootmisbaas<\/h2>\n<h3>Tehase panoraam<\/h3>\n<p><img decoding=\"async\" src=\"\/wp-content\/uploads\/factory-01.webp\"\/><\/p>\n<h3>Alumiiniumvarraste tootmise t\u00f6\u00f6koda<\/h3>\n<p><img decoding=\"async\" src=\"\/wp-content\/uploads\/factory-02.webp\"\/><\/p>\n<p><img decoding=\"async\" src=\"\/wp-content\/uploads\/factory-03.webp\"\/><\/p>\n<h3>hallituse ladustamise ladu<\/h3>\n<p><img decoding=\"async\" src=\"\/wp-content\/uploads\/factory-04.webp\"\/><\/p>\n<h3>43 alumiiniumi ekstrusiooniliini (500-5500 tonni)<\/h3>\n<p><img decoding=\"async\" src=\"\/wp-content\/uploads\/factory-05.webp\"\/><\/p>\n<p><img decoding=\"async\" src=\"\/wp-content\/uploads\/factory-06.webp\"\/><\/p>\n<p><img decoding=\"async\" src=\"\/wp-content\/uploads\/factory-07.webp\"\/><\/p>\n<h3>Pulberv\u00e4rvimise t\u00f6\u00f6koda<\/h3>\n<p><img decoding=\"async\" src=\"\/wp-content\/uploads\/factory-09.webp\"\/><\/p>\n<h3>Anodiseerimise t\u00f6\u00f6koda<\/h3>\n<p><img decoding=\"async\" src=\"\/wp-content\/uploads\/factory-10.webp\"\/><\/p>\n<h3>S\u00fcgavt\u00f6\u00f6tlemise t\u00f6\u00f6tuba<\/h3>\n<p><img decoding=\"async\" src=\"\/wp-content\/uploads\/factory-11.webp\"\/><\/p>\n<h3>CNC-t\u00e4ppist\u00f6\u00f6tlemise t\u00f6\u00f6koda<\/h3>\n<p><img decoding=\"async\" src=\"\/wp-content\/uploads\/factory-11.5.webp\"\/><\/p>\n<h3>Valmistoodete ja ekspordi ladu<\/h3>\n<p><img decoding=\"async\" src=\"\/wp-content\/uploads\/factory-12.webp\"\/><\/p>\n<p><img decoding=\"async\" src=\"\/wp-content\/uploads\/factory-13.webp\"\/><\/p>\n<p><img decoding=\"async\" src=\"\/wp-content\/uploads\/factory-14.webp\"\/><\/p>\n<h2>KKK<\/h2>\n<p><p><b>1.Mis on pulberv\u00e4rvitud pinnaga alumiiniumist ekstrusioonist kardinaseina profiil?<\/b><\/p>\n<p>See on konstruktsiooniline alumiiniumprofiil, mida kasutatakse kardinaseinas\u00fcsteemides ja mis on viimistletud pulberv\u00e4rviga, et suurendada vastupidavust ja esteetilisust.<br \/>\n<\/p><br \/>\n<br \/>\n<p><b>2.Miks valida kardinate jaoks pulberv\u00e4rvitud alumiiniumprofiilid?<\/b><\/p>\n<p>Pulbriline pinnakate pakub suurep\u00e4rast UV-, korrosiooni- ja kriimustuskindlust, mist\u00f5ttu on see ideaalne pikaajalise v\u00e4litingimustes kasutamise jaoks.<br \/>\n<\/p><br \/>\n<br \/>\n<p><b>3.Kas kardinaseina alumiiniumprofiilid on kohandatavad?<\/b><\/p>\n<p>Jah, neid profiile saab kohandada suuruse, kuju, v\u00e4rvi ja viimistluse osas, et vastata arhitektuurilistele ja projektispetsiifilistele n\u00f5uetele.<br \/>\n<\/p><br \/>\n<br \/>\n<p><b>4.Kuidas on tootja otsem\u00fc\u00fck kasulik ostjatele?<\/b><\/p>\n<p>Tootja otsem\u00fc\u00fck v\u00e4hendab vahendajakulusid, tagades konkurentsiv\u00f5imelisema hinna ja usaldusv\u00e4\u00e4rse tarnimise suures koguses kardinaseina projektide puhul.<br \/>\n<\/p><br \/>\n<br \/>\n<p><b>5.Millised on alumiiniumprofiilide kasutamise eelised kardinaseintes?<\/b><\/p>\n<p>Alumiiniumprofiilid on kerged, tugevad, korrosioonikindlad ja v\u00f5imaldavad elegantset, kaasaegset arhitektuurset disaini.<br \/>\n<\/p><br \/>\n<br \/>\n<p><b>6.Kas pulberv\u00e4rvitud alumiinium sobib k\u00f5rghoonete jaoks?<\/b><\/p>\n<p>Selle ilmastikukindlad omadused ja tugevus muudavad selle ideaalseks k\u00f5rghoonete ja suuremahuliste kaubanduslike fassaadis\u00fcsteemide jaoks.<br \/>\n<\/p><br \/>\n<br \/>\n<p><b>7.Kas need profiilid toetavad energiat\u00f5husate kardinaseinte konstruktsioone?<\/b><\/p>\n<p>Jah, profiile saab energiat\u00f5hususe parandamiseks integreerida soojustagastuss\u00fcsteemide ja topeltklaasiga paneelidega.<br \/>\n<\/p><br \/><\/p>","protected":false},"featured_media":7269,"template":"","categories":[67],"class_list":["post-7270","product","type-product","status-publish","has-post-thumbnail","hentry","category-architectural-aluminium-profile"],"meta_box":{"hilight_text_group":{"product_hilight_text":"<li>High-strength aluminum extrusion ideal for curtain wall systems<\/li>\r\r\n<li>Durable powder coated surface for enhanced weather resistance<\/li>\r\r\n<li>Modern aesthetics with customizable colors and finishes<\/li>\r\r\n<li>Direct manufacturer pricing for cost-effective sourcing<\/li>\r\r\n<li>Precision-engineered profiles ensure easy installation and stability<\/li>\r\r\n<li>Suitable for commercial, residential, and high-rise applications<\/li>","product_chanpin_blog":"<ul>\r\r\n<li><a href=\"https:\/\/sinoextrud.com\/t-slot-v-slot-differences\/\" target=\"_blank\">t slot vs v slot<\/a><\/li>\r\r\n<li><a href=\"https:\/\/sinoextrud.com\/what-is-4040-aluminium-extrud\/\" target=\"_blank\">4040 aluminium extrusion<\/a><\/li>\r\r\n<li><a href=\"https:\/\/sinoextrud.com\/what-is-4040-aluminium-extrud\/\" target=\"_blank\">aluminum extrusions for industrial racks<\/a><\/li>\r\r\n<li><a href=\"https:\/\/sinoextrud.com\/powder-coating-aluminium-process\/\" target=\"_blank\">powder coating aluminium<\/a><\/li>\r\r\n<li><a href=\"https:\/\/sinoextrud.com\/what-is-an-aluminium-strip-ceiling\/\" target=\"_blank\">aluminium strip ceiling<\/a><\/li>\r\r\n<li><a href=\"https:\/\/sinoextrud.com\/what-is-a-heat-sink\/\" target=\"_blank\">what is a heat sink<\/a><\/li>\r\r\n<\/ul>","product_chanpin_chanpin":"<li><a href=\"https:\/\/sinoextrud.com\/product\/extruded-aluminum-profiles\/\" target=\"_blank\">Extruded Aluminum Profiles<\/a><\/li>\r\n<li><a href=\"https:\/\/sinoextrud.com\/product\/aluminium-system-profile\/\" target=\"_blank\">Aluminium System Profile<\/a><\/li>\r\n<li><a href=\"https:\/\/sinoextrud.com\/product\/aluminium-extrusion-c-beam\/\" target=\"_blank\">Aluminium Extrusion C Beam<\/a><\/li>\r\n<li><a href=\"https:\/\/sinoextrud.com\/product\/extruded-aluminum-tubing-for-stair-rail\/\" target=\"_blank\">Extruded Aluminum Tubing For Stair Rail<\/a><\/li>\r\n<li><a href=\"https:\/\/sinoextrud.com\/product\/aluminium-extrusion-curtain-wall-profile-with-powder-coated-surface-manufacturer-direct-selling\/\" target=\"_blank\">Aluminium Extrusion Curtain Wall Profile With Powder Coated Surface Manufacturer Direct Selling<\/a><\/li>\r\n<li><a href=\"https:\/\/sinoextrud.com\/product\/customized-aluminium-heavy-duty-door-hinge\/\" target=\"_blank\">Customized Aluminium Heavy Duty Door Hinge<\/a><\/li>\r\n<li><a href=\"https:\/\/sinoextrud.com\/product\/extruded-aluminium-curtain-walls\/\" target=\"_blank\">Extruded Aluminium Curtain Walls<\/a><\/li>\r\n<li><a href=\"https:\/\/sinoextrud.com\/product\/aluminium-extrusion-handles-for-closet\/\" target=\"_blank\">Aluminium Extrusion Handles for Closet<\/a><\/li>\r\n<li><a href=\"https:\/\/sinoextrud.com\/product\/aluminium-extrusion-machining\/\" target=\"_blank\">Aluminium Extrusion Machining<\/a><\/li>\r\n<li><a href=\"https:\/\/sinoextrud.com\/product\/aluminium-sections-for-sliding-doors\/\" target=\"_blank\">Aluminium Sections For Sliding Doors<\/a><\/li>\r\n<li><a href=\"https:\/\/sinoextrud.com\/product\/extruded-aluminum-channel-shapes-customized\/\" target=\"_blank\">Extruded Aluminum Channel Shapes Customized<\/a><\/li>"},"feature_list":[]},"_links":{"self":[{"href":"https:\/\/sinoextrud.com\/et\/wp-json\/wp\/v2\/product\/7270","targetHints":{"allow":["GET"]}}],"collection":[{"href":"https:\/\/sinoextrud.com\/et\/wp-json\/wp\/v2\/product"}],"about":[{"href":"https:\/\/sinoextrud.com\/et\/wp-json\/wp\/v2\/types\/product"}],"wp:featuredmedia":[{"embeddable":true,"href":"https:\/\/sinoextrud.com\/et\/wp-json\/wp\/v2\/media\/7269"}],"wp:attachment":[{"href":"https:\/\/sinoextrud.com\/et\/wp-json\/wp\/v2\/media?parent=7270"}],"wp:term":[{"taxonomy":"category","embeddable":true,"href":"https:\/\/sinoextrud.com\/et\/wp-json\/wp\/v2\/categories?post=7270"}],"curies":[{"name":"wp","href":"https:\/\/api.w.org\/{rel}","templated":true}]}}