{"id":7258,"date":"2025-06-06T03:28:27","date_gmt":"2025-06-06T03:28:27","guid":{"rendered":"https:\/\/sinoextrud.com\/product\/modular-framing-systems\/"},"modified":"2025-06-24T06:12:22","modified_gmt":"2025-06-24T06:12:22","slug":"modulaarsed-raamisusteemid","status":"publish","type":"product","link":"https:\/\/sinoextrud.com\/et\/product\/modular-framing-systems\/","title":{"rendered":"Modulaarsed raamis\u00fcsteemid"},"content":{"rendered":"<h2>Toodete \u00fcksikasjad<\/h2>\n<table class=\"custom-table\">\n<tr>\n<td class=\"label\">\nKuju:<\/td>\n<td> h - Profiil\uff0c<\/td>\n<\/tr>\n<tr>\n<td class=\"label\">Temperament:<\/td>\n<td> T3-T8\uff0c<\/td>\n<\/tr>\n<tr>\n<td class=\"label\">Legeeriv koostisosa:<\/td>\n<td> 6063\uff0c<\/td>\n<\/tr>\n<tr>\n<td class=\"label\">Poleeritud alumiiniumprofiil:<\/td>\n<td> Keemiline poleerimine Brushed\uff0c<\/td>\n<\/tr>\n<tr>\n<td class=\"label\">Suurus:<\/td>\n<td> 20*10mm nagu kohandatud\uff0c<\/td>\n<\/tr>\n<tr>\n<td class=\"label\">Keskendu:<\/td>\n<td> Arhitektuur, kodumasinad\uff0c<\/td>\n<\/tr>\n<tr>\n<td class=\"label\">Garantii:<\/td>\n<td> 15-20 aastat v\u00e4rvi garantii\uff0c<\/td>\n<\/tr>\n<tr>\n<td class=\"label\">Sarved:<\/td>\n<td> Hiina Top 10 tagatud kvaliteedi tarnija\uff0c<\/td>\n<\/tr>\n<tr>\n<td class=\"label\">P\u00e4ritolu:<\/td>\n<td> Hiina, Guangdong\uff0c<\/td>\n<\/tr>\n<tr>\n<td class=\"label\">Toote nimi:<\/td>\n<td> Alumiiniumm\u00f6\u00f6bel\uff0c<\/td>\n<\/tr>\n<tr>\n<td class=\"label\">V\u00e4rvid:<\/td>\n<td> K\u00f5ik on saadaval\uff0c<\/td>\n<\/tr>\n<tr>\n<td class=\"label\">L\u00f5peta:<\/td>\n<td> modulaarsed raamis\u00fcsteemid\uff0c<\/td>\n<\/tr>\n<tr>\n<td class=\"label\">Meie lubadus:<\/td>\n<td> 100% Head tooted enne saatmist\uff0c<\/td>\n<\/tr>\n<\/table>\n<h2>Meie tootmisbaas<\/h2>\n<h3>Tehase panoraam<\/h3>\n<p><img decoding=\"async\" src=\"\/wp-content\/uploads\/factory-01.webp\"\/><\/p>\n<h3>Alumiiniumvarraste tootmise t\u00f6\u00f6koda<\/h3>\n<p><img decoding=\"async\" src=\"\/wp-content\/uploads\/factory-02.webp\"\/><\/p>\n<p><img decoding=\"async\" src=\"\/wp-content\/uploads\/factory-03.webp\"\/><\/p>\n<h3>hallituse ladustamise ladu<\/h3>\n<p><img decoding=\"async\" src=\"\/wp-content\/uploads\/factory-04.webp\"\/><\/p>\n<h3>43 alumiiniumi ekstrusiooniliini (500-5500 tonni)<\/h3>\n<p><img decoding=\"async\" src=\"\/wp-content\/uploads\/factory-05.webp\"\/><\/p>\n<p><img decoding=\"async\" src=\"\/wp-content\/uploads\/factory-06.webp\"\/><\/p>\n<p><img decoding=\"async\" src=\"\/wp-content\/uploads\/factory-07.webp\"\/><\/p>\n<h3>Pulberv\u00e4rvimise t\u00f6\u00f6koda<\/h3>\n<p><img decoding=\"async\" src=\"\/wp-content\/uploads\/factory-09.webp\"\/><\/p>\n<h3>Anodiseerimise t\u00f6\u00f6koda<\/h3>\n<p><img decoding=\"async\" src=\"\/wp-content\/uploads\/factory-10.webp\"\/><\/p>\n<h3>S\u00fcgavt\u00f6\u00f6tlemise t\u00f6\u00f6tuba<\/h3>\n<p><img decoding=\"async\" src=\"\/wp-content\/uploads\/factory-11.webp\"\/><\/p>\n<h3>CNC-t\u00e4ppist\u00f6\u00f6tlemise t\u00f6\u00f6koda<\/h3>\n<p><img decoding=\"async\" src=\"\/wp-content\/uploads\/factory-11.5.webp\"\/><\/p>\n<h3>Valmistoodete ja ekspordi ladu<\/h3>\n<p><img decoding=\"async\" src=\"\/wp-content\/uploads\/factory-12.webp\"\/><\/p>\n<p><img decoding=\"async\" src=\"\/wp-content\/uploads\/factory-13.webp\"\/><\/p>\n<p><img decoding=\"async\" src=\"\/wp-content\/uploads\/factory-14.webp\"\/><\/p>\n<h2>KKK<\/h2>\n<p><p><b>1.Millised on 6063-T5 alumiiniumisulami kasutamise eelised moodulkarkassides? <\/b><\/p>\n<p>6063-T5 alumiiniumisulam tagab suurep\u00e4rase tugevuse ja kaalu suhte ning suurep\u00e4rase korrosioonikindluse, mis muudab selle ideaalseks vastupidavaks ja kergeks modulaarsete raamis\u00fcsteemide jaoks.<br \/>\n<\/p><br \/>\n<br \/>\n<p><b>2.Kuidas parandab modulaarne T-pesade konstruktsioon koosteprotsesse? <\/b><\/p>\n<p>T-pesade konstruktsioon v\u00f5imaldab konstruktsioonide kiiret ja lihtsat monteerimist, muutmist ja demonteerimist ilma keevitamise v\u00f5i spetsiaalsete t\u00f6\u00f6riistade kasutamiseta, suurendades paindlikkust ja v\u00e4hendades t\u00f6\u00f6j\u00f5ukulusid.<br \/>\n<\/p><br \/>\n<br \/>\n<p><b>3.Kas modulaarseid alumiiniumraamis\u00fcsteeme saab kohandada konkreetsete rakenduste jaoks? <\/b><\/p>\n<p>Jah, modulaarsed alumiiniumraamis\u00fcsteemid on v\u00e4ga h\u00e4sti kohandatavad, erinevad profiilid ja pikkused on saadaval, et vastata erinevatele projektin\u00f5uetele.<br \/>\n<\/p><br \/>\n<br \/>\n<p><b>4.Kas need raamis\u00fcsteemid sobivad nii sise- kui ka v\u00e4litingimustes kasutamiseks? <\/b><\/p>\n<p>6063-T5 alumiiniumi korrosioonikindlate omaduste t\u00f5ttu sobivad need raamis\u00fcsteemid v\u00e4ga erinevatesse keskkondadesse, sealhulgas nii sise- kui ka v\u00e4litingimustes kasutamiseks.<br \/>\n<\/p><br \/>\n<br \/>\n<p><b>5.Kuidas aitavad modulaarsed alumiiniumraamis\u00fcsteemid kaasa kulude kokkuhoiule? <\/b><\/p>\n<p>V\u00e4hendades vajadust erialase t\u00f6\u00f6j\u00f5u j\u00e4rele, minimeerides hooldusn\u00f5udeid ja v\u00f5imaldades lihtsat \u00fcmberkonfigureerimist, pakuvad moodulkarkassid m\u00e4rkimisv\u00e4\u00e4rset kulude kokkuhoidu v\u00f5rreldes traditsiooniliste ehitusmeetoditega.<br \/>\n<\/p><br \/><\/p>","protected":false},"featured_media":7257,"template":"","categories":[67],"class_list":["post-7258","product","type-product","status-publish","has-post-thumbnail","hentry","category-architectural-aluminium-profile"],"meta_box":{"hilight_text_group":{"product_hilight_text":"<li>Constructed from high-strength 6063-T5 aluminum alloy, offering excellent corrosion resistance and durability for modular framing applications<\/li>\r\r\n<li>Modular T-slot design enables easy assembly, modification, and disassembly without the need for welding or specialized tools<\/li>\r\r\n<li>Lightweight yet robust construction facilitates rapid deployment and reduces overall structural load<\/li>\r\r\n<li>Available in various profiles and customizable lengths to meet specific project requirements<\/li>\r\r\n<li>Cost-effective solution with reduced labor and maintenance costs, enhancing overall project efficiency<\/li>","product_chanpin_blog":"<ul>\r\r\n<li><a href=\"https:\/\/sinoextrud.com\/t-slot-v-slot-differences\/\" target=\"_blank\">t slot vs v slot<\/a><\/li>\r\r\n<li><a href=\"https:\/\/sinoextrud.com\/what-is-4040-aluminium-extrud\/\" target=\"_blank\">4040 aluminium extrusion<\/a><\/li>\r\r\n<li><a href=\"https:\/\/sinoextrud.com\/what-is-4040-aluminium-extrud\/\" target=\"_blank\">aluminum extrusions for industrial racks<\/a><\/li>\r\r\n<li><a href=\"https:\/\/sinoextrud.com\/powder-coating-aluminium-process\/\" target=\"_blank\">powder coating aluminium<\/a><\/li>\r\r\n<li><a href=\"https:\/\/sinoextrud.com\/what-is-an-aluminium-strip-ceiling\/\" target=\"_blank\">aluminium strip ceiling<\/a><\/li>\r\r\n<li><a href=\"https:\/\/sinoextrud.com\/what-is-a-heat-sink\/\" target=\"_blank\">what is a heat sink<\/a><\/li>\r\r\n<\/ul>","product_chanpin_chanpin":"<li><a href=\"https:\/\/sinoextrud.com\/product\/aluminium-glass-profile\/\" target=\"_blank\">Aluminium Glass Profile<\/a><\/li>\r\n<li><a href=\"https:\/\/sinoextrud.com\/product\/customized-matt-electrophoresis-aluminum-extrusions-profile-for-building-material\/\" target=\"_blank\">Customized Matt Electrophoresis Aluminum Extrusions Profile For Building Material<\/a><\/li>\r\n<li><a href=\"https:\/\/sinoextrud.com\/product\/aluminium-profile-for-shower-room\/\" target=\"_blank\">Aluminium Profile For Shower Room<\/a><\/li>\r\n<li><a href=\"https:\/\/sinoextrud.com\/product\/bright-anodized-aluminum-profile\/\" target=\"_blank\">Bright Anodized Aluminum Profile<\/a><\/li>\r\n<li><a href=\"https:\/\/sinoextrud.com\/product\/modular-framing-systems\/\" target=\"_blank\">Modular Framing Systems<\/a><\/li>\r\n<li><a href=\"https:\/\/sinoextrud.com\/product\/aluminium-anodizing\/\" target=\"_blank\">Aluminium Anodizing<\/a><\/li>\r\n<li><a href=\"https:\/\/sinoextrud.com\/product\/extruded-aluminum-profiles\/\" target=\"_blank\">Extruded Aluminum Profiles<\/a><\/li>\r\n<li><a href=\"https:\/\/sinoextrud.com\/product\/aluminium-system-profile\/\" target=\"_blank\">Aluminium System Profile<\/a><\/li>\r\n<li><a href=\"https:\/\/sinoextrud.com\/product\/aluminium-extrusion-c-beam\/\" target=\"_blank\">Aluminium Extrusion C Beam<\/a><\/li>\r\n<li><a href=\"https:\/\/sinoextrud.com\/product\/extruded-aluminum-rectangular-tubing\/\" target=\"_blank\">Extruded Aluminum Rectangular Tubing<\/a><\/li>\r\n<li><a href=\"https:\/\/sinoextrud.com\/product\/aluminum-window-frames-mosquito-netting-suppliers\/\" target=\"_blank\">Aluminum Window Frames Mosquito Netting Suppliers<\/a><\/li>"},"feature_list":[]},"_links":{"self":[{"href":"https:\/\/sinoextrud.com\/et\/wp-json\/wp\/v2\/product\/7258","targetHints":{"allow":["GET"]}}],"collection":[{"href":"https:\/\/sinoextrud.com\/et\/wp-json\/wp\/v2\/product"}],"about":[{"href":"https:\/\/sinoextrud.com\/et\/wp-json\/wp\/v2\/types\/product"}],"wp:featuredmedia":[{"embeddable":true,"href":"https:\/\/sinoextrud.com\/et\/wp-json\/wp\/v2\/media\/7257"}],"wp:attachment":[{"href":"https:\/\/sinoextrud.com\/et\/wp-json\/wp\/v2\/media?parent=7258"}],"wp:term":[{"taxonomy":"category","embeddable":true,"href":"https:\/\/sinoextrud.com\/et\/wp-json\/wp\/v2\/categories?post=7258"}],"curies":[{"name":"wp","href":"https:\/\/api.w.org\/{rel}","templated":true}]}}