{"id":7254,"date":"2025-06-06T03:22:54","date_gmt":"2025-06-06T03:22:54","guid":{"rendered":"https:\/\/sinoextrud.com\/product\/aluminium-profile-for-shower-room\/"},"modified":"2025-06-24T06:12:21","modified_gmt":"2025-06-24T06:12:21","slug":"alumiiniumprofiil-dusiruumi-jaoks","status":"publish","type":"product","link":"https:\/\/sinoextrud.com\/et\/product\/aluminium-profile-for-shower-room\/","title":{"rendered":"Alumiiniumprofiil du\u0161iruumi jaoks"},"content":{"rendered":"<h2>Toodete \u00fcksikasjad<\/h2>\n<table class=\"custom-table\">\n<tbody>\n<tr>\n<td> Toote nimi<\/td>\n<td> Alumiiniumprofiil du\u0161iruumi jaoks<\/td>\n<\/tr>\n<tr>\n<td> Materjal<\/td>\n<td> Alumiiniumsulam 6063,6061,6005,6463,6005A,6060,6101,6082,6351<\/td>\n<\/tr>\n<tr>\n<td> Temper<\/td>\n<td> T4,T5, T6,T66,T52<\/td>\n<\/tr>\n<tr>\n<td> Pind<\/td>\n<td> Anodeerimine, elektroforees, pulberv\u00e4rvimine, PVDF-kate, puidumassi v\u00e4rvimine, harjatud<\/td>\n<\/tr>\n<tr>\n<td> V\u00e4rv<\/td>\n<td> H\u00f5bevalge, pronks, kuld, must, \u0161ampanja, kohandatud<\/td>\n<\/tr>\n<tr>\n<td> Seina paksus<\/td>\n<td> &gt;0.8mm, 1.0, 1.2, 2.0, 4.0...<\/td>\n<\/tr>\n<tr>\n<td> Kuju<\/td>\n<td> Nelinurkne, \u00fcmmargune, lame, ovaalne, ebaregulaarne...<\/td>\n<\/tr>\n<tr>\n<td> Pikkus<\/td>\n<td> Tavaline = 5.8m, 5.9m, 6m, 3m-7m on kohandatud suurus.<\/td>\n<\/tr>\n<tr>\n<td> MOQ<\/td>\n<td> 200 kg<\/td>\n<\/tr>\n<tr>\n<td> OEM-teenuse tootmine<\/td>\n<td> Klientide joonised\/ n\u00e4idised v\u00f5i pakutav projekteerimisteenus<\/td>\n<\/tr>\n<tr>\n<td> Garantii<\/td>\n<td> Pinna v\u00e4rv v\u00f5ib olla stabiilne 10-20 aastat siseruumides, kasutades<\/td>\n<\/tr>\n<tr>\n<td> Valmistamine<\/td>\n<td> Freesimine, puurimine, l\u00f5ikamine, CNC, akende ja uste raamid<\/td>\n<\/tr>\n<tr>\n<td> Eelised Omadused<\/td>\n<td> 1. \u00f5hukindel, veekindel, soojusisolatsioon, soojusisolatsioon, vananemisvastane, vastupidav l\u00f6\u00f6kidele<br \/>\n2.Keskkonnas\u00f5bralik<br \/>\n3.Corrosion resistant, shinging<br \/>\n4.Modernne v\u00e4limus<\/td>\n<\/tr>\n<tr>\n<td> Testimine Standard<\/td>\n<td> GB,JIS,AAMA,BS,EN,AS\/NZS,AA<\/td>\n<\/tr>\n<\/tbody>\n<\/table>\n<h2>Meie tootmisbaas<\/h2>\n<h3>Tehase panoraam<\/h3>\n<p><img decoding=\"async\" src=\"\/wp-content\/uploads\/factory-01.webp\"\/><\/p>\n<h3>Alumiiniumvarraste tootmise t\u00f6\u00f6koda<\/h3>\n<p><img decoding=\"async\" src=\"\/wp-content\/uploads\/factory-02.webp\"\/><\/p>\n<\/p>\n<p><img decoding=\"async\" src=\"\/wp-content\/uploads\/factory-03.webp\"\/><\/p>\n<h3>hallituse ladustamise ladu<\/h3>\n<p><img decoding=\"async\" src=\"\/wp-content\/uploads\/factory-04.webp\"\/><\/p>\n<h3>43 alumiiniumi ekstrusiooniliini (500-5500 tonni)<\/h3>\n<p><img decoding=\"async\" src=\"\/wp-content\/uploads\/factory-05.webp\"\/><\/p>\n<p><img decoding=\"async\" src=\"\/wp-content\/uploads\/factory-06.webp\"\/><\/p>\n<p><img decoding=\"async\" src=\"\/wp-content\/uploads\/factory-07.webp\"\/><\/p>\n<h3>Pulberv\u00e4rvimise t\u00f6\u00f6koda<\/h3>\n<p><img decoding=\"async\" src=\"\/wp-content\/uploads\/factory-09.webp\"\/><\/p>\n<h3>Anodiseerimise t\u00f6\u00f6koda<\/h3>\n<p><img decoding=\"async\" src=\"\/wp-content\/uploads\/factory-10.webp\"\/><\/p>\n<h3>S\u00fcgavt\u00f6\u00f6tlemise t\u00f6\u00f6tuba<\/h3>\n<p><img decoding=\"async\" src=\"\/wp-content\/uploads\/factory-11.webp\"\/><\/p>\n<h3>CNC-t\u00e4ppist\u00f6\u00f6tlemise t\u00f6\u00f6koda<\/h3>\n<p><img decoding=\"async\" src=\"\/wp-content\/uploads\/factory-11.5.webp\"\/><\/p>\n<h3>Valmistoodete ja ekspordi ladu<\/h3>\n<p><img decoding=\"async\" src=\"\/wp-content\/uploads\/factory-12.webp\"\/><\/p>\n<p><img decoding=\"async\" src=\"\/wp-content\/uploads\/factory-13.webp\"\/><\/p>\n<p><img decoding=\"async\" src=\"\/wp-content\/uploads\/factory-14.webp\"\/><\/p>\n<h2>KKK<\/h2>\n<p><b>1.Millised on 6063-T5 alumiiniumprofiili kasutamise eelised du\u0161iruumides? <\/b><\/p>\n<p>6063-T5 alumiiniumprofiilid pakuvad suurep\u00e4rast korrosioonikindlust, kerget tugevust ja lihtsat valmistamist, mist\u00f5ttu sobivad need ideaalselt du\u0161iruumide jaoks.\n<\/p>\n<p><\/p>\n<p><b>2.Kas alumiiniumprofiile saab kohandada konkreetsete du\u0161iruumi kujunduste jaoks? <\/b><\/p>\n<p>Jah, alumiiniumprofiile saab kuju, suuruse ja viimistluse poolest kohandada, et need vastaksid unikaalsetele du\u0161iruumi kujundusn\u00f5uetele.\n<\/p>\n<p><\/p>\n<p><b>3.Kas need alumiiniumprofiilid sobivad k\u00f5rge \u00f5huniiskusega keskkondadesse, n\u00e4iteks vannitubadesse? <\/b><\/p>\n<p>Kindlasti muudavad 6063-T5 alumiiniumi korrosioonikindlad omadused need profiilid ideaalseks k\u00f5rge niiskusega keskkondades, n\u00e4iteks vannitubades.\n<\/p>\n<p><\/p>\n<p><b>4.Milliseid viimistlusviise on saadaval du\u0161iruumides kasutatavate alumiiniumprofiilide jaoks? <\/b><\/p>\n<p>Du\u0161iruumide alumiiniumprofiilid on saadaval erinevates viimistlustes, sealhulgas anodeeritud, pulberv\u00e4rvitud ja freesitud viimistlustes, et vastata erinevatele esteetilistele eelistustele.\n<\/p>\n<p><\/p>\n<p><b>5.Kuidas suurendavad alumiiniumprofiilid du\u0161iruumi paigalduse vastupidavust? <\/b><\/p>\n<p>Alumiiniumprofiilid pakuvad struktuurilist tuge ja kaitsevad korrosiooni eest, suurendades du\u0161iruumi paigalduse pikaealisust ja vastupidavust.\n<\/p>\n<p><\/p>","protected":false},"featured_media":7253,"template":"","categories":[67],"class_list":["post-7254","product","type-product","status-publish","has-post-thumbnail","hentry","category-architectural-aluminium-profile"],"meta_box":{"hilight_text_group":{"product_hilight_text":"<li>Manufactured from high-quality 6063-T5 aluminum alloy, ensuring excellent corrosion resistance and durability for shower room applications<\/li>\r\r\n<li>Lightweight design facilitates easy handling and installation, reducing labor costs and time<\/li>\r\r\n<li>Available in various finishes, including anodized and powder-coated options, to match diverse aesthetic requirements<\/li>\r\r\n<li>Customizable profiles to accommodate different glass thicknesses and shower room designs<\/li>\r\r\n<li>Cost-effective manufacturing prices, starting from $0.50 per piece for bulk orders<\/li>","product_chanpin_blog":"<ul>\r\r\n<li><a href=\"https:\/\/sinoextrud.com\/t-slot-v-slot-differences\/\" target=\"_blank\">t slot vs v slot<\/a><\/li>\r\r\n<li><a href=\"https:\/\/sinoextrud.com\/what-is-4040-aluminium-extrud\/\" target=\"_blank\">4040 aluminium extrusion<\/a><\/li>\r\r\n<li><a href=\"https:\/\/sinoextrud.com\/what-is-4040-aluminium-extrud\/\" target=\"_blank\">aluminum extrusions for industrial racks<\/a><\/li>\r\r\n<li><a href=\"https:\/\/sinoextrud.com\/powder-coating-aluminium-process\/\" target=\"_blank\">powder coating aluminium<\/a><\/li>\r\r\n<li><a href=\"https:\/\/sinoextrud.com\/what-is-an-aluminium-strip-ceiling\/\" target=\"_blank\">aluminium strip ceiling<\/a><\/li>\r\r\n<li><a href=\"https:\/\/sinoextrud.com\/what-is-a-heat-sink\/\" target=\"_blank\">what is a heat sink<\/a><\/li>\r\r\n<\/ul>","product_chanpin_chanpin":"<li><a href=\"https:\/\/sinoextrud.com\/product\/cnc-machined-6063-extruded-aluminum-fasteners\/\" target=\"_blank\">CNC Machined 6063 Extruded Aluminum Fasteners<\/a><\/li>\r\n<li><a href=\"https:\/\/sinoextrud.com\/product\/6463-electroplated-finish-shower-enclosure-aluminum-profile\/\" target=\"_blank\">6463 Electroplated Finish Shower Enclosure Aluminum Profile<\/a><\/li>\r\n<li><a href=\"https:\/\/sinoextrud.com\/product\/aluminium-glass-profile\/\" target=\"_blank\">Aluminium Glass Profile<\/a><\/li>\r\n<li><a href=\"https:\/\/sinoextrud.com\/product\/customized-matt-electrophoresis-aluminum-extrusions-profile-for-building-material\/\" target=\"_blank\">Customized Matt Electrophoresis Aluminum Extrusions Profile For Building Material<\/a><\/li>\r\n<li><a href=\"https:\/\/sinoextrud.com\/product\/aluminium-profile-for-shower-room\/\" target=\"_blank\">Aluminium Profile For Shower Room<\/a><\/li>\r\n<li><a href=\"https:\/\/sinoextrud.com\/product\/bright-anodized-aluminum-profile\/\" target=\"_blank\">Bright Anodized Aluminum Profile<\/a><\/li>\r\n<li><a href=\"https:\/\/sinoextrud.com\/product\/modular-framing-systems\/\" target=\"_blank\">Modular Framing Systems<\/a><\/li>\r\n<li><a href=\"https:\/\/sinoextrud.com\/product\/aluminium-anodizing\/\" target=\"_blank\">Aluminium Anodizing<\/a><\/li>\r\n<li><a href=\"https:\/\/sinoextrud.com\/product\/extruded-aluminum-profiles\/\" target=\"_blank\">Extruded Aluminum Profiles<\/a><\/li>\r\n<li><a href=\"https:\/\/sinoextrud.com\/product\/architectural-aluminum-extrusion-profiles\/\" target=\"_blank\">Architectural Aluminum Extrusion Profiles<\/a><\/li>\r\n<li><a href=\"https:\/\/sinoextrud.com\/product\/octagon-aluminum-extrusion\/\" target=\"_blank\">Octagon Aluminum Extrusion<\/a><\/li>"},"feature_list":[]},"_links":{"self":[{"href":"https:\/\/sinoextrud.com\/et\/wp-json\/wp\/v2\/product\/7254","targetHints":{"allow":["GET"]}}],"collection":[{"href":"https:\/\/sinoextrud.com\/et\/wp-json\/wp\/v2\/product"}],"about":[{"href":"https:\/\/sinoextrud.com\/et\/wp-json\/wp\/v2\/types\/product"}],"wp:featuredmedia":[{"embeddable":true,"href":"https:\/\/sinoextrud.com\/et\/wp-json\/wp\/v2\/media\/7253"}],"wp:attachment":[{"href":"https:\/\/sinoextrud.com\/et\/wp-json\/wp\/v2\/media?parent=7254"}],"wp:term":[{"taxonomy":"category","embeddable":true,"href":"https:\/\/sinoextrud.com\/et\/wp-json\/wp\/v2\/categories?post=7254"}],"curies":[{"name":"wp","href":"https:\/\/api.w.org\/{rel}","templated":true}]}}