{"id":7252,"date":"2025-06-06T03:19:26","date_gmt":"2025-06-06T03:19:26","guid":{"rendered":"https:\/\/sinoextrud.com\/product\/customized-matt-electrophoresis-aluminum-extrusions-profile-for-building-material\/"},"modified":"2025-06-24T06:12:21","modified_gmt":"2025-06-24T06:12:21","slug":"kohandatud-matt-elektroforees-alumiiniumist-ekstrusiooniprofiil-ehitusmaterjalide-jaoks","status":"publish","type":"product","link":"https:\/\/sinoextrud.com\/et\/product\/customized-matt-electrophoresis-aluminum-extrusions-profile-for-building-material\/","title":{"rendered":"Kohandatud Matt Electrophoresis alumiiniumist ekstrusioonid profiil ehitusmaterjalide jaoks"},"content":{"rendered":"<h2>Toodete \u00fcksikasjad<\/h2>\n<table class=\"custom-table\">\n<tbody>\n<tr>\n<td> <\/td>\n<td>Punkti<\/td>\n<td>Kohandatud Matt Electrophoresis alumiiniumist ekstrusiooniprofiil <br \/> Ehitusmaterjalide jaoks<\/td>\n<\/tr>\n<tr>\n<td>2<\/td>\n<td>Materjal<\/td>\n<td>Alloy6063<\/td>\n<\/tr>\n<tr>\n<td>3<\/td>\n<td>Temper<\/td>\n<td>T5<\/td>\n<\/tr>\n<tr>\n<td>4<\/td>\n<td>Sertifikaat<\/td>\n<td>ISO9001, ISO14001<\/td>\n<\/tr>\n<tr>\n<td>5<\/td>\n<td>V\u00f5imekus<\/td>\n<td>Aastane toodang \u00fcle 200 000 tonni<\/td>\n<\/tr>\n<tr>\n<td>6<\/td>\n<td>V\u00e4rv<\/td>\n<td>Kohandatud saadaval<\/td>\n<\/tr>\n<tr>\n<td>7<\/td>\n<td>Pikkus<\/td>\n<td>1-9 meetrit v\u00f5i kohandatud<\/td>\n<\/tr>\n<tr>\n<td>8<\/td>\n<td>Paksus<\/td>\n<td>Kohandatud<\/td>\n<\/tr>\n<tr>\n<td>9<\/td>\n<td>SurfaceFinish<\/td>\n<td>millfinish, anodeerimine, elektroforees, pulberv\u00e4rvimine, puidugraanulite \u00fclekandmine, fluoros\u00fcsinikkattega katmine jne.<\/td>\n<\/tr>\n<tr>\n<td>10<\/td>\n<td>Taotlus<\/td>\n<td>akna- ja ukseosa, k\u00e4sipuu, kardinaseinad<\/td>\n<\/tr>\n<tr>\n<td>11<\/td>\n<td>LoadingPort<\/td>\n<td>Shenzhen, Guangzhou, FoshanPort<\/td>\n<\/tr>\n<tr>\n<td>12<\/td>\n<td>Maksmine<\/td>\n<td>T\/T,30%downpayment, samas kui saldo makstakse v\u00e4lja enne kohaletoimetamist<\/td>\n<\/tr>\n<tr>\n<td>13<\/td>\n<td>Pakett<\/td>\n<td>1.Inside: pakitud plastilise kaitsekilega, mis kaitseb iga profiili.<br \/>\n2.V\u00e4ljaspool: pakitud veekindla k\u00e4sit\u00f6\u00f6paberiga<\/td>\n<\/tr>\n<tr>\n<td>14<\/td>\n<td>Kohaletoimetamine<\/td>\n<td>25-30p\u00e4eva p\u00e4rast makse sooritamist<\/td>\n<\/tr>\n<tr>\n<td>15<\/td>\n<td>J\u00e4rjekord<\/td>\n<td>1.Kinnitage joonised, pinnat\u00f6\u00f6tlus ja hind;<br \/>\n2.Paythemouldfeeandwestarttomakvormid;<br \/>\n3.Wes saadab n\u00e4idised kinnituse saamiseks;<br \/>\n4.Makethepaymentof30%deposit,startproduction;<\/td>\n<\/tr>\n<\/tbody>\n<\/table>\n<h2>Meie tootmisbaas<\/h2>\n<h3>Tehase panoraam<\/h3>\n<p><img decoding=\"async\" src=\"\/wp-content\/uploads\/factory-01.webp\"\/><\/p>\n<h3>Alumiiniumvarraste tootmise t\u00f6\u00f6koda<\/h3>\n<p><img decoding=\"async\" src=\"\/wp-content\/uploads\/factory-02.webp\"\/><\/p>\n<\/p>\n<p><img decoding=\"async\" src=\"\/wp-content\/uploads\/factory-03.webp\"\/><\/p>\n<h3>hallituse ladustamise ladu<\/h3>\n<p><img decoding=\"async\" src=\"\/wp-content\/uploads\/factory-04.webp\"\/><\/p>\n<h3>43 alumiiniumi ekstrusiooniliini (500-5500 tonni)<\/h3>\n<p><img decoding=\"async\" src=\"\/wp-content\/uploads\/factory-05.webp\"\/><\/p>\n<p><img decoding=\"async\" src=\"\/wp-content\/uploads\/factory-06.webp\"\/><\/p>\n<p><img decoding=\"async\" src=\"\/wp-content\/uploads\/factory-07.webp\"\/><\/p>\n<h3>Pulberv\u00e4rvimise t\u00f6\u00f6koda<\/h3>\n<p><img decoding=\"async\" src=\"\/wp-content\/uploads\/factory-09.webp\"\/><\/p>\n<h3>Anodiseerimise t\u00f6\u00f6koda<\/h3>\n<p><img decoding=\"async\" src=\"\/wp-content\/uploads\/factory-10.webp\"\/><\/p>\n<h3>S\u00fcgavt\u00f6\u00f6tlemise t\u00f6\u00f6tuba<\/h3>\n<p><img decoding=\"async\" src=\"\/wp-content\/uploads\/factory-11.webp\"\/><\/p>\n<h3>CNC-t\u00e4ppist\u00f6\u00f6tlemise t\u00f6\u00f6koda<\/h3>\n<p><img decoding=\"async\" src=\"\/wp-content\/uploads\/factory-11.5.webp\"\/><\/p>\n<h3>Valmistoodete ja ekspordi ladu<\/h3>\n<p><img decoding=\"async\" src=\"\/wp-content\/uploads\/factory-12.webp\"\/><\/p>\n<p><img decoding=\"async\" src=\"\/wp-content\/uploads\/factory-13.webp\"\/><\/p>\n<p><img decoding=\"async\" src=\"\/wp-content\/uploads\/factory-14.webp\"\/><\/p>\n<h2>KKK<\/h2>\n<p><b>1.Milliseid eeliseid pakuvad ehitusmaterjalide jaoks mattelektroforeeritud alumiiniumprofiilid? <\/b><\/p>\n<p>Matte elektroforeesiga alumiiniumprofiilid tagavad parema korrosioonikindluse, \u00fchtlase mati viimistluse ja suurema pinnakareduse, mist\u00f5ttu on need ideaalsed mitmesuguste ehitusmaterjalide kasutamiseks.\n<\/p>\n<p><\/p>\n<p><b>2.Kas neid alumiiniumprofiile saab kohandada konkreetsete arhitektuursete disainilahenduste jaoks? <\/b><\/p>\n<p>Jah, mati elektroforeesiga alumiiniumprofiilide kuju, suurust ja viimistlust saab kohandada vastavalt unikaalsetele arhitektuurilistele ja struktuurilistele n\u00f5uetele.\n<\/p>\n<p><\/p>\n<p><b>3.Kas mati elektroforeesiga alumiiniumprofiilid sobivad v\u00e4litingimustes kasutamiseks? <\/b><\/p>\n<p>Kindlasti suurendab elektroforeetiline kate ilmastikukindlust, mist\u00f5ttu sobivad need profiilid nii sise- kui ka v\u00e4lisehitusmaterjalide kasutamiseks.\n<\/p>\n<p><\/p>\n<p><b>4.Milline on kohandatud matt-elektroforeesi alumiiniumprofiilide t\u00fc\u00fcpiline tarneaeg? <\/b><\/p>\n<p>L\u00e4biviimise aeg s\u00f5ltub tellimuse keerukusest ja mahust, kuid tootjad pakuvad tavaliselt konkurentsiv\u00f5imelisi t\u00e4htaegu kohandatud profiilide jaoks.\n<\/p>\n<p><\/p>\n<p><b>5.Kuidas toob elektroforeesiprotsess kasu alumiiniumi ekstrusiooniprofiilidele? <\/b><\/p>\n<p>Elektroforeesiprotsess tagab \u00fchtlase ja vastupidava katte, parandab korrosioonikindlust ja pinna k\u00f5vadust, mis pikendab ehitusmaterjalide alumiiniumprofiilide kasutusiga.\n<\/p>\n<p><\/p>","protected":false},"featured_media":7251,"template":"","categories":[67],"class_list":["post-7252","product","type-product","status-publish","has-post-thumbnail","hentry","category-architectural-aluminium-profile"],"meta_box":{"hilight_text_group":{"product_hilight_text":"<li>Manufactured from premium 6063-T5 aluminum alloy, ensuring superior strength and corrosion resistance for building material applications<\/li>\r\r\n<li>Matt electrophoresis finish provides a uniform, elegant appearance while enhancing surface hardness and durability<\/li>\r\r\n<li>Customizable profiles available in various shapes and sizes to meet specific architectural and structural requirements<\/li>\r\r\n<li>Lightweight yet robust construction facilitates easy handling and installation, reducing labor costs and time<\/li>\r\r\n<li>Environmentally friendly electrophoretic coating process offers enhanced weather resistance and long-lasting color retention<\/li>","product_chanpin_blog":"<ul>\r\r\n<li><a href=\"https:\/\/sinoextrud.com\/t-slot-v-slot-differences\/\" target=\"_blank\">t slot vs v slot<\/a><\/li>\r\r\n<li><a href=\"https:\/\/sinoextrud.com\/what-is-4040-aluminium-extrud\/\" target=\"_blank\">4040 aluminium extrusion<\/a><\/li>\r\r\n<li><a href=\"https:\/\/sinoextrud.com\/what-is-4040-aluminium-extrud\/\" target=\"_blank\">aluminum extrusions for industrial racks<\/a><\/li>\r\r\n<li><a href=\"https:\/\/sinoextrud.com\/powder-coating-aluminium-process\/\" target=\"_blank\">powder coating aluminium<\/a><\/li>\r\r\n<li><a href=\"https:\/\/sinoextrud.com\/what-is-an-aluminium-strip-ceiling\/\" target=\"_blank\">aluminium strip ceiling<\/a><\/li>\r\r\n<li><a href=\"https:\/\/sinoextrud.com\/what-is-a-heat-sink\/\" target=\"_blank\">what is a heat sink<\/a><\/li>\r\r\n<\/ul>","product_chanpin_chanpin":"<li><a href=\"https:\/\/sinoextrud.com\/product\/extruded-aluminum-trim-shapes\/\" target=\"_blank\">Extruded Aluminum Trim Shapes<\/a><\/li>\r\n<li><a href=\"https:\/\/sinoextrud.com\/product\/cnc-machined-6063-extruded-aluminum-fasteners\/\" target=\"_blank\">CNC Machined 6063 Extruded Aluminum Fasteners<\/a><\/li>\r\n<li><a href=\"https:\/\/sinoextrud.com\/product\/6463-electroplated-finish-shower-enclosure-aluminum-profile\/\" target=\"_blank\">6463 Electroplated Finish Shower Enclosure Aluminum Profile<\/a><\/li>\r\n<li><a href=\"https:\/\/sinoextrud.com\/product\/aluminium-glass-profile\/\" target=\"_blank\">Aluminium Glass Profile<\/a><\/li>\r\n<li><a href=\"https:\/\/sinoextrud.com\/product\/customized-matt-electrophoresis-aluminum-extrusions-profile-for-building-material\/\" target=\"_blank\">Customized Matt Electrophoresis Aluminum Extrusions Profile For Building Material<\/a><\/li>\r\n<li><a href=\"https:\/\/sinoextrud.com\/product\/aluminium-profile-for-shower-room\/\" target=\"_blank\">Aluminium Profile For Shower Room<\/a><\/li>\r\n<li><a href=\"https:\/\/sinoextrud.com\/product\/bright-anodized-aluminum-profile\/\" target=\"_blank\">Bright Anodized Aluminum Profile<\/a><\/li>\r\n<li><a href=\"https:\/\/sinoextrud.com\/product\/modular-framing-systems\/\" target=\"_blank\">Modular Framing Systems<\/a><\/li>\r\n<li><a href=\"https:\/\/sinoextrud.com\/product\/aluminium-anodizing\/\" target=\"_blank\">Aluminium Anodizing<\/a><\/li>\r\n<li><a href=\"https:\/\/sinoextrud.com\/product\/shining-electrophresis-and-crystal-electrophresis-aluminium-profiles\/\" target=\"_blank\">Shining Electrophresis and Crystal electrophresis aluminium profiles<\/a><\/li>\r\n<li><a href=\"https:\/\/sinoextrud.com\/product\/large-custom-aluminum-extrusions\/\" target=\"_blank\">Large Custom Aluminum Extrusions<\/a><\/li>"},"feature_list":[]},"_links":{"self":[{"href":"https:\/\/sinoextrud.com\/et\/wp-json\/wp\/v2\/product\/7252","targetHints":{"allow":["GET"]}}],"collection":[{"href":"https:\/\/sinoextrud.com\/et\/wp-json\/wp\/v2\/product"}],"about":[{"href":"https:\/\/sinoextrud.com\/et\/wp-json\/wp\/v2\/types\/product"}],"wp:featuredmedia":[{"embeddable":true,"href":"https:\/\/sinoextrud.com\/et\/wp-json\/wp\/v2\/media\/7251"}],"wp:attachment":[{"href":"https:\/\/sinoextrud.com\/et\/wp-json\/wp\/v2\/media?parent=7252"}],"wp:term":[{"taxonomy":"category","embeddable":true,"href":"https:\/\/sinoextrud.com\/et\/wp-json\/wp\/v2\/categories?post=7252"}],"curies":[{"name":"wp","href":"https:\/\/api.w.org\/{rel}","templated":true}]}}