{"id":7250,"date":"2025-06-06T03:17:31","date_gmt":"2025-06-06T03:17:31","guid":{"rendered":"https:\/\/sinoextrud.com\/product\/aluminium-glass-profile\/"},"modified":"2025-06-24T06:12:21","modified_gmt":"2025-06-24T06:12:21","slug":"alumiiniumklaasist-profiil","status":"publish","type":"product","link":"https:\/\/sinoextrud.com\/et\/product\/aluminium-glass-profile\/","title":{"rendered":"Alumiinium klaasist profiil"},"content":{"rendered":"<h2>Toodete \u00fcksikasjad<\/h2>\n<table class=\"custom-table\">\n<tbody>\n<tr>\n<td> Toote spetsifikatsioon<\/td>\n<td> Alumiiniumist klaasprofiil<\/td>\n<\/tr>\n<tr>\n<td> Materjal<\/td>\n<td> 6000-seeria<\/td>\n<\/tr>\n<tr>\n<td> Valmis<\/td>\n<td> Peegel anodeeritud puidust Gain ,Pintsel<\/td>\n<\/tr>\n<tr>\n<td> Suurus<\/td>\n<td> Kohandatud<\/td>\n<\/tr>\n<tr>\n<td> Taotlus<\/td>\n<td> Klaasist piirded, trepi k\u00e4sipuu v\u00f5i klaasist piirded<\/td>\n<\/tr>\n<tr>\n<td> Klaasi paksus<\/td>\n<td> kohandatud<\/td>\n<\/tr>\n<tr>\n<td> MOQ<\/td>\n<td> 200KGS iga eseme kohta<\/td>\n<\/tr>\n<tr>\n<td> N\u00e4ide<\/td>\n<td> Saadaval<\/td>\n<\/tr>\n<tr>\n<td> Tootmisv\u00f5imsus<\/td>\n<td> 500000 tk\/kuu<\/td>\n<\/tr>\n<tr>\n<td> Juhtumisaeg<\/td>\n<td> 25-35 p\u00e4eva p\u00e4rast makse laekumist<\/td>\n<\/tr>\n<tr>\n<td> L\u00e4hetussadam<\/td>\n<td> FOSHAN, GUANGZHOU, SHENZHEN<\/td>\n<\/tr>\n<tr>\n<td> Hinnatingimus<\/td>\n<td> EXW.FOB \/ CIF jne.<\/td>\n<\/tr>\n<tr>\n<td> Makset\u00e4htaeg<\/td>\n<td> 30% tagatisraha, 70% enne lasti laadimist.<\/td>\n<\/tr>\n<tr>\n<td> M\u00e4rkus<\/td>\n<td> OEM on vastuv\u00f5etav<\/td>\n<\/tr>\n<\/tbody>\n<\/table>\n<h2>Meie tootmisbaas<\/h2>\n<h3>Tehase panoraam<\/h3>\n<p><img decoding=\"async\" src=\"\/wp-content\/uploads\/factory-01.webp\"\/><\/p>\n<h3>Alumiiniumvarraste tootmise t\u00f6\u00f6koda<\/h3>\n<p><img decoding=\"async\" src=\"\/wp-content\/uploads\/factory-02.webp\"\/><\/p>\n<\/p>\n<p><img decoding=\"async\" src=\"\/wp-content\/uploads\/factory-03.webp\"\/><\/p>\n<h3>hallituse ladustamise ladu<\/h3>\n<p><img decoding=\"async\" src=\"\/wp-content\/uploads\/factory-04.webp\"\/><\/p>\n<h3>43 alumiiniumi ekstrusiooniliini (500-5500 tonni)<\/h3>\n<p><img decoding=\"async\" src=\"\/wp-content\/uploads\/factory-05.webp\"\/><\/p>\n<p><img decoding=\"async\" src=\"\/wp-content\/uploads\/factory-06.webp\"\/><\/p>\n<p><img decoding=\"async\" src=\"\/wp-content\/uploads\/factory-07.webp\"\/><\/p>\n<h3>Pulberv\u00e4rvimise t\u00f6\u00f6koda<\/h3>\n<p><img decoding=\"async\" src=\"\/wp-content\/uploads\/factory-09.webp\"\/><\/p>\n<h3>Anodiseerimise t\u00f6\u00f6koda<\/h3>\n<p><img decoding=\"async\" src=\"\/wp-content\/uploads\/factory-10.webp\"\/><\/p>\n<h3>S\u00fcgavt\u00f6\u00f6tlemise t\u00f6\u00f6tuba<\/h3>\n<p><img decoding=\"async\" src=\"\/wp-content\/uploads\/factory-11.webp\"\/><\/p>\n<h3>CNC-t\u00e4ppist\u00f6\u00f6tlemise t\u00f6\u00f6koda<\/h3>\n<p><img decoding=\"async\" src=\"\/wp-content\/uploads\/factory-11.5.webp\"\/><\/p>\n<h3>Valmistoodete ja ekspordi ladu<\/h3>\n<p><img decoding=\"async\" src=\"\/wp-content\/uploads\/factory-12.webp\"\/><\/p>\n<p><img decoding=\"async\" src=\"\/wp-content\/uploads\/factory-13.webp\"\/><\/p>\n<p><img decoding=\"async\" src=\"\/wp-content\/uploads\/factory-14.webp\"\/><\/p>\n<h2>KKK<\/h2>\n<p><b>1.Millised on alumiiniumklaasiprofiilide kasutamise eelised ehitusprojektides? <\/b><\/p>\n<p>Alumiiniumklaasiprofiilid pakuvad tugevuse, kerguse ja korrosioonikindluse kombinatsiooni, mis muudab need ideaalseks kaasaegseteks arhitektuurirakendusteks, mis h\u00f5lmavad klaasi paigaldamist.\n<\/p>\n<p><\/p>\n<p><b>2.Kas alumiiniumklaasiprofiile saab kohandada konkreetsete disainin\u00f5uetega? <\/b><\/p>\n<p>Jah, alumiiniumklaasiprofiilide pikkust, ristl\u00f5ike kuju ja viimistlust saab kohandada vastavalt projekti spetsifikatsioonidele.\n<\/p>\n<p><\/p>\n<p><b>3.Kas alumiiniumklaasiprofiilid sobivad nii sise- kui ka v\u00e4liskasutuseks? <\/b><\/p>\n<p>Kindlasti muudab alumiiniumi korrosioonikindlus, eriti kui see on anodeeritud v\u00f5i pulberv\u00e4rvitud, need profiilid sobivaks nii sise- kui ka v\u00e4litingimustes kasutamiseks.\n<\/p>\n<p><\/p>\n<p><b>4.Millised viimistlusviisid on saadaval alumiiniumklaasiprofiilidele? <\/b><\/p>\n<p>Alumiiniumklaasiprofiilid on saadaval erinevates viimistlustes, sealhulgas anodeeritud, pulberv\u00e4rvitud ja freesitud viimistlustes, et rahuldada erinevaid esteetilisi ja funktsionaalseid n\u00f5udeid.\n<\/p>\n<p><\/p>\n<p><b>5.Kuidas aitavad alumiiniumklaasiprofiilid kaasa hoonete energiat\u00f5hususele? <\/b><\/p>\n<p>Kui alumiiniumklaasiprofiilid on integreeritud termilise katkestustehnoloogiaga, v\u00f5ivad need oluliselt v\u00e4hendada soojus\u00fclekannet, suurendades hoonete v\u00e4lispiirete energiat\u00f5husust.\n<\/p>\n<p><\/p>","protected":false},"featured_media":7249,"template":"","categories":[67],"class_list":["post-7250","product","type-product","status-publish","has-post-thumbnail","hentry","category-architectural-aluminium-profile"],"meta_box":{"hilight_text_group":{"product_hilight_text":"<li>Manufactured from high-grade 6063-T5 aluminum alloy, ensuring excellent corrosion resistance and structural integrity for glass framing applications<\/li>\r\r\n<li>Precision-extruded profiles designed to accommodate various glass thicknesses, providing seamless integration in architectural designs<\/li>\r\r\n<li>Available in multiple finishes, including anodized and powder-coated options, to match diverse aesthetic requirements<\/li>\r\r\n<li>Lightweight yet robust construction facilitates easy handling and installation, reducing labor costs and time<\/li>\r\r\n<li>Customizable lengths and cross-sectional designs to meet specific project needs, enhancing design flexibility<\/li>","product_chanpin_blog":"<ul>\r\r\n<li><a href=\"https:\/\/sinoextrud.com\/t-slot-v-slot-differences\/\" target=\"_blank\">t slot vs v slot<\/a><\/li>\r\r\n<li><a href=\"https:\/\/sinoextrud.com\/what-is-4040-aluminium-extrud\/\" target=\"_blank\">4040 aluminium extrusion<\/a><\/li>\r\r\n<li><a href=\"https:\/\/sinoextrud.com\/what-is-4040-aluminium-extrud\/\" target=\"_blank\">aluminum extrusions for industrial racks<\/a><\/li>\r\r\n<li><a href=\"https:\/\/sinoextrud.com\/powder-coating-aluminium-process\/\" target=\"_blank\">powder coating aluminium<\/a><\/li>\r\r\n<li><a href=\"https:\/\/sinoextrud.com\/what-is-an-aluminium-strip-ceiling\/\" target=\"_blank\">aluminium strip ceiling<\/a><\/li>\r\r\n<li><a href=\"https:\/\/sinoextrud.com\/what-is-a-heat-sink\/\" target=\"_blank\">what is a heat sink<\/a><\/li>\r\r\n<\/ul>","product_chanpin_chanpin":"<li><a href=\"https:\/\/sinoextrud.com\/product\/60x60-aluminium-extrusion\/\" target=\"_blank\">60\u00c3\u201460 Aluminium Extrusion<\/a><\/li>\r\n<li><a href=\"https:\/\/sinoextrud.com\/product\/extruded-aluminum-trim-shapes\/\" target=\"_blank\">Extruded Aluminum Trim Shapes<\/a><\/li>\r\n<li><a href=\"https:\/\/sinoextrud.com\/product\/cnc-machined-6063-extruded-aluminum-fasteners\/\" target=\"_blank\">CNC Machined 6063 Extruded Aluminum Fasteners<\/a><\/li>\r\n<li><a href=\"https:\/\/sinoextrud.com\/product\/6463-electroplated-finish-shower-enclosure-aluminum-profile\/\" target=\"_blank\">6463 Electroplated Finish Shower Enclosure Aluminum Profile<\/a><\/li>\r\n<li><a href=\"https:\/\/sinoextrud.com\/product\/aluminium-glass-profile\/\" target=\"_blank\">Aluminium Glass Profile<\/a><\/li>\r\n<li><a href=\"https:\/\/sinoextrud.com\/product\/customized-matt-electrophoresis-aluminum-extrusions-profile-for-building-material\/\" target=\"_blank\">Customized Matt Electrophoresis Aluminum Extrusions Profile For Building Material<\/a><\/li>\r\n<li><a href=\"https:\/\/sinoextrud.com\/product\/aluminium-profile-for-shower-room\/\" target=\"_blank\">Aluminium Profile For Shower Room<\/a><\/li>\r\n<li><a href=\"https:\/\/sinoextrud.com\/product\/bright-anodized-aluminum-profile\/\" target=\"_blank\">Bright Anodized Aluminum Profile<\/a><\/li>\r\n<li><a href=\"https:\/\/sinoextrud.com\/product\/modular-framing-systems\/\" target=\"_blank\">Modular Framing Systems<\/a><\/li>\r\n<li><a href=\"https:\/\/sinoextrud.com\/product\/aluminium-rail-extrusions\/\" target=\"_blank\">Aluminium Rail Extrusions<\/a><\/li>\r\n<li><a href=\"https:\/\/sinoextrud.com\/product\/aluminum-extrusion-framing-components\/\" target=\"_blank\">Aluminum Extrusion Framing Components<\/a><\/li>"},"feature_list":[]},"_links":{"self":[{"href":"https:\/\/sinoextrud.com\/et\/wp-json\/wp\/v2\/product\/7250","targetHints":{"allow":["GET"]}}],"collection":[{"href":"https:\/\/sinoextrud.com\/et\/wp-json\/wp\/v2\/product"}],"about":[{"href":"https:\/\/sinoextrud.com\/et\/wp-json\/wp\/v2\/types\/product"}],"wp:featuredmedia":[{"embeddable":true,"href":"https:\/\/sinoextrud.com\/et\/wp-json\/wp\/v2\/media\/7249"}],"wp:attachment":[{"href":"https:\/\/sinoextrud.com\/et\/wp-json\/wp\/v2\/media?parent=7250"}],"wp:term":[{"taxonomy":"category","embeddable":true,"href":"https:\/\/sinoextrud.com\/et\/wp-json\/wp\/v2\/categories?post=7250"}],"curies":[{"name":"wp","href":"https:\/\/api.w.org\/{rel}","templated":true}]}}