{"id":7244,"date":"2025-06-06T03:11:34","date_gmt":"2025-06-06T03:11:34","guid":{"rendered":"https:\/\/sinoextrud.com\/product\/extruded-aluminum-trim-shapes\/"},"modified":"2025-06-24T06:12:20","modified_gmt":"2025-06-24T06:12:20","slug":"pressitud-alumiiniumist-aaristusvormid","status":"publish","type":"product","link":"https:\/\/sinoextrud.com\/et\/product\/extruded-aluminum-trim-shapes\/","title":{"rendered":"V\u00e4ljapressitud alumiiniumist trimmi vormid"},"content":{"rendered":"<h2>Toodete \u00fcksikasjad<\/h2>\n<table class=\"custom-table\">\n<tbody>\n<tr>\n<td> Objekt:<\/td>\n<td>  V\u00e4ljapressitud alumiiniumist trimmi vormid<\/td>\n<\/tr>\n<tr>\n<td> Materila:<\/td>\n<td> 6063-t5 alumiiniumisulam<\/td>\n<\/tr>\n<tr>\n<td> Temperament:<\/td>\n<td> T5-T6<\/td>\n<\/tr>\n<tr>\n<td> Kuju:<\/td>\n<td> Lame u-kujuline, nagu piltidel. Kohandatud saadaval.<\/td>\n<\/tr>\n<tr>\n<td> Profiili paksendused:<\/td>\n<td> 1,0 mm eespool.<\/td>\n<\/tr>\n<tr>\n<td> Pinnat\u00f6\u00f6tlus:<\/td>\n<td> freesitud viimistlus<\/td>\n<\/tr>\n<tr>\n<td> V\u00e4rv:<\/td>\n<td> Sliver, kohandatud v\u00e4rvi saadaval.<\/td>\n<\/tr>\n<tr>\n<td> Kasutamine:<\/td>\n<td> t\u00f6\u00f6stus, transport jne.<\/td>\n<\/tr>\n<tr>\n<td> MOQ:<\/td>\n<td> 200 kg iga eseme kohta<\/td>\n<\/tr>\n<tr>\n<td> S\u00fcgav t\u00f6\u00f6tlemine<\/td>\n<td> puurimine, l\u00f5ikamine, l\u00f6\u00f6mine jne.<\/td>\n<\/tr>\n<tr>\n<td> P\u00e4ritolu:<\/td>\n<td> Foshan, Guangdong.<\/td>\n<\/tr>\n<tr>\n<td> HS-kood:<\/td>\n<td> 761699000<\/td>\n<\/tr>\n<\/tbody>\n<\/table>\n<h2>Meie tootmisbaas<\/h2>\n<h3>Tehase panoraam<\/h3>\n<p><img decoding=\"async\" src=\"\/wp-content\/uploads\/factory-01.webp\"\/><\/p>\n<h3>Alumiiniumvarraste tootmise t\u00f6\u00f6koda<\/h3>\n<p><img decoding=\"async\" src=\"\/wp-content\/uploads\/factory-02.webp\"\/><\/p>\n<\/p>\n<p><img decoding=\"async\" src=\"\/wp-content\/uploads\/factory-03.webp\"\/><\/p>\n<h3>hallituse ladustamise ladu<\/h3>\n<p><img decoding=\"async\" src=\"\/wp-content\/uploads\/factory-04.webp\"\/><\/p>\n<h3>43 alumiiniumi ekstrusiooniliini (500-5500 tonni)<\/h3>\n<p><img decoding=\"async\" src=\"\/wp-content\/uploads\/factory-05.webp\"\/><\/p>\n<p><img decoding=\"async\" src=\"\/wp-content\/uploads\/factory-06.webp\"\/><\/p>\n<p><img decoding=\"async\" src=\"\/wp-content\/uploads\/factory-07.webp\"\/><\/p>\n<h3>Pulberv\u00e4rvimise t\u00f6\u00f6koda<\/h3>\n<p><img decoding=\"async\" src=\"\/wp-content\/uploads\/factory-09.webp\"\/><\/p>\n<h3>Anodiseerimise t\u00f6\u00f6koda<\/h3>\n<p><img decoding=\"async\" src=\"\/wp-content\/uploads\/factory-10.webp\"\/><\/p>\n<h3>S\u00fcgavt\u00f6\u00f6tlemise t\u00f6\u00f6tuba<\/h3>\n<p><img decoding=\"async\" src=\"\/wp-content\/uploads\/factory-11.webp\"\/><\/p>\n<h3>CNC-t\u00e4ppist\u00f6\u00f6tlemise t\u00f6\u00f6koda<\/h3>\n<p><img decoding=\"async\" src=\"\/wp-content\/uploads\/factory-11.5.webp\"\/><\/p>\n<h3>Valmistoodete ja ekspordi ladu<\/h3>\n<p><img decoding=\"async\" src=\"\/wp-content\/uploads\/factory-12.webp\"\/><\/p>\n<p><img decoding=\"async\" src=\"\/wp-content\/uploads\/factory-13.webp\"\/><\/p>\n<p><img decoding=\"async\" src=\"\/wp-content\/uploads\/factory-14.webp\"\/><\/p>\n<h2>KKK<\/h2>\n<p><b>1.Millised on pressitud alumiiniumist \u00e4\u00e4ristusvormide kasutamise eelised ehituses? <\/b><\/p>\n<p>Profileeritud alumiiniumist \u00e4\u00e4ristusvormid pakuvad kerget, vastupidavat ja korrosioonikindlat lahendust, mis parandab nii ehitusprojektide funktsionaalsust kui ka esteetilisust.\n<\/p>\n<p><\/p>\n<p><b>2.Kas pressitud alumiiniumist trimmi kujundeid saab kohandada konkreetsete disainivajaduste jaoks? <\/b><\/p>\n<p>Jah, pressitud alumiiniumist \u00e4\u00e4ristusvormi saab kohandada profiili, pikkuse ja viimistluse poolest, et vastata ainulaadsetele arhitektuuri- ja t\u00f6\u00f6stusdisaini n\u00f5uetele.\n<\/p>\n<p><\/p>\n<p><b>3.Kas pressitud alumiiniumist \u00e4\u00e4ristusvormid sobivad v\u00e4litingimustes kasutamiseks? <\/b><\/p>\n<p>Kindlasti teevad 6063 alumiiniumisulami korrosioonikindlad omadused need liistud ideaalseks nii sise- kui ka v\u00e4litingimustes kasutamiseks.\n<\/p>\n<p><\/p>\n<p><b>4.Milliseid viimistlusviise on saadaval pressitud alumiiniumist \u00e4\u00e4ristusvormide jaoks? <\/b><\/p>\n<p>V\u00e4ljapressitud alumiiniumist \u00e4\u00e4ristusvormid on saadaval erinevate viimistlustega, sealhulgas anodeeritud, pulberv\u00e4rvitud ja freesitud viimistlustega, et sobida erinevate esteetiliste eelistuste ja keskkonnatingimuste jaoks.\n<\/p>\n<p><\/p>\n<p><b>5.Kuidas suurendavad pressitud alumiiniumist \u00e4\u00e4ristusvormid paigaldiste vastupidavust? <\/b><\/p>\n<p>Pakkudes kaitsvat \u00e4\u00e4ristust ja struktuurilist tuge, suurendavad pressitud alumiiniumist \u00e4\u00e4ristusvormid paigaldiste pikaealisust ja vastupidavust kulumise ja keskkonnategurite suhtes.\n<\/p>\n<p><\/p>","protected":false},"featured_media":7243,"template":"","categories":[67],"class_list":["post-7244","product","type-product","status-publish","has-post-thumbnail","hentry","category-architectural-aluminium-profile"],"meta_box":{"hilight_text_group":{"product_hilight_text":"<li>Precision-engineered extruded aluminum trim shapes designed for seamless integration in architectural and industrial applications<\/li>\r\r\n<li>Manufactured from high-grade 6063 aluminum alloy, offering excellent corrosion resistance and durability<\/li>\r\r\n<li>Available in a variety of profiles including angles, channels, and edge trims to suit diverse design requirements<\/li>\r\r\n<li>Lightweight construction facilitates easy handling and installation without compromising structural integrity<\/li>\r\r\n<li>Customizable lengths and finishes, including anodized and powder-coated options, to match specific project aesthetics<\/li>","product_chanpin_blog":"<ul>\r\r\n<li><a href=\"https:\/\/sinoextrud.com\/t-slot-v-slot-differences\/\" target=\"_blank\">t slot vs v slot<\/a><\/li>\r\r\n<li><a href=\"https:\/\/sinoextrud.com\/what-is-4040-aluminium-extrud\/\" target=\"_blank\">4040 aluminium extrusion<\/a><\/li>\r\r\n<li><a href=\"https:\/\/sinoextrud.com\/what-is-4040-aluminium-extrud\/\" target=\"_blank\">aluminum extrusions for industrial racks<\/a><\/li>\r\r\n<li><a href=\"https:\/\/sinoextrud.com\/powder-coating-aluminium-process\/\" target=\"_blank\">powder coating aluminium<\/a><\/li>\r\r\n<li><a href=\"https:\/\/sinoextrud.com\/what-is-an-aluminium-strip-ceiling\/\" target=\"_blank\">aluminium strip ceiling<\/a><\/li>\r\r\n<li><a href=\"https:\/\/sinoextrud.com\/what-is-a-heat-sink\/\" target=\"_blank\">what is a heat sink<\/a><\/li>\r\r\n<\/ul>","product_chanpin_chanpin":"<li><a href=\"https:\/\/sinoextrud.com\/product\/aluminum-profile-for-kitchen-cabinet-accesory-manufacture-price\/\" target=\"_blank\">Aluminum Profile For Kitchen Cabinet Accesory Manufacture Price<\/a><\/li>\r\n<li><a href=\"https:\/\/sinoextrud.com\/product\/high-quality-aluminium-extrusion-profile-for-curtain-wall\/\" target=\"_blank\">High Quality Aluminium Extrusion Profile for Curtain Wall<\/a><\/li>\r\n<li><a href=\"https:\/\/sinoextrud.com\/product\/oem-precision-cnc-machining-for-aluminum-parts\/\" target=\"_blank\">OEM Precision CNC Machining For Aluminum Parts<\/a><\/li>\r\n<li><a href=\"https:\/\/sinoextrud.com\/product\/60x60-aluminium-extrusion\/\" target=\"_blank\">60\u00c3\u201460 Aluminium Extrusion<\/a><\/li>\r\n<li><a href=\"https:\/\/sinoextrud.com\/product\/extruded-aluminum-trim-shapes\/\" target=\"_blank\">Extruded Aluminum Trim Shapes<\/a><\/li>\r\n<li><a href=\"https:\/\/sinoextrud.com\/product\/cnc-machined-6063-extruded-aluminum-fasteners\/\" target=\"_blank\">CNC Machined 6063 Extruded Aluminum Fasteners<\/a><\/li>\r\n<li><a href=\"https:\/\/sinoextrud.com\/product\/6463-electroplated-finish-shower-enclosure-aluminum-profile\/\" target=\"_blank\">6463 Electroplated Finish Shower Enclosure Aluminum Profile<\/a><\/li>\r\n<li><a href=\"https:\/\/sinoextrud.com\/product\/aluminium-glass-profile\/\" target=\"_blank\">Aluminium Glass Profile<\/a><\/li>\r\n<li><a href=\"https:\/\/sinoextrud.com\/product\/customized-matt-electrophoresis-aluminum-extrusions-profile-for-building-material\/\" target=\"_blank\">Customized Matt Electrophoresis Aluminum Extrusions Profile For Building Material<\/a><\/li>\r\n<li><a href=\"https:\/\/sinoextrud.com\/product\/aluminum-extrusion-7003-7005-7020\/\" target=\"_blank\">Aluminum Extrusion 7003 7005 7020 High Hardness Anodized Aluminum Profile<\/a><\/li>\r\n<li><a href=\"https:\/\/sinoextrud.com\/product\/industrial-aluminum-brushed-polish-profile-for-railing-and-showroom-decoration\/\" target=\"_blank\">Industrial Aluminum Brushed Polish Profile For Railing And Showroom Decoration<\/a><\/li>"},"feature_list":[]},"_links":{"self":[{"href":"https:\/\/sinoextrud.com\/et\/wp-json\/wp\/v2\/product\/7244","targetHints":{"allow":["GET"]}}],"collection":[{"href":"https:\/\/sinoextrud.com\/et\/wp-json\/wp\/v2\/product"}],"about":[{"href":"https:\/\/sinoextrud.com\/et\/wp-json\/wp\/v2\/types\/product"}],"wp:featuredmedia":[{"embeddable":true,"href":"https:\/\/sinoextrud.com\/et\/wp-json\/wp\/v2\/media\/7243"}],"wp:attachment":[{"href":"https:\/\/sinoextrud.com\/et\/wp-json\/wp\/v2\/media?parent=7244"}],"wp:term":[{"taxonomy":"category","embeddable":true,"href":"https:\/\/sinoextrud.com\/et\/wp-json\/wp\/v2\/categories?post=7244"}],"curies":[{"name":"wp","href":"https:\/\/api.w.org\/{rel}","templated":true}]}}