{"id":7242,"date":"2025-06-06T03:10:00","date_gmt":"2025-06-06T03:10:00","guid":{"rendered":"https:\/\/sinoextrud.com\/product\/60x60-aluminium-extrusion\/"},"modified":"2025-06-24T06:12:20","modified_gmt":"2025-06-24T06:12:20","slug":"60x60-alumiiniumprofiil","status":"publish","type":"product","link":"https:\/\/sinoextrud.com\/et\/product\/60x60-aluminium-extrusion\/","title":{"rendered":"60\u00d760 Alumiinium ekstrusioon"},"content":{"rendered":"<h2>Toodete \u00fcksikasjad<\/h2>\n<table class=\"custom-table\">\n<tbody>\n<tr>\n<td> Toote nimi<\/td>\n<td> 60\u00d760 Alumiinium ekstrusioon<\/td>\n<td> <\/td>\n<\/tr>\n<tr>\n<td> Materjal<\/td>\n<td> 6063,6061,6005,6082 jne.<\/td>\n<td> <\/td>\n<\/tr>\n<tr>\n<td> Paksus<\/td>\n<td> 0.7mm-10mm<\/td>\n<td> <\/td>\n<\/tr>\n<tr>\n<td> Sallivus<\/td>\n<td> Nagu joonis n\u00f5utud<\/td>\n<td> <\/td>\n<\/tr>\n<tr>\n<td> Pikkus<\/td>\n<td> Standardne pikkus 1-9M, muud kohandatud pikkused saadaval.<\/td>\n<td> <\/td>\n<\/tr>\n<tr>\n<td> T\u00fc\u00fcpilised rakendused<\/td>\n<td> Arhitektuur, t\u00f6\u00f6stus jne.<\/td>\n<td> <\/td>\n<\/tr>\n<tr>\n<td> CNC protsess<\/td>\n<td> CNC freesimine, puurimine, augustamine, puurimine, koputades, painutamine, painutamine<\/td>\n<td> <\/td>\n<\/tr>\n<tr>\n<td> Pinnat\u00f6\u00f6tlus<\/td>\n<td> Veski valmis, anodeeritud, pulberv\u00e4rvitud, puidumass jne.<\/td>\n<td> <\/td>\n<\/tr>\n<tr>\n<td> Sertifikaadid<\/td>\n<td> ISO9001, ISO4001, CQM, SGS, CE, BV jne.<\/td>\n<td> <\/td>\n<\/tr>\n<tr>\n<td> P\u00e4ritolukoht<\/td>\n<td> Guangdong,Hiina<\/td>\n<td> <\/td>\n<\/tr>\n<\/tbody>\n<\/table>\n<h2>Meie tootmisbaas<\/h2>\n<h3>Tehase panoraam<\/h3>\n<p><img decoding=\"async\" src=\"\/wp-content\/uploads\/factory-01.webp\"\/><\/p>\n<h3>Alumiiniumvarraste tootmise t\u00f6\u00f6koda<\/h3>\n<p><img decoding=\"async\" src=\"\/wp-content\/uploads\/factory-02.webp\"\/><\/p>\n<\/p>\n<p><img decoding=\"async\" src=\"\/wp-content\/uploads\/factory-03.webp\"\/><\/p>\n<h3>hallituse ladustamise ladu<\/h3>\n<p><img decoding=\"async\" src=\"\/wp-content\/uploads\/factory-04.webp\"\/><\/p>\n<h3>43 alumiiniumi ekstrusiooniliini (500-5500 tonni)<\/h3>\n<p><img decoding=\"async\" src=\"\/wp-content\/uploads\/factory-05.webp\"\/><\/p>\n<p><img decoding=\"async\" src=\"\/wp-content\/uploads\/factory-06.webp\"\/><\/p>\n<p><img decoding=\"async\" src=\"\/wp-content\/uploads\/factory-07.webp\"\/><\/p>\n<h3>Pulberv\u00e4rvimise t\u00f6\u00f6koda<\/h3>\n<p><img decoding=\"async\" src=\"\/wp-content\/uploads\/factory-09.webp\"\/><\/p>\n<h3>Anodiseerimise t\u00f6\u00f6koda<\/h3>\n<p><img decoding=\"async\" src=\"\/wp-content\/uploads\/factory-10.webp\"\/><\/p>\n<h3>S\u00fcgavt\u00f6\u00f6tlemise t\u00f6\u00f6tuba<\/h3>\n<p><img decoding=\"async\" src=\"\/wp-content\/uploads\/factory-11.webp\"\/><\/p>\n<h3>CNC-t\u00e4ppist\u00f6\u00f6tlemise t\u00f6\u00f6koda<\/h3>\n<p><img decoding=\"async\" src=\"\/wp-content\/uploads\/factory-11.5.webp\"\/><\/p>\n<h3>Valmistoodete ja ekspordi ladu<\/h3>\n<p><img decoding=\"async\" src=\"\/wp-content\/uploads\/factory-12.webp\"\/><\/p>\n<p><img decoding=\"async\" src=\"\/wp-content\/uploads\/factory-13.webp\"\/><\/p>\n<p><img decoding=\"async\" src=\"\/wp-content\/uploads\/factory-14.webp\"\/><\/p>\n<h2>KKK<\/h2>\n<p><b>1.Mis on 60\u00d760 alumiiniumprofiil?<\/b><\/p>\n<p>See on 60 mm x 60 mm ristl\u00f5ikega alumiiniumprofiil, mida kasutatakse tavaliselt t\u00f6\u00f6stuslikes raamides, automaatika- ja masinakonstruktsioonides.\n<\/p>\n<p><\/p>\n<p><b>2.Miks valida 60\u00d760 alumiiniumprofiili ehitamiseks?<\/b><\/p>\n<p>60\u00d760-profiil pakub optimaalset tasakaalu tugevuse ja modulaarse \u00fchilduvuse vahel, mist\u00f5ttu on see ideaalne konstruktsiooniliste rakenduste jaoks.\n<\/p>\n<p><\/p>\n<p><b>3.Kas 60\u00d760 alumiiniumprofiil on T-slotiga?<\/b><\/p>\n<p>Jah, tavaliselt on sellel T-ava, mis v\u00f5imaldab h\u00f5lpsasti kinnitada \u00fchendusi, paneele ja lisaseadmeid.\n<\/p>\n<p><\/p>\n<p><b>4.Millised on 60\u00d760 alumiiniumprofiilide kasutamise eelised?<\/b><\/p>\n<p>Need on vastupidavad, korrosioonikindlad, lihtsasti paigaldatavad ja sobivad \u00fcmberkonfigureeritavate s\u00fcsteemide jaoks.\n<\/p>\n<p><\/p>\n<p><b>5.Kas 60\u00d760 alumiiniumprofiili saab kohandada?<\/b><\/p>\n<p>Kindlasti saab seda kohandada pikkuse, pinnat\u00f6\u00f6tluse, aukude puurimise ja sulamiklassi poolest konkreetsete projekti vajaduste jaoks.\n<\/p>\n<p><\/p>\n<p><b>6.Millised pinnaviimistlused on saadaval?<\/b><\/p>\n<p>\u00dcldine viimistlus on anodeerimine, pulberv\u00e4rvimine, liivapritsimine ja harjatud alumiinium, mis parandab vastupidavust ja v\u00e4limust.\n<\/p>\n<p><\/p>\n<p><b>7.Millised rakendused kasutavad 60\u00d760 alumiiniumprofiile?<\/b><\/p>\n<p>T\u00fc\u00fcpiliste kasutusalade hulka kuuluvad masina raamid, t\u00f6\u00f6kohad, kapid, automaatika liinid ja struktuursed tugis\u00fcsteemid.\n<\/p>\n<p><\/p>","protected":false},"featured_media":7241,"template":"","categories":[67],"class_list":["post-7242","product","type-product","status-publish","has-post-thumbnail","hentry","category-architectural-aluminium-profile"],"meta_box":{"hilight_text_group":{"product_hilight_text":"<li>Standard 60x60 mm profile offers high compatibility with modular systems<\/li>\r\r\n<li>Strong and lightweight aluminum ensures structural integrity<\/li>\r\r\n<li>Excellent corrosion resistance for both indoor and outdoor applications<\/li>\r\r\n<li>Easy to assemble and reconfigure with T-slot design<\/li>\r\r\n<li>Supports heavy-duty industrial and automation frameworks<\/li>\r\r\n<li>Custom lengths, finishes, and machining available for OEM orders<\/li>","product_chanpin_blog":"<ul>\r\r\n<li><a href=\"https:\/\/sinoextrud.com\/t-slot-v-slot-differences\/\" target=\"_blank\">t slot vs v slot<\/a><\/li>\r\r\n<li><a href=\"https:\/\/sinoextrud.com\/what-is-4040-aluminium-extrud\/\" target=\"_blank\">4040 aluminium extrusion<\/a><\/li>\r\r\n<li><a href=\"https:\/\/sinoextrud.com\/what-is-4040-aluminium-extrud\/\" target=\"_blank\">aluminum extrusions for industrial racks<\/a><\/li>\r\r\n<li><a href=\"https:\/\/sinoextrud.com\/powder-coating-aluminium-process\/\" target=\"_blank\">powder coating aluminium<\/a><\/li>\r\r\n<li><a href=\"https:\/\/sinoextrud.com\/what-is-an-aluminium-strip-ceiling\/\" target=\"_blank\">aluminium strip ceiling<\/a><\/li>\r\r\n<li><a href=\"https:\/\/sinoextrud.com\/what-is-a-heat-sink\/\" target=\"_blank\">what is a heat sink<\/a><\/li>\r\r\n<\/ul>","product_chanpin_chanpin":"<li><a href=\"https:\/\/sinoextrud.com\/product\/industrial-aluminum-extrusions-aluminum-profile\/\" target=\"_blank\">Industrial Aluminum Extrusions Aluminum Profile<\/a><\/li>\r\n<li><a href=\"https:\/\/sinoextrud.com\/product\/aluminum-profile-for-kitchen-cabinet-accesory-manufacture-price\/\" target=\"_blank\">Aluminum Profile For Kitchen Cabinet Accesory Manufacture Price<\/a><\/li>\r\n<li><a href=\"https:\/\/sinoextrud.com\/product\/high-quality-aluminium-extrusion-profile-for-curtain-wall\/\" target=\"_blank\">High Quality Aluminium Extrusion Profile for Curtain Wall<\/a><\/li>\r\n<li><a href=\"https:\/\/sinoextrud.com\/product\/oem-precision-cnc-machining-for-aluminum-parts\/\" target=\"_blank\">OEM Precision CNC Machining For Aluminum Parts<\/a><\/li>\r\n<li><a href=\"https:\/\/sinoextrud.com\/product\/60x60-aluminium-extrusion\/\" target=\"_blank\">60\u00c3\u201460 Aluminium Extrusion<\/a><\/li>\r\n<li><a href=\"https:\/\/sinoextrud.com\/product\/extruded-aluminum-trim-shapes\/\" target=\"_blank\">Extruded Aluminum Trim Shapes<\/a><\/li>\r\n<li><a href=\"https:\/\/sinoextrud.com\/product\/cnc-machined-6063-extruded-aluminum-fasteners\/\" target=\"_blank\">CNC Machined 6063 Extruded Aluminum Fasteners<\/a><\/li>\r\n<li><a href=\"https:\/\/sinoextrud.com\/product\/6463-electroplated-finish-shower-enclosure-aluminum-profile\/\" target=\"_blank\">6463 Electroplated Finish Shower Enclosure Aluminum Profile<\/a><\/li>\r\n<li><a href=\"https:\/\/sinoextrud.com\/product\/aluminium-glass-profile\/\" target=\"_blank\">Aluminium Glass Profile<\/a><\/li>\r\n<li><a href=\"https:\/\/sinoextrud.com\/product\/6063-anodized-road-case-aluminum-extrusions\/\" target=\"_blank\">6063 Anodized Road Case Aluminum Extrusions<\/a><\/li>\r\n<li><a href=\"https:\/\/sinoextrud.com\/product\/golden-electrophoresis-aluminum-profile\/\" target=\"_blank\">Golden Electrophoresis Aluminum Profile<\/a><\/li>"},"feature_list":[]},"_links":{"self":[{"href":"https:\/\/sinoextrud.com\/et\/wp-json\/wp\/v2\/product\/7242","targetHints":{"allow":["GET"]}}],"collection":[{"href":"https:\/\/sinoextrud.com\/et\/wp-json\/wp\/v2\/product"}],"about":[{"href":"https:\/\/sinoextrud.com\/et\/wp-json\/wp\/v2\/types\/product"}],"wp:featuredmedia":[{"embeddable":true,"href":"https:\/\/sinoextrud.com\/et\/wp-json\/wp\/v2\/media\/7241"}],"wp:attachment":[{"href":"https:\/\/sinoextrud.com\/et\/wp-json\/wp\/v2\/media?parent=7242"}],"wp:term":[{"taxonomy":"category","embeddable":true,"href":"https:\/\/sinoextrud.com\/et\/wp-json\/wp\/v2\/categories?post=7242"}],"curies":[{"name":"wp","href":"https:\/\/api.w.org\/{rel}","templated":true}]}}