{"id":7216,"date":"2025-06-06T02:24:13","date_gmt":"2025-06-06T02:24:13","guid":{"rendered":"https:\/\/sinoextrud.com\/product\/12-to-20-mm-glass-aluminum-glass-railing-price-per-foot\/"},"modified":"2025-06-24T06:12:15","modified_gmt":"2025-06-24T06:12:15","slug":"12-kuni-20-mm-klaasist-alumiiniumist-klaasist-piirded-hind-uhe-jala-kohta","status":"publish","type":"product","link":"https:\/\/sinoextrud.com\/et\/product\/12-to-20-mm-glass-aluminum-glass-railing-price-per-foot\/","title":{"rendered":"12 kuni 20 MM klaasist alumiiniumist klaasist r\u00f5dude hind \u00fche jala kohta"},"content":{"rendered":"<h2>Toodete \u00fcksikasjad<\/h2>\n<table class=\"custom-table\">\n<tbody>\n<tr>\n<td> Objekt:<\/td>\n<td> 12 kuni 20 MM klaasist alumiiniumist klaasist r\u00f5dude hind jala kohta<\/td>\n<td> Hinne:<\/td>\n<td> 6000-seeria<\/td>\n<\/tr>\n<tr>\n<td> Temperament:<\/td>\n<td> T5<\/td>\n<td> P\u00e4ritolukoht:<\/td>\n<td> Foshan, Guangdong<\/td>\n<\/tr>\n<tr>\n<td> Kuju:<\/td>\n<td> Kohandatud<\/td>\n<td> Sulam v\u00f5i mitte:<\/td>\n<td> Sulam<\/td>\n<\/tr>\n<tr>\n<td> Materjal:<\/td>\n<td> 6063<\/td>\n<td> Br\u00e4ndi:<\/td>\n<td> Sinoextrud, Sinoextrud<\/td>\n<\/tr>\n<tr>\n<td> V\u00e4rv:<\/td>\n<td> Kohandatud Clolor<\/td>\n<td> Surfacetreatment:<\/td>\n<td> Anodeeritud, pulbriline, harjatud, liivapritsimine, puidumassid<\/td>\n<\/tr>\n<tr>\n<td> Tarneaeg:<\/td>\n<td> 25-30 p\u00e4eva<\/td>\n<td> MOQ:<\/td>\n<td> 200KG<\/td>\n<\/tr>\n<tr>\n<td> Makset\u00e4htaeg:<\/td>\n<td> 30% tagatisraha, 70% saldo enne tarnimist<\/td>\n<td> T\u00f6\u00f6tlemisteenus:<\/td>\n<td> Painutamine, keevitamine, keevitamine, stantsimine, l\u00f5ikamine<\/td>\n<\/tr>\n<tr>\n<td> Sadam:<\/td>\n<td> Guangzhou, Shenzhen<\/td>\n<td> Garantii:<\/td>\n<td> kliendi sertifikaat, nagu BV, Soncap, ISO<\/td>\n<\/tr>\n<tr>\n<td> K\u00f5rgus:<\/td>\n<td> 108 mm<\/td>\n<td> Laius:<\/td>\n<td> 70 mm<\/td>\n<\/tr>\n<\/tbody>\n<\/table>\n<h2>Meie tootmisbaas<\/h2>\n<h3>Tehase panoraam<\/h3>\n<p><img decoding=\"async\" src=\"\/wp-content\/uploads\/factory-01.webp\"\/><\/p>\n<h3>Alumiiniumvarraste tootmise t\u00f6\u00f6koda<\/h3>\n<p><img decoding=\"async\" src=\"\/wp-content\/uploads\/factory-02.webp\"\/><\/p>\n<p><img decoding=\"async\" src=\"\/wp-content\/uploads\/factory-03.webp\"\/><\/p>\n<h3>hallituse ladustamise ladu<\/h3>\n<p><img decoding=\"async\" src=\"\/wp-content\/uploads\/factory-04.webp\"\/><\/p>\n<h3>43 alumiiniumi ekstrusiooniliini (500-5500 tonni)<\/h3>\n<p><img decoding=\"async\" src=\"\/wp-content\/uploads\/factory-05.webp\"\/><\/p>\n<p><img decoding=\"async\" src=\"\/wp-content\/uploads\/factory-06.webp\"\/><\/p>\n<p><img decoding=\"async\" src=\"\/wp-content\/uploads\/factory-07.webp\"\/><\/p>\n<h3>Pulberv\u00e4rvimise t\u00f6\u00f6koda<\/h3>\n<p><img decoding=\"async\" src=\"\/wp-content\/uploads\/factory-09.webp\"\/><\/p>\n<h3>Anodiseerimise t\u00f6\u00f6koda<\/h3>\n<p><img decoding=\"async\" src=\"\/wp-content\/uploads\/factory-10.webp\"\/><\/p>\n<h3>S\u00fcgavt\u00f6\u00f6tlemise t\u00f6\u00f6tuba<\/h3>\n<p><img decoding=\"async\" src=\"\/wp-content\/uploads\/factory-11.webp\"\/><\/p>\n<h3>CNC-t\u00e4ppist\u00f6\u00f6tlemise t\u00f6\u00f6koda<\/h3>\n<p><img decoding=\"async\" src=\"\/wp-content\/uploads\/factory-11.5.webp\"\/><\/p>\n<h3>Valmistoodete ja ekspordi ladu<\/h3>\n<p><img decoding=\"async\" src=\"\/wp-content\/uploads\/factory-12.webp\"\/><\/p>\n<p><img decoding=\"async\" src=\"\/wp-content\/uploads\/factory-13.webp\"\/><\/p>\n<p><img decoding=\"async\" src=\"\/wp-content\/uploads\/factory-14.webp\"\/><\/p>\n<h2>KKK<\/h2>\n<p><p><b>1.Mis on 12 kuni 20 MM klaasist alumiiniumist klaasist r\u00f5dude hind \u00fche jala kohta? <\/b><\/p>\n<p> See viitab 12-20 mm paksuse klaasiga sobiva alumiiniumklaasist piirdes\u00fcsteemi maksumusele jooksva jala kohta, mida tavaliselt kasutatakse \u00e4ri- ja elamuprojektides.<br \/>\n<\/p><br \/>\n<br \/>\n<p><b>2.Millist t\u00fc\u00fcpi klaasi toetab see piirdes\u00fcsteem? <\/b><\/p>\n<p> Alumiiniumklaasist piirded toetavad 12 mm kuni 20 mm karastatud v\u00f5i lamineeritud turvaklaasi, mis tagab tugevuse ja selguse.<br \/>\n<\/p><br \/>\n<br \/>\n<p><b>3.Miks valida alumiiniumist klaasist piirdes\u00fcsteem? <\/b><\/p>\n<p> Alumiiniumist klaasist piirdes\u00fcsteemid on kerged, korrosioonikindlad ja pakuvad kaasaegset v\u00e4limust minimaalse hooldusega.<br \/>\n<\/p><br \/>\n<br \/>\n<p><b>4.Kas hinnakujundus on paindlik s\u00f5ltuvalt projekti suurusest? <\/b><\/p>\n<p> Jah, 12-20 mm klaasist alumiiniumkaitseraudtee hinda \u00fche jala kohta saab kohandada vastavalt projekti n\u00f5uetele.<br \/>\n<\/p><br \/>\n<br \/>\n<p><b>5.Kas seda r\u00f5du saab kasutada v\u00e4litingimustes? <\/b><\/p>\n<p> Kindlasti on anodeeritud v\u00f5i pulberv\u00e4rvitud alumiinium v\u00e4ga vastupidav ilmastikule ja korrosioonile, mist\u00f5ttu sobib see ideaalselt r\u00f5dudele, terrassidele ja v\u00e4listreppidele.<br \/>\n<\/p><br \/>\n<br \/>\n<p><b>6.Kuidas on alumiiniumist klaasist piirded paigaldatud? <\/b><\/p>\n<p> S\u00fcsteem on kavandatud lihtsaks ja kiireks paigaldamiseks, kasutades eelnevalt valmistatud moodulitest koosnevaid komponente.<br \/>\n<\/p><br \/>\n<br \/>\n<p><b>7.Millised viimistlused on saadaval alumiiniumraamile? <\/b><\/p>\n<p> Levinud viimistlusviimistlused h\u00f5lmavad looduslikku anodeeritud, mattmustat, h\u00f5bedast v\u00f5i kohandatud pulberv\u00e4rvi, et sobida arhitektuuriteemadega.<br \/>\n<\/p><br \/>\n<br \/>\n<p><b>8.Kas see piirdes\u00fcsteem vastab ohutusstandarditele? <\/b><\/p>\n<p> Jah, kui see on paigaldatud \u00f5ige klaasi paksusega, vastab see enamikele rahvusvahelistele ohutus- ja ehitusseadustiku n\u00f5uetele.<br \/>\n<\/p><br \/><\/p>","protected":false},"featured_media":7215,"template":"","categories":[67],"class_list":["post-7216","product","type-product","status-publish","has-post-thumbnail","hentry","category-architectural-aluminium-profile"],"meta_box":{"hilight_text_group":{"product_hilight_text":"<li>Compatible with 12 to 20 mm thick tempered or laminated glass panels.<\/li>\r\r\n<li>Durable aluminum structure ensures long-term outdoor and indoor use.<\/li>\r\r\n<li>Cost-effective price per foot for large-scale architectural projects.<\/li>\r\r\n<li>Corrosion-resistant anodized or powder-coated finish for low maintenance.<\/li>\r\r\n<li>Easy to install with modular components for quicker on-site assembly.<\/li>\r\r\n<li>Supports sleek, modern aesthetics with unobstructed glass views.<\/li>","product_chanpin_blog":"<ul>\r\r\n<li><a href=\"https:\/\/sinoextrud.com\/t-slot-v-slot-differences\/\" target=\"_blank\">t slot vs v slot<\/a><\/li>\r\r\n<li><a href=\"https:\/\/sinoextrud.com\/what-is-4040-aluminium-extrud\/\" target=\"_blank\">4040 aluminium extrusion<\/a><\/li>\r\r\n<li><a href=\"https:\/\/sinoextrud.com\/what-is-4040-aluminium-extrud\/\" target=\"_blank\">aluminum extrusions for industrial racks<\/a><\/li>\r\r\n<li><a href=\"https:\/\/sinoextrud.com\/powder-coating-aluminium-process\/\" target=\"_blank\">powder coating aluminium<\/a><\/li>\r\r\n<li><a href=\"https:\/\/sinoextrud.com\/what-is-an-aluminium-strip-ceiling\/\" target=\"_blank\">aluminium strip ceiling<\/a><\/li>\r\r\n<li><a href=\"https:\/\/sinoextrud.com\/what-is-a-heat-sink\/\" target=\"_blank\">what is a heat sink<\/a><\/li>\r\r\n<\/ul>","product_chanpin_chanpin":"<li><a href=\"https:\/\/sinoextrud.com\/product\/anodized-powder-coated-aluminum-extrusion-profile-for-outdoor-louver-shutter\/\" target=\"_blank\">Anodized Powder Coated Aluminum Extrusion Profile For Outdoor Louver Shutter<\/a><\/li>\r\n<li><a href=\"https:\/\/sinoextrud.com\/product\/extrusion-aluminium-tube-pipe-aluminum-polishing-style\/\" target=\"_blank\">Extrusion Aluminium Tube Pipe Aluminum Polishing Style<\/a><\/li>\r\n<li><a href=\"https:\/\/sinoextrud.com\/product\/10-series-golden-aluminum-extrusion-profiles\/\" target=\"_blank\">10 Series Golden Aluminum Extrusion Profiles<\/a><\/li>\r\n<li><a href=\"https:\/\/sinoextrud.com\/product\/10x10-aluminum-extrusion-for-decoration\/\" target=\"_blank\">10\u00d710 Aluminum Extrusion For Decoration<\/a><\/li>\r\n<li><a href=\"https:\/\/sinoextrud.com\/product\/12-to-20-mm-glass-aluminum-glass-railing-price-per-foot\/\" target=\"_blank\">12 To 20 MM Glass Aluminum Glass Railing Price Per Foot<\/a><\/li>\r\n<li><a href=\"https:\/\/sinoextrud.com\/product\/aluminum-extrusion-framing-systems\/\" target=\"_blank\">Aluminum Extrusion Framing Systems<\/a><\/li>\r\n<li><a href=\"https:\/\/sinoextrud.com\/product\/aluminium-door-frame-extrusions\/\" target=\"_blank\">Aluminium Door Frame Extrusions<\/a><\/li>\r\n<li><a href=\"https:\/\/sinoextrud.com\/product\/aluminium-fence-slats-aluminum-strips-aluminium-bean-and-aluminium-channel\/\" target=\"_blank\">Aluminium Fence Slats Aluminum Strips Aluminium Bean and Aluminium Channel<\/a><\/li>\r\n<li><a href=\"https:\/\/sinoextrud.com\/product\/aluminium-sliding-door-with-french-style-bi-folding-glass-wall-door-energy-saving-heat-insulation\/\" target=\"_blank\">Aluminium Sliding Door With French Style Bi-folding Glass Wall Door Energy Saving Heat Insulation<\/a><\/li>\r\n<li><a href=\"https:\/\/sinoextrud.com\/product\/6061-t5-l-shape-aluminum-profile-bar-customized-40x40-extruded-aluminum-angle-profile\/\" target=\"_blank\">6061-t5 L Shape Aluminum Profile Bar Customized 40\u00d740 Extruded Aluminum Angle Profile<\/a><\/li>\r\n<li><a href=\"https:\/\/sinoextrud.com\/product\/electrophoretic-wood-surface-aluminum-square-pipe\/\" target=\"_blank\">Electrophoretic wood surface-aluminum Square Pipe<\/a><\/li>"},"feature_list":[]},"_links":{"self":[{"href":"https:\/\/sinoextrud.com\/et\/wp-json\/wp\/v2\/product\/7216","targetHints":{"allow":["GET"]}}],"collection":[{"href":"https:\/\/sinoextrud.com\/et\/wp-json\/wp\/v2\/product"}],"about":[{"href":"https:\/\/sinoextrud.com\/et\/wp-json\/wp\/v2\/types\/product"}],"wp:featuredmedia":[{"embeddable":true,"href":"https:\/\/sinoextrud.com\/et\/wp-json\/wp\/v2\/media\/7215"}],"wp:attachment":[{"href":"https:\/\/sinoextrud.com\/et\/wp-json\/wp\/v2\/media?parent=7216"}],"wp:term":[{"taxonomy":"category","embeddable":true,"href":"https:\/\/sinoextrud.com\/et\/wp-json\/wp\/v2\/categories?post=7216"}],"curies":[{"name":"wp","href":"https:\/\/api.w.org\/{rel}","templated":true}]}}