{"id":7212,"date":"2025-06-06T02:10:37","date_gmt":"2025-06-06T02:10:37","guid":{"rendered":"https:\/\/sinoextrud.com\/product\/10-series-golden-aluminum-extrusion-profiles\/"},"modified":"2025-06-24T06:12:14","modified_gmt":"2025-06-24T06:12:14","slug":"10-seeria-kuldsed-alumiiniumprofiilid","status":"publish","type":"product","link":"https:\/\/sinoextrud.com\/et\/product\/10-series-golden-aluminum-extrusion-profiles\/","title":{"rendered":"10-seeria kuldsed alumiiniumist ekstrusiooniprofiilid"},"content":{"rendered":"<h2>Toodete \u00fcksikasjad<\/h2>\n<table>\n<tbody>\n<tr>\n<td>\n<p>Hinne:<\/p>\n<\/td>\n<td>\n<p>6063 -t5<\/p>\n<\/td>\n<\/tr>\n<tr>\n<td>\n<p>Tehnika:<\/p>\n<\/td>\n<td>\n<p>10-seeria kuldsed alumiiniumist ekstrusiooniprofiilid<\/p>\n<\/td>\n<\/tr>\n<tr>\n<td>\n<p>Temperament:<\/p>\n<\/td>\n<td>\n<p>T3 - T8<\/p>\n<\/td>\n<\/tr>\n<tr>\n<td>\n<p>T\u00f6\u00f6deldavad teenused:<\/p>\n<\/td>\n<td>\n<p>Puurimine, keermestamine, neetimine, montaa\u017e jne.<\/p>\n<\/td>\n<\/tr>\n<tr>\n<td>\n<p>Kaubam\u00e4rk:<\/p>\n<\/td>\n<td>\n<p>Sinoextrud Sinoextrud Sinoextrud <\/p>\n<\/td>\n<\/tr>\n<tr>\n<td>\n<p>T\u00fc\u00fcp:<\/p>\n<\/td>\n<td>\n<p>10-seeria kuldsed alumiiniumist ekstrusiooniprofiilid<\/p>\n<\/td>\n<\/tr>\n<tr>\n<td>\n<p>Kuju:<\/p>\n<\/td>\n<td>\n<p>Valmistatud klientide j\u00e4rgi Disain<\/p>\n<\/td>\n<\/tr>\n<tr>\n<td>\n<p>Pinnat\u00f6\u00f6tlus:<\/p>\n<\/td>\n<td>\n<p>Mill Finish Anodeeritud harjatud<\/p>\n<\/td>\n<\/tr>\n<tr>\n<td>\n<p>Pikkus:<\/p>\n<\/td>\n<td>\n<p>1m kuni 9m pikkuse kohta<\/p>\n<\/td>\n<\/tr>\n<tr>\n<td>\n<p>V\u00e4rvid:<\/p>\n<\/td>\n<td>\n<p>H\u00f5bedane must<\/p>\n<\/td>\n<\/tr>\n<tr>\n<td>\n<p>HS-kood:<\/p>\n<\/td>\n<td>\n<p>76042990<\/p>\n<\/td>\n<\/tr>\n<\/tbody>\n<\/table>\n<h2>Meie tootmisbaas<\/h2>\n<h3>Tehase panoraam<\/h3>\n<p><img decoding=\"async\" src=\"\/wp-content\/uploads\/factory-01.webp\"\/><\/p>\n<h3>Alumiiniumvarraste tootmise t\u00f6\u00f6koda<\/h3>\n<p><img decoding=\"async\" src=\"\/wp-content\/uploads\/factory-02.webp\"\/><\/p>\n<p><img decoding=\"async\" src=\"\/wp-content\/uploads\/factory-03.webp\"\/><\/p>\n<h3>hallituse ladustamise ladu<\/h3>\n<p><img decoding=\"async\" src=\"\/wp-content\/uploads\/factory-04.webp\"\/><\/p>\n<h3>43 alumiiniumi ekstrusiooniliini (500-5500 tonni)<\/h3>\n<p><img decoding=\"async\" src=\"\/wp-content\/uploads\/factory-05.webp\"\/><\/p>\n<p><img decoding=\"async\" src=\"\/wp-content\/uploads\/factory-06.webp\"\/><\/p>\n<p><img decoding=\"async\" src=\"\/wp-content\/uploads\/factory-07.webp\"\/><\/p>\n<h3>Pulberv\u00e4rvimise t\u00f6\u00f6koda<\/h3>\n<p><img decoding=\"async\" src=\"\/wp-content\/uploads\/factory-09.webp\"\/><\/p>\n<h3>Anodiseerimise t\u00f6\u00f6koda<\/h3>\n<p><img decoding=\"async\" src=\"\/wp-content\/uploads\/factory-10.webp\"\/><\/p>\n<h3>S\u00fcgavt\u00f6\u00f6tlemise t\u00f6\u00f6tuba<\/h3>\n<p><img decoding=\"async\" src=\"\/wp-content\/uploads\/factory-11.webp\"\/><\/p>\n<h3>CNC-t\u00e4ppist\u00f6\u00f6tlemise t\u00f6\u00f6koda<\/h3>\n<p><img decoding=\"async\" src=\"\/wp-content\/uploads\/factory-11.5.webp\"\/><\/p>\n<h3>Valmistoodete ja ekspordi ladu<\/h3>\n<p><img decoding=\"async\" src=\"\/wp-content\/uploads\/factory-12.webp\"\/><\/p>\n<p><img decoding=\"async\" src=\"\/wp-content\/uploads\/factory-13.webp\"\/><\/p>\n<p><img decoding=\"async\" src=\"\/wp-content\/uploads\/factory-14.webp\"\/><\/p>\n<h2>KKK<\/h2>\n<p><p><b>1.Mis on 10-seeria kuldsed alumiiniumist ekstrusiooniprofiilid?<\/b><\/p>\n<p>10 seeria kuldsed alumiiniumist ekstrusiooniprofiilid on standardiseeritud alumiiniumprofiilid, millel on kuldne anodeeritud viimistlus, mida kasutatakse moodulkonstruktsioonide ja raamide ehitamiseks.<br \/>\n<\/p><br \/>\n<br \/>\n<p><b>2.Millised on Golden Aluminum Extrusion Profiilide kasutamise eelised?<\/b><\/p>\n<p>Need pakuvad korrosioonikindlust, suurt tugevust, elegantset v\u00e4limust ja \u00fchilduvust 10-seeria komponentidega.<br \/>\n<\/p><br \/>\n<br \/>\n<p><b>3.Kas kuldne viimistlus on pikaajaliste rakenduste jaoks vastupidav?<\/b><\/p>\n<p>Jah, anodeeritud kuldne viimistlus on kulumiskindel ja pakub pikaajalist kaitset korrosiooni ja tuhmumise eest.<br \/>\n<\/p><br \/>\n<br \/>\n<p><b>4.Kus kasutatakse 10-seeria kuldset alumiiniumi ekstrusiooniprofiili?<\/b><\/p>\n<p>Neid kasutatakse tavaliselt v\u00e4ljapaneku stendides, kohandatud kappides, kontori vaheseinades ja kergetes masina raamides.<br \/>\n<\/p><br \/>\n<br \/>\n<p><b>5.Kas need profiilid \u00fchilduvad standardsete lisaseadmetega?<\/b><\/p>\n<p>Jah, need \u00fchilduvad t\u00e4ielikult 10-seeria kronsteinide, kinnitusvahendite ja \u00fchendusplaatidega, et tagada nende sujuv integreerimine.<br \/>\n<\/p><br \/>\n<br \/>\n<p><b>6.Can ma saan kohandatud pikkused ja viimistlused Golden alumiiniumist ekstrusioonid?<\/b><\/p>\n<p>Jah, eritellimusel on v\u00f5imalik tellimusl\u00f5igete l\u00f5ikamine, puurimine ja pinnat\u00f6\u00f6tlus vastavalt projekti vajadustele.<br \/>\n<\/p><br \/>\n<br \/>\n<p><b>7.Kas neid alumiiniumprofiile on lihtne kokku panna?<\/b><\/p>\n<p>Jah, nende modulaarne konstruktsioon v\u00f5imaldab t\u00f6\u00f6riistas\u00f5bralikku paigaldamist standardse T-pesa riistvara abil.<br \/>\n<\/p><br \/>\n<br \/>\n<p><b>8.Kas kuldsed alumiiniumist ekstrusiooniprofiilid toetavad struktuurseid koormusi?<\/b><\/p>\n<p>Jah, need on m\u00f5eldud tugeva, kuid kerge raamistiku loomiseks, mis sobib keskmise koormusega konstruktsioonirakenduste jaoks.<br \/>\n<\/p><br \/><\/p>","protected":false},"featured_media":7211,"template":"","categories":[67],"class_list":["post-7212","product","type-product","status-publish","has-post-thumbnail","hentry","category-architectural-aluminium-profile"],"meta_box":{"hilight_text_group":{"product_hilight_text":"<li>10 Series compatibility ensures standard modular assembly<\/li>\r\r\n<li>Golden anodized finish adds premium aesthetic appeal<\/li>\r\r\n<li>Lightweight and durable aluminum for structural stability<\/li>\r\r\n<li>Corrosion-resistant surface ideal for long-term use<\/li>\r\r\n<li>Easy to cut, drill, and assemble with common connectors<\/li>\r\r\n<li>Suitable for displays, workstations, enclosures, and custom frames<\/li>\r\r\n<li>Available in various lengths and customizable options<\/li>","product_chanpin_blog":"<ul>\r\r\n<li><a href=\"https:\/\/sinoextrud.com\/t-slot-v-slot-differences\/\" target=\"_blank\">t slot vs v slot<\/a><\/li>\r\r\n<li><a href=\"https:\/\/sinoextrud.com\/what-is-4040-aluminium-extrud\/\" target=\"_blank\">4040 aluminium extrusion<\/a><\/li>\r\r\n<li><a href=\"https:\/\/sinoextrud.com\/what-is-4040-aluminium-extrud\/\" target=\"_blank\">aluminum extrusions for industrial racks<\/a><\/li>\r\r\n<li><a href=\"https:\/\/sinoextrud.com\/powder-coating-aluminium-process\/\" target=\"_blank\">powder coating aluminium<\/a><\/li>\r\r\n<li><a href=\"https:\/\/sinoextrud.com\/what-is-an-aluminium-strip-ceiling\/\" target=\"_blank\">aluminium strip ceiling<\/a><\/li>\r\r\n<li><a href=\"https:\/\/sinoextrud.com\/what-is-a-heat-sink\/\" target=\"_blank\">what is a heat sink<\/a><\/li>\r\r\n<\/ul>","product_chanpin_chanpin":"<li><a href=\"https:\/\/sinoextrud.com\/product\/aluminum-extrusion-solar-panel-frame\/\" target=\"_blank\">Aluminum extrusion solar panel frame<\/a><\/li>\r\n<li><a href=\"https:\/\/sinoextrud.com\/product\/aluminum-partitioning-windows-doors-nigeria-design\/\" target=\"_blank\">Aluminum Partitioning Windows Doors Nigeria Design<\/a><\/li>\r\n<li><a href=\"https:\/\/sinoextrud.com\/product\/anodized-powder-coated-aluminum-extrusion-profile-for-outdoor-louver-shutter\/\" target=\"_blank\">Anodized Powder Coated Aluminum Extrusion Profile For Outdoor Louver Shutter<\/a><\/li>\r\n<li><a href=\"https:\/\/sinoextrud.com\/product\/extrusion-aluminium-tube-pipe-aluminum-polishing-style\/\" target=\"_blank\">Extrusion Aluminium Tube Pipe Aluminum Polishing Style<\/a><\/li>\r\n<li><a href=\"https:\/\/sinoextrud.com\/product\/10-series-golden-aluminum-extrusion-profiles\/\" target=\"_blank\">10 Series Golden Aluminum Extrusion Profiles<\/a><\/li>\r\n<li><a href=\"https:\/\/sinoextrud.com\/product\/10x10-aluminum-extrusion-for-decoration\/\" target=\"_blank\">10\u00c3\u201410 Aluminum Extrusion For Decoration<\/a><\/li>\r\n<li><a href=\"https:\/\/sinoextrud.com\/product\/12-to-20-mm-glass-aluminum-glass-railing-price-per-foot\/\" target=\"_blank\">12 To 20 MM Glass Aluminum Glass Railing Price Per Foot<\/a><\/li>\r\n<li><a href=\"https:\/\/sinoextrud.com\/product\/aluminum-extrusion-framing-systems\/\" target=\"_blank\">Aluminum Extrusion Framing Systems<\/a><\/li>\r\n<li><a href=\"https:\/\/sinoextrud.com\/product\/aluminium-door-frame-extrusions\/\" target=\"_blank\">Aluminium Door Frame Extrusions<\/a><\/li>\r\n<li><a href=\"https:\/\/sinoextrud.com\/product\/aluminium-window-parts-names-sliding-6063-material-framing-profile\/\" target=\"_blank\">aluminium window parts names sliding 6063 material framing profile<\/a><\/li>\r\n<li><a href=\"https:\/\/sinoextrud.com\/product\/extruded-aluminum-drawer-pulls\/\" target=\"_blank\">Extruded Aluminum Drawer Pulls<\/a><\/li>"},"feature_list":[]},"_links":{"self":[{"href":"https:\/\/sinoextrud.com\/et\/wp-json\/wp\/v2\/product\/7212","targetHints":{"allow":["GET"]}}],"collection":[{"href":"https:\/\/sinoextrud.com\/et\/wp-json\/wp\/v2\/product"}],"about":[{"href":"https:\/\/sinoextrud.com\/et\/wp-json\/wp\/v2\/types\/product"}],"wp:featuredmedia":[{"embeddable":true,"href":"https:\/\/sinoextrud.com\/et\/wp-json\/wp\/v2\/media\/7211"}],"wp:attachment":[{"href":"https:\/\/sinoextrud.com\/et\/wp-json\/wp\/v2\/media?parent=7212"}],"wp:term":[{"taxonomy":"category","embeddable":true,"href":"https:\/\/sinoextrud.com\/et\/wp-json\/wp\/v2\/categories?post=7212"}],"curies":[{"name":"wp","href":"https:\/\/api.w.org\/{rel}","templated":true}]}}