{"id":7202,"date":"2025-06-06T01:45:19","date_gmt":"2025-06-06T01:45:19","guid":{"rendered":"https:\/\/sinoextrud.com\/product\/the-world-most-popular-6000-series-aluminum-extrusion-profile-louver-shutter-for-adjustable-waterproof-louver-windows\/"},"modified":"2025-06-24T06:12:12","modified_gmt":"2025-06-24T06:12:12","slug":"maailma-populaarseim-6000-seeria-alumiiniumist-pressprofiilist-ruloode-akende-reguleeritavate-veekindlate-ruloode-akende-jaoks","status":"publish","type":"product","link":"https:\/\/sinoextrud.com\/et\/product\/the-world-most-popular-6000-series-aluminum-extrusion-profile-louver-shutter-for-adjustable-waterproof-louver-windows\/","title":{"rendered":"Maailma populaarseim 6000 seeria alumiiniumist ekstrusiooniprofiil rulood reguleeritavate veekindlate ruloode akende jaoks"},"content":{"rendered":"<h2>Toodete \u00fcksikasjad<\/h2>\n<table class=\"custom-table\">\n<tr>\n<td class=\"label\">Objekt:<\/td>\n<td>profiilid alumiinium\uff0c<\/td>\n<\/tr>\n<tr>\n<td class=\"label\">Temperament:<\/td>\n<td>6063-T5\uff0c<\/td>\n<\/tr>\n<tr>\n<td class=\"label\">Kuju:<\/td>\n<td>U-kujuline kanal\uff0c<\/td>\n<\/tr>\n<tr>\n<td class=\"label\">Sallivus:<\/td>\n<td>\u00b10,5%\uff0c<\/td>\n<\/tr>\n<tr>\n<td class=\"label\">Standard:<\/td>\n<td>keskmine ja k\u00f5rge kvaliteet\uff0c<\/td>\n<\/tr>\n<tr>\n<td class=\"label\">Tarneaeg:<\/td>\n<td>25-30 p\u00e4eva\uff0c<\/td>\n<\/tr>\n<tr>\n<td class=\"label\">Makset\u00e4htaeg:<\/td>\n<td>T\/T (30% deposiit), L\/C\uff0c<\/td>\n<\/tr>\n<tr>\n<td class=\"label\">Sadam:<\/td>\n<td>Guangzhou, Shenzhen\uff0c<\/td>\n<\/tr>\n<tr>\n<td class=\"label\">Hinne:<\/td>\n<td>6000 seeria 6063\uff0c<\/td>\n<\/tr>\n<tr>\n<td class=\"label\">P\u00e4ritolukoht:<\/td>\n<td>Foshan, Guangdong\uff0c<\/td>\n<\/tr>\n<tr>\n<td class=\"label\">Sulam v\u00f5i mitte:<\/td>\n<td>Alunimun sulam\uff0c<\/td>\n<\/tr>\n<tr>\n<td class=\"label\">Br\u00e4ndi:<\/td>\n<td>Sinoextrud, Sinoextrud\uff0c.<\/td>\n<\/tr>\n<tr>\n<td class=\"label\">Pinnat\u00f6\u00f6tlus:<\/td>\n<td>pulberv\u00e4rvimine, elektroforees, puidumass, anodeeritud, harjatud, poleerimine\uff0c<\/td>\n<\/tr>\n<tr>\n<td class=\"label\">MOQ:<\/td>\n<td>200KGs\uff0c<\/td>\n<\/tr>\n<tr>\n<td class=\"label\">T\u00f6\u00f6tlemisteenus:<\/td>\n<td>Painutamine, keevitamine, keevitamine, stantsimine, l\u00f5ikamine\uff0c<\/td>\n<\/tr>\n<tr>\n<td class=\"label\">Pikkus::<\/td>\n<td>1-9m v\u00f5i kohandatud\uff0c<\/td>\n<\/tr>\n<\/table>\n<h2>Meie tootmisbaas<\/h2>\n<h3>Tehase panoraam<\/h3>\n<p><img decoding=\"async\" src=\"\/wp-content\/uploads\/factory-01.webp\"\/><\/p>\n<h3>Alumiiniumvarraste tootmise t\u00f6\u00f6koda<\/h3>\n<p><img decoding=\"async\" src=\"\/wp-content\/uploads\/factory-02.webp\"\/><\/p>\n<\/p>\n<p><img decoding=\"async\" src=\"\/wp-content\/uploads\/factory-03.webp\"\/><\/p>\n<h3>hallituse ladustamise ladu<\/h3>\n<p><img decoding=\"async\" src=\"\/wp-content\/uploads\/factory-04.webp\"\/><\/p>\n<h3>43 alumiiniumi ekstrusiooniliini (500-5500 tonni)<\/h3>\n<p><img decoding=\"async\" src=\"\/wp-content\/uploads\/factory-05.webp\"\/><\/p>\n<p><img decoding=\"async\" src=\"\/wp-content\/uploads\/factory-06.webp\"\/><\/p>\n<p><img decoding=\"async\" src=\"\/wp-content\/uploads\/factory-07.webp\"\/><\/p>\n<h3>Pulberv\u00e4rvimise t\u00f6\u00f6koda<\/h3>\n<p><img decoding=\"async\" src=\"\/wp-content\/uploads\/factory-09.webp\"\/><\/p>\n<h3>Anodiseerimise t\u00f6\u00f6koda<\/h3>\n<p><img decoding=\"async\" src=\"\/wp-content\/uploads\/factory-10.webp\"\/><\/p>\n<h3>S\u00fcgavt\u00f6\u00f6tlemise t\u00f6\u00f6tuba<\/h3>\n<p><img decoding=\"async\" src=\"\/wp-content\/uploads\/factory-11.webp\"\/><\/p>\n<h3>CNC-t\u00e4ppist\u00f6\u00f6tlemise t\u00f6\u00f6koda<\/h3>\n<p><img decoding=\"async\" src=\"\/wp-content\/uploads\/factory-11.5.webp\"\/><\/p>\n<h3>Valmistoodete ja ekspordi ladu<\/h3>\n<p><img decoding=\"async\" src=\"\/wp-content\/uploads\/factory-12.webp\"\/><\/p>\n<p><img decoding=\"async\" src=\"\/wp-content\/uploads\/factory-13.webp\"\/><\/p>\n<p><img decoding=\"async\" src=\"\/wp-content\/uploads\/factory-14.webp\"\/><\/p>\n<h2>KKK<\/h2>\n<p><b>1.Millised on 6000-seeria alumiiniumi kasutamise eelised aknaprofiilide jaoks? <\/b><\/p>\n<p>6000-seeria alumiinium pakub suurep\u00e4rast tugevuse ja kaalu suhet, suurep\u00e4rast korrosioonikindlust ja vastupidavust, mist\u00f5ttu on see ideaalne aknaprofiilide jaoks.\n<\/p>\n<p><\/p>\n<p><b>2.Kas alumiiniumist lamelliprofiile saab kohandada konkreetsete aknakujunduste jaoks? <\/b><\/p>\n<p>Jah, alumiiniumprofiile saab kohandada kuju, suuruse ja viimistluse poolest, et need vastaksid reguleeritavate veekindlate akende spetsiifilistele disainin\u00f5uetele.\n<\/p>\n<p><\/p>\n<p><b>3.Kas need alumiiniumprofiilid sobivad ranniku\u00e4\u00e4rsetesse v\u00f5i k\u00f5rge \u00f5huniiskusega keskkondadesse? <\/b><\/p>\n<p>Kindlasti muudavad 6000-seeria alumiiniumi korrosioonikindlad omadused need profiilid ideaalseks kasutamiseks rannikualadel ja k\u00f5rge \u00f5huniiskusega keskkondades.\n<\/p>\n<p><\/p>\n<p><b>4.Milline on reguleeritavates veekindlates akendes kasutatavate alumiiniumprofiilide maksumuse vahemik? <\/b><\/p>\n<p>Reguleeritavates veekindlates akendes kasutatavate alumiiniumist ribalauaprofiilide tootmishind algab $0,50-st t\u00fckist, s\u00f5ltuvalt kohandamisest ja tellimuse mahust.\n<\/p>\n<p><\/p>\n<p><b>5.Kuidas alumiiniumist ribaprofiilid parandavad veekindlate ribaklaaside funktsionaalsust? <\/b><\/p>\n<p>Alumiiniumprofiilid tagavad konstruktsiooni terviklikkuse ja v\u00f5imaldavad reguleeritavat ventilatsiooni, suurendades veekindlate akende funktsionaalsust.\n<\/p>\n<p><\/p>","protected":false},"featured_media":7201,"template":"","categories":[67],"class_list":["post-7202","product","type-product","status-publish","has-post-thumbnail","hentry","category-architectural-aluminium-profile"],"meta_box":{"hilight_text_group":{"product_hilight_text":"<li>Constructed from high-strength 6000 series aluminum alloy, offering excellent corrosion resistance and durability for adjustable waterproof louver windows<\/li>\r\r\n<li>Engineered for adjustable waterproof louver windows, ensuring optimal ventilation and weather protection<\/li>\r\r\n<li>Customizable profiles available in various shapes and finishes, including anodized and powder-coated options<\/li>\r\r\n<li>Lightweight design facilitates easy installation and reduces overall structural load<\/li>\r\r\n<li>Cost-effective manufacturing prices, starting from $0.50 per piece for bulk orders<\/li>","product_chanpin_blog":"<ul>\r\r\n<li><a href=\"https:\/\/sinoextrud.com\/t-slot-v-slot-differences\/\" target=\"_blank\">t slot vs v slot<\/a><\/li>\r\r\n<li><a href=\"https:\/\/sinoextrud.com\/what-is-4040-aluminium-extrud\/\" target=\"_blank\">4040 aluminium extrusion<\/a><\/li>\r\r\n<li><a href=\"https:\/\/sinoextrud.com\/what-is-4040-aluminium-extrud\/\" target=\"_blank\">aluminum extrusions for industrial racks<\/a><\/li>\r\r\n<li><a href=\"https:\/\/sinoextrud.com\/powder-coating-aluminium-process\/\" target=\"_blank\">powder coating aluminium<\/a><\/li>\r\r\n<li><a href=\"https:\/\/sinoextrud.com\/what-is-an-aluminium-strip-ceiling\/\" target=\"_blank\">aluminium strip ceiling<\/a><\/li>\r\r\n<li><a href=\"https:\/\/sinoextrud.com\/what-is-a-heat-sink\/\" target=\"_blank\">what is a heat sink<\/a><\/li>\r\r\n<\/ul>","product_chanpin_chanpin":"<li><a href=\"https:\/\/sinoextrud.com\/product\/6061-extruded-aluminum\/\" target=\"_blank\">6061 Extruded Aluminum<\/a><\/li>\r\n<li><a href=\"https:\/\/sinoextrud.com\/product\/powder-coating-aluminum-window-profile\/\" target=\"_blank\">Powder Coating Aluminum Window Profile<\/a><\/li>\r\n<li><a href=\"https:\/\/sinoextrud.com\/product\/aluminum-windows-and-doors-for-nigeria\/\" target=\"_blank\">Aluminum windows And Doors For Nigeria<\/a><\/li>\r\n<li><a href=\"https:\/\/sinoextrud.com\/product\/aluminum-curtain-wall-profile-extrusion-profiles-aluminum-tubing-catalog\/\" target=\"_blank\">aluminum curtain wall profile extrusion profiles aluminum tubing catalog<\/a><\/li>\r\n<li><a href=\"https:\/\/sinoextrud.com\/product\/the-world-most-popular-6000-series-aluminum-extrusion-profile-louver-shutter-for-adjustable-waterproof-louver-windows\/\" target=\"_blank\">The World Most Popular 6000 Series aluminum extrusion Profile louver shutter For Adjustable Waterproof Louver Windows<\/a><\/li>\r\n<li><a href=\"https:\/\/sinoextrud.com\/product\/aluminum-extrusion-solar-panel-frame\/\" target=\"_blank\">Aluminum extrusion solar panel frame<\/a><\/li>\r\n<li><a href=\"https:\/\/sinoextrud.com\/product\/aluminum-partitioning-windows-doors-nigeria-design\/\" target=\"_blank\">Aluminum Partitioning Windows Doors Nigeria Design<\/a><\/li>\r\n<li><a href=\"https:\/\/sinoextrud.com\/product\/anodized-powder-coated-aluminum-extrusion-profile-for-outdoor-louver-shutter\/\" target=\"_blank\">Anodized Powder Coated Aluminum Extrusion Profile For Outdoor Louver Shutter<\/a><\/li>\r\n<li><a href=\"https:\/\/sinoextrud.com\/product\/extrusion-aluminium-tube-pipe-aluminum-polishing-style\/\" target=\"_blank\">Extrusion Aluminium Tube Pipe Aluminum Polishing Style<\/a><\/li>\r\n<li><a href=\"https:\/\/sinoextrud.com\/product\/aluminum-profile-for-workstation-desk\/\" target=\"_blank\">Aluminum Profile For Workstation Desk<\/a><\/li>\r\n<li><a href=\"https:\/\/sinoextrud.com\/product\/t-track-aluminium-extrusion-industrial-usage\/\" target=\"_blank\">T Track Aluminium Extrusion Industrial Usage<\/a><\/li>"},"feature_list":[]},"_links":{"self":[{"href":"https:\/\/sinoextrud.com\/et\/wp-json\/wp\/v2\/product\/7202","targetHints":{"allow":["GET"]}}],"collection":[{"href":"https:\/\/sinoextrud.com\/et\/wp-json\/wp\/v2\/product"}],"about":[{"href":"https:\/\/sinoextrud.com\/et\/wp-json\/wp\/v2\/types\/product"}],"wp:featuredmedia":[{"embeddable":true,"href":"https:\/\/sinoextrud.com\/et\/wp-json\/wp\/v2\/media\/7201"}],"wp:attachment":[{"href":"https:\/\/sinoextrud.com\/et\/wp-json\/wp\/v2\/media?parent=7202"}],"wp:term":[{"taxonomy":"category","embeddable":true,"href":"https:\/\/sinoextrud.com\/et\/wp-json\/wp\/v2\/categories?post=7202"}],"curies":[{"name":"wp","href":"https:\/\/api.w.org\/{rel}","templated":true}]}}