{"id":7048,"date":"2025-06-05T03:26:59","date_gmt":"2025-06-05T03:26:59","guid":{"rendered":"https:\/\/sinoextrud.com\/product\/aluminum-curtain-wall-profile-extrusion-profiles-aluminum-tubing-catalog\/"},"modified":"2025-06-24T06:12:12","modified_gmt":"2025-06-24T06:12:12","slug":"alumiiniumist-kardinaseina-profiili-ekstrusiooniprofiilid-alumiiniumtorude-kataloogi","status":"publish","type":"product","link":"https:\/\/sinoextrud.com\/et\/product\/aluminum-curtain-wall-profile-extrusion-profiles-aluminum-tubing-catalog\/","title":{"rendered":"alumiiniumist kardinaseina profiili ekstrusiooniprofiilid alumiiniumtorude kataloogi"},"content":{"rendered":"<h2>Toodete \u00fcksikasjad<\/h2>\n<table class=\"custom-table\">\n<tr>\n<td class=\"label\">Mudel nr.:<\/td>\n<td> alumiiniumist kardinaseina profiili ekstrusiooniprofiilide alumiiniumtorude kataloog\uff0c<\/td>\n<\/tr>\n<tr>\n<td class=\"label\">Taotlus:<\/td>\n<td> alumiiniumist kardinaseina profiil\uff0c<\/td>\n<\/tr>\n<tr>\n<td class=\"label\">Hinne:<\/td>\n<td> 6000 seeria\uff0c<\/td>\n<\/tr>\n<tr>\n<td class=\"label\">Tehnika:<\/td>\n<td> Ekstrudeeritud\uff0c<\/td>\n<\/tr>\n<tr>\n<td class=\"label\">Temperament:<\/td>\n<td> T3 - T8\uff0c<\/td>\n<\/tr>\n<tr>\n<td class=\"label\">Suurused:<\/td>\n<td> Kohandatud\uff0c<\/td>\n<\/tr>\n<tr>\n<td class=\"label\">T\u00f6\u00f6deldavad teenused:<\/td>\n<td> Puurimine, keermestamine, neetimine, montaa\u017e jne\uff0c<\/td>\n<\/tr>\n<tr>\n<td class=\"label\">Spetsifikatsioon:<\/td>\n<td> SGS, Rohs, ISO\uff0c<\/td>\n<\/tr>\n<tr>\n<td class=\"label\">HS-kood:<\/td>\n<td> 76042990\uff0c<\/td>\n<\/tr>\n<tr>\n<td class=\"label\">T\u00fc\u00fcp:<\/td>\n<td> Alumiiniumprofiilid\uff0c<\/td>\n<\/tr>\n<tr>\n<td class=\"label\">Kuju:<\/td>\n<td> alumiiniumtorud\uff0c<\/td>\n<\/tr>\n<tr>\n<td class=\"label\">Pinnat\u00f6\u00f6tlus:<\/td>\n<td> Anodeeritud, pulberv\u00e4rvitud jne.<\/td>\n<\/tr>\n<tr>\n<td class=\"label\">Sulam:<\/td>\n<td> Alloy\uff0c<\/td>\n<\/tr>\n<tr>\n<td class=\"label\">Sertifitseerimine:<\/td>\n<td> ISO, RoHS\uff0c<\/td>\n<\/tr>\n<tr>\n<td class=\"label\">Pikkus:<\/td>\n<td> 1-9m v\u00f5i kohandatud\uff0c<\/td>\n<\/tr>\n<tr>\n<td class=\"label\">V\u00e4rvid:<\/td>\n<td> Valmistatud vastavalt etteantud v\u00e4rvinumbrile\uff0c<\/td>\n<\/tr>\n<tr>\n<td class=\"label\">P\u00e4ritolu:<\/td>\n<td> Foshan, Guangdong\uff0c<\/td>\n<\/tr>\n<\/table>\n<h2>Meie tootmisbaas<\/h2>\n<h3>Tehase panoraam<\/h3>\n<p><img decoding=\"async\" src=\"\/wp-content\/uploads\/factory-01.webp\"\/><\/p>\n<h3>Alumiiniumvarraste tootmise t\u00f6\u00f6koda<\/h3>\n<p><img decoding=\"async\" src=\"\/wp-content\/uploads\/factory-02.webp\"\/><\/p>\n<\/p>\n<p><img decoding=\"async\" src=\"\/wp-content\/uploads\/factory-03.webp\"\/><\/p>\n<h3>hallituse ladustamise ladu<\/h3>\n<p><img decoding=\"async\" src=\"\/wp-content\/uploads\/factory-04.webp\"\/><\/p>\n<h3>43 alumiiniumi ekstrusiooniliini (500-5500 tonni)<\/h3>\n<p><img decoding=\"async\" src=\"\/wp-content\/uploads\/factory-05.webp\"\/><\/p>\n<p><img decoding=\"async\" src=\"\/wp-content\/uploads\/factory-06.webp\"\/><\/p>\n<p><img decoding=\"async\" src=\"\/wp-content\/uploads\/factory-07.webp\"\/><\/p>\n<h3>Pulberv\u00e4rvimise t\u00f6\u00f6koda<\/h3>\n<p><img decoding=\"async\" src=\"\/wp-content\/uploads\/factory-09.webp\"\/><\/p>\n<h3>Anodiseerimise t\u00f6\u00f6koda<\/h3>\n<p><img decoding=\"async\" src=\"\/wp-content\/uploads\/factory-10.webp\"\/><\/p>\n<h3>S\u00fcgavt\u00f6\u00f6tlemise t\u00f6\u00f6tuba<\/h3>\n<p><img decoding=\"async\" src=\"\/wp-content\/uploads\/factory-11.webp\"\/><\/p>\n<h3>CNC-t\u00e4ppist\u00f6\u00f6tlemise t\u00f6\u00f6koda<\/h3>\n<p><img decoding=\"async\" src=\"\/wp-content\/uploads\/factory-11.5.webp\"\/><\/p>\n<h3>Valmistoodete ja ekspordi ladu<\/h3>\n<p><img decoding=\"async\" src=\"\/wp-content\/uploads\/factory-12.webp\"\/><\/p>\n<p><img decoding=\"async\" src=\"\/wp-content\/uploads\/factory-13.webp\"\/><\/p>\n<p><img decoding=\"async\" src=\"\/wp-content\/uploads\/factory-14.webp\"\/><\/p>\n<h2>KKK<\/h2>\n<p><b>1.Mis on alumiiniumist kardinaseina profiil?<\/b><\/p>\n<p>Alumiiniumist kardinaseina profiil on kerge konstruktsioonielement, mida kasutatakse kaasaegsetes hoonete fassaadides klaaspaneelide toetamiseks ja energiat\u00f5hususe parandamiseks.\n<\/p>\n<p><\/p>\n<p><b>2.Millised on alumiiniumprofiilide eelised?<\/b><\/p>\n<p>Alumiiniumprofiilid pakuvad suurt tugevust, kerget konstruktsiooni ja kohandatavaid kujundeid, mis sobivad ideaalselt arhitektuuri- ja t\u00f6\u00f6stusrakenduste jaoks.\n<\/p>\n<p><\/p>\n<p><b>3.Kas alumiiniumtorusid saab teie kataloogis kohandada?<\/b><\/p>\n<p>Jah, meie alumiiniumtorude kataloog sisaldab kohandatavaid v\u00f5imalusi, et vastata projekti spetsiifilistele n\u00f5uetele suuruse, kuju ja pinnat\u00f6\u00f6tluse osas.\n<\/p>\n<p><\/p>\n<p><b>4.Millised pinnaviimistlused on saadaval alumiiniumist kardinaseina profiilide jaoks?<\/b><\/p>\n<p>Pakume anodeerimist, pulberv\u00e4rvimist ja elektroforeesiga viimistlust t\u00e4iustatud v\u00e4limuse ja korrosioonikindluse saavutamiseks.\n<\/p>\n<p><\/p>\n<p><b>5.Kui vastupidavad on teie alumiiniumprofiilid?<\/b><\/p>\n<p>Meie alumiiniumprofiilid on valmistatud k\u00f5rgtugevatest sulamitest ja l\u00e4bivad range kvaliteedikontrolli, et tagada pikaajaline vastupidavus.\n<\/p>\n<p><\/p>\n<p><b>6.Kas te pakute alumiiniumprofiilide paigaldamiseks tehnilist tuge?<\/b><\/p>\n<p>Jah, me pakume tehnilist tuge ja CAD-jooniseid, et aidata paigaldamisel ja tagada meie alumiiniumprofiilide n\u00f5uetekohane kasutamine.\n<\/p>\n<p><\/p>\n<p><b>7.Kas teie alumiiniumprofiilid on keskkonnas\u00f5bralikud?<\/b><\/p>\n<p>Jah, alumiinium on taaskasutatav materjal ning meie tootmisprotsessis on esikohal j\u00e4tkusuutlikkus ja keskkonnas\u00f5bralikud tavad.\n<\/p>\n<p><\/p>\n<p><b>8.Millised t\u00f6\u00f6stusharud kasutavad tavaliselt alumiiniumtorusid teie kataloogist?<\/b><\/p>\n<p>Meie alumiiniumtorusid kasutatakse laialdaselt ehituses, transpordis, lennunduses ja arhitektuuris t\u00e4nu nende tugevusele ja mitmek\u00fclgsusele.\n<\/p>\n<p><\/p>","protected":false},"featured_media":7047,"template":"","categories":[67],"class_list":["post-7048","product","type-product","status-publish","has-post-thumbnail","hentry","category-architectural-aluminium-profile"],"meta_box":{"hilight_text_group":{"product_hilight_text":"<li>High-strength aluminum alloy for superior durability and structural integrity<\/li>\r\r\n<li>Custom extrusion profiles tailored to architectural curtain wall systems<\/li>\r\r\n<li>Precision manufacturing ensures consistent dimensions and seamless installation<\/li>\r\r\n<li>Corrosion-resistant finish ideal for long-term outdoor use<\/li>\r\r\n<li>Wide range of standard and custom tubing options available<\/li>\r\r\n<li>Supports anodizing, powder coating, and other surface treatments<\/li>\r\r\n<li>Lightweight design reduces transportation and installation costs<\/li>\r\r\n<li>Strict quality control for excellent performance and longevity<\/li>","product_chanpin_blog":"<ul>\r\r\n<li><a href=\"https:\/\/sinoextrud.com\/t-slot-v-slot-differences\/\" target=\"_blank\">t slot vs v slot<\/a><\/li>\r\r\n<li><a href=\"https:\/\/sinoextrud.com\/what-is-4040-aluminium-extrud\/\" target=\"_blank\">4040 aluminium extrusion<\/a><\/li>\r\r\n<li><a href=\"https:\/\/sinoextrud.com\/what-is-4040-aluminium-extrud\/\" target=\"_blank\">aluminum extrusions for industrial racks<\/a><\/li>\r\r\n<li><a href=\"https:\/\/sinoextrud.com\/powder-coating-aluminium-process\/\" target=\"_blank\">powder coating aluminium<\/a><\/li>\r\r\n<li><a href=\"https:\/\/sinoextrud.com\/what-is-an-aluminium-strip-ceiling\/\" target=\"_blank\">aluminium strip ceiling<\/a><\/li>\r\r\n<li><a href=\"https:\/\/sinoextrud.com\/what-is-a-heat-sink\/\" target=\"_blank\">what is a heat sink<\/a><\/li>\r\r\n<\/ul>","product_chanpin_chanpin":"<li><a href=\"https:\/\/sinoextrud.com\/product\/h-section-aluminium-extrusion-foshan-factory\/\" target=\"_blank\">H Section Aluminium Extrusion Foshan Factory<\/a><\/li>\r\n<li><a href=\"https:\/\/sinoextrud.com\/product\/6061-extruded-aluminum\/\" target=\"_blank\">6061 Extruded Aluminum<\/a><\/li>\r\n<li><a href=\"https:\/\/sinoextrud.com\/product\/powder-coating-aluminum-window-profile\/\" target=\"_blank\">Powder Coating Aluminum Window Profile<\/a><\/li>\r\n<li><a href=\"https:\/\/sinoextrud.com\/product\/aluminum-windows-and-doors-for-nigeria\/\" target=\"_blank\">Aluminum windows And Doors For Nigeria<\/a><\/li>\r\n<li><a href=\"https:\/\/sinoextrud.com\/product\/aluminum-curtain-wall-profile-extrusion-profiles-aluminum-tubing-catalog\/\" target=\"_blank\">aluminum curtain wall profile extrusion profiles aluminum tubing catalog<\/a><\/li>\r\n<li><a href=\"https:\/\/sinoextrud.com\/product\/the-world-most-popular-6000-series-aluminum-extrusion-profile-louver-shutter-for-adjustable-waterproof-louver-windows\/\" target=\"_blank\">The World Most Popular 6000 Series aluminum extrusion Profile louver shutter For Adjustable Waterproof Louver Windows<\/a><\/li>\r\n<li><a href=\"https:\/\/sinoextrud.com\/product\/aluminum-extrusion-solar-panel-frame\/\" target=\"_blank\">Aluminum extrusion solar panel frame<\/a><\/li>\r\n<li><a href=\"https:\/\/sinoextrud.com\/product\/aluminum-partitioning-windows-doors-nigeria-design\/\" target=\"_blank\">Aluminum Partitioning Windows Doors Nigeria Design<\/a><\/li>\r\n<li><a href=\"https:\/\/sinoextrud.com\/product\/anodized-powder-coated-aluminum-extrusion-profile-for-outdoor-louver-shutter\/\" target=\"_blank\">Anodized Powder Coated Aluminum Extrusion Profile For Outdoor Louver Shutter<\/a><\/li>\r\n<li><a href=\"https:\/\/sinoextrud.com\/product\/aluminum-window-extrusion-profiles\/\" target=\"_blank\">Aluminum Window Extrusion Profiles<\/a><\/li>\r\n<li><a href=\"https:\/\/sinoextrud.com\/product\/powder-coated-aluminium-extrusion\/\" target=\"_blank\">Powder Coated Aluminium Extrusion<\/a><\/li>"},"feature_list":[]},"_links":{"self":[{"href":"https:\/\/sinoextrud.com\/et\/wp-json\/wp\/v2\/product\/7048","targetHints":{"allow":["GET"]}}],"collection":[{"href":"https:\/\/sinoextrud.com\/et\/wp-json\/wp\/v2\/product"}],"about":[{"href":"https:\/\/sinoextrud.com\/et\/wp-json\/wp\/v2\/types\/product"}],"wp:featuredmedia":[{"embeddable":true,"href":"https:\/\/sinoextrud.com\/et\/wp-json\/wp\/v2\/media\/7047"}],"wp:attachment":[{"href":"https:\/\/sinoextrud.com\/et\/wp-json\/wp\/v2\/media?parent=7048"}],"wp:term":[{"taxonomy":"category","embeddable":true,"href":"https:\/\/sinoextrud.com\/et\/wp-json\/wp\/v2\/categories?post=7048"}],"curies":[{"name":"wp","href":"https:\/\/api.w.org\/{rel}","templated":true}]}}