{"id":7040,"date":"2025-06-05T03:13:49","date_gmt":"2025-06-05T03:13:49","guid":{"rendered":"https:\/\/sinoextrud.com\/product\/h-section-aluminium-extrusion-foshan-factory\/"},"modified":"2025-06-24T06:12:11","modified_gmt":"2025-06-24T06:12:11","slug":"h-profiil-alumiinium-ekstrusiooni-foshan-tehase","status":"publish","type":"product","link":"https:\/\/sinoextrud.com\/et\/product\/h-section-aluminium-extrusion-foshan-factory\/","title":{"rendered":"H-profiili alumiiniumist ekstrusioon Foshan Factory"},"content":{"rendered":"<h2>Toodete \u00fcksikasjad<\/h2>\n<table class=\"custom-table\">\n<tr>\n<td class=\"label\">Toote nimi:<\/td>\n<td> H-profiili alumiiniumi ekstrusioon Foshan Factory\uff0c<\/td>\n<\/tr>\n<tr>\n<td class=\"label\">Materjal:<\/td>\n<td> Sulam, 6063-T5\uff0c<\/td>\n<\/tr>\n<tr>\n<td class=\"label\">L\u00f5peta:<\/td>\n<td> GB Anodiseeritud h\u00f5bedane\uff0c<\/td>\n<\/tr>\n<tr>\n<td class=\"label\">Standard:<\/td>\n<td> GB5237-2008<br \/>\nKohandatud disain on teretulnud.\uff0c<\/td>\n<\/tr>\n<\/table>\n<h2>Meie tootmisbaas<\/h2>\n<h3>Tehase panoraam<\/h3>\n<p><img decoding=\"async\" src=\"\/wp-content\/uploads\/factory-01.webp\"\/><\/p>\n<h3>Alumiiniumvarraste tootmise t\u00f6\u00f6koda<\/h3>\n<p><img decoding=\"async\" src=\"\/wp-content\/uploads\/factory-02.webp\"\/><\/p>\n<p><img decoding=\"async\" src=\"\/wp-content\/uploads\/factory-03.webp\"\/><\/p>\n<h3>hallituse ladustamise ladu<\/h3>\n<p><img decoding=\"async\" src=\"\/wp-content\/uploads\/factory-04.webp\"\/><\/p>\n<h3>43 alumiiniumi ekstrusiooniliini (500-5500 tonni)<\/h3>\n<p><img decoding=\"async\" src=\"\/wp-content\/uploads\/factory-05.webp\"\/><\/p>\n<p><img decoding=\"async\" src=\"\/wp-content\/uploads\/factory-06.webp\"\/><\/p>\n<p><img decoding=\"async\" src=\"\/wp-content\/uploads\/factory-07.webp\"\/><\/p>\n<h3>Pulberv\u00e4rvimise t\u00f6\u00f6koda<\/h3>\n<p><img decoding=\"async\" src=\"\/wp-content\/uploads\/factory-09.webp\"\/><\/p>\n<h3>Anodiseerimise t\u00f6\u00f6koda<\/h3>\n<p><img decoding=\"async\" src=\"\/wp-content\/uploads\/factory-10.webp\"\/><\/p>\n<h3>S\u00fcgavt\u00f6\u00f6tlemise t\u00f6\u00f6tuba<\/h3>\n<p><img decoding=\"async\" src=\"\/wp-content\/uploads\/factory-11.webp\"\/><\/p>\n<h3>CNC-t\u00e4ppist\u00f6\u00f6tlemise t\u00f6\u00f6koda<\/h3>\n<p><img decoding=\"async\" src=\"\/wp-content\/uploads\/factory-11.5.webp\"\/><\/p>\n<h3>Valmistoodete ja ekspordi ladu<\/h3>\n<p><img decoding=\"async\" src=\"\/wp-content\/uploads\/factory-12.webp\"\/><\/p>\n<p><img decoding=\"async\" src=\"\/wp-content\/uploads\/factory-13.webp\"\/><\/p>\n<p><img decoding=\"async\" src=\"\/wp-content\/uploads\/factory-14.webp\"\/><\/p>\n<h2>KKK<\/h2>\n<p><p><b>1.Mis on H-profiili alumiiniumi ekstrusioon Foshan Factory'st?<\/b><\/p>\n<p>See on Foshanis toodetud H-kujulise ristl\u00f5ikega k\u00f5rgtugev alumiiniumprofiil, mida kasutatakse laialdaselt struktuuri- ja arhitektuurirakendustes.<br \/>\n<\/p><br \/>\n<br \/>\n<p><b>2.Miks valida Foshani tehas H-profiili alumiiniumprofiilide jaoks?<\/b><\/p>\n<p>Foshan on tuntud arenenud alumiiniumitootmise poolest, pakkudes kvaliteetseid tooteid usaldusv\u00e4\u00e4rse tarnimise ja konkurentsiv\u00f5imelise hinnaga.<br \/>\n<\/p><br \/>\n<br \/>\n<p><b>3.Millised on H-profiiliga alumiiniumprofiili kasutamise eelised?<\/b><\/p>\n<p>Need on suurep\u00e4rase kandev\u00f5ime ja korrosioonikindlusega ning neid on lihtne paigaldada ehitus- ja t\u00f6\u00f6stusraamidele.<br \/>\n<\/p><br \/>\n<br \/>\n<p><b>4.Can Foshan tehased pakkuda OEM kohandamine?<\/b><\/p>\n<p>Jah, Foshani tootjad pakuvad OEM\/ODM-teenuseid, sealhulgas kohandatud m\u00f5\u00f5tmeid, viimistlust ja sulami valikut.<br \/>\n<\/p><br \/>\n<br \/>\n<p><b>5.Millised viimistlused on saadaval H-profiiliga alumiiniumprofiilidele?<\/b><\/p>\n<p>Tavalised viimistlused h\u00f5lmavad anodeerimist, pulberv\u00e4rvimist, PVDF-i ja freesimist erinevate rakendusvajaduste ja visuaalsete eelistuste jaoks.<br \/>\n<\/p><br \/>\n<br \/>\n<p><b>6.Kas need alumiiniumprofiilid sobivad v\u00e4litingimustes kasutamiseks?<\/b><\/p>\n<p>Nende korrosioonikindlad omadused ja pinnat\u00f6\u00f6tlus muudavad need ideaalseks v\u00e4liskeskkondadesse.<br \/>\n<\/p><br \/>\n<br \/>\n<p><b>7.Millised t\u00f6\u00f6stusharud kasutavad H-profiiliga alumiiniumprofiile?<\/b><\/p>\n<p>Neid kasutatakse tavaliselt ehituses, masinates, p\u00e4ikesepaneelide paigalduss\u00fcsteemides, vaheseinte raamimisel ja infrastruktuuriprojektides.<br \/>\n<\/p><br \/><\/p>","protected":false},"featured_media":7039,"template":"","categories":[67],"class_list":["post-7040","product","type-product","status-publish","has-post-thumbnail","hentry","category-architectural-aluminium-profile"],"meta_box":{"hilight_text_group":{"product_hilight_text":"<li>Manufactured by experienced Foshan factory with strict quality control<\/li>\r\r\n<li>High-strength H section aluminum provides excellent structural support<\/li>\r\r\n<li>Precision extrusion ensures dimensional accuracy and smooth surface<\/li>\r\r\n<li>Corrosion-resistant finish suitable for indoor and outdoor applications<\/li>\r\r\n<li>Available in various sizes, lengths, and surface treatments<\/li>\r\r\n<li>OEM\/ODM services with competitive factory-direct pricing<\/li>","product_chanpin_blog":"<ul>\r\r\n<li><a href=\"https:\/\/sinoextrud.com\/t-slot-v-slot-differences\/\" target=\"_blank\">t slot vs v slot<\/a><\/li>\r\r\n<li><a href=\"https:\/\/sinoextrud.com\/what-is-4040-aluminium-extrud\/\" target=\"_blank\">4040 aluminium extrusion<\/a><\/li>\r\r\n<li><a href=\"https:\/\/sinoextrud.com\/what-is-4040-aluminium-extrud\/\" target=\"_blank\">aluminum extrusions for industrial racks<\/a><\/li>\r\r\n<li><a href=\"https:\/\/sinoextrud.com\/powder-coating-aluminium-process\/\" target=\"_blank\">powder coating aluminium<\/a><\/li>\r\r\n<li><a href=\"https:\/\/sinoextrud.com\/what-is-an-aluminium-strip-ceiling\/\" target=\"_blank\">aluminium strip ceiling<\/a><\/li>\r\r\n<li><a href=\"https:\/\/sinoextrud.com\/what-is-a-heat-sink\/\" target=\"_blank\">what is a heat sink<\/a><\/li>\r\r\n<\/ul>","product_chanpin_chanpin":"<li><a href=\"https:\/\/sinoextrud.com\/product\/wood-grain-aluminium-frame-composite-used\/\" target=\"_blank\">Wood Grain Aluminium Frame Composite used<\/a><\/li>\r\n<li><a href=\"https:\/\/sinoextrud.com\/product\/half-round-aluminum-extrusion\/\" target=\"_blank\">Half Round Aluminum Extrusion<\/a><\/li>\r\n<li><a href=\"https:\/\/sinoextrud.com\/product\/u-channel-aluminium-extrusion\/\" target=\"_blank\">U Channel Aluminium Extrusion<\/a><\/li>\r\n<li><a href=\"https:\/\/sinoextrud.com\/product\/l-shaped-aluminum-extrusion-6063-t5-aluminum-angle-bar-alloy-profile\/\" target=\"_blank\">L Shaped Aluminum Extrusion  6063 T5 Aluminum Angle Bar Alloy Profile<\/a><\/li>\r\n<li><a href=\"https:\/\/sinoextrud.com\/product\/h-section-aluminium-extrusion-foshan-factory\/\" target=\"_blank\">H Section Aluminium Extrusion Foshan Factory<\/a><\/li>\r\n<li><a href=\"https:\/\/sinoextrud.com\/product\/6061-extruded-aluminum\/\" target=\"_blank\">6061 Extruded Aluminum<\/a><\/li>\r\n<li><a href=\"https:\/\/sinoextrud.com\/product\/powder-coating-aluminum-window-profile\/\" target=\"_blank\">Powder Coating Aluminum Window Profile<\/a><\/li>\r\n<li><a href=\"https:\/\/sinoextrud.com\/product\/aluminum-windows-and-doors-for-nigeria\/\" target=\"_blank\">Aluminum windows And Doors For Nigeria<\/a><\/li>\r\n<li><a href=\"https:\/\/sinoextrud.com\/product\/aluminum-curtain-wall-profile-extrusion-profiles-aluminum-tubing-catalog\/\" target=\"_blank\">aluminum curtain wall profile extrusion profiles aluminum tubing catalog<\/a><\/li>\r\n<li><a href=\"https:\/\/sinoextrud.com\/product\/customized-extruded-aluminum-trailer-flooring\/\" target=\"_blank\">Customized Extruded Aluminum Trailer Flooring<\/a><\/li>\r\n<li><a href=\"https:\/\/sinoextrud.com\/product\/aluminum-decorative-timber-batten-3d-aluminum-profiles-timber-ceilings-u-shaped-baffle-ceiling\/\" target=\"_blank\">Aluminum Decorative Timber Batten 3D Aluminum Profiles Timber Ceilings U-shaped Baffle Ceiling<\/a><\/li>"},"feature_list":[]},"_links":{"self":[{"href":"https:\/\/sinoextrud.com\/et\/wp-json\/wp\/v2\/product\/7040","targetHints":{"allow":["GET"]}}],"collection":[{"href":"https:\/\/sinoextrud.com\/et\/wp-json\/wp\/v2\/product"}],"about":[{"href":"https:\/\/sinoextrud.com\/et\/wp-json\/wp\/v2\/types\/product"}],"wp:featuredmedia":[{"embeddable":true,"href":"https:\/\/sinoextrud.com\/et\/wp-json\/wp\/v2\/media\/7039"}],"wp:attachment":[{"href":"https:\/\/sinoextrud.com\/et\/wp-json\/wp\/v2\/media?parent=7040"}],"wp:term":[{"taxonomy":"category","embeddable":true,"href":"https:\/\/sinoextrud.com\/et\/wp-json\/wp\/v2\/categories?post=7040"}],"curies":[{"name":"wp","href":"https:\/\/api.w.org\/{rel}","templated":true}]}}