{"id":7012,"date":"2025-06-05T02:35:53","date_gmt":"2025-06-05T02:35:53","guid":{"rendered":"https:\/\/sinoextrud.com\/product\/aluminium-t-profil\/"},"modified":"2025-06-24T06:12:05","modified_gmt":"2025-06-24T06:12:05","slug":"alumiinium-t-profiil","status":"publish","type":"product","link":"https:\/\/sinoextrud.com\/et\/product\/aluminium-t-profil\/","title":{"rendered":"Alumiinium T Profil"},"content":{"rendered":"<h2>Toodete \u00fcksikasjad<\/h2>\n<table class=\"custom-table\">\n<tr>\n<td class=\"label\">Mudel nr.:<\/td>\n<td> T6063\uff0c<\/td>\n<\/tr>\n<tr>\n<td class=\"label\">Pind:<\/td>\n<td> Anodeerimine sliver matte\uff0c<\/td>\n<\/tr>\n<tr>\n<td class=\"label\">Kuju:<\/td>\n<td> alumiinium t profil\uff0c<\/td>\n<\/tr>\n<tr>\n<td class=\"label\">Transpordipakett:<\/td>\n<td> veekindel paber \/ Klientide n\u00f5uded<\/td>\n<\/tr>\n<tr>\n<td class=\"label\">P\u00e4ritolu:<\/td>\n<td> Foshan, Guangdong, Hiina\uff0c<\/td>\n<\/tr>\n<tr>\n<td class=\"label\">Suurus:<\/td>\n<td> 80*55mm\uff0c<\/td>\n<\/tr>\n<tr>\n<td class=\"label\">T\u00fc\u00fcp:<\/td>\n<td> Sirge t\u00fc\u00fcp\uff0c<\/td>\n<\/tr>\n<tr>\n<td class=\"label\">Kaubam\u00e4rk:<\/td>\n<td> Sinoextrud\uff0c<\/td>\n<\/tr>\n<tr>\n<td class=\"label\">Spetsifikatsioon:<\/td>\n<td> CE\/ISO 9001\uff0c<\/td>\n<\/tr>\n<tr>\n<td class=\"label\">HS-kood:<\/td>\n<td> 76042100\uff0c<\/td>\n<\/tr>\n<\/table>\n<h2>Meie tootmisbaas<\/h2>\n<h3>Tehase panoraam<\/h3>\n<p><img decoding=\"async\" src=\"\/wp-content\/uploads\/factory-01.webp\"\/><\/p>\n<h3>Alumiiniumvarraste tootmise t\u00f6\u00f6koda<\/h3>\n<p><img decoding=\"async\" src=\"\/wp-content\/uploads\/factory-02.webp\"\/><\/p>\n<p><img decoding=\"async\" src=\"\/wp-content\/uploads\/factory-03.webp\"\/><\/p>\n<h3>hallituse ladustamise ladu<\/h3>\n<p><img decoding=\"async\" src=\"\/wp-content\/uploads\/factory-04.webp\"\/><\/p>\n<h3>43 alumiiniumi ekstrusiooniliini (500-5500 tonni)<\/h3>\n<p><img decoding=\"async\" src=\"\/wp-content\/uploads\/factory-05.webp\"\/><\/p>\n<p><img decoding=\"async\" src=\"\/wp-content\/uploads\/factory-06.webp\"\/><\/p>\n<p><img decoding=\"async\" src=\"\/wp-content\/uploads\/factory-07.webp\"\/><\/p>\n<h3>Pulberv\u00e4rvimise t\u00f6\u00f6koda<\/h3>\n<p><img decoding=\"async\" src=\"\/wp-content\/uploads\/factory-09.webp\"\/><\/p>\n<h3>Anodiseerimise t\u00f6\u00f6koda<\/h3>\n<p><img decoding=\"async\" src=\"\/wp-content\/uploads\/factory-10.webp\"\/><\/p>\n<h3>S\u00fcgavt\u00f6\u00f6tlemise t\u00f6\u00f6tuba<\/h3>\n<p><img decoding=\"async\" src=\"\/wp-content\/uploads\/factory-11.webp\"\/><\/p>\n<h3>CNC-t\u00e4ppist\u00f6\u00f6tlemise t\u00f6\u00f6koda<\/h3>\n<p><img decoding=\"async\" src=\"\/wp-content\/uploads\/factory-11.5.webp\"\/><\/p>\n<h3>Valmistoodete ja ekspordi ladu<\/h3>\n<p><img decoding=\"async\" src=\"\/wp-content\/uploads\/factory-12.webp\"\/><\/p>\n<p><img decoding=\"async\" src=\"\/wp-content\/uploads\/factory-13.webp\"\/><\/p>\n<p><img decoding=\"async\" src=\"\/wp-content\/uploads\/factory-14.webp\"\/><\/p>\n<h2>KKK<\/h2>\n<p><p><b>1.Mis on alumiiniumist T-profiil?<\/b><\/p>\n<p>Alumiinium T-profiil on T-kujuline alumiiniumprofiil, mida kasutatakse \u00fchendamiseks, servade kaitsmiseks ja konstruktsiooni toetamiseks erinevates rakendustes.<br \/>\n<\/p><br \/>\n<br \/>\n<p><b>2.Miks kasutada alumiiniumist T-profiili ehituses?<\/b><\/p>\n<p>Alumiinium T Profil on v\u00e4ga tugev, kerge ja korrosioonikindel, mist\u00f5ttu sobib see raamimiseks ja servade viimistlemiseks.<br \/>\n<\/p><br \/>\n<br \/>\n<p><b>3.Kas alumiinium T Profil on korrosioonikindel?<\/b><\/p>\n<p>Jah, alumiiniumil on loomulik korrosioonikindlus, mist\u00f5ttu T Profiles sobib nii sise- kui ka v\u00e4liskeskkondadesse.<br \/>\n<\/p><br \/>\n<br \/>\n<p><b>4.Millised on alumiiniumist T-profiili t\u00fc\u00fcpilised rakendused?<\/b><\/p>\n<p>Neid kasutatakse vaheseinades, akna- ja ukseraamides, m\u00f6\u00f6blis, vitriinikonstruktsioonides ja arhitektuurilistes \u00fchenduskohtades.<br \/>\n<\/p><br \/>\n<br \/>\n<p><b>5.Kas alumiiniumist T-profiili saab kohandada?<\/b><\/p>\n<p>Kindlasti saab seda toota erinevates suurustes, pikkustes ja pinnaviimistluses, n\u00e4iteks anodeeritud v\u00f5i pulberv\u00e4rvitud.<br \/>\n<\/p><br \/>\n<br \/>\n<p><b>6.Kas alumiiniumist T-profiili on lihtne paigaldada?<\/b><\/p>\n<p>Jah, see on kerge ja seda on lihtne l\u00f5igata, puurida ja kinnitada erinevatesse raamidesse, mis v\u00e4hendab paigaldusaega.<br \/>\n<\/p><br \/>\n<br \/>\n<p><b>7.Kas alumiinium on keskkonnas\u00f5bralik materjal T-profiilide jaoks?<\/b><\/p>\n<p>Jah, alumiinium on t\u00e4ielikult taaskasutatav ning toetab s\u00e4\u00e4stvat ja keskkonnateadlikku tootmist.<br \/>\n<\/p><br \/>\n<br \/>\n<p><b>8.Kas Aluminium T Profil pakub dekoratiivset viimistlust?<\/b><\/p>\n<p>Jah, selle puhtad jooned ja valikuline poleeritud v\u00f5i v\u00e4rviline viimistlus pakuvad nii struktuurilisi kui ka esteetilisi eeliseid.<br \/>\n<\/p><br \/><\/p>","protected":false},"featured_media":7011,"template":"","categories":[67],"class_list":["post-7012","product","type-product","status-publish","has-post-thumbnail","hentry","category-architectural-aluminium-profile"],"meta_box":{"hilight_text_group":{"product_hilight_text":"<li>High-strength aluminum provides reliable structural support<\/li>\r\r\n<li>T-shaped design ideal for joining and edge finishing applications<\/li>\r\r\n<li>Corrosion-resistant surface ensures long-lasting performance<\/li>\r\r\n<li>Lightweight profile allows for easy handling and installation<\/li>\r\r\n<li>Available in multiple sizes and finishes to suit various projects<\/li>\r\r\n<li>Clean and modern appearance enhances product aesthetics<\/li>\r\r\n<li>Suitable for both industrial and decorative applications<\/li>","product_chanpin_blog":"<ul>\r\r\n<li><a href=\"https:\/\/sinoextrud.com\/t-slot-v-slot-differences\/\" target=\"_blank\">t slot vs v slot<\/a><\/li>\r\r\n<li><a href=\"https:\/\/sinoextrud.com\/what-is-4040-aluminium-extrud\/\" target=\"_blank\">4040 aluminium extrusion<\/a><\/li>\r\r\n<li><a href=\"https:\/\/sinoextrud.com\/what-is-4040-aluminium-extrud\/\" target=\"_blank\">aluminum extrusions for industrial racks<\/a><\/li>\r\r\n<li><a href=\"https:\/\/sinoextrud.com\/powder-coating-aluminium-process\/\" target=\"_blank\">powder coating aluminium<\/a><\/li>\r\r\n<li><a href=\"https:\/\/sinoextrud.com\/what-is-an-aluminium-strip-ceiling\/\" target=\"_blank\">aluminium strip ceiling<\/a><\/li>\r\r\n<li><a href=\"https:\/\/sinoextrud.com\/what-is-a-heat-sink\/\" target=\"_blank\">what is a heat sink<\/a><\/li>\r\r\n<\/ul>","product_chanpin_chanpin":"<li><a href=\"https:\/\/sinoextrud.com\/product\/aluminium-shower-extrusions\/\" target=\"_blank\">Aluminium Shower Extrusions<\/a><\/li>\r\n<li><a href=\"https:\/\/sinoextrud.com\/product\/aluminium-profile-material\/\" target=\"_blank\">Aluminium Profile Material<\/a><\/li>\r\n<li><a href=\"https:\/\/sinoextrud.com\/product\/aluminium-frame-extrusion-profile-picture-frame-profile-for-interior-decoration\/\" target=\"_blank\">Aluminium Frame Extrusion Profile Picture Frame Profile For Interior Decoration<\/a><\/li>\r\n<li><a href=\"https:\/\/sinoextrud.com\/product\/aluminum-shutter\/\" target=\"_blank\">Aluminum Shutter<\/a><\/li>\r\n<li><a href=\"https:\/\/sinoextrud.com\/product\/aluminium-t-profil\/\" target=\"_blank\">Aluminium T Profil<\/a><\/li>\r\n<li><a href=\"https:\/\/sinoextrud.com\/product\/slotted-aluminum-profile-export-to-maylsia\/\" target=\"_blank\">Slotted Aluminum Profile Export To Maylsia<\/a><\/li>\r\n<li><a href=\"https:\/\/sinoextrud.com\/product\/slotted-aluminum-framing\/\" target=\"_blank\">Slotted Aluminum Framing<\/a><\/li>\r\n<li><a href=\"https:\/\/sinoextrud.com\/product\/furniture-aluminium-profiles\/\" target=\"_blank\">Furniture Aluminium Profiles<\/a><\/li>\r\n<li><a href=\"https:\/\/sinoextrud.com\/product\/extruded-aluminum-channel-shapes-customized\/\" target=\"_blank\">Extruded Aluminum Channel Shapes Customized<\/a><\/li>\r\n<li><a href=\"https:\/\/sinoextrud.com\/product\/800-800mm-clip-in-ceiling-system\/\" target=\"_blank\">800x800mm Clip-in Ceiling System<\/a><\/li>\r\n<li><a href=\"https:\/\/sinoextrud.com\/product\/aluminium-alloy-material-frame\/\" target=\"_blank\">Aluminium Alloy Material Frame<\/a><\/li>"},"feature_list":[]},"_links":{"self":[{"href":"https:\/\/sinoextrud.com\/et\/wp-json\/wp\/v2\/product\/7012","targetHints":{"allow":["GET"]}}],"collection":[{"href":"https:\/\/sinoextrud.com\/et\/wp-json\/wp\/v2\/product"}],"about":[{"href":"https:\/\/sinoextrud.com\/et\/wp-json\/wp\/v2\/types\/product"}],"wp:featuredmedia":[{"embeddable":true,"href":"https:\/\/sinoextrud.com\/et\/wp-json\/wp\/v2\/media\/7011"}],"wp:attachment":[{"href":"https:\/\/sinoextrud.com\/et\/wp-json\/wp\/v2\/media?parent=7012"}],"wp:term":[{"taxonomy":"category","embeddable":true,"href":"https:\/\/sinoextrud.com\/et\/wp-json\/wp\/v2\/categories?post=7012"}],"curies":[{"name":"wp","href":"https:\/\/api.w.org\/{rel}","templated":true}]}}