{"id":6942,"date":"2025-06-04T03:17:59","date_gmt":"2025-06-04T03:17:59","guid":{"rendered":"https:\/\/sinoextrud.com\/product\/fluorocarbon-coated-heavy-duty-exposed-aluminium-frame-glazed-building-curtain-wall-aluminium-profile\/"},"modified":"2025-06-24T06:12:02","modified_gmt":"2025-06-24T06:12:02","slug":"fluorosusinikkattega-kaetud-raskeveokattega-alumiiniumraami-klaasitud-hoone-kardinaseina-alumiiniumprofiil","status":"publish","type":"product","link":"https:\/\/sinoextrud.com\/et\/product\/fluorocarbon-coated-heavy-duty-exposed-aluminium-frame-glazed-building-curtain-wall-aluminium-profile\/","title":{"rendered":"Fluoros\u00fcsinikkattega kaetud raskeveokite alumiiniumraamiga klaasitud hoone kardinaseina alumiiniumprofiil"},"content":{"rendered":"<h2>Toodete \u00fcksikasjad<\/h2>\n<table class=\"custom-table\">\n<tr>\n<td class=\"label\">Nimi<\/td>\n<td>Fluors\u00fcsinikuga kaetud raskeveokitega alumiiniumraamiga klaasitud hoone kardinaseina alumiiniumprofiil\uff0c<\/td>\n<\/tr>\n<\/table>\n<h2>Meie tootmisbaas<\/h2>\n<h3>Tehase panoraam<\/h3>\n<p><img decoding=\"async\" src=\"\/wp-content\/uploads\/factory-01.webp\"\/><\/p>\n<h3>Alumiiniumvarraste tootmise t\u00f6\u00f6koda<\/h3>\n<p><img decoding=\"async\" src=\"\/wp-content\/uploads\/factory-02.webp\"\/><\/p>\n<p><img decoding=\"async\" src=\"\/wp-content\/uploads\/factory-03.webp\"\/><\/p>\n<h3>hallituse ladustamise ladu<\/h3>\n<p><img decoding=\"async\" src=\"\/wp-content\/uploads\/factory-04.webp\"\/><\/p>\n<h3>43 alumiiniumi ekstrusiooniliini (500-5500 tonni)<\/h3>\n<p><img decoding=\"async\" src=\"\/wp-content\/uploads\/factory-05.webp\"\/><\/p>\n<p><img decoding=\"async\" src=\"\/wp-content\/uploads\/factory-06.webp\"\/><\/p>\n<p><img decoding=\"async\" src=\"\/wp-content\/uploads\/factory-07.webp\"\/><\/p>\n<h3>Pulberv\u00e4rvimise t\u00f6\u00f6koda<\/h3>\n<p><img decoding=\"async\" src=\"\/wp-content\/uploads\/factory-09.webp\"\/><\/p>\n<h3>Anodiseerimise t\u00f6\u00f6koda<\/h3>\n<p><img decoding=\"async\" src=\"\/wp-content\/uploads\/factory-10.webp\"\/><\/p>\n<h3>S\u00fcgavt\u00f6\u00f6tlemise t\u00f6\u00f6tuba<\/h3>\n<p><img decoding=\"async\" src=\"\/wp-content\/uploads\/factory-11.webp\"\/><\/p>\n<h3>CNC-t\u00e4ppist\u00f6\u00f6tlemise t\u00f6\u00f6koda<\/h3>\n<p><img decoding=\"async\" src=\"\/wp-content\/uploads\/factory-11.5.webp\"\/><\/p>\n<h3>Valmistoodete ja ekspordi ladu<\/h3>\n<p><img decoding=\"async\" src=\"\/wp-content\/uploads\/factory-12.webp\"\/><\/p>\n<p><img decoding=\"async\" src=\"\/wp-content\/uploads\/factory-13.webp\"\/><\/p>\n<p><img decoding=\"async\" src=\"\/wp-content\/uploads\/factory-14.webp\"\/><\/p>\n<h2>KKK<\/h2>\n<p><p><b>1.Mis on fluoros\u00fcsinikuga kaetud alumiiniumist kardinaseina profiil? <\/b><\/p>\n<p> Fluors\u00fcsinikuga kaetud alumiiniumist kardinaseina profiil on hoone fassaadielement, mis on t\u00f6\u00f6deldud ilmastikukindla kattega, et kaitsta UV-kiirguse, korrosiooni ja keskkonnakahjustuste eest.<br \/>\n<\/p><br \/>\n<br \/>\n<p><b>2.Miks valida kardinate jaoks rasked alumiiniumraamid? <\/b><\/p>\n<p> Rasked alumiiniumraamid pakuvad suurep\u00e4rast tugevust ja stabiilsust, mist\u00f5ttu on need ideaalsed suurte klaasitud pindade kandmiseks k\u00f5rgetes ja \u00e4rihoonetes.<br \/>\n<\/p><br \/>\n<br \/>\n<p><b>3.Millised on avatud alumiiniumraamiga kardinaseina eelised? <\/b><\/p>\n<p> Avatud alumiiniumraam annab elegantse, kaasaegse esteetika ja lihtsustab juurdep\u00e4\u00e4su konstruktsioonile hoolduseks ja paigaldamiseks.<br \/>\n<\/p><br \/>\n<br \/>\n<p><b>4.Kuidas parandab fluoros\u00fcsinikkate alumiiniumist kardinaprofiile? <\/b><\/p>\n<p> Fluors\u00fcsivesinikkate suurendab alumiiniumprofiili pikaealisust, kuna see on vastupidav pleekimisele, kriidile ja korrosioonile isegi karmides tingimustes.<br \/>\n<\/p><br \/>\n<br \/>\n<p><b>5.Kas seda alumiiniumprofiili saab kasutada koos energiat\u00f5husate klaasidega? <\/b><\/p>\n<p> Jah, see toetab nii topelt- kui ka kolmekordseid klaasid, mis parandab oluliselt hoone soojusisolatsiooni ja energiat\u00f5husust.<br \/>\n<\/p><br \/>\n<br \/>\n<p><b>6.Mis on termilise katkestuse tehnoloogia kardinaseinas\u00fcsteemides? <\/b><\/p>\n<p> Termilise katkestuse tehnoloogia h\u00f5lmab alumiiniumprofiili sees olevat mittemetallist t\u00f5ket, mis v\u00e4hendab soojus\u00fclekannet, parandades sisekliima kontrolli.<br \/>\n<\/p><br \/>\n<br \/>\n<p><b>7.Kas fluoros\u00fcsinikuga kaetud alumiinium on keskkonnas\u00f5bralik? <\/b><\/p>\n<p> Jah, alumiinium on t\u00e4ielikult taaskasutatav ja fluoros\u00fcsinikpindade katmine v\u00e4hendab vajadust v\u00e4rvimise v\u00f5i asendamise j\u00e4rele, mist\u00f5ttu on see kaasaegse ehituse jaoks j\u00e4tkusuutlik valik.<br \/>\n<\/p><br \/>\n<br \/>\n<p><b>8.Kas fluoros\u00fcsinikkattega kardinaseinad sobivad k\u00f5rghoonete jaoks? <\/b><\/p>\n<p> Kindlasti on nende konstruktsiooniline tugevus, ilmastikukindlus ja v\u00e4hene hooldustarve ideaalsed k\u00f5rghoonete ja \u00e4riruumide jaoks.<br \/>\n<\/p><br \/><\/p>","protected":false},"featured_media":6941,"template":"","categories":[67],"class_list":["post-6942","product","type-product","status-publish","has-post-thumbnail","hentry","category-architectural-aluminium-profile"],"meta_box":{"hilight_text_group":{"product_hilight_text":"<li>High-performance fluorocarbon coating offers superior UV, corrosion, and weather resistance.<\/li>\r\r\n<li>Heavy-duty aluminum frame ensures structural durability for high-rise and commercial facades.<\/li>\r\r\n<li>Exposed frame design enhances visual appeal and eases installation and maintenance.<\/li>\r\r\n<li>Compatible with double and triple-glazed glass units for enhanced insulation and energy efficiency.<\/li>\r\r\n<li>Integrated thermal break design improves thermal performance and reduces energy loss.<\/li>\r\r\n<li>Modular system enables flexible configuration and quick on-site assembly.<\/li>\r\r\n<li>Eco-friendly, recyclable aluminum material supports sustainable construction practices.<\/li>","product_chanpin_blog":"<ul>\r\r\n<li><a href=\"https:\/\/sinoextrud.com\/t-slot-v-slot-differences\/\" target=\"_blank\">t slot vs v slot<\/a><\/li>\r\r\n<li><a href=\"https:\/\/sinoextrud.com\/what-is-4040-aluminium-extrud\/\" target=\"_blank\">4040 aluminium extrusion<\/a><\/li>\r\r\n<li><a href=\"https:\/\/sinoextrud.com\/what-is-4040-aluminium-extrud\/\" target=\"_blank\">aluminum extrusions for industrial racks<\/a><\/li>\r\r\n<li><a href=\"https:\/\/sinoextrud.com\/powder-coating-aluminium-process\/\" target=\"_blank\">powder coating aluminium<\/a><\/li>\r\r\n<li><a href=\"https:\/\/sinoextrud.com\/what-is-an-aluminium-strip-ceiling\/\" target=\"_blank\">aluminium strip ceiling<\/a><\/li>\r\r\n<li><a href=\"https:\/\/sinoextrud.com\/what-is-a-heat-sink\/\" target=\"_blank\">what is a heat sink<\/a><\/li>\r\r\n<\/ul>","product_chanpin_chanpin":"<li><a href=\"https:\/\/sinoextrud.com\/product\/aluminium-extrusion-profiles-for-the-windows\/\" target=\"_blank\">Aluminium Extrusion Profiles For The Windows<\/a><\/li>\r\n<li><a href=\"https:\/\/sinoextrud.com\/product\/aluminum-extrusion-polished-square-tupe\/\" target=\"_blank\">Aluminum Extrusion Polished Square Tupe<\/a><\/li>\r\n<li><a href=\"https:\/\/sinoextrud.com\/product\/aluminum-door-jamb-extrusions\/\" target=\"_blank\">Aluminum Door Jamb Extrusions<\/a><\/li>\r\n<li><a href=\"https:\/\/sinoextrud.com\/product\/aluminum-rail-profile\/\" target=\"_blank\">Aluminum Rail Profile<\/a><\/li>\r\n<li><a href=\"https:\/\/sinoextrud.com\/product\/fluorocarbon-coated-heavy-duty-exposed-aluminium-frame-glazed-building-curtain-wall-aluminium-profile\/\" target=\"_blank\">Fluorocarbon coated heavy duty exposed aluminium frame glazed building curtain wall aluminium profile<\/a><\/li>\r\n<li><a href=\"https:\/\/sinoextrud.com\/product\/extruded-aluminum-channel-stock\/\" target=\"_blank\">Extruded Aluminum Channel Stock<\/a><\/li>\r\n<li><a href=\"https:\/\/sinoextrud.com\/product\/aluminium-oxide\/\" target=\"_blank\">Aluminium Oxide<\/a><\/li>\r\n<li><a href=\"https:\/\/sinoextrud.com\/product\/anodized-aluminum-profile-kitchen-cabinet-frame\/\" target=\"_blank\">Anodized Aluminum Profile Kitchen Cabinet Frame<\/a><\/li>\r\n<li><a href=\"https:\/\/sinoextrud.com\/product\/aluminum-extrusions-for-wall-panels-u-shape\/\" target=\"_blank\">Aluminum Extrusions For Wall Panels U Shape<\/a><\/li>\r\n<li><a href=\"https:\/\/sinoextrud.com\/product\/aluminium-sliding-door-matt-black\/\" target=\"_blank\">Aluminium Sliding Door Matt Black<\/a><\/li>\r\n<li><a href=\"https:\/\/sinoextrud.com\/product\/aluminium-fabrication\/\" target=\"_blank\">Aluminium Fabrication<\/a><\/li>"},"feature_list":[]},"_links":{"self":[{"href":"https:\/\/sinoextrud.com\/et\/wp-json\/wp\/v2\/product\/6942","targetHints":{"allow":["GET"]}}],"collection":[{"href":"https:\/\/sinoextrud.com\/et\/wp-json\/wp\/v2\/product"}],"about":[{"href":"https:\/\/sinoextrud.com\/et\/wp-json\/wp\/v2\/types\/product"}],"wp:featuredmedia":[{"embeddable":true,"href":"https:\/\/sinoextrud.com\/et\/wp-json\/wp\/v2\/media\/6941"}],"wp:attachment":[{"href":"https:\/\/sinoextrud.com\/et\/wp-json\/wp\/v2\/media?parent=6942"}],"wp:term":[{"taxonomy":"category","embeddable":true,"href":"https:\/\/sinoextrud.com\/et\/wp-json\/wp\/v2\/categories?post=6942"}],"curies":[{"name":"wp","href":"https:\/\/api.w.org\/{rel}","templated":true}]}}