{"id":6928,"date":"2025-06-04T02:25:18","date_gmt":"2025-06-04T02:25:18","guid":{"rendered":"https:\/\/sinoextrud.com\/product\/aluminum-edge-trim-for-plywood\/"},"modified":"2025-06-24T06:12:00","modified_gmt":"2025-06-24T06:12:00","slug":"alumiiniumist-vineeri-serva-liistud","status":"publish","type":"product","link":"https:\/\/sinoextrud.com\/et\/product\/aluminum-edge-trim-for-plywood\/","title":{"rendered":"Alumiinium serva trimmi vineeri jaoks"},"content":{"rendered":"<h2>Toodete \u00fcksikasjad<\/h2>\n<table class=\"custom-table\">\n<tr>\n<td class=\"label\">Toote nimi<\/td>\n<td>Alumiiniumist servakinnitus vineeri jaoks\uff0c<\/td>\n<\/tr>\n<tr>\n<td class=\"label\">Koostisosa<\/td>\n<td>6063 v\u00f5i 6061\uff0c<\/td>\n<\/tr>\n<tr>\n<td class=\"label\">Kuju<\/td>\n<td>Nagu kohandatud\uff0c<\/td>\n<\/tr>\n<tr>\n<td class=\"label\">Suurus<\/td>\n<td>Nagu kohandatud\uff0c<\/td>\n<\/tr>\n<tr>\n<td class=\"label\">T\u00fc\u00fcpiline Applycation<\/td>\n<td>M\u00f6\u00f6bel, klaasist raam\uff0c<\/td>\n<\/tr>\n<tr>\n<td class=\"label\">Kaubam\u00e4rk<\/td>\n<td>Sinoextrud v\u00f5i OEM\uff0c<\/td>\n<\/tr>\n<tr>\n<td class=\"label\">Suurus<\/td>\n<td>Nagu kohandatud\uff0c<\/td>\n<\/tr>\n<tr>\n<td class=\"label\">S\u00fcgav protsess<\/td>\n<td>CNC freesimine, stantsimine, puurimine, keermestamine, painutamine\uff0c<\/td>\n<\/tr>\n<tr>\n<td class=\"label\">Pinnat\u00f6\u00f6tlus<\/td>\n<td>Puidutera, anodeeritud, pulberv\u00e4rvimine, elektroforees, PVDF jne.<\/td>\n<\/tr>\n<tr>\n<td class=\"label\">Sertifikaadid<\/td>\n<td>ISO9001,ISO4001,CQM,SGS,CE,BV,SONCAP\/GB,ISO,JIS,AS,NZS,QUALICOAT\uff0c<\/td>\n<\/tr>\n<tr>\n<td class=\"label\">Standardne pikkus<\/td>\n<td>1-9M\uff0c<\/td>\n<\/tr>\n<tr>\n<td class=\"label\">P\u00e4ritolukoht<\/td>\n<td>Guangdong,Hiina\uff0c<\/td>\n<\/tr>\n<\/table>\n<h2>Meie tootmisbaas<\/h2>\n<h3>Tehase panoraam<\/h3>\n<p><img decoding=\"async\" src=\"\/wp-content\/uploads\/factory-01.webp\"\/><\/p>\n<h3>Alumiiniumvarraste tootmise t\u00f6\u00f6koda<\/h3>\n<p><img decoding=\"async\" src=\"\/wp-content\/uploads\/factory-02.webp\"\/><\/p>\n<p><img decoding=\"async\" src=\"\/wp-content\/uploads\/factory-03.webp\"\/><\/p>\n<h3>hallituse ladustamise ladu<\/h3>\n<p><img decoding=\"async\" src=\"\/wp-content\/uploads\/factory-04.webp\"\/><\/p>\n<h3>43 alumiiniumi ekstrusiooniliini (500-5500 tonni)<\/h3>\n<p><img decoding=\"async\" src=\"\/wp-content\/uploads\/factory-05.webp\"\/><\/p>\n<p><img decoding=\"async\" src=\"\/wp-content\/uploads\/factory-06.webp\"\/><\/p>\n<p><img decoding=\"async\" src=\"\/wp-content\/uploads\/factory-07.webp\"\/><\/p>\n<h3>Pulberv\u00e4rvimise t\u00f6\u00f6koda<\/h3>\n<p><img decoding=\"async\" src=\"\/wp-content\/uploads\/factory-09.webp\"\/><\/p>\n<h3>Anodiseerimise t\u00f6\u00f6koda<\/h3>\n<p><img decoding=\"async\" src=\"\/wp-content\/uploads\/factory-10.webp\"\/><\/p>\n<h3>S\u00fcgavt\u00f6\u00f6tlemise t\u00f6\u00f6tuba<\/h3>\n<p><img decoding=\"async\" src=\"\/wp-content\/uploads\/factory-11.webp\"\/><\/p>\n<h3>CNC-t\u00e4ppist\u00f6\u00f6tlemise t\u00f6\u00f6koda<\/h3>\n<p><img decoding=\"async\" src=\"\/wp-content\/uploads\/factory-11.5.webp\"\/><\/p>\n<h3>Valmistoodete ja ekspordi ladu<\/h3>\n<p><img decoding=\"async\" src=\"\/wp-content\/uploads\/factory-12.webp\"\/><\/p>\n<p><img decoding=\"async\" src=\"\/wp-content\/uploads\/factory-13.webp\"\/><\/p>\n<p><img decoding=\"async\" src=\"\/wp-content\/uploads\/factory-14.webp\"\/><\/p>\n<h2>KKK<\/h2>\n<p><p><b>1.What on alumiinium serva Trim vineeri jaoks kasutatakse?<\/b><\/p>\n<p>Alumiiniumist vineeri servakattematerjali kasutatakse vineerplaatide servade kaitsmiseks ja t\u00e4iustamiseks, tagades nii vastupidavuse kui ka viimistletud v\u00e4limuse.<br \/>\n<\/p><br \/>\n<br \/>\n<p><b>2.Kas alumiiniumplaadid sobivad kokku k\u00f5igi vineeri paksustega?<\/b><\/p>\n<p>Alumiiniumist vineeri servakatted on saadaval erinevates suurustes, et need sobiksid standardse vineeri paksusega, tagades kindla ja turvalise sobivuse.<br \/>\n<\/p><br \/>\n<br \/>\n<p><b>3.Kas alumiiniumist vineeri servakattematerjali saab kasutada v\u00e4litingimustes?<\/b><\/p>\n<p>Jah, alumiiniumkonstruktsioon on korrosioonikindel, mist\u00f5ttu sobib see ideaalselt nii sise- kui ka v\u00e4litingimustes kasutamiseks.<br \/>\n<\/p><br \/>\n<br \/>\n<p><b>4.Kuidas paigaldada alumiiniumist vineeri servakate?<\/b><\/p>\n<p>Alumiiniumist vineeri servakattematerjali on lihtne l\u00f5igata ja paigaldada tavaliste t\u00f6\u00f6riistade abil, mis n\u00f5uab minimaalselt aega ja vaeva.<br \/>\n<\/p><br \/>\n<br \/>\n<p><b>5.Kas alumiiniumist servakattematerjal parandab vineeri tugevust?<\/b><\/p>\n<p>Jah, see aitab tugevdada vineerplaatide servi, suurendades nende struktuurilist terviklikkust ja vastupidavust servakahjustustele.<br \/>\n<\/p><br \/>\n<br \/>\n<p><b>6.Millised viimistlused on saadaval vineeri alumiiniumist servakattematerjalide jaoks?<\/b><\/p>\n<p>Vineeri alumiiniumist servakattematerjalid on saadaval mitmesuguste viimistlustega, sealhulgas anodeeritud, harjatud ja pulberv\u00e4rvitud variantidega, mis tagavad disaini paindlikkuse.<br \/>\n<\/p><br \/>\n<br \/>\n<p><b>7.Kas alumiiniumist vineeri servakattematerjal on niiskuskindel?<\/b><\/p>\n<p>Jah, alumiiniummaterjal tagab suurep\u00e4rase niiskuskindluse, mist\u00f5ttu sobib see k\u00f5rge niiskusega keskkondadesse.<\/p>\n<p><\/p><br \/><\/p>","protected":false},"featured_media":6927,"template":"","categories":[67],"class_list":["post-6928","product","type-product","status-publish","has-post-thumbnail","hentry","category-architectural-aluminium-profile"],"meta_box":{"hilight_text_group":{"product_hilight_text":"<li>Durable aluminum construction ensures long-lasting edge protection<\/li>\r\r\n<li>Designed specifically to fit standard plywood thicknesses<\/li>\r\r\n<li>Provides a clean, professional finish to exposed plywood edges<\/li>\r\r\n<li>Resistant to corrosion, moisture, and impact damage<\/li>\r\r\n<li>Easy to cut and install for efficient project completion<\/li>\r\r\n<li>Enhances structural integrity and aesthetic appeal of plywood panels<\/li>\r\r\n<li>Available in various finishes to match design requirements<\/li>","product_chanpin_blog":"<ul>\r\r\n<li><a href=\"https:\/\/sinoextrud.com\/t-slot-v-slot-differences\/\" target=\"_blank\">t slot vs v slot<\/a><\/li>\r\r\n<li><a href=\"https:\/\/sinoextrud.com\/what-is-4040-aluminium-extrud\/\" target=\"_blank\">4040 aluminium extrusion<\/a><\/li>\r\r\n<li><a href=\"https:\/\/sinoextrud.com\/what-is-4040-aluminium-extrud\/\" target=\"_blank\">aluminum extrusions for industrial racks<\/a><\/li>\r\r\n<li><a href=\"https:\/\/sinoextrud.com\/powder-coating-aluminium-process\/\" target=\"_blank\">powder coating aluminium<\/a><\/li>\r\r\n<li><a href=\"https:\/\/sinoextrud.com\/what-is-an-aluminium-strip-ceiling\/\" target=\"_blank\">aluminium strip ceiling<\/a><\/li>\r\r\n<li><a href=\"https:\/\/sinoextrud.com\/what-is-a-heat-sink\/\" target=\"_blank\">what is a heat sink<\/a><\/li>\r\r\n<\/ul>","product_chanpin_chanpin":"<li><a href=\"https:\/\/sinoextrud.com\/product\/custom-precision-cnc-machining-for-aluminum-parts\/\" target=\"_blank\">Custom Precision CNC Machining for Aluminum Parts<\/a><\/li>\r\n<li><a href=\"https:\/\/sinoextrud.com\/product\/anodized-extruded-c-section-aluminium-profile\/\" target=\"_blank\">Anodized Extruded C Section Aluminium Profile<\/a><\/li>\r\n<li><a href=\"https:\/\/sinoextrud.com\/product\/matte-champagne-floor-and-stair-step-parquet-tile-carpet-trim-transition-aluminium-profile\/\" target=\"_blank\">Matte champagne floor and stair step parquet tile carpet trim transition aluminium profile<\/a><\/li>\r\n<li><a href=\"https:\/\/sinoextrud.com\/product\/wall-surface-edging-protection-skirtboard-baseboard-kicking-line-aluminium-profile\/\" target=\"_blank\">Wall surface edging protection Skirtboard Baseboard Kicking line aluminium profile<\/a><\/li>\r\n<li><a href=\"https:\/\/sinoextrud.com\/product\/aluminum-edge-trim-for-plywood\/\" target=\"_blank\">Aluminum Edge Trim For Plywood<\/a><\/li>\r\n<li><a href=\"https:\/\/sinoextrud.com\/product\/rectangular-aluminum-extrusions\/\" target=\"_blank\">Rectangular Aluminum Extrusions<\/a><\/li>\r\n<li><a href=\"https:\/\/sinoextrud.com\/product\/aluminium-extrusion-profiles-for-the-windows\/\" target=\"_blank\">Aluminium Extrusion Profiles For The Windows<\/a><\/li>\r\n<li><a href=\"https:\/\/sinoextrud.com\/product\/aluminum-extrusion-polished-square-tupe\/\" target=\"_blank\">Aluminum Extrusion Polished Square Tupe<\/a><\/li>\r\n<li><a href=\"https:\/\/sinoextrud.com\/product\/aluminum-door-jamb-extrusions\/\" target=\"_blank\">Aluminum Door Jamb Extrusions<\/a><\/li>\r\n<li><a href=\"https:\/\/sinoextrud.com\/product\/h-section-aluminium-extrusion\/\" target=\"_blank\">H Section Aluminium Extrusion<\/a><\/li>\r\n<li><a href=\"https:\/\/sinoextrud.com\/product\/aluminium-sliding-door-with-french-style-bi-folding-glass-wall-door-energy-saving-heat-insulation\/\" target=\"_blank\">Aluminium Sliding Door With French Style Bi-folding Glass Wall Door Energy Saving Heat Insulation<\/a><\/li>"},"feature_list":[]},"_links":{"self":[{"href":"https:\/\/sinoextrud.com\/et\/wp-json\/wp\/v2\/product\/6928","targetHints":{"allow":["GET"]}}],"collection":[{"href":"https:\/\/sinoextrud.com\/et\/wp-json\/wp\/v2\/product"}],"about":[{"href":"https:\/\/sinoextrud.com\/et\/wp-json\/wp\/v2\/types\/product"}],"wp:featuredmedia":[{"embeddable":true,"href":"https:\/\/sinoextrud.com\/et\/wp-json\/wp\/v2\/media\/6927"}],"wp:attachment":[{"href":"https:\/\/sinoextrud.com\/et\/wp-json\/wp\/v2\/media?parent=6928"}],"wp:term":[{"taxonomy":"category","embeddable":true,"href":"https:\/\/sinoextrud.com\/et\/wp-json\/wp\/v2\/categories?post=6928"}],"curies":[{"name":"wp","href":"https:\/\/api.w.org\/{rel}","templated":true}]}}