{"id":6897,"date":"2025-06-04T01:42:17","date_gmt":"2025-06-04T01:42:17","guid":{"rendered":"https:\/\/sinoextrud.com\/product\/custom-made-modern-wood-grain-color-kitchen-cabinet-aluminium-extrusion-profile\/"},"modified":"2025-06-24T06:11:56","modified_gmt":"2025-06-24T06:11:56","slug":"custom-made-kaasaegne-puidust-tera-varvi-koogikapp-alumiiniumist-ekstrusiooniprofiil","status":"publish","type":"product","link":"https:\/\/sinoextrud.com\/et\/product\/custom-made-modern-wood-grain-color-kitchen-cabinet-aluminium-extrusion-profile\/","title":{"rendered":"Kohandatud kaasaegne puidust terav\u00e4rvi k\u00f6\u00f6gikapi alumiiniumprofiili ekstrusiooniprofiil"},"content":{"rendered":"<h2>Toodete \u00fcksikasjad<\/h2>\n<table class=\"custom-table\">\n<tr>\n<td class=\"label\">Nimi<\/td>\n<td>Kohandatud kaasaegne puidust terav\u00e4rvi k\u00f6\u00f6gikapi alumiiniumprofiili ekstrusiooniprofiil\uff0c<\/td>\n<\/tr>\n<\/table>\n<h2>Meie tootmisbaas<\/h2>\n<h3>Tehase panoraam<\/h3>\n<p><img decoding=\"async\" src=\"\/wp-content\/uploads\/factory-01.webp\"\/><\/p>\n<h3>Alumiiniumvarraste tootmise t\u00f6\u00f6koda<\/h3>\n<p><img decoding=\"async\" src=\"\/wp-content\/uploads\/factory-02.webp\"\/><\/p>\n<p><img decoding=\"async\" src=\"\/wp-content\/uploads\/factory-03.webp\"\/><\/p>\n<h3>hallituse ladustamise ladu<\/h3>\n<p><img decoding=\"async\" src=\"\/wp-content\/uploads\/factory-04.webp\"\/><\/p>\n<h3>43 alumiiniumi ekstrusiooniliini (500-5500 tonni)<\/h3>\n<p><img decoding=\"async\" src=\"\/wp-content\/uploads\/factory-05.webp\"\/><\/p>\n<p><img decoding=\"async\" src=\"\/wp-content\/uploads\/factory-06.webp\"\/><\/p>\n<p><img decoding=\"async\" src=\"\/wp-content\/uploads\/factory-07.webp\"\/><\/p>\n<h3>Pulberv\u00e4rvimise t\u00f6\u00f6koda<\/h3>\n<p><img decoding=\"async\" src=\"\/wp-content\/uploads\/factory-09.webp\"\/><\/p>\n<h3>Anodiseerimise t\u00f6\u00f6koda<\/h3>\n<p><img decoding=\"async\" src=\"\/wp-content\/uploads\/factory-10.webp\"\/><\/p>\n<h3>S\u00fcgavt\u00f6\u00f6tlemise t\u00f6\u00f6tuba<\/h3>\n<p><img decoding=\"async\" src=\"\/wp-content\/uploads\/factory-11.webp\"\/><\/p>\n<h3>CNC-t\u00e4ppist\u00f6\u00f6tlemise t\u00f6\u00f6koda<\/h3>\n<p><img decoding=\"async\" src=\"\/wp-content\/uploads\/factory-11.5.webp\"\/><\/p>\n<h3>Valmistoodete ja ekspordi ladu<\/h3>\n<p><img decoding=\"async\" src=\"\/wp-content\/uploads\/factory-12.webp\"\/><\/p>\n<p><img decoding=\"async\" src=\"\/wp-content\/uploads\/factory-13.webp\"\/><\/p>\n<p><img decoding=\"async\" src=\"\/wp-content\/uploads\/factory-14.webp\"\/><\/p>\n<h2>KKK<\/h2>\n<p><p><b>1.Mis on kohandatud kaasaegne puidust teravilja v\u00e4rvi k\u00f6\u00f6gikapi alumiiniumist ekstrusiooniprofiilid?<\/b><\/p>\n<p>Need on k\u00f6\u00f6gikappide jaoks m\u00f5eldud alumiiniumprofiilid, millel on puidumassiivi viimistlus, mis \u00fchendab puidu esteetilisuse alumiiniumi vastupidavuse ja kerguse omadustega.<br \/>\n<\/p><br \/>\n<br \/>\n<p><b>2.Miks valida k\u00f6\u00f6gikappide jaoks alumiiniumist ekstrusiooniprofiilid?<\/b><\/p>\n<p>Alumiiniumprofiilid pakuvad tugevust, korrosioonikindlust ja disaini paindlikkust, mist\u00f5ttu on need ideaalsed kaasaegsete k\u00f6\u00f6gikappide jaoks, mis n\u00f5uavad nii funktsionaalsust kui ka stiili.<br \/>\n<\/p><br \/>\n<br \/>\n<p><b>3.Kuidas kantakse puidumassi viimistlus alumiiniumprofiilidele?<\/b><\/p>\n<p>Puidumassi efekt saavutatakse tavaliselt pulberv\u00e4rvimise teel, millele j\u00e4rgneb termiline \u00fclekandeprotsess, mille tulemuseks on vastupidav ja realistlik puidulaadne v\u00e4limus alumiiniumpinnal.<br \/>\n<\/p><br \/>\n<br \/>\n<p><b>4.Kas neid alumiiniumprofiile saab kohandada konkreetsete k\u00f6\u00f6gi kujunduste jaoks?<\/b><\/p>\n<p>Jah, profiile saab kuju, suuruse ja viimistluse poolest kohandada vastavalt individuaalsetele k\u00f6\u00f6gi kujundusn\u00f5uetele, tagades t\u00e4iusliku sobivuse ja \u00fchtse v\u00e4limuse.<br \/>\n<\/p><br \/>\n<br \/>\n<p><b>5.Kas puidumassiivsed alumiiniumprofiilid on keskkonnas\u00f5bralikud?<\/b><\/p>\n<p>Jah, alumiinium on taaskasutatav materjal ja nende profiilide tootmisprotsessid on kavandatud keskkonnas\u00f5bralikuks, toetades j\u00e4tkusuutlikke ehitustavasid.<br \/>\n<\/p><br \/>\n<br \/>\n<p><b>6.Milline hooldus on vajalik puidust alumiiniumist k\u00f6\u00f6gikappide profiilide puhul?<\/b><\/p>\n<p>Need profiilid on v\u00e4he hooldust n\u00f5udvad; piisab regulaarsest puhastamisest kerge seebi ja veega, et need n\u00e4eksid v\u00e4lja nagu uued, kuna need on niiskuse- ja plekikindlad.<br \/>\n<\/p><br \/>\n<br \/>\n<p><b>7.Kas need profiilid vastavad rahvusvahelistele kvaliteedistandarditele?<\/b><\/p>\n<p>Jah, mainekad tootjad tagavad, et nende alumiiniumprofiilid vastavad rahvusvahelistele standarditele, nagu CE- ja ISO-sertifikaadid, mis tagavad kvaliteedi ja ohutuse.<br \/>\n<\/p><br \/><\/p>","protected":false},"featured_media":6896,"template":"","categories":[67],"class_list":["post-6897","product","type-product","status-publish","has-post-thumbnail","hentry","category-architectural-aluminium-profile"],"meta_box":{"hilight_text_group":{"product_hilight_text":"<li>Realistic wood grain finishes achieved through advanced powder coating and thermal transfer techniques.<\/li>\r\r\n<li>Constructed from 6063 T5 aluminum alloy, offering lightweight strength and corrosion resistance.<\/li>\r\r\n<li>Customizable profiles tailored to specific kitchen cabinet dimensions and design requirements.<\/li>\r\r\n<li>Low-maintenance surfaces resistant to moisture, warping, and fading, ensuring long-term durability.<\/li>\r\r\n<li>Eco-friendly and recyclable materials supporting sustainable building practices.<\/li>\r\r\n<li>Available in various finishes, including anodized, powder-coated, and wood grain, to match diverse interior styles.<\/li>\r\r\n<li>Precision CNC machining allows for intricate designs and seamless integration into modern kitchen layouts.<\/li>","product_chanpin_blog":"<ul>\r\r\n<li><a href=\"https:\/\/sinoextrud.com\/t-slot-v-slot-differences\/\" target=\"_blank\">t slot vs v slot<\/a><\/li>\r\r\n<li><a href=\"https:\/\/sinoextrud.com\/what-is-4040-aluminium-extrud\/\" target=\"_blank\">4040 aluminium extrusion<\/a><\/li>\r\r\n<li><a href=\"https:\/\/sinoextrud.com\/what-is-4040-aluminium-extrud\/\" target=\"_blank\">aluminum extrusions for industrial racks<\/a><\/li>\r\r\n<li><a href=\"https:\/\/sinoextrud.com\/powder-coating-aluminium-process\/\" target=\"_blank\">powder coating aluminium<\/a><\/li>\r\r\n<li><a href=\"https:\/\/sinoextrud.com\/what-is-an-aluminium-strip-ceiling\/\" target=\"_blank\">aluminium strip ceiling<\/a><\/li>\r\r\n<li><a href=\"https:\/\/sinoextrud.com\/what-is-a-heat-sink\/\" target=\"_blank\">what is a heat sink<\/a><\/li>\r\r\n<\/ul>","product_chanpin_chanpin":"<li><a href=\"https:\/\/sinoextrud.com\/product\/h-channel-aluminum-extrusion\/\" target=\"_blank\">H Channel Aluminum Extrusion<\/a><\/li>\r\n<li><a href=\"https:\/\/sinoextrud.com\/product\/cnc-anodized-6063-curved-aluminum-extrusions\/\" target=\"_blank\">CNC Anodized 6063 Curved Aluminum Extrusions<\/a><\/li>\r\n<li><a href=\"https:\/\/sinoextrud.com\/product\/6063-multiple-size-extruded-aluminium-t-slot\/\" target=\"_blank\">6063 Multiple Size Extruded Aluminium T Slot<\/a><\/li>\r\n<li><a href=\"https:\/\/sinoextrud.com\/product\/commercial-glass-aluminium-railing-systems\/\" target=\"_blank\">Commercial Glass Aluminium Railing Systems<\/a><\/li>\r\n<li><a href=\"https:\/\/sinoextrud.com\/product\/custom-made-modern-wood-grain-color-kitchen-cabinet-aluminium-extrusion-profile\/\" target=\"_blank\">Custom made modern wood grain color kitchen cabinet aluminium extrusion profile<\/a><\/li>\r\n<li><a href=\"https:\/\/sinoextrud.com\/product\/anodized-extruded-u-shaped-aluminium-profile\/\" target=\"_blank\">Anodized Extruded U Shaped Aluminium Profile<\/a><\/li>\r\n<li><a href=\"https:\/\/sinoextrud.com\/product\/aluminium-c-channel-profiles\/\" target=\"_blank\">Aluminium C Channel Profiles<\/a><\/li>\r\n<li><a href=\"https:\/\/sinoextrud.com\/product\/aluminum-z-extrusion\/\" target=\"_blank\">Aluminum Z Extrusion<\/a><\/li>\r\n<li><a href=\"https:\/\/sinoextrud.com\/product\/h-shaped-aluminum-extrusion\/\" target=\"_blank\">H Shaped Aluminum Extrusion<\/a><\/li>\r\n<li><a href=\"https:\/\/sinoextrud.com\/product\/solar-aluminium-profile-2\/\" target=\"_blank\">Solar Aluminium Profile<\/a><\/li>\r\n<li><a href=\"https:\/\/sinoextrud.com\/product\/extruded-aluminum-heatsink-enclosure\/\" target=\"_blank\">Extruded Aluminum Heatsink Enclosure<\/a><\/li>"},"feature_list":[]},"_links":{"self":[{"href":"https:\/\/sinoextrud.com\/et\/wp-json\/wp\/v2\/product\/6897","targetHints":{"allow":["GET"]}}],"collection":[{"href":"https:\/\/sinoextrud.com\/et\/wp-json\/wp\/v2\/product"}],"about":[{"href":"https:\/\/sinoextrud.com\/et\/wp-json\/wp\/v2\/types\/product"}],"wp:featuredmedia":[{"embeddable":true,"href":"https:\/\/sinoextrud.com\/et\/wp-json\/wp\/v2\/media\/6896"}],"wp:attachment":[{"href":"https:\/\/sinoextrud.com\/et\/wp-json\/wp\/v2\/media?parent=6897"}],"wp:term":[{"taxonomy":"category","embeddable":true,"href":"https:\/\/sinoextrud.com\/et\/wp-json\/wp\/v2\/categories?post=6897"}],"curies":[{"name":"wp","href":"https:\/\/api.w.org\/{rel}","templated":true}]}}