{"id":6891,"date":"2025-06-04T01:33:04","date_gmt":"2025-06-04T01:33:04","guid":{"rendered":"https:\/\/sinoextrud.com\/product\/cnc-anodized-6063-curved-aluminum-extrusions\/"},"modified":"2025-06-24T06:11:55","modified_gmt":"2025-06-24T06:11:55","slug":"cnc-anodeeritud-6063-kumerad-alumiiniumprofiilid","status":"publish","type":"product","link":"https:\/\/sinoextrud.com\/et\/product\/cnc-anodized-6063-curved-aluminum-extrusions\/","title":{"rendered":"CNC anodeeritud 6063 kumerad alumiiniumist ekstrusioonid"},"content":{"rendered":"<h2>Toodete \u00fcksikasjad<\/h2>\n<table class=\"custom-table\">\n<tr>\n<td class=\"label\">Hinne:<\/td>\n<td>6063 -t5\uff0c<\/td>\n<\/tr>\n<tr>\n<td class=\"label\">Tehnika:<\/td>\n<td>CNC anodeeritud 6063 kumerad alumiinium ekstrusioonid\uff0c<\/td>\n<\/tr>\n<tr>\n<td class=\"label\">Temperament:<\/td>\n<td>T3 - T8\uff0c<\/td>\n<\/tr>\n<tr>\n<td class=\"label\">T\u00f6\u00f6deldavad teenused:<\/td>\n<td>Puurimine, keermestamine, neetimine, montaa\u017e jne\uff0c<\/td>\n<\/tr>\n<tr>\n<td class=\"label\">Kaubam\u00e4rk:<\/td>\n<td>Sinoextrud Sinoextrud \uff0c<\/td>\n<\/tr>\n<tr>\n<td class=\"label\">T\u00fc\u00fcp:<\/td>\n<td>CNC anodeeritud 6063 kumerad alumiinium ekstrusioonid\uff0c<\/td>\n<\/tr>\n<tr>\n<td class=\"label\">Kuju:<\/td>\n<td>Made as Clients Design\uff0c<\/td>\n<\/tr>\n<tr>\n<td class=\"label\">Pinnat\u00f6\u00f6tlus:<\/td>\n<td>Mill Finish Anodized Brushed\uff0c<\/td>\n<\/tr>\n<tr>\n<td class=\"label\">Pikkus:<\/td>\n<td>1m kuni 9m pikkuse kohta\uff0c<\/td>\n<\/tr>\n<tr>\n<td class=\"label\">V\u00e4rvid:<\/td>\n<td>Silver Black\uff0c<\/td>\n<\/tr>\n<tr>\n<td class=\"label\">HS-kood:<\/td>\n<td>76042990\uff0c<\/td>\n<\/tr>\n<\/table>\n<h2>Meie tootmisbaas<\/h2>\n<h3>Tehase panoraam<\/h3>\n<p><img decoding=\"async\" src=\"\/wp-content\/uploads\/factory-01.webp\"\/><\/p>\n<h3>Alumiiniumvarraste tootmise t\u00f6\u00f6koda<\/h3>\n<p><img decoding=\"async\" src=\"\/wp-content\/uploads\/factory-02.webp\"\/><\/p>\n<\/p>\n<p><img decoding=\"async\" src=\"\/wp-content\/uploads\/factory-03.webp\"\/><\/p>\n<h3>hallituse ladustamise ladu<\/h3>\n<p><img decoding=\"async\" src=\"\/wp-content\/uploads\/factory-04.webp\"\/><\/p>\n<h3>43 alumiiniumi ekstrusiooniliini (500-5500 tonni)<\/h3>\n<p><img decoding=\"async\" src=\"\/wp-content\/uploads\/factory-05.webp\"\/><\/p>\n<p><img decoding=\"async\" src=\"\/wp-content\/uploads\/factory-06.webp\"\/><\/p>\n<p><img decoding=\"async\" src=\"\/wp-content\/uploads\/factory-07.webp\"\/><\/p>\n<h3>Pulberv\u00e4rvimise t\u00f6\u00f6koda<\/h3>\n<p><img decoding=\"async\" src=\"\/wp-content\/uploads\/factory-09.webp\"\/><\/p>\n<h3>Anodiseerimise t\u00f6\u00f6koda<\/h3>\n<p><img decoding=\"async\" src=\"\/wp-content\/uploads\/factory-10.webp\"\/><\/p>\n<h3>S\u00fcgavt\u00f6\u00f6tlemise t\u00f6\u00f6tuba<\/h3>\n<p><img decoding=\"async\" src=\"\/wp-content\/uploads\/factory-11.webp\"\/><\/p>\n<h3>CNC-t\u00e4ppist\u00f6\u00f6tlemise t\u00f6\u00f6koda<\/h3>\n<p><img decoding=\"async\" src=\"\/wp-content\/uploads\/factory-11.5.webp\"\/><\/p>\n<h3>Valmistoodete ja ekspordi ladu<\/h3>\n<p><img decoding=\"async\" src=\"\/wp-content\/uploads\/factory-12.webp\"\/><\/p>\n<p><img decoding=\"async\" src=\"\/wp-content\/uploads\/factory-13.webp\"\/><\/p>\n<p><img decoding=\"async\" src=\"\/wp-content\/uploads\/factory-14.webp\"\/><\/p>\n<h2>KKK<\/h2>\n<p><b>1.Mis on CNC anodeeritud 6063 kumerad alumiiniumist ekstrusioonid?<\/b><\/p>\n<p>Need on 6063 sulamist valmistatud t\u00e4ppisprofiilid, mis on CNC-t\u00f6\u00f6deldud kumerateks kujudeks ja anodeeritud korrosioonikindluse ja visuaalse atraktiivsuse suurendamiseks.\n<\/p>\n<p><\/p>\n<p><b>2.Miks kasutatakse 6063 alumiiniumi kumerate ekstrusioonide jaoks?<\/b><\/p>\n<p>6063 alumiinium tagab suurep\u00e4rase ekstrudeeritavuse, mis on ideaalne detailse ja kumera kuju loomiseks, millel on k\u00f5rge pinnakvaliteet ja tugevus.\n<\/p>\n<p><\/p>\n<p><b>3.Kuidas parandab anodeerimine alumiiniumist ekstrusioone?<\/b><\/p>\n<p>Anodeerimine moodustab alumiiniumi pinnale kaitsva oksiidikihi, mis suurendab korrosiooni- ja kulumiskindlust ning parandab \u00fcldist v\u00e4limust.\n<\/p>\n<p><\/p>\n<p><b>4.Kus kasutatakse CNC anodeeritud 6063 kumerat alumiiniumist ekstrusiooni?<\/b><\/p>\n<p>Kasutatakse tavaliselt arhitektuursete fassaadide, sisekujunduse, autode sisekujunduse, laevakomponentide ja t\u00f6\u00f6stuslike erikonstruktsioonide puhul.\n<\/p>\n<p><\/p>\n<p><b>5.Can CNC anodeeritud 6063 kumerad alumiiniumist ekstrusioonid teha konkreetsete disainilahenduste?<\/b><\/p>\n<p>Jah, neid saab t\u00e4ielikult kohandada kuju, suuruse, kumerusraadiuse ja anodeeritud viimistluse osas, et need vastaksid unikaalsetele projekti spetsifikatsioonidele.\n<\/p>\n<p><\/p>\n<p><b>6.Kas need kumerad alumiiniumprofiilid on keskkonnas\u00f5bralikud?<\/b><\/p>\n<p>Jah, need on valmistatud taaskasutatavast alumiiniumist ja toodetud s\u00e4\u00e4stvate protsesside abil, seega on need keskkonnateadlik valik.\n<\/p>\n<p><\/p>\n<p><b>7.Mis viimistlused on saadaval CNC anodeeritud 6063 kumeratest alumiiniumist ekstrusioonidest?<\/b><\/p>\n<p>Saadaval on erinevad anodeeritud v\u00e4rvid ja viimistlused, sealhulgas matt, harjatud ja l\u00e4ikiv, et vastata esteetilistele n\u00f5uetele.\n<\/p>\n<p><\/p>","protected":false},"featured_media":6890,"template":"","categories":[67],"class_list":["post-6891","product","type-product","status-publish","has-post-thumbnail","hentry","category-architectural-aluminium-profile"],"meta_box":{"hilight_text_group":{"product_hilight_text":"<li>Excellent corrosion resistance for long-lasting performance in harsh environments.<\/li>\r\r\n<li>6063 alloy ensures high-quality extrusion with smooth, curved profiles.<\/li>\r\r\n<li>Advanced CNC machining guarantees precision and consistent dimensions.<\/li>\r\r\n<li>Decorative anodized finish improves durability and aesthetic appeal.<\/li>\r\r\n<li>Lightweight structure reduces transportation and installation costs.<\/li>\r\r\n<li>Customizable designs tailored for architectural and industrial applications.<\/li>\r\r\n<li>Fully recyclable material supports eco-friendly and sustainable production.<\/li>","product_chanpin_blog":"<ul>\r\r\n<li><a href=\"https:\/\/sinoextrud.com\/t-slot-v-slot-differences\/\" target=\"_blank\">t slot vs v slot<\/a><\/li>\r\r\n<li><a href=\"https:\/\/sinoextrud.com\/what-is-4040-aluminium-extrud\/\" target=\"_blank\">4040 aluminium extrusion<\/a><\/li>\r\r\n<li><a href=\"https:\/\/sinoextrud.com\/what-is-4040-aluminium-extrud\/\" target=\"_blank\">aluminum extrusions for industrial racks<\/a><\/li>\r\r\n<li><a href=\"https:\/\/sinoextrud.com\/powder-coating-aluminium-process\/\" target=\"_blank\">powder coating aluminium<\/a><\/li>\r\r\n<li><a href=\"https:\/\/sinoextrud.com\/what-is-an-aluminium-strip-ceiling\/\" target=\"_blank\">aluminium strip ceiling<\/a><\/li>\r\r\n<li><a href=\"https:\/\/sinoextrud.com\/what-is-a-heat-sink\/\" target=\"_blank\">what is a heat sink<\/a><\/li>\r\r\n<\/ul>","product_chanpin_chanpin":"<li><a href=\"https:\/\/sinoextrud.com\/product\/6063-cnc-machining-aluminum-extrusion-hinge\/\" target=\"_blank\">6063 CNC Machining Aluminum Extrusion Hinge<\/a><\/li>\r\n<li><a href=\"https:\/\/sinoextrud.com\/product\/aluminium-track-extrusions\/\" target=\"_blank\">Aluminium Track Extrusions<\/a><\/li>\r\n<li><a href=\"https:\/\/sinoextrud.com\/product\/aluminum-extrusion-aluminium-profile-for-surface-oxidized-pipe\/\" target=\"_blank\">Aluminum Extrusion Aluminium Profile for Surface Oxidized Pipe<\/a><\/li>\r\n<li><a href=\"https:\/\/sinoextrud.com\/product\/h-channel-aluminum-extrusion\/\" target=\"_blank\">H Channel Aluminum Extrusion<\/a><\/li>\r\n<li><a href=\"https:\/\/sinoextrud.com\/product\/cnc-anodized-6063-curved-aluminum-extrusions\/\" target=\"_blank\">CNC Anodized 6063 Curved Aluminum Extrusions<\/a><\/li>\r\n<li><a href=\"https:\/\/sinoextrud.com\/product\/6063-multiple-size-extruded-aluminium-t-slot\/\" target=\"_blank\">6063 Multiple Size Extruded Aluminium T Slot<\/a><\/li>\r\n<li><a href=\"https:\/\/sinoextrud.com\/product\/commercial-glass-aluminium-railing-systems\/\" target=\"_blank\">Commercial Glass Aluminium Railing Systems<\/a><\/li>\r\n<li><a href=\"https:\/\/sinoextrud.com\/product\/custom-made-modern-wood-grain-color-kitchen-cabinet-aluminium-extrusion-profile\/\" target=\"_blank\">Custom made modern wood grain color kitchen cabinet aluminium extrusion profile<\/a><\/li>\r\n<li><a href=\"https:\/\/sinoextrud.com\/product\/anodized-extruded-u-shaped-aluminium-profile\/\" target=\"_blank\">Anodized Extruded U Shaped Aluminium Profile<\/a><\/li>\r\n<li><a href=\"https:\/\/sinoextrud.com\/product\/extruded-aluminum-profiles-prices-competitive-99-pure-aluminum-ingot-curtain-wall-aluminum-profile-extrusion-manufacturers\/\" target=\"_blank\">Extruded aluminum profiles prices competitive 99% pure aluminum ingot curtain wall aluminum profile extrusion manufacturers<\/a><\/li>\r\n<li><a href=\"https:\/\/sinoextrud.com\/product\/aluminium-extrusion-sections\/\" target=\"_blank\">Aluminium Extrusion Sections<\/a><\/li>"},"feature_list":[]},"_links":{"self":[{"href":"https:\/\/sinoextrud.com\/et\/wp-json\/wp\/v2\/product\/6891","targetHints":{"allow":["GET"]}}],"collection":[{"href":"https:\/\/sinoextrud.com\/et\/wp-json\/wp\/v2\/product"}],"about":[{"href":"https:\/\/sinoextrud.com\/et\/wp-json\/wp\/v2\/types\/product"}],"wp:featuredmedia":[{"embeddable":true,"href":"https:\/\/sinoextrud.com\/et\/wp-json\/wp\/v2\/media\/6890"}],"wp:attachment":[{"href":"https:\/\/sinoextrud.com\/et\/wp-json\/wp\/v2\/media?parent=6891"}],"wp:term":[{"taxonomy":"category","embeddable":true,"href":"https:\/\/sinoextrud.com\/et\/wp-json\/wp\/v2\/categories?post=6891"}],"curies":[{"name":"wp","href":"https:\/\/api.w.org\/{rel}","templated":true}]}}