{"id":6889,"date":"2025-06-04T01:26:07","date_gmt":"2025-06-04T01:26:07","guid":{"rendered":"https:\/\/sinoextrud.com\/product\/h-channel-aluminum-extrusion\/"},"modified":"2025-06-24T06:11:54","modified_gmt":"2025-06-24T06:11:54","slug":"h-kanali-alumiinium-ekstrusioon","status":"publish","type":"product","link":"https:\/\/sinoextrud.com\/et\/product\/h-channel-aluminum-extrusion\/","title":{"rendered":"H-kanali alumiiniumist ekstrusioon"},"content":{"rendered":"<h2>Toodete \u00fcksikasjad<\/h2>\n<table class=\"custom-table\">\n<tr>\n<td class=\"label\">Toote nimi<\/td>\n<td>H-kanali alumiiniumi ekstrusioon\uff0c<\/td>\n<\/tr>\n<tr>\n<td class=\"label\">Materjal<\/td>\n<td>6061\/6063-T5 T6\uff0c<\/td>\n<\/tr>\n<tr>\n<td class=\"label\">Pinnat\u00f6\u00f6tlus<\/td>\n<td>Puidutera, anodeeritud, pulberv\u00e4rvimine, elektroforees, PVDF jne.<\/td>\n<\/tr>\n<tr>\n<td class=\"label\">V\u00e4rv<\/td>\n<td>K\u00f5ik v\u00e4rvid saadaval\uff0c<\/td>\n<\/tr>\n<tr>\n<td class=\"label\">MOQ<\/td>\n<td>200KG iga eseme kohta, \u00fcks tonn iga v\u00e4rvi kohta\uff0c<\/td>\n<\/tr>\n<tr>\n<td class=\"label\">Suurus<\/td>\n<td>Nagu kohandatud\uff0c<\/td>\n<\/tr>\n<tr>\n<td class=\"label\">S\u00fcgav protsess<\/td>\n<td>CNC freesimine, stantsimine, puurimine, keermestamine, painutamine\uff0c<\/td>\n<\/tr>\n<tr>\n<td class=\"label\">Garantii<\/td>\n<td>ISO 9001:2008;CQM,SGS,CE,BV,SONCAP\/GB,ISO,JIS,AS,NZS,QUALICOAT\uff0c<\/td>\n<\/tr>\n<tr>\n<td class=\"label\">Juhtumisaeg<\/td>\n<td>Vormide avamine ja proovide testimine 10-12 p\u00e4eva<br \/>\nMasstootmine 20-25 p\u00e4eva\uff0c<\/td>\n<\/tr>\n<tr>\n<td class=\"label\">Tarneaeg<\/td>\n<td>FOB Foshan\/Guangzhou\/Shenzhen\uff0c FOB Foshan\/Guangzhou\/Shenzhen\uff0c<\/td>\n<\/tr>\n<tr>\n<td class=\"label\">Makset\u00e4htaeg<\/td>\n<td>LC v\u00f5i TT 30% deposiit,70% saldo enne laadimist\uff0c<\/td>\n<\/tr>\n<\/table>\n<h2>Meie tootmisbaas<\/h2>\n<h3>Tehase panoraam<\/h3>\n<p><img decoding=\"async\" src=\"\/wp-content\/uploads\/factory-01.webp\"\/><\/p>\n<h3>Alumiiniumvarraste tootmise t\u00f6\u00f6koda<\/h3>\n<p><img decoding=\"async\" src=\"\/wp-content\/uploads\/factory-02.webp\"\/><\/p>\n<\/p>\n<p><img decoding=\"async\" src=\"\/wp-content\/uploads\/factory-03.webp\"\/><\/p>\n<h3>hallituse ladustamise ladu<\/h3>\n<p><img decoding=\"async\" src=\"\/wp-content\/uploads\/factory-04.webp\"\/><\/p>\n<h3>43 alumiiniumi ekstrusiooniliini (500-5500 tonni)<\/h3>\n<p><img decoding=\"async\" src=\"\/wp-content\/uploads\/factory-05.webp\"\/><\/p>\n<p><img decoding=\"async\" src=\"\/wp-content\/uploads\/factory-06.webp\"\/><\/p>\n<p><img decoding=\"async\" src=\"\/wp-content\/uploads\/factory-07.webp\"\/><\/p>\n<h3>Pulberv\u00e4rvimise t\u00f6\u00f6koda<\/h3>\n<p><img decoding=\"async\" src=\"\/wp-content\/uploads\/factory-09.webp\"\/><\/p>\n<h3>Anodiseerimise t\u00f6\u00f6koda<\/h3>\n<p><img decoding=\"async\" src=\"\/wp-content\/uploads\/factory-10.webp\"\/><\/p>\n<h3>S\u00fcgavt\u00f6\u00f6tlemise t\u00f6\u00f6tuba<\/h3>\n<p><img decoding=\"async\" src=\"\/wp-content\/uploads\/factory-11.webp\"\/><\/p>\n<h3>CNC-t\u00e4ppist\u00f6\u00f6tlemise t\u00f6\u00f6koda<\/h3>\n<p><img decoding=\"async\" src=\"\/wp-content\/uploads\/factory-11.5.webp\"\/><\/p>\n<h3>Valmistoodete ja ekspordi ladu<\/h3>\n<p><img decoding=\"async\" src=\"\/wp-content\/uploads\/factory-12.webp\"\/><\/p>\n<p><img decoding=\"async\" src=\"\/wp-content\/uploads\/factory-13.webp\"\/><\/p>\n<p><img decoding=\"async\" src=\"\/wp-content\/uploads\/factory-14.webp\"\/><\/p>\n<h2>KKK<\/h2>\n<p><b>1.Mis on H-kanali alumiiniumprofiil? <\/b><\/p>\n<p> See on H-kujulise ristl\u00f5ikega alumiiniumprofiil, mida kasutatakse erinevates t\u00f6\u00f6stusharudes konstruktsiooni-, raami- ja tugirakendustes.\n<\/p>\n<p><\/p>\n<p><b>2.Millised on H-kanali alumiiniumprofiilide tavalised kasutusalad? <\/b><\/p>\n<p> Neid profiile kasutatakse vaheseinades, ukse- ja aknaraamides, kardinate ja m\u00e4rkide konstruktsioonides ning alumiiniumraamide \u00fchenduskohtadena.\n<\/p>\n<p><\/p>\n<p><b>3.Milliseid sulameid kasutatakse H-kanali alumiiniumprofiilide jaoks? <\/b><\/p>\n<p> 6063-T5 ja 6061 kasutatakse tavaliselt t\u00e4nu nende v\u00e4ga headele mehaanilistele omadustele, korrosioonikindlusele ja ekstrudeeritavusele.\n<\/p>\n<p><\/p>\n<p><b>4.Kas H-kanali alumiiniumprofiile saab kohandada? <\/b><\/p>\n<p> Jah, tootjad pakuvad OEM kohandamist, sealhulgas laiust, k\u00f5rgust, \u00e4\u00e4riku paksust, pesa paigutust ja aukude puurimist, et t\u00e4ita konkreetseid disainin\u00f5udeid.\n<\/p>\n<p><\/p>\n<p><b>5.Milline pinnat\u00f6\u00f6tlus on saadaval? <\/b><\/p>\n<p> Tavalised viimistlused h\u00f5lmavad korrosioonikindluse tagamiseks anodeerimist, v\u00e4rvi ja vastupidavuse tagamiseks pulberv\u00e4rvimist ning standardse t\u00f6\u00f6stusliku kasutuse jaoks veskiviimistlust.\n<\/p>\n<p><\/p>\n<p><b>6.Kas H-kanalid sobivad v\u00e4litingimustes kasutamiseks? <\/b><\/p>\n<p> Jah, sobiva pinnaviimistlusega H-kanaliga alumiiniumprofiilid on ideaalsed konstruktsiooniliste ja dekoratiivsete v\u00e4lisrakenduste jaoks.\n<\/p>\n<p><\/p>\n<p><b>7.Kuidas H-kanali ekstrusioonid tavaliselt paigaldatakse? <\/b><\/p>\n<p> Need paigaldatakse kruvide v\u00f5i kronsteinide abil v\u00f5i paigaldatakse modulaarsetesse raamis\u00fcsteemidesse, s\u00f5ltuvalt kasutusotstarbest.\n<\/p>\n<p><\/p>\n<p><b>8.Kas ma saan hankida H-kanali alumiiniumprofiile lahtiselt Hiinast? <\/b><\/p>\n<p> Kindlasti pakuvad Hiina tipptootjad suure tootmismahu, konkurentsiv\u00f5imelise hinnakujunduse ja eksporditeenuseid koos OEM-toega.\n<\/p>\n<p><\/p>","protected":false},"featured_media":6888,"template":"","categories":[67],"class_list":["post-6889","product","type-product","status-publish","has-post-thumbnail","hentry","category-architectural-aluminium-profile"],"meta_box":{"hilight_text_group":{"product_hilight_text":"<li>H channel aluminum extrusion designed for structural framing, partitions, and architectural cladding systems<\/li>\r\r\n<li>Manufactured from durable 6061 or 6063 alloy offering excellent corrosion resistance and strength-to-weight ratio<\/li>\r\r\n<li>Available in various widths, flange thicknesses, and slot configurations for versatile applications<\/li>\r\r\n<li>Surface finishes include anodized, powder-coated, and mill finish for enhanced durability and aesthetics<\/li>\r\r\n<li>OEM customization supported for profile size, cut length, and special fabrication needs<\/li>","product_chanpin_blog":"<ul>\r\r\n<li><a href=\"https:\/\/sinoextrud.com\/t-slot-v-slot-differences\/\" target=\"_blank\">t slot vs v slot<\/a><\/li>\r\r\n<li><a href=\"https:\/\/sinoextrud.com\/what-is-4040-aluminium-extrud\/\" target=\"_blank\">4040 aluminium extrusion<\/a><\/li>\r\r\n<li><a href=\"https:\/\/sinoextrud.com\/what-is-4040-aluminium-extrud\/\" target=\"_blank\">aluminum extrusions for industrial racks<\/a><\/li>\r\r\n<li><a href=\"https:\/\/sinoextrud.com\/powder-coating-aluminium-process\/\" target=\"_blank\">powder coating aluminium<\/a><\/li>\r\r\n<li><a href=\"https:\/\/sinoextrud.com\/what-is-an-aluminium-strip-ceiling\/\" target=\"_blank\">aluminium strip ceiling<\/a><\/li>\r\r\n<li><a href=\"https:\/\/sinoextrud.com\/what-is-a-heat-sink\/\" target=\"_blank\">what is a heat sink<\/a><\/li>\r\r\n<\/ul>","product_chanpin_chanpin":"<li><a href=\"https:\/\/sinoextrud.com\/product\/aluminum-window-frame-extrusions\/\" target=\"_blank\">Aluminum Window Frame Extrusions<\/a><\/li>\r\n<li><a href=\"https:\/\/sinoextrud.com\/product\/6063-cnc-machining-aluminum-extrusion-hinge\/\" target=\"_blank\">6063 CNC Machining Aluminum Extrusion Hinge<\/a><\/li>\r\n<li><a href=\"https:\/\/sinoextrud.com\/product\/aluminium-track-extrusions\/\" target=\"_blank\">Aluminium Track Extrusions<\/a><\/li>\r\n<li><a href=\"https:\/\/sinoextrud.com\/product\/aluminum-extrusion-aluminium-profile-for-surface-oxidized-pipe\/\" target=\"_blank\">Aluminum Extrusion Aluminium Profile for Surface Oxidized Pipe<\/a><\/li>\r\n<li><a href=\"https:\/\/sinoextrud.com\/product\/h-channel-aluminum-extrusion\/\" target=\"_blank\">H Channel Aluminum Extrusion<\/a><\/li>\r\n<li><a href=\"https:\/\/sinoextrud.com\/product\/cnc-anodized-6063-curved-aluminum-extrusions\/\" target=\"_blank\">CNC Anodized 6063 Curved Aluminum Extrusions<\/a><\/li>\r\n<li><a href=\"https:\/\/sinoextrud.com\/product\/6063-multiple-size-extruded-aluminium-t-slot\/\" target=\"_blank\">6063 Multiple Size Extruded Aluminium T Slot<\/a><\/li>\r\n<li><a href=\"https:\/\/sinoextrud.com\/product\/commercial-glass-aluminium-railing-systems\/\" target=\"_blank\">Commercial Glass Aluminium Railing Systems<\/a><\/li>\r\n<li><a href=\"https:\/\/sinoextrud.com\/product\/custom-made-modern-wood-grain-color-kitchen-cabinet-aluminium-extrusion-profile\/\" target=\"_blank\">Custom made modern wood grain color kitchen cabinet aluminium extrusion profile<\/a><\/li>\r\n<li><a href=\"https:\/\/sinoextrud.com\/product\/extruded-aluminium-skirting-aluminium-skirting-board\/\" target=\"_blank\">Extruded Aluminium Skirting Aluminium Skirting Board<\/a><\/li>\r\n<li><a href=\"https:\/\/sinoextrud.com\/product\/6063-t5-extruded-aluminum-t-slot\/\" target=\"_blank\">6063 T5 Extruded Aluminum T Slot<\/a><\/li>"},"feature_list":[]},"_links":{"self":[{"href":"https:\/\/sinoextrud.com\/et\/wp-json\/wp\/v2\/product\/6889","targetHints":{"allow":["GET"]}}],"collection":[{"href":"https:\/\/sinoextrud.com\/et\/wp-json\/wp\/v2\/product"}],"about":[{"href":"https:\/\/sinoextrud.com\/et\/wp-json\/wp\/v2\/types\/product"}],"wp:featuredmedia":[{"embeddable":true,"href":"https:\/\/sinoextrud.com\/et\/wp-json\/wp\/v2\/media\/6888"}],"wp:attachment":[{"href":"https:\/\/sinoextrud.com\/et\/wp-json\/wp\/v2\/media?parent=6889"}],"wp:term":[{"taxonomy":"category","embeddable":true,"href":"https:\/\/sinoextrud.com\/et\/wp-json\/wp\/v2\/categories?post=6889"}],"curies":[{"name":"wp","href":"https:\/\/api.w.org\/{rel}","templated":true}]}}