{"id":6864,"date":"2025-06-03T02:58:31","date_gmt":"2025-06-03T02:58:31","guid":{"rendered":"https:\/\/sinoextrud.com\/product\/anodized-aluminium-industrial-profile-aluminum-extrusion-2\/"},"modified":"2025-06-24T06:11:53","modified_gmt":"2025-06-24T06:11:53","slug":"anodeeritud-alumiinium-toostuslik-profiil-alumiinium-ekstrusioon-2","status":"publish","type":"product","link":"https:\/\/sinoextrud.com\/et\/product\/anodized-aluminium-industrial-profile-aluminum-extrusion-2\/","title":{"rendered":"Anodeeritud alumiinium t\u00f6\u00f6stuslik profiil alumiiniumi ekstrusioon"},"content":{"rendered":"<h2>Toodete \u00fcksikasjad<\/h2>\n<table class=\"custom-table\">\n<tr>\n<td class=\"label\">Objekt:<\/td>\n<td> Anodeeritud alumiiniumist t\u00f6\u00f6stuslik profiil ja alumiiniumi ekstrusioon\uff0c<\/td>\n<\/tr>\n<tr>\n<td class=\"label\">Mudel nr.:<\/td>\n<td> 6000 seeria\uff0c<\/td>\n<\/tr>\n<tr>\n<td class=\"label\">Kuju:<\/td>\n<td> Nurk, ruudukujuline, \u00fcmmargune, lame, T-profiil, kohandatud\uff0c<\/td>\n<\/tr>\n<tr>\n<td class=\"label\">Temperament:<\/td>\n<td> T3-T8\uff0c<\/td>\n<\/tr>\n<tr>\n<td class=\"label\">Sulam:<\/td>\n<td> Alloy\uff0c<\/td>\n<\/tr>\n<tr>\n<td class=\"label\">Legeeriv koostisosa:<\/td>\n<td> 6063-T5, 6061-T6, 6463-T5, 7075-T6, 6082\uff0c<\/td>\n<\/tr>\n<tr>\n<td class=\"label\">Poleeritud alumiiniumprofiil:<\/td>\n<td> Mehhaaniline poleerimine\uff0c<\/td>\n<\/tr>\n<tr>\n<td class=\"label\">Sadam:<\/td>\n<td> Shenzhen, Guangzhou, Foshan\uff0c<\/td>\n<\/tr>\n<tr>\n<td class=\"label\">MOQ:<\/td>\n<td> 200KG iga eseme jaoks\uff0c<\/td>\n<\/tr>\n<tr>\n<td class=\"label\">Tootmisv\u00f5imsus:<\/td>\n<td> 15000+ tonni kuus\uff0c<\/td>\n<\/tr>\n<tr>\n<td class=\"label\">Transpordipakett:<\/td>\n<td> Seest: \uff0c pakitud plastist kaitsekilega, v\u00e4ljast: \uff0c pakitud veekindla k\u00e4sit\u00f6\u00f6paberiga\uff0c<\/td>\n<\/tr>\n<tr>\n<td class=\"label\">P\u00e4ritolu:<\/td>\n<td> Foshan, Hiina\uff0c<\/td>\n<\/tr>\n<tr>\n<td class=\"label\">Hinne:<\/td>\n<td> 6000 seeria\uff0c<\/td>\n<\/tr>\n<tr>\n<td class=\"label\">Pinna viimistlemine:<\/td>\n<td> Anodeeritud, puidumass, poleeritud, harjatud, elektroforeeritud, elektroporeeritud<\/td>\n<\/tr>\n<tr>\n<td class=\"label\">Sertifitseerimine:<\/td>\n<td> CE, ISO, RoHS, TUV\uff0c<\/td>\n<\/tr>\n<tr>\n<td class=\"label\">Tarneaeg:<\/td>\n<td> 20-30 p\u00e4eva p\u00e4rast hoiuse saamist\uff0c<\/td>\n<\/tr>\n<tr>\n<td class=\"label\">Makset\u00e4htaeg:<\/td>\n<td> T \/ T, 30% ettemaks, samas kui saldo tuleb tasuda enne tarnimist \uff0c<\/td>\n<\/tr>\n<tr>\n<td class=\"label\">Garantii:<\/td>\n<td> Pinnav\u00e4rv suudab p\u00fcsida 10~20 aastat \uff0c<\/td>\n<\/tr>\n<tr>\n<td class=\"label\">Objekt:<\/td>\n<td> Alumiinium ekstrusiooniprofiil\uff0c<\/td>\n<\/tr>\n<tr>\n<td class=\"label\">Spetsifikatsioon:<\/td>\n<td> 1m-9m v\u00f5i kohandatud suurus\uff0c<\/td>\n<\/tr>\n<\/table>\n<h2>Meie tootmisbaas<\/h2>\n<h3>Tehase panoraam<\/h3>\n<p><img decoding=\"async\" src=\"\/wp-content\/uploads\/factory-01.webp\"\/><\/p>\n<h3>Alumiiniumvarraste tootmise t\u00f6\u00f6koda<\/h3>\n<p><img decoding=\"async\" src=\"\/wp-content\/uploads\/factory-02.webp\"\/><\/p>\n<\/p>\n<p><img decoding=\"async\" src=\"\/wp-content\/uploads\/factory-03.webp\"\/><\/p>\n<h3>hallituse ladustamise ladu<\/h3>\n<p><img decoding=\"async\" src=\"\/wp-content\/uploads\/factory-04.webp\"\/><\/p>\n<h3>43 alumiiniumi ekstrusiooniliini (500-5500 tonni)<\/h3>\n<p><img decoding=\"async\" src=\"\/wp-content\/uploads\/factory-05.webp\"\/><\/p>\n<p><img decoding=\"async\" src=\"\/wp-content\/uploads\/factory-06.webp\"\/><\/p>\n<p><img decoding=\"async\" src=\"\/wp-content\/uploads\/factory-07.webp\"\/><\/p>\n<h3>Pulberv\u00e4rvimise t\u00f6\u00f6koda<\/h3>\n<p><img decoding=\"async\" src=\"\/wp-content\/uploads\/factory-09.webp\"\/><\/p>\n<h3>Anodiseerimise t\u00f6\u00f6koda<\/h3>\n<p><img decoding=\"async\" src=\"\/wp-content\/uploads\/factory-10.webp\"\/><\/p>\n<h3>S\u00fcgavt\u00f6\u00f6tlemise t\u00f6\u00f6tuba<\/h3>\n<p><img decoding=\"async\" src=\"\/wp-content\/uploads\/factory-11.webp\"\/><\/p>\n<h3>CNC-t\u00e4ppist\u00f6\u00f6tlemise t\u00f6\u00f6koda<\/h3>\n<p><img decoding=\"async\" src=\"\/wp-content\/uploads\/factory-11.5.webp\"\/><\/p>\n<h3>Valmistoodete ja ekspordi ladu<\/h3>\n<p><img decoding=\"async\" src=\"\/wp-content\/uploads\/factory-12.webp\"\/><\/p>\n<p><img decoding=\"async\" src=\"\/wp-content\/uploads\/factory-13.webp\"\/><\/p>\n<p><img decoding=\"async\" src=\"\/wp-content\/uploads\/factory-14.webp\"\/><\/p>\n<h2>KKK<\/h2>\n<p><b>1.Mis on anodeeritud alumiiniumist t\u00f6\u00f6stusprofiil?<\/b><\/p>\n<p>Anodeeritud alumiiniumist t\u00f6\u00f6stuslik profiil on alumiiniumist pressprofiil, mida on t\u00f6\u00f6deldud anoodikihiga, et suurendada korrosioonikindlust, vastupidavust ja pinna esteetilisust.\n<\/p>\n<p><\/p>\n<p><b>2.Miks valida alumiiniumist ekstrusioon t\u00f6\u00f6stuslike rakenduste jaoks?<\/b><\/p>\n<p>Alumiiniumi ekstrusioon pakub kerget tugevust, t\u00e4psust ja paindlikkust, mist\u00f5ttu on see ideaalne t\u00f6\u00f6stuslikuks konstruktsiooniliseks ja mehaaniliseks kasutamiseks.\n<\/p>\n<p><\/p>\n<p><b>3.Millised on anodeeritud alumiiniumi ekstrusiooni eelised?<\/b><\/p>\n<p>Anodeeritud alumiiniumist ekstrusioon pakub paremat korrosioonikindlust, paremat v\u00e4limust ja pikemat kasutusiga.\n<\/p>\n<p><\/p>\n<p><b>4.Kas anodeeritud alumiinium sobib v\u00e4litingimustes kasutamiseks?<\/b><\/p>\n<p>Jah, anodeeritud alumiiniumist t\u00f6\u00f6stusprofiilid on v\u00e4ga vastupidavad ilmastikutingimustele, mist\u00f5ttu sobivad need ideaalselt v\u00e4litingimustes kasutamiseks.\n<\/p>\n<p><\/p>\n<p><b>5.Kas ma saan alumiiniumprofiili kuju kohandada?<\/b><\/p>\n<p>Jah, alumiiniumprofiile saab kohandada vastavalt t\u00f6\u00f6stuslikele erin\u00f5uetele ja m\u00f5\u00f5tmetele.\n<\/p>\n<p><\/p>\n<p><b>6.Kui tugev on anodeeritud alumiiniumprofiil?<\/b><\/p>\n<p>Anodeeritud alumiiniumprofiilid tagavad suurep\u00e4rase struktuurilise terviklikkuse, j\u00e4\u00e4des samal ajal kergeks, mis on ideaalne kandvate rakenduste jaoks.\n<\/p>\n<p><\/p>\n<p><b>7.Kas anodeeritud alumiiniumprofiilid on keskkonnas\u00f5bralikud?<\/b><\/p>\n<p>Jah, anodeeritud alumiinium on mittetoksiline, taaskasutatav ja madala keskkonnam\u00f5juga, mis teeb sellest j\u00e4tkusuutliku valiku.\n<\/p>\n<p><\/p>\n<p><b>8.Kuidas parandab anodeerimine alumiiniumi j\u00f5udlust?<\/b><\/p>\n<p>Anodeerimine loob alumiiniumile kaitsva oksiidikihi, mis suurendab k\u00f5vadust, korrosioonikindlust ja kulumiskindlust.\n<\/p>\n<p><\/p>","protected":false},"featured_media":6863,"template":"","categories":[67],"class_list":["post-6864","product","type-product","status-publish","has-post-thumbnail","hentry","category-architectural-aluminium-profile"],"meta_box":{"hilight_text_group":{"product_hilight_text":"<li>High corrosion resistance for long-lasting durability<\/li>\r\r\n<li>Precision extruded for consistent performance and fit<\/li>\r\r\n<li>Lightweight yet strong for structural applications<\/li>\r\r\n<li>Customizable profiles to meet specific industrial needs<\/li>\r\r\n<li>Excellent surface finish with anodized coating<\/li>\r\r\n<li>Eco-friendly and recyclable material<\/li>\r\r\n<li>Ideal for automation, construction, and machinery frameworks<\/li>","product_chanpin_blog":"<ul>\r\r\n<li><a href=\"https:\/\/sinoextrud.com\/t-slot-v-slot-differences\/\" target=\"_blank\">t slot vs v slot<\/a><\/li>\r\r\n<li><a href=\"https:\/\/sinoextrud.com\/what-is-4040-aluminium-extrud\/\" target=\"_blank\">4040 aluminium extrusion<\/a><\/li>\r\r\n<li><a href=\"https:\/\/sinoextrud.com\/what-is-4040-aluminium-extrud\/\" target=\"_blank\">aluminum extrusions for industrial racks<\/a><\/li>\r\r\n<li><a href=\"https:\/\/sinoextrud.com\/powder-coating-aluminium-process\/\" target=\"_blank\">powder coating aluminium<\/a><\/li>\r\r\n<li><a href=\"https:\/\/sinoextrud.com\/what-is-an-aluminium-strip-ceiling\/\" target=\"_blank\">aluminium strip ceiling<\/a><\/li>\r\r\n<li><a href=\"https:\/\/sinoextrud.com\/what-is-a-heat-sink\/\" target=\"_blank\">what is a heat sink<\/a><\/li>\r\r\n<\/ul>","product_chanpin_chanpin":"<li><a href=\"https:\/\/sinoextrud.com\/product\/aluminum-sunshading-profile\/\" target=\"_blank\">Aluminum Sunshading Profile<\/a><\/li>\r\n<li><a href=\"https:\/\/sinoextrud.com\/product\/industrial-customized-6063-t5-alloy-aluminium-extrusion-profile\/\" target=\"_blank\">Industrial Customized 6063-T5 Alloy Aluminium Extrusion Profile<\/a><\/li>\r\n<li><a href=\"https:\/\/sinoextrud.com\/product\/aluminium-round-tube-extrusion-profile-with-anodized-powder-coating-surface-treatment-oem-customized-extruded-aluminium-tube-profile\/\" target=\"_blank\">Aluminium Round Tube Extrusion Profile With Anodized Powder Coating Surface Treatment OEM Customized  Extruded Aluminium Tube Profile<\/a><\/li>\r\n<li><a href=\"https:\/\/sinoextrud.com\/product\/anodized-aluminium-industrial-profile-aluminum-extrusion\/\" target=\"_blank\">Anodized Aluminium Industrial Profile & Aluminum Extrusion<\/a><\/li>\r\n<li><a href=\"https:\/\/sinoextrud.com\/product\/anodized-aluminium-industrial-profile-aluminum-extrusion-2\/\" target=\"_blank\">Anodized Aluminium Industrial Profile  Aluminum Extrusion<\/a><\/li>\r\n<li><a href=\"https:\/\/sinoextrud.com\/product\/aluminium-frame-extrusion-profile-picture-frame-profile-for-interior-decoration-supplied-by-china-manufacturer\/\" target=\"_blank\">Aluminium Frame Extrusion Profile Picture Frame Profile for Interior Decoration Supplied By China Manufacturer<\/a><\/li>\r\n<li><a href=\"https:\/\/sinoextrud.com\/product\/aluminum-window-frame-extrusions\/\" target=\"_blank\">Aluminum Window Frame Extrusions<\/a><\/li>\r\n<li><a href=\"https:\/\/sinoextrud.com\/product\/6063-cnc-machining-aluminum-extrusion-hinge\/\" target=\"_blank\">6063 CNC Machining Aluminum Extrusion Hinge<\/a><\/li>\r\n<li><a href=\"https:\/\/sinoextrud.com\/product\/aluminium-track-extrusions\/\" target=\"_blank\">Aluminium Track Extrusions<\/a><\/li>\r\n<li><a href=\"https:\/\/sinoextrud.com\/product\/thin-wall-extruded-aluminum-tubing\/\" target=\"_blank\">Thin Wall Extruded Aluminum Tubing<\/a><\/li>\r\n<li><a href=\"https:\/\/sinoextrud.com\/product\/customize-extruded-aluminium-shower-profiles\/\" target=\"_blank\">Customize Extruded Aluminium Shower Profiles<\/a><\/li>"},"feature_list":[]},"_links":{"self":[{"href":"https:\/\/sinoextrud.com\/et\/wp-json\/wp\/v2\/product\/6864","targetHints":{"allow":["GET"]}}],"collection":[{"href":"https:\/\/sinoextrud.com\/et\/wp-json\/wp\/v2\/product"}],"about":[{"href":"https:\/\/sinoextrud.com\/et\/wp-json\/wp\/v2\/types\/product"}],"wp:featuredmedia":[{"embeddable":true,"href":"https:\/\/sinoextrud.com\/et\/wp-json\/wp\/v2\/media\/6863"}],"wp:attachment":[{"href":"https:\/\/sinoextrud.com\/et\/wp-json\/wp\/v2\/media?parent=6864"}],"wp:term":[{"taxonomy":"category","embeddable":true,"href":"https:\/\/sinoextrud.com\/et\/wp-json\/wp\/v2\/categories?post=6864"}],"curies":[{"name":"wp","href":"https:\/\/api.w.org\/{rel}","templated":true}]}}