{"id":6847,"date":"2025-06-03T02:17:31","date_gmt":"2025-06-03T02:17:31","guid":{"rendered":"https:\/\/sinoextrud.com\/product\/oem-aluminium-extrusion-profile-for-furniture-knobs-door-pull-handle\/"},"modified":"2025-06-24T06:11:50","modified_gmt":"2025-06-24T06:11:50","slug":"oem-alumiiniumist-ekstrusiooniprofiil-moobli-nupud-ukse-tombekaepide","status":"publish","type":"product","link":"https:\/\/sinoextrud.com\/et\/product\/oem-aluminium-extrusion-profile-for-furniture-knobs-door-pull-handle\/","title":{"rendered":"OEM alumiiniumist ekstrusiooniprofiil m\u00f6\u00f6bli nupud ukse t\u00f5mbek\u00e4epide jaoks"},"content":{"rendered":"<h2>Toodete \u00fcksikasjad<\/h2>\n<table class=\"custom-table\">\n<tr>\n<td class=\"label\">Objekt:<\/td>\n<td>OEM alumiiniumist ekstrusiooniprofiil m\u00f6\u00f6bli nupud ukse t\u00f5mbek\u00e4epide jaoks<\/td>\n<\/tr>\n<tr>\n<td class=\"label\">Hinne:<\/td>\n<td>6000 seeria<\/td>\n<\/tr>\n<tr>\n<td class=\"label\">Tehnika:<\/td>\n<td>V\u00e4ljapressitud<\/td>\n<\/tr>\n<tr>\n<td class=\"label\">Temperament:<\/td>\n<td>T3 - T8<\/td>\n<\/tr>\n<tr>\n<td class=\"label\">Suurus:<\/td>\n<td>Kohandatud<\/td>\n<\/tr>\n<tr>\n<td class=\"label\">Transpordipakett:<\/td>\n<td>Ekspordi standardpakett<\/td>\n<\/tr>\n<tr>\n<td class=\"label\">P\u00e4ritolu:<\/td>\n<td>Hiina<\/td>\n<\/tr>\n<tr>\n<td class=\"label\">T\u00fc\u00fcp:<\/td>\n<td>Alumiiniumprofiilid<\/td>\n<\/tr>\n<tr>\n<td class=\"label\">Pinnat\u00f6\u00f6tlus:<\/td>\n<td>Mill Finish<\/td>\n<\/tr>\n<tr>\n<td class=\"label\">Sulam:<\/td>\n<td>Sulam<\/td>\n<\/tr>\n<tr>\n<td class=\"label\">Sertifitseerimine:<\/td>\n<td>CE<\/td>\n<\/tr>\n<tr>\n<td class=\"label\">Materjal:<\/td>\n<td>Alumiiniumsulam<\/td>\n<\/tr>\n<tr>\n<td class=\"label\">Spetsifikatsioon:<\/td>\n<td>SGS<\/td>\n<\/tr>\n<\/table>\n<h2>Meie tootmisbaas<\/h2>\n<h3>Tehase panoraam<\/h3>\n<p><img decoding=\"async\" src=\"\/wp-content\/uploads\/factory-01.webp\"\/><\/p>\n<h3>Alumiiniumvarraste tootmise t\u00f6\u00f6koda<\/h3>\n<p><img decoding=\"async\" src=\"\/wp-content\/uploads\/factory-02.webp\"\/><\/p>\n<\/p>\n<p><img decoding=\"async\" src=\"\/wp-content\/uploads\/factory-03.webp\"\/><\/p>\n<h3>hallituse ladustamise ladu<\/h3>\n<p><img decoding=\"async\" src=\"\/wp-content\/uploads\/factory-04.webp\"\/><\/p>\n<h3>43 alumiiniumi ekstrusiooniliini (500-5500 tonni)<\/h3>\n<p><img decoding=\"async\" src=\"\/wp-content\/uploads\/factory-05.webp\"\/><\/p>\n<p><img decoding=\"async\" src=\"\/wp-content\/uploads\/factory-06.webp\"\/><\/p>\n<p><img decoding=\"async\" src=\"\/wp-content\/uploads\/factory-07.webp\"\/><\/p>\n<h3>Pulberv\u00e4rvimise t\u00f6\u00f6koda<\/h3>\n<p><img decoding=\"async\" src=\"\/wp-content\/uploads\/factory-09.webp\"\/><\/p>\n<h3>Anodiseerimise t\u00f6\u00f6koda<\/h3>\n<p><img decoding=\"async\" src=\"\/wp-content\/uploads\/factory-10.webp\"\/><\/p>\n<h3>S\u00fcgavt\u00f6\u00f6tlemise t\u00f6\u00f6tuba<\/h3>\n<p><img decoding=\"async\" src=\"\/wp-content\/uploads\/factory-11.webp\"\/><\/p>\n<h3>CNC-t\u00e4ppist\u00f6\u00f6tlemise t\u00f6\u00f6koda<\/h3>\n<p><img decoding=\"async\" src=\"\/wp-content\/uploads\/factory-11.5.webp\"\/><\/p>\n<h3>Valmistoodete ja ekspordi ladu<\/h3>\n<p><img decoding=\"async\" src=\"\/wp-content\/uploads\/factory-12.webp\"\/><\/p>\n<p><img decoding=\"async\" src=\"\/wp-content\/uploads\/factory-13.webp\"\/><\/p>\n<p><img decoding=\"async\" src=\"\/wp-content\/uploads\/factory-14.webp\"\/><\/p>\n<h2>KKK<\/h2>\n<p><b>1.Mis on OEM alumiiniumist pressprofiil nuppude ja k\u00e4epidemete jaoks? <\/b><\/p>\n<p> See on spetsiaalselt projekteeritud alumiiniumprofiil, mis on pressitud m\u00f6\u00f6blinuppude, ukselingide ja kapi k\u00e4epidemete valmistamiseks.\n<\/p>\n<p><\/p>\n<p><b>2.Miks kasutada alumiiniumi m\u00f6\u00f6bli riistvara jaoks? <\/b><\/p>\n<p> Alumiinium on kerge, tugev, korrosioonikindel ja v\u00e4ga h\u00e4sti kohandatav - ideaalne vastupidavaks ja stiilseks riistvaraks.\n<\/p>\n<p><\/p>\n<p><b>3.Milline sulam on parim k\u00e4epideme ja nupu profiilide jaoks? <\/b><\/p>\n<p> 6063-T5 sulamit kasutatakse tavaliselt selle suurep\u00e4rase pinnaviimistluse, vormitavuse ning kulumis- ja oks\u00fcdatsioonikindluse t\u00f5ttu.\n<\/p>\n<p><\/p>\n<p><b>4.Millised pinnaviimistlused on alumiiniumist k\u00e4epidemete puhul saadaval? <\/b><\/p>\n<p> Viimistlused h\u00f5lmavad anodeeritud (selge, must, pronks), pulberv\u00e4rvitud, harjatud ja puidumassiga viimistlusi erinevate dekoratiivsete stiilide jaoks.\n<\/p>\n<p><\/p>\n<p><b>5.Kas kuju ja suurust saab kohandada? <\/b><\/p>\n<p> Jah, OEM-tootjad pakuvad t\u00e4ielikku kohandamist m\u00f5\u00f5tmete, kumeruse, paigaldusv\u00f5imaluste ja viimistluse osas, et sobida konkreetsetele m\u00f6\u00f6bliliinidele.\n<\/p>\n<p><\/p>\n<p><b>6.Millistes rakendustes kasutatakse alumiiniumist k\u00e4epidemeprofiile? <\/b><\/p>\n<p> Neid kasutatakse k\u00f6\u00f6gikappides, sahtlites, l\u00fckanduksed, riidekapid, kontorim\u00f6\u00f6bel ja siseukses\u00fcsteemid.\n<\/p>\n<p><\/p>\n<p><b>7.Kas neid profiile on lihtne paigaldada? <\/b><\/p>\n<p> Jah, alumiiniumist k\u00e4epidemeprofiilid on m\u00f5eldud kiireks paigaldamiseks standardvarustuse v\u00f5i integreeritud paigalduslahenduste abil.\n<\/p>\n<p><\/p>\n<p><b>8. kust ma saan neid profiile tehasehinnaga hankida? <\/b><\/p>\n<p> Hiina tipptootjad pakuvad OEM alumiiniumist pressprofiile lahtiselt koos t\u00e4ieliku kohandamise ja eksporditoetusega m\u00f6\u00f6bli- ja riistvarabr\u00e4ndidele.\n<\/p>\n<p><\/p>","protected":false},"featured_media":6846,"template":"","categories":[67],"class_list":["post-6847","product","type-product","status-publish","has-post-thumbnail","hentry","category-architectural-aluminium-profile"],"meta_box":{"hilight_text_group":{"product_hilight_text":"<li>OEM aluminium extrusion profiles tailored for furniture knobs, door pulls, and handles<\/li>\r\r\n<li>Made from high-quality 6063-T5 alloy ensuring excellent machinability and corrosion resistance<\/li>\r\r\n<li>Available in a variety of surface finishes including anodized, brushed, powder-coated, and wood grain<\/li>\r\r\n<li>Customizable shapes and dimensions to suit modern, minimalist, or classic furniture designs<\/li>\r\r\n<li>Lightweight, durable, and easy to integrate into cabinetry, wardrobes, drawers, and interior doors<\/li>","product_chanpin_blog":"<ul>\r\r\n<li><a href=\"https:\/\/sinoextrud.com\/t-slot-v-slot-differences\/\" target=\"_blank\">t slot vs v slot<\/a><\/li>\r\r\n<li><a href=\"https:\/\/sinoextrud.com\/what-is-4040-aluminium-extrud\/\" target=\"_blank\">4040 aluminium extrusion<\/a><\/li>\r\r\n<li><a href=\"https:\/\/sinoextrud.com\/what-is-4040-aluminium-extrud\/\" target=\"_blank\">aluminum extrusions for industrial racks<\/a><\/li>\r\r\n<li><a href=\"https:\/\/sinoextrud.com\/powder-coating-aluminium-process\/\" target=\"_blank\">powder coating aluminium<\/a><\/li>\r\r\n<li><a href=\"https:\/\/sinoextrud.com\/what-is-an-aluminium-strip-ceiling\/\" target=\"_blank\">aluminium strip ceiling<\/a><\/li>\r\r\n<li><a href=\"https:\/\/sinoextrud.com\/what-is-a-heat-sink\/\" target=\"_blank\">what is a heat sink<\/a><\/li>\r\r\n<\/ul>","product_chanpin_chanpin":"<li><a href=\"https:\/\/sinoextrud.com\/product\/aluminium-sliding-door-electrophoresis-golden\/\" target=\"_blank\">Aluminium Sliding Door Electrophoresis Golden<\/a><\/li>\r\n<li><a href=\"https:\/\/sinoextrud.com\/product\/extruded-aluminium-profile-tube-pipe-with-oval-trigle-square-round-shape-manufacturer-price\/\" target=\"_blank\">Extruded Aluminium Profile Tube Pipe With Oval Trigle Square Round Shape Manufacturer Price<\/a><\/li>\r\n<li><a href=\"https:\/\/sinoextrud.com\/product\/aluminium-sliding-door-brushed-grey\/\" target=\"_blank\">Aluminium Sliding Door Brushed Grey<\/a><\/li>\r\n<li><a href=\"https:\/\/sinoextrud.com\/product\/aluminium-sliding-door-matt-grey\/\" target=\"_blank\">Aluminium Sliding Door Matt Grey<\/a><\/li>\r\n<li><a href=\"https:\/\/sinoextrud.com\/product\/oem-aluminium-extrusion-profile-for-furniture-knobs-door-pull-handle\/\" target=\"_blank\">OEM Aluminium Extrusion Profile For Furniture Knobs Door Pull Handle<\/a><\/li>\r\n<li><a href=\"https:\/\/sinoextrud.com\/product\/aluminium-profile-for-glass-roof\/\" target=\"_blank\">Aluminium Profile For Glass Roof<\/a><\/li>\r\n<li><a href=\"https:\/\/sinoextrud.com\/product\/aluminium-z-section-extrusions\/\" target=\"_blank\">Aluminium Z Section Extrusions<\/a><\/li>\r\n<li><a href=\"https:\/\/sinoextrud.com\/product\/6063-t5-aluminum-extruded-profiles\/\" target=\"_blank\">6063 T5 Aluminum Extruded Profiles<\/a><\/li>\r\n<li><a href=\"https:\/\/sinoextrud.com\/product\/aluminum-sunshading-profile\/\" target=\"_blank\">Aluminum Sunshading Profile<\/a><\/li>\r\n<li><a href=\"https:\/\/sinoextrud.com\/product\/aluminum-railing\/\" target=\"_blank\">Aluminum Railing<\/a><\/li>\r\n<li><a href=\"https:\/\/sinoextrud.com\/product\/industrial-aluminium-profiles\/\" target=\"_blank\">Industrial Aluminium Profiles<\/a><\/li>"},"feature_list":[]},"_links":{"self":[{"href":"https:\/\/sinoextrud.com\/et\/wp-json\/wp\/v2\/product\/6847","targetHints":{"allow":["GET"]}}],"collection":[{"href":"https:\/\/sinoextrud.com\/et\/wp-json\/wp\/v2\/product"}],"about":[{"href":"https:\/\/sinoextrud.com\/et\/wp-json\/wp\/v2\/types\/product"}],"wp:featuredmedia":[{"embeddable":true,"href":"https:\/\/sinoextrud.com\/et\/wp-json\/wp\/v2\/media\/6846"}],"wp:attachment":[{"href":"https:\/\/sinoextrud.com\/et\/wp-json\/wp\/v2\/media?parent=6847"}],"wp:term":[{"taxonomy":"category","embeddable":true,"href":"https:\/\/sinoextrud.com\/et\/wp-json\/wp\/v2\/categories?post=6847"}],"curies":[{"name":"wp","href":"https:\/\/api.w.org\/{rel}","templated":true}]}}