{"id":6819,"date":"2025-06-02T13:15:24","date_gmt":"2025-06-02T13:15:24","guid":{"rendered":"https:\/\/sinoextrud.com\/product\/sliding-door-aluminium-profile-bronze-colour\/"},"modified":"2025-06-24T06:11:46","modified_gmt":"2025-06-24T06:11:46","slug":"liuguks-alumiiniumprofiil-pronks-varvi","status":"publish","type":"product","link":"https:\/\/sinoextrud.com\/et\/product\/sliding-door-aluminium-profile-bronze-colour\/","title":{"rendered":"Liuguks alumiiniumprofiil pronks v\u00e4rvi"},"content":{"rendered":"<h2>Toodete \u00fcksikasjad<\/h2>\n<table class=\"custom-table\">\n<tr>\n<td class=\"label\">Seeria:<\/td>\n<td>Kaubanduslik s\u00fcsteem<\/td>\n<\/tr>\n<tr>\n<td class=\"label\">Nimi\/mudel:<\/td>\n<td>Liuguks alumiiniumprofiil pronks v\u00e4rvi<\/td>\n<\/tr>\n<tr>\n<td class=\"label\">Standard\/sertifikaat:<\/td>\n<td>Vastavad AS2047\/CSA n\u00f5uetele<\/td>\n<\/tr>\n<tr>\n<td class=\"label\">Klaasistandard:<\/td>\n<td>Vastavad AS2208\/IGCC n\u00f5uetele<\/td>\n<\/tr>\n<tr>\n<td class=\"label\">V\u00e4rvivalik:<\/td>\n<td>Standard: matt must, matt must, valge, hall.<br \/>Kohandatud: Brozen, h\u00f5behall, selge anodeeritud, puidu v\u00e4rv ja m\u00f5ned teised.<\/td>\n<\/tr>\n<tr>\n<td class=\"label\">Soojusisolatsioon:<\/td>\n<td>U v\u00e4\u00e4rtus 1,5 kuni 2,0 W\/M2k<\/td>\n<\/tr>\n<tr>\n<td class=\"label\">Akna hindamine:<\/td>\n<td>N6<\/td>\n<\/tr>\n<tr>\n<td class=\"label\">Proovide esitamise aeg<\/td>\n<td>3 p\u00e4eva<\/td>\n<\/tr>\n<tr>\n<td class=\"label\">Vee sissetung:<\/td>\n<td>450 pa<\/td>\n<\/tr>\n<tr>\n<td class=\"label\">\u00dclim tugevus<\/td>\n<td>4500pa<\/td>\n<\/tr>\n<tr>\n<td class=\"label\">\u00d5hu infiltratsioon<\/td>\n<td>75\/150<\/td>\n<\/tr>\n<tr>\n<td class=\"label\">Ekstrusioonisulamid:<\/td>\n<td>6063-T5 profiil paksusega 2,0-3,0 mm uste jaoks, 1,4-2,0 mm akende jaoks.<\/td>\n<\/tr>\n<tr>\n<td class=\"label\">Riistvara:<\/td>\n<td>Austraalia doric;Saksa kaubam\u00e4rk 10-aastase garantiiga<\/td>\n<\/tr>\n<tr>\n<td class=\"label\">Pinnat\u00f6\u00f6tlus:<\/td>\n<td>Pulbriga kaetud vastab AS 3715, elektroforees, PVDF, anodeerimine v\u00f5i puiduv\u00e4rv<\/td>\n<\/tr>\n<\/table>\n<h2>Meie tootmisbaas<\/h2>\n<h3>Tehase panoraam<\/h3>\n<p><img decoding=\"async\" src=\"\/wp-content\/uploads\/factory-01.webp\"\/><\/p>\n<h3>Alumiiniumvarraste tootmise t\u00f6\u00f6koda<\/h3>\n<p><img decoding=\"async\" src=\"\/wp-content\/uploads\/factory-02.webp\"\/><\/p>\n<p><img decoding=\"async\" src=\"\/wp-content\/uploads\/factory-03.webp\"\/><\/p>\n<h3>hallituse ladustamise ladu<\/h3>\n<p><img decoding=\"async\" src=\"\/wp-content\/uploads\/factory-04.webp\"\/><\/p>\n<h3>43 alumiiniumi ekstrusiooniliini (500-5500 tonni)<\/h3>\n<p><img decoding=\"async\" src=\"\/wp-content\/uploads\/factory-05.webp\"\/><\/p>\n<p><img decoding=\"async\" src=\"\/wp-content\/uploads\/factory-06.webp\"\/><\/p>\n<p><img decoding=\"async\" src=\"\/wp-content\/uploads\/factory-07.webp\"\/><\/p>\n<h3>Pulberv\u00e4rvimise t\u00f6\u00f6koda<\/h3>\n<p><img decoding=\"async\" src=\"\/wp-content\/uploads\/factory-09.webp\"\/><\/p>\n<h3>Anodiseerimise t\u00f6\u00f6koda<\/h3>\n<p><img decoding=\"async\" src=\"\/wp-content\/uploads\/factory-10.webp\"\/><\/p>\n<h3>S\u00fcgavt\u00f6\u00f6tlemise t\u00f6\u00f6tuba<\/h3>\n<p><img decoding=\"async\" src=\"\/wp-content\/uploads\/factory-11.webp\"\/><\/p>\n<h3>CNC-t\u00e4ppist\u00f6\u00f6tlemise t\u00f6\u00f6koda<\/h3>\n<p><img decoding=\"async\" src=\"\/wp-content\/uploads\/factory-11.5.webp\"\/><\/p>\n<h3>Valmistoodete ja ekspordi ladu<\/h3>\n<p><img decoding=\"async\" src=\"\/wp-content\/uploads\/factory-12.webp\"\/><\/p>\n<p><img decoding=\"async\" src=\"\/wp-content\/uploads\/factory-13.webp\"\/><\/p>\n<p><img decoding=\"async\" src=\"\/wp-content\/uploads\/factory-14.webp\"\/><\/p>\n<h2>KKK<\/h2>\n<p><p><b>1.Mis on pronksist v\u00e4rvi alumiiniumist liuguksprofiil? <\/b><\/p>\n<p> See on pronksise viimistlusega kaetud alumiiniumist pressprofiil, mida kasutatakse nii funktsionaalsete kui ka visuaalselt atraktiivsete l\u00fckanduste raamide ehitamiseks.<br \/>\n<\/p><br \/>\n<br \/>\n<p><b>2.Miks valida alumiiniumist l\u00fckanduste profiilide jaoks pronksist v\u00e4rvi? <\/b><\/p>\n<p> Pronks pakub keerukat, kaasaegset esteetikat ja sobib h\u00e4sti erinevate sise- ja v\u00e4lisdisaini stiilidega.<br \/>\n<\/p><br \/>\n<br \/>\n<p><b>3.Millist sulamit kasutatakse pronksist liuguste profiilide puhul? <\/b><\/p>\n<p> Tavaliselt kasutatakse 6063-T5 alumiiniumi selle suurep\u00e4rase tugevuse, pinnaviimistluse ja korrosioonikindluse t\u00f5ttu.<br \/>\n<\/p><br \/>\n<br \/>\n<p><b>4.Millist viimistlust kasutatakse pronksise v\u00e4rvi loomiseks? <\/b><\/p>\n<p> Pronksviimistlus saavutatakse tavaliselt anodeerimise v\u00f5i elektroforeesi abil, mis tagab v\u00e4rvi stabiilsuse ja vastupidavuse pleekimisele ja kulumisele.<br \/>\n<\/p><br \/>\n<br \/>\n<p><b>5.Kas pronksist alumiiniumist liugprofiilid sobivad v\u00e4litingimustes kasutamiseks? <\/b><\/p>\n<p> Jah, kaitsekate suurendab korrosioonikindlust, mist\u00f5ttu on need ideaalsed nii sise- kui ka v\u00e4lisukseks.<br \/>\n<\/p><br \/>\n<br \/>\n<p><b>6.Kas profiili suurust ja kujundust saab kohandada? <\/b><\/p>\n<p> Kindlasti pakuvad tootjad OEM-teenuseid kohandatud m\u00f5\u00f5tmete, kujunduse ja viimistluse jaoks, et vastata konkreetsetele arhitektuurilistele vajadustele.<br \/>\n<\/p><br \/>\n<br \/>\n<p><b>7. millistes rakendustes kasutatakse pronksist liuguksprofiile? <\/b><\/p>\n<p> Neid kasutatakse garderoobi uste, r\u00f5dude \u00fcmbriste, kaubanduslikes sissep\u00e4\u00e4sude ja siseruumide vaheseinte puhul, mis n\u00f5uavad esmaklassilist v\u00e4ljan\u00e4gemist.<br \/>\n<\/p><br \/>\n<br \/>\n<p><b>8.Kas need profiilid on tootjatelt hulgiostuks saadaval? <\/b><\/p>\n<p> Jah, paljud Hiina tipptootjad pakuvad tehases otsehindu ja lahtise tellimuse v\u00f5imalusi koos kiire valmimisajaga.<br \/>\n<\/p><br \/><\/p>","protected":false},"featured_media":6818,"template":"","categories":[67],"class_list":["post-6819","product","type-product","status-publish","has-post-thumbnail","hentry","category-architectural-aluminium-profile"],"meta_box":{"hilight_text_group":{"product_hilight_text":"<li>Bronze color sliding door aluminum profiles designed for stylish and durable interior and exterior doors<\/li>\r\r\n<li>Manufactured from premium 6063-T5 alloy for excellent corrosion resistance and surface finish<\/li>\r\r\n<li>Electrophoresis or anodized bronze coating provides a rich, long-lasting decorative appearance<\/li>\r\r\n<li>Ideal for wardrobes, patio doors, office partitions, and commercial sliding systems<\/li>\r\r\n<li>Custom sizes and profile shapes available for OEM and architectural design flexibility<\/li>","product_chanpin_blog":"<ul>\r\r\n<li><a href=\"https:\/\/sinoextrud.com\/t-slot-v-slot-differences\/\" target=\"_blank\">t slot vs v slot<\/a><\/li>\r\r\n<li><a href=\"https:\/\/sinoextrud.com\/what-is-4040-aluminium-extrud\/\" target=\"_blank\">4040 aluminium extrusion<\/a><\/li>\r\r\n<li><a href=\"https:\/\/sinoextrud.com\/what-is-4040-aluminium-extrud\/\" target=\"_blank\">aluminum extrusions for industrial racks<\/a><\/li>\r\r\n<li><a href=\"https:\/\/sinoextrud.com\/powder-coating-aluminium-process\/\" target=\"_blank\">powder coating aluminium<\/a><\/li>\r\r\n<li><a href=\"https:\/\/sinoextrud.com\/what-is-an-aluminium-strip-ceiling\/\" target=\"_blank\">aluminium strip ceiling<\/a><\/li>\r\r\n<li><a href=\"https:\/\/sinoextrud.com\/what-is-a-heat-sink\/\" target=\"_blank\">what is a heat sink<\/a><\/li>\r\r\n<\/ul>","product_chanpin_chanpin":"<li><a href=\"https:\/\/sinoextrud.com\/product\/aluminium-alloy-profile-for-cleaning-room-with-good-quality-manufacturer-china\/\" target=\"_blank\">Aluminium Alloy Profile For Cleaning Room With Good Quality Manufacturer China<\/a><\/li>\r\n<li><a href=\"https:\/\/sinoextrud.com\/product\/wood-grain-allow-box-aluminium-section\/\" target=\"_blank\">Wood Grain Allow Box aluminium Section<\/a><\/li>\r\n<li><a href=\"https:\/\/sinoextrud.com\/product\/top-grade-expanded-metal-aluminium-profiles-partition-frame-for-doors-and-windows\/\" target=\"_blank\">Top Grade Expanded Metal Aluminium Profiles Partition Frame For Doors And Windows<\/a><\/li>\r\n<li><a href=\"https:\/\/sinoextrud.com\/product\/6000-series-extrusion-of-aluminum-alloy-profile-for-furniture\/\" target=\"_blank\">6000 Series Extrusion Of Aluminum Alloy Profile for Furniture<\/a><\/li>\r\n<li><a href=\"https:\/\/sinoextrud.com\/product\/sliding-door-aluminium-profile-bronze-colour\/\" target=\"_blank\">Sliding Door Aluminium Profile Bronze Colour<\/a><\/li>\r\n<li><a href=\"https:\/\/sinoextrud.com\/product\/heavy-duty-aluminium-sliding-door-golden\/\" target=\"_blank\">Heavy Duty Aluminium Sliding Door Golden<\/a><\/li>\r\n<li><a href=\"https:\/\/sinoextrud.com\/product\/aluminium-sliding-door-brushed-silver\/\" target=\"_blank\">Aluminium Sliding Door Brushed Silver<\/a><\/li>\r\n<li><a href=\"https:\/\/sinoextrud.com\/product\/aluminium-sliding-door-matt-bronze\/\" target=\"_blank\">Aluminium Sliding Door Matt Bronze<\/a><\/li>\r\n<li><a href=\"https:\/\/sinoextrud.com\/product\/aluminium-extrusion-connectors\/\" target=\"_blank\">Aluminium Extrusion Connectors<\/a><\/li>\r\n<li><a href=\"https:\/\/sinoextrud.com\/product\/fabricated-aluminium-extrusions-electrophoresis-champagne\/\" target=\"_blank\">Fabricated Aluminium Extrusions Electrophoresis Champagne<\/a><\/li>\r\n<li><a href=\"https:\/\/sinoextrud.com\/product\/aluminum-profile-for-glass-railings\/\" target=\"_blank\">Aluminum Profile For Glass Railings<\/a><\/li>"},"feature_list":[]},"_links":{"self":[{"href":"https:\/\/sinoextrud.com\/et\/wp-json\/wp\/v2\/product\/6819","targetHints":{"allow":["GET"]}}],"collection":[{"href":"https:\/\/sinoextrud.com\/et\/wp-json\/wp\/v2\/product"}],"about":[{"href":"https:\/\/sinoextrud.com\/et\/wp-json\/wp\/v2\/types\/product"}],"wp:featuredmedia":[{"embeddable":true,"href":"https:\/\/sinoextrud.com\/et\/wp-json\/wp\/v2\/media\/6818"}],"wp:attachment":[{"href":"https:\/\/sinoextrud.com\/et\/wp-json\/wp\/v2\/media?parent=6819"}],"wp:term":[{"taxonomy":"category","embeddable":true,"href":"https:\/\/sinoextrud.com\/et\/wp-json\/wp\/v2\/categories?post=6819"}],"curies":[{"name":"wp","href":"https:\/\/api.w.org\/{rel}","templated":true}]}}