{"id":6815,"date":"2025-06-02T13:09:17","date_gmt":"2025-06-02T13:09:17","guid":{"rendered":"https:\/\/sinoextrud.com\/product\/top-grade-expanded-metal-aluminium-profiles-partition-frame-for-doors-and-windows\/"},"modified":"2025-06-24T06:11:44","modified_gmt":"2025-06-24T06:11:44","slug":"tippklassi-laiendatud-alumiiniumprofiilidest-vaheseinte-raam-uste-ja-akende-jaoks","status":"publish","type":"product","link":"https:\/\/sinoextrud.com\/et\/product\/top-grade-expanded-metal-aluminium-profiles-partition-frame-for-doors-and-windows\/","title":{"rendered":"Tippklassi laiendatud metallist alumiiniumprofiilide vaheseinte raam uste ja akende jaoks"},"content":{"rendered":"<h2>Toodete \u00fcksikasjad<\/h2>\n<table class=\"custom-table\">\n<tr>\n<td class=\"label\">Objekt:<\/td>\n<td>6000 seeria Top Grade laiendatud metallist alumiiniumprofiilide vaheseinte raam uste ja akende jaoks<\/td>\n<\/tr>\n<tr>\n<td class=\"label\">Temperament:<\/td>\n<td>T4-T6<\/td>\n<\/tr>\n<tr>\n<td class=\"label\">M\u00f5\u00f5de:<\/td>\n<td>vastavalt kliendi joonisele v\u00f5i ODM-teenusele.<\/td>\n<\/tr>\n<tr>\n<td class=\"label\">Pinnat\u00f6\u00f6tlus:<\/td>\n<td>Mill viimistlus, pulberv\u00e4rvimine, anodeerimine, liivapritsimine, harjatud, poleeritud jne.<\/td>\n<\/tr>\n<tr>\n<td class=\"label\">S\u00fcgavt\u00f6\u00f6tlus:<\/td>\n<td>L\u00f5ikamine, puurimine, stantsimine, CNC masin, keermestamine, painutamine, keevitamine, treipingi jne.<\/td>\n<\/tr>\n<tr>\n<td class=\"label\">Pakett:<\/td>\n<td>Vastavalt kliendi n\u00f5uetele. N\u00e4iteks: Vahtpaber ja kartongpakend, j\u00f5upaberipakend, plastkile ja plastpakend jne.<\/td>\n<\/tr>\n<tr>\n<td class=\"label\">Sertifitseerimine:<\/td>\n<td>ISO9001:2008, SGS.<\/td>\n<\/tr>\n<tr>\n<td class=\"label\">Taotlus:<\/td>\n<td>T\u00f6\u00f6stus, ehitus, elektronid, transport, kosmoselennud, m\u00f6\u00f6bel, energia jne.<\/td>\n<\/tr>\n<tr>\n<td class=\"label\">Eelised:<\/td>\n<td>1.Professional tootja<br \/>2.low MOQ<br \/>3. Kiire tarne<br \/>4. Kvaliteedi ja teeninduse garantii<br \/>5.one stop teenus<\/td>\n<\/tr>\n<\/table>\n<h2>Meie tootmisbaas<\/h2>\n<h3>Tehase panoraam<\/h3>\n<p><img decoding=\"async\" src=\"\/wp-content\/uploads\/factory-01.webp\"\/><\/p>\n<h3>Alumiiniumvarraste tootmise t\u00f6\u00f6koda<\/h3>\n<p><img decoding=\"async\" src=\"\/wp-content\/uploads\/factory-02.webp\"\/><\/p>\n<p><img decoding=\"async\" src=\"\/wp-content\/uploads\/factory-03.webp\"\/><\/p>\n<h3>hallituse ladustamise ladu<\/h3>\n<p><img decoding=\"async\" src=\"\/wp-content\/uploads\/factory-04.webp\"\/><\/p>\n<h3>43 alumiiniumi ekstrusiooniliini (500-5500 tonni)<\/h3>\n<p><img decoding=\"async\" src=\"\/wp-content\/uploads\/factory-05.webp\"\/><\/p>\n<p><img decoding=\"async\" src=\"\/wp-content\/uploads\/factory-06.webp\"\/><\/p>\n<p><img decoding=\"async\" src=\"\/wp-content\/uploads\/factory-07.webp\"\/><\/p>\n<h3>Pulberv\u00e4rvimise t\u00f6\u00f6koda<\/h3>\n<p><img decoding=\"async\" src=\"\/wp-content\/uploads\/factory-09.webp\"\/><\/p>\n<h3>Anodiseerimise t\u00f6\u00f6koda<\/h3>\n<p><img decoding=\"async\" src=\"\/wp-content\/uploads\/factory-10.webp\"\/><\/p>\n<h3>S\u00fcgavt\u00f6\u00f6tlemise t\u00f6\u00f6tuba<\/h3>\n<p><img decoding=\"async\" src=\"\/wp-content\/uploads\/factory-11.webp\"\/><\/p>\n<h3>CNC-t\u00e4ppist\u00f6\u00f6tlemise t\u00f6\u00f6koda<\/h3>\n<p><img decoding=\"async\" src=\"\/wp-content\/uploads\/factory-11.5.webp\"\/><\/p>\n<h3>Valmistoodete ja ekspordi ladu<\/h3>\n<p><img decoding=\"async\" src=\"\/wp-content\/uploads\/factory-12.webp\"\/><\/p>\n<p><img decoding=\"async\" src=\"\/wp-content\/uploads\/factory-13.webp\"\/><\/p>\n<p><img decoding=\"async\" src=\"\/wp-content\/uploads\/factory-14.webp\"\/><\/p>\n<h2>KKK<\/h2>\n<p><p><b>1.Mis on vaheseinte jaoks m\u00f5eldud alumiiniumist laiendatud metallprofiilid? <\/b><\/p>\n<p> Need on pressitud alumiiniumraamid, mis on varustatud laiendatud metallv\u00f5rguga ja mida kasutatakse nii \u00f5huvoolu kui ka turvalisusega vaheseinte v\u00f5i paneelide loomiseks ustele ja akendele.<br \/>\n<\/p><br \/>\n<br \/>\n<p><b>2.Millised on laiendatud metallprofiilide kasutamise eelised uste ja akende puhul? <\/b><\/p>\n<p> Need tagavad ventilatsiooni, valguse l\u00e4bip\u00e4\u00e4su ja lisatugevuse, s\u00e4ilitades samal ajal turvalisuse ja privaatsuse, mist\u00f5ttu on need ideaalsed \u00e4ri- ja t\u00f6\u00f6stuskeskkondades.<br \/>\n<\/p><br \/>\n<br \/>\n<p><b>3. millist sulamit kasutatakse nende alumiiniumprofiilide valmistamiseks? <\/b><\/p>\n<p> Profiilid on valmistatud 6063-T5 alumiiniumisulamist, mis on tuntud oma suurep\u00e4rase pinnakvaliteedi, korrosioonikindluse ja ekstrusiooniv\u00f5ime poolest.<br \/>\n<\/p><br \/>\n<br \/>\n<p><b>4.Kas laiendatud metallimustreid saab kohandada? <\/b><\/p>\n<p> Jah, v\u00f5rgusilma suurust, mustrit ja raami kuju saab kohandada vastavalt disaini eelistustele ja funktsionaalsetele n\u00f5uetele.<br \/>\n<\/p><br \/>\n<br \/>\n<p><b>5.Milliseid viimistlusviise on saadaval laiendatud alumiiniumist vaheseinte raamidele? <\/b><\/p>\n<p> \u00dcldine viimistlus h\u00f5lmab anodeerimist, pulberv\u00e4rvimist ja PVDFi, mis suurendab vastupidavust ja esteetilist atraktiivsust.<br \/>\n<\/p><br \/>\n<br \/>\n<p><b>6.Kas need alumiiniumprofiilid sobivad paigaldamiseks v\u00e4listingimustes? <\/b><\/p>\n<p> Kindlasti on need n\u00f5uetekohase katte abil korrosiooni- ja ilmastikukindlad, mist\u00f5ttu sobivad need ideaalselt nii sise- kui ka v\u00e4litingimustes kasutamiseks.<br \/>\n<\/p><br \/>\n<br \/>\n<p><b>7.Kas need profiilid vastavad ehitus- ja ohutusstandarditele? <\/b><\/p>\n<p> Jah, k\u00f5rgekvaliteedilised lehtmetallprofiilid on valmistatud vastavalt rahvusvahelistele ohutus- ja arhitektuuristandarditele.<br \/>\n<\/p><br \/>\n<br \/>\n<p><b>8. millistes rakendustes kasutatakse selliseid alumiiniumist vaheseinte raame? <\/b><\/p>\n<p> Neid kasutatakse kaubanduslikes sissep\u00e4\u00e4sudes, t\u00f6\u00f6stuslikes turvakappides, elamute turvaakendites ja ventilatsioonipaneelides.<br \/>\n<\/p><br \/><\/p>","protected":false},"featured_media":6814,"template":"","categories":[67],"class_list":["post-6815","product","type-product","status-publish","has-post-thumbnail","hentry","category-architectural-aluminium-profile"],"meta_box":{"hilight_text_group":{"product_hilight_text":"<li>Top-grade expanded metal aluminium profiles designed for strong yet lightweight partition frames<\/li>\r\r\n<li>Ideal for doors and windows requiring ventilation, visibility, and structural durability<\/li>\r\r\n<li>Manufactured from premium 6063-T5 alloy for corrosion resistance and long-term performance<\/li>\r\r\n<li>Available in multiple mesh patterns and frame designs to suit architectural and security needs<\/li>\r\r\n<li>Supplied with customizable sizes and finishes including anodized and powder-coated options<\/li>","product_chanpin_blog":"<ul>\r\r\n<li><a href=\"https:\/\/sinoextrud.com\/t-slot-v-slot-differences\/\" target=\"_blank\">t slot vs v slot<\/a><\/li>\r\r\n<li><a href=\"https:\/\/sinoextrud.com\/what-is-4040-aluminium-extrud\/\" target=\"_blank\">4040 aluminium extrusion<\/a><\/li>\r\r\n<li><a href=\"https:\/\/sinoextrud.com\/what-is-4040-aluminium-extrud\/\" target=\"_blank\">aluminum extrusions for industrial racks<\/a><\/li>\r\r\n<li><a href=\"https:\/\/sinoextrud.com\/powder-coating-aluminium-process\/\" target=\"_blank\">powder coating aluminium<\/a><\/li>\r\r\n<li><a href=\"https:\/\/sinoextrud.com\/what-is-an-aluminium-strip-ceiling\/\" target=\"_blank\">aluminium strip ceiling<\/a><\/li>\r\r\n<li><a href=\"https:\/\/sinoextrud.com\/what-is-a-heat-sink\/\" target=\"_blank\">what is a heat sink<\/a><\/li>\r\r\n<\/ul>","product_chanpin_chanpin":"<li><a href=\"https:\/\/sinoextrud.com\/product\/aluminium-profile-louver\/\" target=\"_blank\">Aluminium Profile Louver<\/a><\/li>\r\n<li><a href=\"https:\/\/sinoextrud.com\/product\/aluminum-sliding-door-frames-extrusion-profile-with-custom-shape-alloy-6063-for-furnitures-decoration\/\" target=\"_blank\">Aluminum Sliding Door Frames Extrusion Profile With Custom Shape Alloy 6063 For Furnitures Decoration<\/a><\/li>\r\n<li><a href=\"https:\/\/sinoextrud.com\/product\/aluminium-alloy-profile-for-cleaning-room-with-good-quality-manufacturer-china\/\" target=\"_blank\">Aluminium Alloy Profile For Cleaning Room With Good Quality Manufacturer China<\/a><\/li>\r\n<li><a href=\"https:\/\/sinoextrud.com\/product\/wood-grain-allow-box-aluminium-section\/\" target=\"_blank\">Wood Grain Allow Box aluminium Section<\/a><\/li>\r\n<li><a href=\"https:\/\/sinoextrud.com\/product\/top-grade-expanded-metal-aluminium-profiles-partition-frame-for-doors-and-windows\/\" target=\"_blank\">Top Grade Expanded Metal Aluminium Profiles Partition Frame For Doors And Windows<\/a><\/li>\r\n<li><a href=\"https:\/\/sinoextrud.com\/product\/6000-series-extrusion-of-aluminum-alloy-profile-for-furniture\/\" target=\"_blank\">6000 Series Extrusion Of Aluminum Alloy Profile for Furniture<\/a><\/li>\r\n<li><a href=\"https:\/\/sinoextrud.com\/product\/sliding-door-aluminium-profile-bronze-colour\/\" target=\"_blank\">Sliding Door Aluminium Profile Bronze Colour<\/a><\/li>\r\n<li><a href=\"https:\/\/sinoextrud.com\/product\/heavy-duty-aluminium-sliding-door-golden\/\" target=\"_blank\">Heavy Duty Aluminium Sliding Door Golden<\/a><\/li>\r\n<li><a href=\"https:\/\/sinoextrud.com\/product\/aluminium-sliding-door-brushed-silver\/\" target=\"_blank\">Aluminium Sliding Door Brushed Silver<\/a><\/li>\r\n<li><a href=\"https:\/\/sinoextrud.com\/product\/extruded-aluminum-t-track\/\" target=\"_blank\">Extruded Aluminum T Track<\/a><\/li>\r\n<li><a href=\"https:\/\/sinoextrud.com\/product\/square-extruded-aluminum\/\" target=\"_blank\">Square Extruded Aluminum<\/a><\/li>"},"feature_list":[]},"_links":{"self":[{"href":"https:\/\/sinoextrud.com\/et\/wp-json\/wp\/v2\/product\/6815","targetHints":{"allow":["GET"]}}],"collection":[{"href":"https:\/\/sinoextrud.com\/et\/wp-json\/wp\/v2\/product"}],"about":[{"href":"https:\/\/sinoextrud.com\/et\/wp-json\/wp\/v2\/types\/product"}],"wp:featuredmedia":[{"embeddable":true,"href":"https:\/\/sinoextrud.com\/et\/wp-json\/wp\/v2\/media\/6814"}],"wp:attachment":[{"href":"https:\/\/sinoextrud.com\/et\/wp-json\/wp\/v2\/media?parent=6815"}],"wp:term":[{"taxonomy":"category","embeddable":true,"href":"https:\/\/sinoextrud.com\/et\/wp-json\/wp\/v2\/categories?post=6815"}],"curies":[{"name":"wp","href":"https:\/\/api.w.org\/{rel}","templated":true}]}}